{"id":2708,"date":"2025-11-13T15:17:02","date_gmt":"2025-11-13T14:17:02","guid":{"rendered":"https:\/\/losdi.acceseo.dev\/contact\/"},"modified":"2026-02-18T16:17:24","modified_gmt":"2026-02-18T15:17:24","slug":"contact","status":"publish","type":"page","link":"https:\/\/www.losdi.com\/fr\/contact\/","title":{"rendered":"Contact"},"content":{"rendered":"\n<div class=\"wp-block-uagb-container uagb-block-e00d2a51 alignfull uagb-is-root-container\"><div class=\"uagb-container-inner-blocks-wrap\">\n<div class=\"wp-block-uagb-container uagb-block-89802294\"><nav aria-label=\"breadcrumbs\" class=\"rank-math-breadcrumb\"><p><span class=\"last\">Inicio<\/span><\/p><\/nav>\n<\/div>\n\n\n\n<div class=\"wp-block-uagb-container uagb-block-8b43a595\">\n<div class=\"wp-block-uagb-container uagb-block-5ee8f860\">\n<div class=\"wp-block-uagb-advanced-heading uagb-block-bf98a326\"><h1 class=\"uagb-heading-text\">Contact<\/h1><\/div>\n\n\n\n<div class=\"wp-block-uagb-advanced-heading uagb-block-f09cdb01\"><p class=\"uagb-heading-text\">Faites-nous part de vos besoins<\/p><\/div>\n<\/div>\n<\/div>\n<\/div><\/div>\n\n<div class=\"wp-block-uagb-container uagb-block-b3a0d12c alignfull uagb-is-root-container\"><div class=\"uagb-container-inner-blocks-wrap\">\n<div class=\"wp-block-uagb-container contact-container uagb-block-9e043d62\">\n<div class=\"wpcf7 no-js\" id=\"wpcf7-f2892-o1\" lang=\"fr-FR\" dir=\"ltr\" data-wpcf7-id=\"2892\">\n<div class=\"screen-reader-response\"><p role=\"status\" aria-live=\"polite\" aria-atomic=\"true\"><\/p> <ul><\/ul><\/div>\n<form action=\"\/fr\/wp-json\/wp\/v2\/pages\/2708#wpcf7-f2892-o1\" method=\"post\" class=\"wpcf7-form init\" aria-label=\"Formulaire de contact\" novalidate=\"novalidate\" data-status=\"init\">\n<fieldset class=\"hidden-fields-container\"><input type=\"hidden\" name=\"_wpcf7\" value=\"2892\" \/><input type=\"hidden\" name=\"_wpcf7_version\" value=\"6.1.5\" \/><input type=\"hidden\" name=\"_wpcf7_locale\" value=\"fr_FR\" \/><input type=\"hidden\" name=\"_wpcf7_unit_tag\" value=\"wpcf7-f2892-o1\" \/><input type=\"hidden\" name=\"_wpcf7_container_post\" value=\"0\" \/><input type=\"hidden\" name=\"_wpcf7_posted_data_hash\" value=\"\" \/>\n<\/fieldset>\n<fieldset>\n\t<div class=\"row\">\n\t\t<div class=\"column\">\n\t\t\t<p><label for=\"user-name\">Nom et pr\u00e9nom*<\/label><span class=\"wpcf7-form-control-wrap\" data-name=\"nombre\"><input size=\"40\" maxlength=\"400\" class=\"wpcf7-form-control wpcf7-text wpcf7-validates-as-required\" id=\"user-name\" aria-required=\"true\" aria-invalid=\"false\" value=\"\" type=\"text\" name=\"nombre\" \/><\/span>\n\t\t\t<\/p>\n\t\t<\/div>\n\t\t<div class=\"column\">\n\t\t\t<p><label for=\"user-mail\">Courriel*<\/label><span class=\"wpcf7-form-control-wrap\" data-name=\"correo\"><input size=\"40\" maxlength=\"400\" class=\"wpcf7-form-control wpcf7-email wpcf7-validates-as-required wpcf7-text wpcf7-validates-as-email\" id=\"user-mail\" aria-required=\"true\" aria-invalid=\"false\" value=\"\" type=\"email\" name=\"correo\" \/><\/span>\n\t\t\t<\/p>\n\t\t<\/div>\n\t<\/div>\n\t<div class=\"row\">\n\t\t<div class=\"column\">\n\t\t\t<p><label for=\"id:user-mail-verification\">Courriel* (v\u00e9rification)<\/label><span class=\"wpcf7-form-control-wrap\" data-name=\"mail-verification\"><input size=\"40\" maxlength=\"400\" class=\"wpcf7-form-control wpcf7-text wpcf7-validates-as-required\" id=\"user-mail-verification\" aria-required=\"true\" aria-invalid=\"false\" value=\"\" type=\"text\" name=\"mail-verification\" \/><\/span>\n\t\t\t<\/p>\n\t\t<\/div>\n\t\t<div class=\"column\">\n\t\t\t<p><label for=\"user-telephone\">T\u00e9l\u00e9phone*<\/label><span class=\"wpcf7-form-control-wrap\" data-name=\"telefono\"><input size=\"40\" maxlength=\"400\" class=\"wpcf7-form-control wpcf7-text wpcf7-validates-as-required\" id=\"user-telephone\" aria-required=\"true\" aria-invalid=\"false\" value=\"\" type=\"text\" name=\"telefono\" \/><\/span>\n\t\t\t<\/p>\n\t\t<\/div>\n\t<\/div>\n\t<div class=\"row\">\n\t\t<div class=\"column\">\n\t\t\t<p><label for=\"user-company\">Entreprise*<\/label><span class=\"wpcf7-form-control-wrap\" data-name=\"empresa\"><input size=\"40\" maxlength=\"400\" class=\"wpcf7-form-control wpcf7-text wpcf7-validates-as-required\" id=\"user-company\" aria-required=\"true\" aria-invalid=\"false\" value=\"\" type=\"text\" name=\"empresa\" \/><\/span>\n\t\t\t<\/p>\n\t\t<\/div>\n\t\t<div class=\"column\">\n\t\t\t<p><label for=\"user-country\">Province\/Pays*<\/label><span class=\"wpcf7-form-control-wrap\" data-name=\"country\"><input size=\"40\" maxlength=\"400\" class=\"wpcf7-form-control wpcf7-text wpcf7-validates-as-required\" id=\"user-country\" aria-required=\"true\" aria-invalid=\"false\" value=\"\" type=\"text\" name=\"country\" \/><\/span>\n\t\t\t<\/p>\n\t\t<\/div>\n\t<\/div>\n\t<div class=\"row\">\n\t\t<div class=\"column\">\n\t\t\t<p><label for=\"user-website\">Site web (facultatif)<\/label><span class=\"wpcf7-form-control-wrap\" data-name=\"website\"><input size=\"40\" maxlength=\"400\" class=\"wpcf7-form-control wpcf7-text\" id=\"user-website\" aria-invalid=\"false\" value=\"\" type=\"text\" name=\"website\" \/><\/span>\n\t\t\t<\/p>\n\t\t<\/div>\n\t\t<div class=\"column\">\n\t\t\t<p><label for=\"user-subject\">Objet<\/label><span class=\"wpcf7-form-control-wrap\" data-name=\"asunto\"><input size=\"40\" maxlength=\"400\" class=\"wpcf7-form-control wpcf7-text\" id=\"user-subject\" aria-invalid=\"false\" value=\"\" type=\"text\" name=\"asunto\" \/><\/span>\n\t\t\t<\/p>\n\t\t<\/div>\n\t<\/div>\n\t<div class=\"row\">\n\t\t<div class=\"extended-column\">\n\t\t\t<p><label for=\"user-message\">Message*<\/label><span class=\"wpcf7-form-control-wrap\" data-name=\"mensaje\"><textarea cols=\"40\" rows=\"10\" maxlength=\"2000\" class=\"wpcf7-form-control wpcf7-textarea wpcf7-validates-as-required\" id=\"user-message\" aria-required=\"true\" aria-invalid=\"false\" name=\"mensaje\"><\/textarea><\/span>\n\t\t\t<\/p>\n\t\t<\/div>\n\t<\/div>\n\t<p><span class=\"wpcf7-form-control-wrap\" data-name=\"aceptacion-privacity\"><span class=\"wpcf7-form-control wpcf7-acceptance\"><span class=\"wpcf7-list-item\"><label><input type=\"checkbox\" name=\"aceptacion-privacity\" value=\"1\" aria-invalid=\"false\" \/><span class=\"wpcf7-list-item-label\">En envoyant ce formulaire, je confirme avoir lu et accept\u00e9 la <a href=\"\/fr\/politique-de-confidentialite\/\">politique de protection des donn\u00e9es<\/a><\/span><\/label><\/span><\/span><\/span>\n\t<\/p>\n\t<p><input class=\"wpcf7-form-control wpcf7-submit has-spinner\" type=\"submit\" value=\"Envoyer\" \/>\n\t<\/p>\n<\/fieldset><div class=\"wpcf7-response-output\" aria-hidden=\"true\"><\/div>\n<\/form>\n<\/div>\n\n<\/div>\n\n\n\n<div class=\"wp-block-uagb-container uagb-block-16b237dc\">\n<div class=\"wp-block-uagb-advanced-heading uagb-block-d5aeec88\"><p class=\"uagb-heading-text\">E: web@losdi.com<br\/><br\/>T: [+34] 966 540 710<br\/><br\/>D: Pol\u00edgono Industrial Santiago Pay\u00e1,<br\/>C Fil\u00e0 Domingo Miques, 4 \u2028<br\/>03801 \u00b7 ALCOI\/ALCOY (Alicante)<\/p><\/div>\n\n\n\t\t\t<div \n\t\t\tclass=\"wp-block-uagb-google-map uagb-google-map__wrap uagb-block-603f3a31     \"\n\t\t\tstyle=\"\" >\n\t\t\t\t<embed\n\t\t\t\t\tclass=\"uagb-google-map__iframe\"\n\t\t\t\t\ttitle=\"Carte Google pour \"\n\t\t\t\t\tsrc=\"https:\/\/maps.google.com\/maps?q=LOSDI%20-%20Primicias%20T%C3%A9cnicas%20Cardi%2C%20S.L.%2C%20Paya%20n%C2%BA%2C%20Pol%C3%ADgono%20Industrial%20Santiago%2C%20Carrer%20Fil%C3%A0%20Domingo%20Miques%2C%204%2C%2003801%20Alcoi%2C%20Alicante&#038;z=17&#038;hl=es&#038;t=m&#038;output=embed&#038;iwloc=near\"\n\t\t\t\t\twidth=\"640\"\n\t\t\t\t\theight=\"394\"\n\t\t\t\t\tloading=\"lazy\"\n\t\t\t\t><\/embed>\n\t\t\t<\/div>\n\t\t\t<\/div>\n<\/div><\/div>\n\n<div class=\"wp-block-uagb-container uagb-block-0ca11967 alignfull uagb-is-root-container\"><div class=\"uagb-container-inner-blocks-wrap\">\n<div class=\"wp-block-uagb-container uagb-block-2e0c19e3\">\n<div class=\"wp-block-uagb-advanced-heading uagb-block-16e1bc8a\"><h3 class=\"uagb-heading-text\">Vous recherchez des solutions d&rsquo;hygi\u00e8ne professionnelles ?<\/h3><\/div>\n\n\n\n<div class=\"wp-block-uagb-advanced-heading uagb-block-b9ddc936\"><p class=\"uagb-heading-text\">D\u00e9couvrez pourquoi des milliers d&rsquo;entreprises \u00e0 travers le monde font confiance \u00e0 LOSDI.<\/p><\/div>\n\n\n\n<div class=\"wp-block-uagb-buttons uagb-buttons__outer-wrap uagb-btn__default-btn uagb-btn-tablet__default-btn uagb-btn-mobile__default-btn uagb-block-f3e5377d\"><div class=\"uagb-buttons__wrap uagb-buttons-layout-wrap \">\n<div class=\"wp-block-uagb-buttons-child uagb-buttons__outer-wrap uagb-block-10c1f4d7 wp-block-button grey-button\"><div class=\"uagb-button__wrapper\"><a class=\"uagb-buttons-repeater wp-block-button__link\" aria-label=\"\" href=\"https:\/\/www.losdi.com\/fr\/contact\/\" rel=\"follow noopener\" target=\"_self\" role=\"button\"><div class=\"uagb-button__link\">Demander conseil<\/div><\/a><\/div><\/div>\n<\/div><\/div>\n<\/div>\n\n\n\n<div class=\"wp-block-uagb-container uagb-block-e55dafee\">\n<div class=\"wp-block-uagb-advanced-heading uagb-block-c3eac99c\"><h3 class=\"uagb-heading-text\">Abonnez-vous \u00e0 notre newsletter<\/h3><\/div>\n\n\n\n<div class=\"wp-block-uagb-advanced-heading uagb-block-5fb8624b\"><p class=\"uagb-heading-text\">Ne manquez pas toutes les nouveaut\u00e9s de LOSDI et du secteur.<\/p><\/div>\n\n\n\n<div class=\"wp-block-uagb-container newsletter-container uagb-block-dbd962b2\">\n<div class=\"wpcf7 no-js\" id=\"wpcf7-f2886-o2\" lang=\"fr-FR\" dir=\"ltr\" data-wpcf7-id=\"2886\">\n<div class=\"screen-reader-response\"><p role=\"status\" aria-live=\"polite\" aria-atomic=\"true\"><\/p> <ul><\/ul><\/div>\n<form action=\"\/fr\/wp-json\/wp\/v2\/pages\/2708#wpcf7-f2886-o2\" method=\"post\" class=\"wpcf7-form init\" aria-label=\"Formulaire de contact\" novalidate=\"novalidate\" data-status=\"init\">\n<fieldset class=\"hidden-fields-container\"><input type=\"hidden\" name=\"_wpcf7\" value=\"2886\" \/><input type=\"hidden\" name=\"_wpcf7_version\" value=\"6.1.5\" \/><input type=\"hidden\" name=\"_wpcf7_locale\" value=\"fr_FR\" \/><input type=\"hidden\" name=\"_wpcf7_unit_tag\" value=\"wpcf7-f2886-o2\" \/><input type=\"hidden\" name=\"_wpcf7_container_post\" value=\"0\" \/><input type=\"hidden\" name=\"_wpcf7_posted_data_hash\" value=\"\" \/>\n<\/fieldset>\n<fieldset>\n\t<div class=\"row\">\n\t\t<p><span class=\"wpcf7-form-control-wrap\" data-name=\"newsletter-mail\"><input size=\"40\" maxlength=\"400\" class=\"wpcf7-form-control wpcf7-email wpcf7-validates-as-required wpcf7-text wpcf7-validates-as-email\" aria-required=\"true\" aria-invalid=\"false\" placeholder=\"Votre adresse e-mail\" value=\"\" type=\"email\" name=\"newsletter-mail\" \/><\/span><input class=\"wpcf7-form-control wpcf7-submit has-spinner\" type=\"submit\" value=\"S&#039;abonner\" \/>\n\t\t<\/p>\n\t<\/div>\n\t<p><span class=\"wpcf7-form-control-wrap\" data-name=\"aceptacion-privacity\"><span class=\"wpcf7-form-control wpcf7-acceptance\"><span class=\"wpcf7-list-item\"><label><input type=\"checkbox\" name=\"aceptacion-privacity\" value=\"1\" aria-invalid=\"false\" \/><span class=\"wpcf7-list-item-label\">J'ai lu et j'accepte la <a href=\"\/fr\/politique-de-confidentialite\/\">politique de confidentialit\u00e9<\/a><\/span><\/label><\/span><\/span><\/span>\n\t<\/p>\n<\/fieldset><div class=\"wpcf7-response-output\" aria-hidden=\"true\"><\/div>\n<\/form>\n<\/div>\n\n<\/div>\n<\/div>\n<\/div><\/div>\n","protected":false},"excerpt":{"rendered":"<p>Contact Faites-nous part de vos besoins E: web@losdi.com T: [+34] 966 540 710 D: Pol\u00edgono Industrial Santiago Pay\u00e1,C Fil\u00e0 Domingo Miques, 4 \u202803801 \u00b7 ALCOI\/ALCOY (Alicante) Vous recherchez des solutions d&rsquo;hygi\u00e8ne professionnelles ? D\u00e9couvrez pourquoi des milliers d&rsquo;entreprises \u00e0 travers le monde font confiance \u00e0 LOSDI. Abonnez-vous \u00e0 notre newsletter Ne manquez pas toutes les [&hellip;]<\/p>\n","protected":false},"author":1,"featured_media":0,"parent":0,"menu_order":4,"comment_status":"closed","ping_status":"closed","template":"","meta":{"_acf_changed":false,"_uag_custom_page_level_css":"","footnotes":""},"class_list":["post-2708","page","type-page","status-publish","hentry"],"acf":[],"spectra_custom_meta":{"rank_math_internal_links_processed":["1"],"_last_translation_edit_mode":["translation-editor"],"_top_nav_excluded":[""],"_cms_nav_minihome":[""],"_wp_page_template":["default"],"rank_math_description":["Contactez LOSDI pour toute question, assistance ou devis. Nous vous aidons \u00e0 choisir les distributeurs et \u00e9quipements d'hygi\u00e8ne adapt\u00e9s \u00e0 votre projet et \u00e0 vos besoins."],"rank_math_focus_keyword":["contact LOSDI"],"_wpml_word_count":["71"],"_uag_css_file_name":["uag-css-2708.css"],"_uag_js_file_name":["uag-js-2708.js"]},"uagb_featured_image_src":{"full":false,"thumbnail":false,"medium":false,"medium_large":false,"large":false,"1536x1536":false,"2048x2048":false,"woocommerce_thumbnail":false,"woocommerce_single":false,"woocommerce_gallery_thumbnail":false,"yith-woocompare-image":false},"uagb_author_info":{"display_name":"redaccion","author_link":"https:\/\/www.losdi.com\/fr\/author\/redaccion\/"},"uagb_comment_info":0,"uagb_excerpt":"Contact Faites-nous part de vos besoins E: web@losdi.com T: [+34] 966 540 710 D: Pol\u00edgono Industrial Santiago Pay\u00e1,C Fil\u00e0 Domingo Miques, 4 \u202803801 \u00b7 ALCOI\/ALCOY (Alicante) Vous recherchez des solutions d&rsquo;hygi\u00e8ne professionnelles ? D\u00e9couvrez pourquoi des milliers d&rsquo;entreprises \u00e0 travers le monde font confiance \u00e0 LOSDI. Abonnez-vous \u00e0 notre newsletter Ne manquez pas toutes les\u2026","_links":{"self":[{"href":"https:\/\/www.losdi.com\/fr\/wp-json\/wp\/v2\/pages\/2708","targetHints":{"allow":["GET"]}}],"collection":[{"href":"https:\/\/www.losdi.com\/fr\/wp-json\/wp\/v2\/pages"}],"about":[{"href":"https:\/\/www.losdi.com\/fr\/wp-json\/wp\/v2\/types\/page"}],"author":[{"embeddable":true,"href":"https:\/\/www.losdi.com\/fr\/wp-json\/wp\/v2\/users\/1"}],"replies":[{"embeddable":true,"href":"https:\/\/www.losdi.com\/fr\/wp-json\/wp\/v2\/comments?post=2708"}],"version-history":[{"count":2,"href":"https:\/\/www.losdi.com\/fr\/wp-json\/wp\/v2\/pages\/2708\/revisions"}],"predecessor-version":[{"id":2711,"href":"https:\/\/www.losdi.com\/fr\/wp-json\/wp\/v2\/pages\/2708\/revisions\/2711"}],"wp:attachment":[{"href":"https:\/\/www.losdi.com\/fr\/wp-json\/wp\/v2\/media?parent=2708"}],"curies":[{"name":"wp","href":"https:\/\/api.w.org\/{rel}","templated":true}]}}