{"id":2723,"date":"2025-11-13T16:37:06","date_gmt":"2025-11-13T15:37:06","guid":{"rendered":"https:\/\/losdi.acceseo.dev\/mentions-legales\/"},"modified":"2026-02-18T16:27:25","modified_gmt":"2026-02-18T15:27:25","slug":"mentions-legales","status":"publish","type":"page","link":"https:\/\/www.losdi.com\/fr\/mentions-legales\/","title":{"rendered":"Mentions l\u00e9gales"},"content":{"rendered":"\n<div class=\"wp-block-uagb-container uagb-block-e00d2a51 alignfull uagb-is-root-container\"><div class=\"uagb-container-inner-blocks-wrap\">\n<div class=\"wp-block-uagb-container uagb-block-89802294\"><nav aria-label=\"breadcrumbs\" class=\"rank-math-breadcrumb\"><p><span class=\"last\">Inicio<\/span><\/p><\/nav>\n<\/div>\n\n\n\n<div class=\"wp-block-uagb-container uagb-block-8b43a595\">\n<div class=\"wp-block-uagb-container uagb-block-5ee8f860\">\n<div class=\"wp-block-uagb-advanced-heading uagb-block-bf98a326\"><h1 class=\"uagb-heading-text\">Mentions l\u00e9gales<\/h1><\/div>\n<\/div>\n<\/div>\n<\/div><\/div>\n\n<div class=\"wp-block-uagb-container uagb-block-012276cf alignfull uagb-is-root-container\"><div class=\"uagb-container-inner-blocks-wrap\">\n<div class=\"wp-block-uagb-container uagb-block-2fa2ed4c\">\n<h2 class=\"wp-block-heading\" style=\"margin-top:0;margin-bottom:0\">DONN\u00c9ES DE L&rsquo;ENTREPRISE<\/h2>\n\n\n\n<p style=\"margin-top:0;margin-bottom:0\">Conform\u00e9ment \u00e0 l&rsquo;article 10 de la loi 34\/2002 du 11 juillet relative aux services de la soci\u00e9t\u00e9 de l&rsquo;information et au commerce \u00e9lectronique, les donn\u00e9es d&rsquo;identification de l&rsquo;entreprise sont indiqu\u00e9es ci-dessous.<\/p>\n\n\n\n<p style=\"margin-top:0;margin-bottom:0\"><strong>Nom juridique: <\/strong>Primicias T\u00e9cnicas Cardi S.L<\/p>\n\n\n\n<p style=\"margin-top:0;margin-bottom:0\"><strong>Raison sociale: <\/strong>Soci\u00e9t\u00e9 \u00e0 responsabilit\u00e9 limit\u00e9e<\/p>\n\n\n\n<p style=\"margin-top:0;margin-bottom:0\"><strong>Num\u00e9ro d&rsquo;identification fiscale: <\/strong>B53000766<\/p>\n\n\n\n<p style=\"margin-top:0;margin-bottom:0\"><strong>Si\u00e8ge social: <\/strong>Paya n\u00ba, Pol\u00edgono Industrial Santiago, Carrer Fil\u00e0 Domingo Miques, 4, 03801 Alcoi, Alicante<\/p>\n\n\n\n<p style=\"margin-top:0;margin-bottom:0\"><strong>Courriel: <\/strong>web@losdi.com<\/p>\n\n\n\n<p style=\"margin-top:0;margin-bottom:0\"><strong>T\u00e9l\u00e9phone: <\/strong>966 54 07 10<\/p>\n\n\n\n<p style=\"margin-top:0;margin-bottom:0\">Le site web https:\/\/www.losdi.com\/ (ci-apr\u00e8s d\u00e9nomm\u00e9 \u00ab le Site web \u00bb) est la propri\u00e9t\u00e9 de Primicias T\u00e9cnicas Cardi S.L, dont le nom commercial est Primicias T\u00e9cnicas Cardi S.L.<\/p>\n\n\n\n<p style=\"margin-top:0;margin-bottom:0\">L&rsquo;acc\u00e8s au site Web https:\/\/www.losdi.com\/ de Primicias T\u00e9cnicas Cardi S.L implique l&rsquo;acceptation de toutes les conditions suivantes:<\/p>\n<\/div>\n\n\n\n<div class=\"wp-block-uagb-container uagb-block-21b15e8c\">\n<h2 class=\"wp-block-heading\" style=\"margin-top:0;margin-bottom:0\">PROPRI\u00c9T\u00c9 INDUSTRIELLE<\/h2>\n\n\n\n<p style=\"margin-top:0;margin-bottom:0\">Le logo et la d\u00e9nomination \u00ab Primicias T\u00e9cnicas Cardi S.L \u00bb, ainsi que les autres signes distinctifs (graphiques ou d\u00e9nominatifs) qui apparaissent sur ce site Web sont la propri\u00e9t\u00e9 exclusive de Primicias T\u00e9cnicas Cardi S.L, qui est donc la seule entit\u00e9 autoris\u00e9e \u00e0 les utiliser.<\/p>\n\n\n\n<p style=\"margin-top:0;margin-bottom:0\">Le contenu de ce site web, les textes, les images, etc., ainsi que sa conception graphique et son code source sont prot\u00e9g\u00e9s par la l\u00e9gislation espagnole sur les droits de propri\u00e9t\u00e9 intellectuelle et industrielle en faveur de Primicias T\u00e9cnicas Cardi S.L.<\/p>\n\n\n\n<p style=\"margin-top:0;margin-bottom:0\">Sa reproduction, distribution ou communication publique, totale ou partielle, est donc strictement interdite sans l&rsquo;autorisation expresse de Primicias T\u00e9cnicas Cardi S.L.<\/p>\n<\/div>\n\n\n\n<div class=\"wp-block-uagb-container uagb-block-15202e84\">\n<h2 class=\"wp-block-heading\" style=\"margin-top:0;margin-bottom:0\">NOM DE DOMAINE<\/h2>\n\n\n\n<p style=\"margin-top:0;margin-bottom:0\">De m\u00eame que ce qui a \u00e9t\u00e9 mentionn\u00e9 dans les paragraphes pr\u00e9c\u00e9dents, les noms de domaine \u00ab https:\/\/www.losdi.com\/ \u00bb et tous ceux qui permettent d&rsquo;acc\u00e9der au pr\u00e9sent site sont la propri\u00e9t\u00e9 exclusive de Primicias T\u00e9cnicas Cardi S.L. Leur utilisation abusive constituerait une violation des droits acquis par leur enregistrement et serait poursuivie par les moyens pr\u00e9vus par la loi.<\/p>\n<\/div>\n\n\n\n<div class=\"wp-block-uagb-container uagb-block-39ff2e18\">\n<h2 class=\"wp-block-heading\" style=\"margin-top:0;margin-bottom:0\">USAGE PERSONNEL<\/h2>\n\n\n\n<p style=\"margin-top:0;margin-bottom:0\">L&rsquo;utilisateur est express\u00e9ment autoris\u00e9 par Primicias T\u00e9cnicas Cardi S.L \u00e0 visualiser, imprimer, copier ou stocker sur son disque dur ou tout autre support physique, les contenus et actifs prot\u00e9g\u00e9s ou non par un droit exclusif (\u00e0 l&rsquo;exception des programmes informatiques), \u00e0 condition que cela soit fait pour l&rsquo;usage personnel et priv\u00e9 de l&rsquo;utilisateur, sans but commercial ou de distribution et sans modifier, alt\u00e9rer ou d\u00e9compiler les droits et contenus susmentionn\u00e9s. Cette licence d&rsquo;usage personnel est consid\u00e9r\u00e9e comme accord\u00e9e \u00e0 condition que les avertissements relatifs aux droits d&rsquo;auteur et \u00e0 la propri\u00e9t\u00e9 industrielle soient respect\u00e9s, sans que cela ne signifie l&rsquo;octroi d&rsquo;une licence quelconque \u00e0 l&rsquo;utilisateur.<\/p>\n\n\n\n<p style=\"margin-top:0;margin-bottom:0\">Toute autre utilisation du contenu ou des cr\u00e9ations intellectuelles de ce site n\u00e9cessite l&rsquo;autorisation expresse et \u00e9crite de Primicias T\u00e9cnicas Cardi S.L.<\/p>\n<\/div>\n\n\n\n<div class=\"wp-block-uagb-container uagb-block-3504ae0a\">\n<h2 class=\"wp-block-heading\" style=\"margin-top:0;margin-bottom:0\">R\u00c9SERVE DE RECOURS JURIDIQUES<\/h2>\n\n\n\n<p style=\"margin-top:0;margin-bottom:0\">Primicias T\u00e9cnicas Cardi S.L se r\u00e9serve \u00e0 tout moment le droit d&rsquo;exercer tous les moyens ou actions l\u00e9gales qui lui reviennent pour d\u00e9fendre ses droits l\u00e9gitimes de propri\u00e9t\u00e9 intellectuelle et industrielle contre toute utilisation non autoris\u00e9e de ceux-ci ou toute action susceptible de les porter atteinte.<\/p>\n<\/div>\n\n\n\n<div class=\"wp-block-uagb-container uagb-block-f3b5deab\">\n<h2 class=\"wp-block-heading\" style=\"margin-top:0;margin-bottom:0\">LIENS<\/h2>\n\n\n\n<p style=\"margin-top:0;margin-bottom:0\">Les liens que l&rsquo;utilisateur peut trouver en naviguant sur ce site Web lui permettent de quitter ce site.<\/p>\n\n\n\n<p style=\"margin-top:0;margin-bottom:0\">Sauf indication contraire, les sites li\u00e9s ne sont pas li\u00e9s \u00e0 Primicias T\u00e9cnicas Cardi S.L, qui n&rsquo;est pas responsable des contenus accessibles via les liens mentionn\u00e9s, ni des modifications qui y sont apport\u00e9es, ni de l&rsquo;utilisation qui en est faite, ni de leur disponibilit\u00e9 technique.<\/p>\n\n\n\n<p style=\"margin-top:0;margin-bottom:0\">Dans tous les cas, Primicias T\u00e9cnicas Cardi S.L s&rsquo;engage \u00e0 faire tout son possible pour \u00e9viter la pr\u00e9sence sur son site Web de liens vers des pages au contenu ill\u00e9gal, promouvant des activit\u00e9s illicites, racistes, x\u00e9nophobes et, en g\u00e9n\u00e9ral, susceptibles de porter atteinte aux principes de libert\u00e9 et de dignit\u00e9 humaine ou de violer les valeurs et les droits reconnus par la Constitution espagnole et la D\u00e9claration universelle des droits de l&rsquo;homme.<\/p>\n\n\n\n<p style=\"margin-top:0;margin-bottom:0\">Si un utilisateur estime qu&rsquo;un lien figurant sur le site Web porte atteinte \u00e0 ses droits de quelque mani\u00e8re que ce soit ou lui cause le moindre pr\u00e9judice, il lui suffit d&rsquo;en informer Primicias T\u00e9cnicas Cardi S.L par courrier \u00e9lectronique, en \u00e9tant assur\u00e9 que les mesures appropri\u00e9es seront prises \u00e0 cet \u00e9gard.<\/p>\n<\/div>\n\n\n\n<div class=\"wp-block-uagb-container uagb-block-d31237f4\">\n<h2 class=\"wp-block-heading\" style=\"margin-top:0;margin-bottom:0\">CONTENU DU SITE WEB<\/h2>\n\n\n\n<p style=\"margin-top:0;margin-bottom:0\">Primicias T\u00e9cnicas Cardi S.L d\u00e9cline toute responsabilit\u00e9 en cas d&rsquo;utilisation abusive du contenu de notre site web, celle-ci relevant exclusivement de la responsabilit\u00e9 de la personne qui y acc\u00e8de ou l&rsquo;utilise.<\/p>\n<\/div>\n\n\n\n<div class=\"wp-block-uagb-container uagb-block-2453a74a\">\n<h2 class=\"wp-block-heading\" style=\"margin-top:0;margin-bottom:0\">MISE \u00c0 JOUR ET MODIFICATION DU SITE WEB<\/h2>\n\n\n\n<p style=\"margin-top:0;margin-bottom:0\">Primicias T\u00e9cnicas Cardi S.L se r\u00e9serve le droit de modifier ou de supprimer, sans pr\u00e9avis, les informations contenues sur son site Web, ainsi que sa configuration et sa pr\u00e9sentation, sans en assumer aucune responsabilit\u00e9.<\/p>\n<\/div>\n\n\n\n<div class=\"wp-block-uagb-container uagb-block-5d144a75\">\n<h2 class=\"wp-block-heading\" style=\"margin-top:0;margin-bottom:0\">INDICATIONS SUR LES ASPECTS TECHNIQUES<\/h2>\n\n\n\n<p style=\"margin-top:0;margin-bottom:0\">Primicias T\u00e9cnicas Cardi S.L d\u00e9cline toute responsabilit\u00e9 pouvant d\u00e9couler de probl\u00e8mes techniques ou de d\u00e9faillances des \u00e9quipements informatiques survenant lors de la connexion au r\u00e9seau Internet, ainsi que des dommages pouvant \u00eatre caus\u00e9s par des tiers par le biais d&rsquo;intrusions ill\u00e9gitimes \u00e9chappant au contr\u00f4le de Primicias T\u00e9cnicas Cardi S.L.<\/p>\n\n\n\n<p style=\"margin-top:0;margin-bottom:0\">Nous sommes \u00e9galement exon\u00e9r\u00e9s de toute responsabilit\u00e9 en cas de dommages ou pr\u00e9judices que l&rsquo;utilisateur pourrait subir \u00e0 la suite d&rsquo;erreurs, de d\u00e9fauts ou d&rsquo;omissions dans les informations que nous fournissons lorsqu&rsquo;elles proviennent de sources ext\u00e9rieures \u00e0 notre entreprise.<\/p>\n<\/div>\n\n\n\n<div class=\"wp-block-uagb-container uagb-block-541e2222\">\n<h2 class=\"wp-block-heading\" style=\"margin-top:0;margin-bottom:0\">CONDITIONS D&rsquo;ACC\u00c8S<\/h2>\n\n\n\n<p style=\"margin-top:0;margin-bottom:0\">En g\u00e9n\u00e9ral, l&rsquo;acc\u00e8s aux contenus fournis par \u00ab Primicias T\u00e9cnicas Cardi S.L \u00bb sera libre et gratuit, et les utilisateurs ne seront pas tenus de fournir des donn\u00e9es personnelles, de s&rsquo;abonner ou d&rsquo;utiliser des codes ou des mots de passe, \u00e0 l&rsquo;exception de l&rsquo;acc\u00e8s restreint \u00e0 la section clients de \u00ab Primicias T\u00e9cnicas Cardi S.L \u00bb.<\/p>\n\n\n\n<p style=\"margin-top:0;margin-bottom:0\">Lorsque, pour souscrire ou demander des informations sur un service donn\u00e9, il est n\u00e9cessaire de fournir des donn\u00e9es \u00e0 caract\u00e8re personnel, les utilisateurs garantissent leur v\u00e9racit\u00e9, leur exactitude, leur authenticit\u00e9 et leur validit\u00e9. \u00ab Primicias T\u00e9cnicas Cardi S.L \u00bb s&rsquo;engage \u00e0 traiter ces donn\u00e9es de mani\u00e8re automatis\u00e9e en fonction de leur nature et de leur finalit\u00e9, dans les conditions et selon les modalit\u00e9s \u00e9nonc\u00e9es dans la politique de confidentialit\u00e9.<\/p>\n\n\n\n<p style=\"margin-top:0;margin-bottom:0\">Dans les cas o\u00f9 l&rsquo;utilisation de codes d&rsquo;acc\u00e8s (nom d&rsquo;utilisateur et mot de passe) est n\u00e9cessaire, l&rsquo;utilisateur s&rsquo;engage \u00e0 les utiliser conform\u00e9ment aux restrictions suivantes :<\/p>\n\n\n\n<p style=\"margin-top:0;margin-bottom:0\">Les mots de passe, choisis par l&rsquo;utilisateur, ne doivent pas \u00eatre contraires \u00e0 la morale et aux bonnes m\u0153urs g\u00e9n\u00e9ralement accept\u00e9es, ni enfreindre de quelque mani\u00e8re que ce soit les droits de propri\u00e9t\u00e9 industrielle et intellectuelle, l&rsquo;honneur et l&rsquo;image de tiers.<\/p>\n\n\n\n<p style=\"margin-top:0;margin-bottom:0\">Les codes d&rsquo;acc\u00e8s sont destin\u00e9s \u00e0 l&rsquo;usage personnel et exclusif de leur titulaire, qui est responsable de leur conservation et de leur utilisation correcte. \u00ab Primicias T\u00e9cnicas Cardi S.L \u00bb d\u00e9cline toute responsabilit\u00e9 pour tout pr\u00e9judice que l&rsquo;utilisateur ou des tiers pourraient subir du fait de l&rsquo;utilisation de ses codes par d&rsquo;autres personnes, avec ou sans le consentement ou \u00e0 l&rsquo;insu de l&rsquo;utilisateur.<\/p>\n\n\n\n<p style=\"margin-top:0;margin-bottom:0\">Toutefois, \u00ab Primicias T\u00e9cnicas Cardi S.L \u00bb s&rsquo;engage \u00e0 respecter son obligation de confidentialit\u00e9 concernant les mots de passe enregistr\u00e9s et utilis\u00e9s par les utilisateurs.<\/p>\n<\/div>\n\n\n\n<div class=\"wp-block-uagb-container uagb-block-bf855d9a\">\n<h2 class=\"wp-block-heading\" style=\"margin-top:0;margin-bottom:0\">CONDITIONS D&rsquo;UTILISATION<\/h2>\n\n\n\n<p style=\"margin-top:0;margin-bottom:0\">L&rsquo;utilisation du site Web de \u00ab Primicias T\u00e9cnicas Cardi S.L \u00bb doit \u00eatre conforme au contenu des pr\u00e9sentes conditions g\u00e9n\u00e9rales, \u00e0 toutes les dispositions l\u00e9gales applicables et aux exigences de la morale et des bonnes m\u0153urs g\u00e9n\u00e9ralement accept\u00e9es, ainsi qu&rsquo;\u00e0 celles de l&rsquo;ordre public.<\/p>\n\n\n\n<p style=\"margin-top:0;margin-bottom:0\">Sauf autorisation pr\u00e9alable et expresse de \u00ab Primicias T\u00e9cnicas Cardi S.L \u00bb, les utilisateurs ne peuvent utiliser les contenus et services propos\u00e9s sur ce site Web qu&rsquo;\u00e0 des fins personnelles, en s&rsquo;abstenant de tout acte qui, directement ou indirectement, impliquerait une exploitation commerciale de ceux-ci.<\/p>\n\n\n\n<p style=\"margin-top:0;margin-bottom:0\">Dans tous les cas, les utilisateurs utiliseront les contenus et services fournis par \u00ab Primicias T\u00e9cnicas Cardi S.L \u00bb conform\u00e9ment \u00e0 la l\u00e9gislation en vigueur et assumeront les responsabilit\u00e9s qui leur incombent pour les comportements ou activit\u00e9s qui, de quelque mani\u00e8re que ce soit, pourraient \u00eatre illicites ou pr\u00e9judiciables aux droits de tiers ou qui pourraient nuire, emp\u00eacher ou limiter l&rsquo;utilisation de ce site Web par d&rsquo;autres utilisateurs.<\/p>\n\n\n\n<p style=\"margin-top:0;margin-bottom:0\">Les utilisateurs s&rsquo;engagent \u00e0 ne pas transmettre ou diffuser via \u00ab Primicias T\u00e9cnicas Cardi S.L \u00bb des messages, images, photographies, logiciels, donn\u00e9es ou contenus qui:<\/p>\n\n\n\n<ul style=\"margin-top:0;margin-bottom:0\" class=\"wp-block-list\">\n<li>qui enfreignent ou portent atteinte de quelque mani\u00e8re que ce soit aux droits fondamentaux reconnus par l&rsquo;ordre juridique.<\/li>\n\n\n\n<li>incitent, encouragent ou promeuvent des actions criminelles, d\u00e9nigrantes, diffamatoires, calomnieuses, violentes, discriminatoires en raison du sexe, de la race, de la religion ou de l&rsquo;id\u00e9ologie, ou, en g\u00e9n\u00e9ral, contraires \u00e0 la loi, \u00e0 la morale ou \u00e0 l&rsquo;ordre public.<\/li>\n\n\n\n<li>soient faux, ambigus, inexacts, exag\u00e9r\u00e9s, obsc\u00e8nes ou inopportuns.<\/li>\n\n\n\n<li>sont prot\u00e9g\u00e9s par des droits de propri\u00e9t\u00e9 intellectuelle ou industrielle appartenant \u00e0 des tiers, sauf autorisation pr\u00e9alable et suffisante de leur propri\u00e9taire l\u00e9gitime.<\/li>\n\n\n\n<li>portent atteinte ou sont susceptibles de porter atteinte au droit \u00e0 l&rsquo;honneur, \u00e0 la vie priv\u00e9e, \u00e0 l&rsquo;image de tiers ou enfreignent la r\u00e9glementation relative au secret ou \u00e0 la confidentialit\u00e9 des communications.<\/li>\n\n\n\n<li>constituent une publicit\u00e9 illicite, trompeuse ou d\u00e9loyale.<\/li>\n\n\n\n<li>contiennent des virus, chevaux de Troie, vers, bombes \u00e0 retardement ou tout autre mat\u00e9riel ou programme susceptible d&rsquo;endommager ou d&rsquo;alt\u00e9rer le fonctionnement des \u00e9quipements ou syst\u00e8mes informatiques.<\/li>\n<\/ul>\n\n\n\n<p style=\"margin-top:0;margin-bottom:0\">\u00ab Primicias T\u00e9cnicas Cardi S.L \u00bb se r\u00e9serve le droit unilat\u00e9ral, \u00e0 tout moment et sans pr\u00e9avis ni justification, de refuser l&rsquo;acc\u00e8s \u00e0 son site Web aux utilisateurs qui ne respectent pas les pr\u00e9sentes conditions g\u00e9n\u00e9rales d&rsquo;utilisation.<\/p>\n<\/div>\n<\/div><\/div>\n","protected":false},"excerpt":{"rendered":"<p>Mentions l\u00e9gales DONN\u00c9ES DE L&rsquo;ENTREPRISE Conform\u00e9ment \u00e0 l&rsquo;article 10 de la loi 34\/2002 du 11 juillet relative aux services de la soci\u00e9t\u00e9 de l&rsquo;information et au commerce \u00e9lectronique, les donn\u00e9es d&rsquo;identification de l&rsquo;entreprise sont indiqu\u00e9es ci-dessous. Nom juridique: Primicias T\u00e9cnicas Cardi S.L Raison sociale: Soci\u00e9t\u00e9 \u00e0 responsabilit\u00e9 limit\u00e9e Num\u00e9ro d&rsquo;identification fiscale: B53000766 Si\u00e8ge social: Paya [&hellip;]<\/p>\n","protected":false},"author":1,"featured_media":0,"parent":0,"menu_order":30,"comment_status":"closed","ping_status":"closed","template":"","meta":{"_acf_changed":false,"_uag_custom_page_level_css":"","footnotes":""},"class_list":["post-2723","page","type-page","status-publish","hentry"],"acf":[],"spectra_custom_meta":{"rank_math_internal_links_processed":["1"],"_last_translation_edit_mode":["translation-editor"],"_top_nav_excluded":[""],"_cms_nav_minihome":[""],"_wp_page_template":["default"],"rank_math_robots":["a:1:{i:0;s:7:\"noindex\";}"],"_wpml_word_count":["1749"],"_uag_css_file_name":["uag-css-2723.css"]},"uagb_featured_image_src":{"full":false,"thumbnail":false,"medium":false,"medium_large":false,"large":false,"1536x1536":false,"2048x2048":false,"woocommerce_thumbnail":false,"woocommerce_single":false,"woocommerce_gallery_thumbnail":false,"yith-woocompare-image":false},"uagb_author_info":{"display_name":"redaccion","author_link":"https:\/\/www.losdi.com\/fr\/author\/redaccion\/"},"uagb_comment_info":0,"uagb_excerpt":"Mentions l\u00e9gales DONN\u00c9ES DE L&rsquo;ENTREPRISE Conform\u00e9ment \u00e0 l&rsquo;article 10 de la loi 34\/2002 du 11 juillet relative aux services de la soci\u00e9t\u00e9 de l&rsquo;information et au commerce \u00e9lectronique, les donn\u00e9es d&rsquo;identification de l&rsquo;entreprise sont indiqu\u00e9es ci-dessous. Nom juridique: Primicias T\u00e9cnicas Cardi S.L Raison sociale: Soci\u00e9t\u00e9 \u00e0 responsabilit\u00e9 limit\u00e9e Num\u00e9ro d&rsquo;identification fiscale: B53000766 Si\u00e8ge social: Paya\u2026","_links":{"self":[{"href":"https:\/\/www.losdi.com\/fr\/wp-json\/wp\/v2\/pages\/2723","targetHints":{"allow":["GET"]}}],"collection":[{"href":"https:\/\/www.losdi.com\/fr\/wp-json\/wp\/v2\/pages"}],"about":[{"href":"https:\/\/www.losdi.com\/fr\/wp-json\/wp\/v2\/types\/page"}],"author":[{"embeddable":true,"href":"https:\/\/www.losdi.com\/fr\/wp-json\/wp\/v2\/users\/1"}],"replies":[{"embeddable":true,"href":"https:\/\/www.losdi.com\/fr\/wp-json\/wp\/v2\/comments?post=2723"}],"version-history":[{"count":1,"href":"https:\/\/www.losdi.com\/fr\/wp-json\/wp\/v2\/pages\/2723\/revisions"}],"predecessor-version":[{"id":2724,"href":"https:\/\/www.losdi.com\/fr\/wp-json\/wp\/v2\/pages\/2723\/revisions\/2724"}],"wp:attachment":[{"href":"https:\/\/www.losdi.com\/fr\/wp-json\/wp\/v2\/media?parent=2723"}],"curies":[{"name":"wp","href":"https:\/\/api.w.org\/{rel}","templated":true}]}}