{"id":2725,"date":"2025-05-20T07:52:06","date_gmt":"2025-05-20T05:52:06","guid":{"rendered":"https:\/\/losdi.acceseo.dev\/politique-de-confidentialite\/"},"modified":"2026-02-18T16:28:51","modified_gmt":"2026-02-18T15:28:51","slug":"politique-de-confidentialite","status":"publish","type":"page","link":"https:\/\/www.losdi.com\/fr\/politique-de-confidentialite\/","title":{"rendered":"Politique de confidentialit\u00e9"},"content":{"rendered":"\n<div class=\"wp-block-uagb-container uagb-block-e00d2a51 alignfull uagb-is-root-container\"><div class=\"uagb-container-inner-blocks-wrap\">\n<div class=\"wp-block-uagb-container uagb-block-89802294\"><nav aria-label=\"breadcrumbs\" class=\"rank-math-breadcrumb\"><p><span class=\"last\">Inicio<\/span><\/p><\/nav>\n<\/div>\n\n\n\n<div class=\"wp-block-uagb-container uagb-block-8b43a595\">\n<div class=\"wp-block-uagb-container uagb-block-5ee8f860\">\n<div class=\"wp-block-uagb-advanced-heading uagb-block-bf98a326\"><h1 class=\"uagb-heading-text\">Politique de confidentialit\u00e9<\/h1><\/div>\n<\/div>\n<\/div>\n<\/div><\/div>\n\n<div class=\"wp-block-uagb-container uagb-block-5137e83f alignfull uagb-is-root-container\"><div class=\"uagb-container-inner-blocks-wrap\">\n<h2 class=\"wp-block-heading\" style=\"margin-top:0;margin-bottom:0\">POLITIQUE DE CONFIDENTIALIT\u00c9 ET DE PROTECTION DES DONN\u00c9ES (L.O.P.D.)<\/h2>\n\n\n\n<p style=\"margin-top:0;margin-bottom:0\">Primicias T\u00e9cnicas Cardi S.L informe les utilisateurs de ce site Web qu&rsquo;il peut cr\u00e9er un fichier automatis\u00e9 contenant les donn\u00e9es personnelles qui sont port\u00e9es \u00e0 la connaissance dudit titulaire, \u00e0 la suite de l&rsquo;utilisation du pr\u00e9sent site Web et en raison de l&rsquo;envoi d&rsquo;e-mails, ou bien celles recueillies via notre formulaire de contact, en stricte conformit\u00e9 avec les dispositions de la l\u00e9gislation en mati\u00e8re de protection des donn\u00e9es.<\/p>\n\n\n\n<p style=\"margin-top:0;margin-bottom:0\">Conform\u00e9ment aux dispositions de la loi organique 15\/1999 du 13 d\u00e9cembre relative \u00e0 la protection des donn\u00e9es \u00e0 caract\u00e8re personnel, les utilisateurs peuvent \u00e0 tout moment exercer leurs droits d&rsquo;acc\u00e8s, de rectification, d&rsquo;opposition et d&rsquo;annulation des donn\u00e9es qui ont \u00e9t\u00e9 collect\u00e9es et archiv\u00e9es. L&rsquo;exercice de ces droits doit \u00eatre effectu\u00e9 par courrier adress\u00e9 au si\u00e8ge social de Primicias T\u00e9cnicas Cardi S.L ou \u00e0 l&rsquo;adresse \u00e9lectronique web@losdi.com, en indiquant, dans tous les cas, la r\u00e9f\u00e9rence \u00ab Donn\u00e9es personnelles \u00bb et le droit que vous souhaitez exercer, en joignant une copie de votre carte d&rsquo;identit\u00e9 nationale.<\/p>\n\n\n\n<p style=\"margin-top:0;margin-bottom:0\">Les donn\u00e9es enregistr\u00e9es pourraient \u00eatre utilis\u00e9es dans le but de vous fournir et\/ou vous proposer nos services, d&rsquo;\u00e9tablir des statistiques, d&rsquo;envoyer de la publicit\u00e9 (y compris par voie \u00e9lectronique), de g\u00e9rer des incidents ou de r\u00e9aliser des \u00e9tudes de march\u00e9, entre autres activit\u00e9s.<\/p>\n\n\n\n<p style=\"margin-top:0;margin-bottom:0\">Le cas \u00e9ch\u00e9ant, les donn\u00e9es \u00e0 caract\u00e8re personnel fournies par les utilisateurs pourront \u00eatre communiqu\u00e9es \u00e0 un tiers uniquement dans le but de remplir les objectifs susmentionn\u00e9s et avec le consentement pr\u00e9alable des personnes concern\u00e9es, qui sera consid\u00e9r\u00e9 comme accord\u00e9 si aucune objection n&rsquo;est formul\u00e9e dans un d\u00e9lai de quinze jours \u00e0 compter de la fourniture des donn\u00e9es. Dans tous les cas, ce consentement peut \u00eatre r\u00e9voqu\u00e9 \u00e0 tout moment par courrier adress\u00e9 au si\u00e8ge social du responsable du traitement, en indiquant en r\u00e9f\u00e9rence \u00ab\u00a0Suppression des donn\u00e9es personnelles\u00a0\u00bb.<\/p>\n<\/div><\/div>\n","protected":false},"excerpt":{"rendered":"<p>Politique de confidentialit\u00e9 POLITIQUE DE CONFIDENTIALIT\u00c9 ET DE PROTECTION DES DONN\u00c9ES (L.O.P.D.) Primicias T\u00e9cnicas Cardi S.L informe les utilisateurs de ce site Web qu&rsquo;il peut cr\u00e9er un fichier automatis\u00e9 contenant les donn\u00e9es personnelles qui sont port\u00e9es \u00e0 la connaissance dudit titulaire, \u00e0 la suite de l&rsquo;utilisation du pr\u00e9sent site Web et en raison de l&rsquo;envoi [&hellip;]<\/p>\n","protected":false},"author":1,"featured_media":0,"parent":0,"menu_order":31,"comment_status":"closed","ping_status":"closed","template":"","meta":{"_acf_changed":false,"_uag_custom_page_level_css":"","footnotes":""},"class_list":["post-2725","page","type-page","status-publish","hentry"],"acf":[],"spectra_custom_meta":{"rank_math_internal_links_processed":["1"],"_last_translation_edit_mode":["translation-editor"],"_top_nav_excluded":[""],"_cms_nav_minihome":[""],"_wp_page_template":["default"],"rank_math_robots":["a:1:{i:0;s:7:\"noindex\";}"],"_wpml_word_count":["361"],"_uag_css_file_name":["uag-css-2725.css"]},"uagb_featured_image_src":{"full":false,"thumbnail":false,"medium":false,"medium_large":false,"large":false,"1536x1536":false,"2048x2048":false,"woocommerce_thumbnail":false,"woocommerce_single":false,"woocommerce_gallery_thumbnail":false,"yith-woocompare-image":false},"uagb_author_info":{"display_name":"redaccion","author_link":"https:\/\/www.losdi.com\/fr\/author\/redaccion\/"},"uagb_comment_info":0,"uagb_excerpt":"Politique de confidentialit\u00e9 POLITIQUE DE CONFIDENTIALIT\u00c9 ET DE PROTECTION DES DONN\u00c9ES (L.O.P.D.) Primicias T\u00e9cnicas Cardi S.L informe les utilisateurs de ce site Web qu&rsquo;il peut cr\u00e9er un fichier automatis\u00e9 contenant les donn\u00e9es personnelles qui sont port\u00e9es \u00e0 la connaissance dudit titulaire, \u00e0 la suite de l&rsquo;utilisation du pr\u00e9sent site Web et en raison de l&rsquo;envoi\u2026","_links":{"self":[{"href":"https:\/\/www.losdi.com\/fr\/wp-json\/wp\/v2\/pages\/2725","targetHints":{"allow":["GET"]}}],"collection":[{"href":"https:\/\/www.losdi.com\/fr\/wp-json\/wp\/v2\/pages"}],"about":[{"href":"https:\/\/www.losdi.com\/fr\/wp-json\/wp\/v2\/types\/page"}],"author":[{"embeddable":true,"href":"https:\/\/www.losdi.com\/fr\/wp-json\/wp\/v2\/users\/1"}],"replies":[{"embeddable":true,"href":"https:\/\/www.losdi.com\/fr\/wp-json\/wp\/v2\/comments?post=2725"}],"version-history":[{"count":1,"href":"https:\/\/www.losdi.com\/fr\/wp-json\/wp\/v2\/pages\/2725\/revisions"}],"predecessor-version":[{"id":2726,"href":"https:\/\/www.losdi.com\/fr\/wp-json\/wp\/v2\/pages\/2725\/revisions\/2726"}],"wp:attachment":[{"href":"https:\/\/www.losdi.com\/fr\/wp-json\/wp\/v2\/media?parent=2725"}],"curies":[{"name":"wp","href":"https:\/\/api.w.org\/{rel}","templated":true}]}}