{"id":2727,"date":"2025-11-13T16:37:35","date_gmt":"2025-11-13T15:37:35","guid":{"rendered":"https:\/\/losdi.acceseo.dev\/politique-de-cookies\/"},"modified":"2026-02-18T16:35:34","modified_gmt":"2026-02-18T15:35:34","slug":"politique-de-cookies","status":"publish","type":"page","link":"https:\/\/www.losdi.com\/fr\/politique-de-cookies\/","title":{"rendered":"Politique de cookies"},"content":{"rendered":"\n<div class=\"wp-block-uagb-container uagb-block-e00d2a51 alignfull uagb-is-root-container\"><div class=\"uagb-container-inner-blocks-wrap\">\n<div class=\"wp-block-uagb-container uagb-block-89802294\"><nav aria-label=\"breadcrumbs\" class=\"rank-math-breadcrumb\"><p><span class=\"last\">Inicio<\/span><\/p><\/nav>\n<\/div>\n\n\n\n<div class=\"wp-block-uagb-container uagb-block-8b43a595\">\n<div class=\"wp-block-uagb-container uagb-block-5ee8f860\">\n<div class=\"wp-block-uagb-advanced-heading uagb-block-bf98a326\"><h1 class=\"uagb-heading-text\">Politique de cookies<\/h1><\/div>\n<\/div>\n<\/div>\n<\/div><\/div>\n\n<div class=\"wp-block-uagb-container uagb-block-94bbef2d alignfull uagb-is-root-container\"><div class=\"uagb-container-inner-blocks-wrap\">\n<div class=\"wp-block-uagb-container uagb-block-6c914748\">\n<p style=\"margin-top:0;margin-bottom:0\">Primicias T\u00e9cnicas Cardi S.L informe sur l&rsquo;utilisation des cookies sur son site web : https:\/\/www.losdi.com<\/p>\n<\/div>\n\n\n\n<div class=\"wp-block-uagb-container uagb-block-c3759f30\">\n<h2 class=\"wp-block-heading\" style=\"margin-top:0;margin-bottom:0\">Que sont les cookies ?<\/h2>\n\n\n\n<p style=\"margin-top:0;margin-bottom:0\">Les cookies sont des fichiers qui peuvent \u00eatre t\u00e9l\u00e9charg\u00e9s sur votre ordinateur via les pages web.<\/p>\n\n\n\n<p style=\"margin-top:0;margin-bottom:0\">Ces outils jouent un r\u00f4le essentiel dans la prestation de nombreux services de la soci\u00e9t\u00e9 de l&rsquo;information. Ils permettent notamment \u00e0 un site web de stocker et de r\u00e9cup\u00e9rer des informations sur les habitudes de navigation d&rsquo;un utilisateur ou de son \u00e9quipement et, en fonction des informations obtenues, ils peuvent \u00eatre utilis\u00e9s pour reconna\u00eetre l&rsquo;utilisateur et am\u00e9liorer le service offert.<\/p>\n<\/div>\n\n\n\n<div class=\"wp-block-uagb-container uagb-block-42de8596\">\n<h2 class=\"wp-block-heading\" style=\"margin-top:0;margin-bottom:0\">Types de cookies<\/h2>\n\n\n\n<p style=\"margin-top:0;margin-bottom:0\">Selon l&rsquo;entit\u00e9 qui g\u00e8re le domaine \u00e0 partir duquel les cookies sont envoy\u00e9s et traite les donn\u00e9es obtenues, on peut distinguer deux types:<\/p>\n\n\n\n<ul style=\"margin-top:0;margin-bottom:0\" class=\"wp-block-list\">\n<li>Cookies propres: ceux qui sont envoy\u00e9s \u00e0 l&rsquo;\u00e9quipement terminal de l&rsquo;utilisateur \u00e0 partir d&rsquo;un \u00e9quipement ou d&rsquo;un domaine g\u00e9r\u00e9 par l&rsquo;\u00e9diteur lui-m\u00eame et \u00e0 partir duquel le service demand\u00e9 par l&rsquo;utilisateur est fourni.<\/li>\n\n\n\n<li>Cookies tiers: ceux qui sont envoy\u00e9s \u00e0 l&rsquo;\u00e9quipement terminal de l&rsquo;utilisateur \u00e0 partir d&rsquo;un \u00e9quipement ou d&rsquo;un domaine qui n&rsquo;est pas g\u00e9r\u00e9 par l&rsquo;\u00e9diteur, mais par une autre entit\u00e9 qui traite les donn\u00e9es obtenues par le biais des cookies.<\/li>\n<\/ul>\n\n\n\n<p style=\"margin-top:0;margin-bottom:0\">Dans le cas o\u00f9 les cookies sont install\u00e9s \u00e0 partir d&rsquo;un \u00e9quipement ou d&rsquo;un domaine g\u00e9r\u00e9 par l&rsquo;\u00e9diteur lui-m\u00eame, mais o\u00f9 les informations collect\u00e9es par leur interm\u00e9diaire sont g\u00e9r\u00e9es par un tiers, ils ne peuvent \u00eatre consid\u00e9r\u00e9s comme des cookies propres.<\/p>\n\n\n\n<p style=\"margin-top:0;margin-bottom:0\">Il existe \u00e9galement une deuxi\u00e8me classification en fonction de la dur\u00e9e pendant laquelle ils restent stock\u00e9s dans le navigateur du client, \u00e0 savoir:<\/p>\n\n\n\n<ul style=\"margin-top:0;margin-bottom:0\" class=\"wp-block-list\">\n<li>Cookies de session: con\u00e7us pour collecter et stocker des donn\u00e9es pendant que l&rsquo;utilisateur acc\u00e8de \u00e0 un site web. Ils sont g\u00e9n\u00e9ralement utilis\u00e9s pour stocker des informations qui ne doivent \u00eatre conserv\u00e9es que pour la prestation du service demand\u00e9 par l&rsquo;utilisateur \u00e0 une seule occasion (par exemple, une liste de produits achet\u00e9s).<\/li>\n\n\n\n<li>Cookies persistants: les donn\u00e9es restent stock\u00e9es sur le terminal et peuvent \u00eatre consult\u00e9es et trait\u00e9es pendant une p\u00e9riode d\u00e9finie par le responsable du cookie, qui peut aller de quelques minutes \u00e0 plusieurs ann\u00e9es.<\/li>\n<\/ul>\n\n\n\n<p style=\"margin-top:0;margin-bottom:0\">Enfin, il existe une autre classification avec cinq types de cookies selon la finalit\u00e9 pour laquelle les donn\u00e9es obtenues sont trait\u00e9es:<\/p>\n\n\n\n<ul style=\"margin-top:0;margin-bottom:0\" class=\"wp-block-list\">\n<li>Cookies techniques: ceux qui permettent \u00e0 l&rsquo;utilisateur de naviguer sur un site web, une plateforme ou une application et d&rsquo;utiliser les diff\u00e9rentes options ou services qui y sont propos\u00e9s, tels que, par exemple, contr\u00f4ler le trafic et la communication de donn\u00e9es, identifier la session, acc\u00e9der \u00e0 des parties \u00e0 acc\u00e8s restreint, m\u00e9moriser les \u00e9l\u00e9ments composant une commande, r\u00e9aliser le processus d&rsquo;achat d&rsquo;une commande, effectuer une demande d&rsquo;inscription ou de participation \u00e0 un \u00e9v\u00e9nement, utiliser des \u00e9l\u00e9ments de s\u00e9curit\u00e9 pendant la navigation, stocker des contenus pour la diffusion de vid\u00e9os ou de sons ou partager des contenus via les r\u00e9seaux sociaux.<\/li>\n\n\n\n<li>Cookies de personnalisation: ils permettent \u00e0 l&rsquo;utilisateur d&rsquo;acc\u00e9der au service avec certaines caract\u00e9ristiques g\u00e9n\u00e9rales pr\u00e9d\u00e9finies en fonction d&rsquo;une s\u00e9rie de crit\u00e8res sur le terminal de l&rsquo;utilisateur, tels que la langue, le type de navigateur utilis\u00e9 pour acc\u00e9der au service, la configuration r\u00e9gionale \u00e0 partir de laquelle il acc\u00e8de au service, etc.<\/li>\n\n\n\n<li>Cookies d&rsquo;analyse: ils permettent \u00e0 leur responsable de suivre et d&rsquo;analyser le comportement des utilisateurs des sites web auxquels ils sont li\u00e9s. Les informations collect\u00e9es par ce type de cookies sont utilis\u00e9es pour mesurer l&rsquo;activit\u00e9 des sites web, des applications ou des plateformes et pour \u00e9tablir des profils de navigation des utilisateurs de ces sites, applications et plateformes, afin d&rsquo;apporter des am\u00e9liorations en fonction de l&rsquo;analyse des donn\u00e9es d&rsquo;utilisation des utilisateurs du service.<\/li>\n\n\n\n<li>Cookies publicitaires: ils permettent de g\u00e9rer les espaces publicitaires de la mani\u00e8re la plus efficace possible.<\/li>\n\n\n\n<li>Cookies publicitaires comportementaux: ils stockent des informations sur le comportement des utilisateurs obtenues gr\u00e2ce \u00e0 l&rsquo;observation continue de leurs habitudes de navigation, ce qui permet de d\u00e9velopper un profil sp\u00e9cifique afin d&rsquo;afficher des publicit\u00e9s en fonction de celui-ci.<\/li>\n\n\n\n<li>Cookies publicitaires comportementaux: ils stockent des informations sur le comportement des utilisateurs obtenues gr\u00e2ce \u00e0 l&rsquo;observation continue de leurs habitudes de navigation, ce qui permet de d\u00e9velopper un profil sp\u00e9cifique afin d&rsquo;afficher des publicit\u00e9s en fonction de celui-ci.<\/li>\n\n\n\n<li>Cookies de r\u00e9seaux sociaux externes: ils sont utilis\u00e9s pour permettre aux visiteurs d&rsquo;interagir avec le contenu de diff\u00e9rentes plateformes sociales (Facebook, YouTube, Twitter, LinkedIn, etc.) et sont g\u00e9n\u00e9r\u00e9s uniquement pour les utilisateurs de ces r\u00e9seaux sociaux. Les conditions d&rsquo;utilisation de ces cookies et les informations collect\u00e9es sont r\u00e9gies par la politique de confidentialit\u00e9 de la plateforme sociale correspondante.<\/li>\n\n\n\n<li>Cookies de r\u00e9seaux sociaux externes: ils sont utilis\u00e9s pour permettre aux visiteurs d&rsquo;interagir avec le contenu de diff\u00e9rentes plateformes sociales (Facebook, YouTube, Twitter, LinkedIn, etc.) et sont g\u00e9n\u00e9r\u00e9s uniquement pour les utilisateurs de ces r\u00e9seaux sociaux. Les conditions d&rsquo;utilisation de ces cookies et les informations collect\u00e9es sont r\u00e9gies par la politique de confidentialit\u00e9 de la plateforme sociale correspondante.<\/li>\n\n\n\n<li>Cookies de r\u00e9seaux sociaux externes: ils sont utilis\u00e9s pour permettre aux visiteurs d&rsquo;interagir avec le contenu de diff\u00e9rentes plateformes sociales (Facebook, YouTube, Twitter, LinkedIn, etc.) et sont g\u00e9n\u00e9r\u00e9s uniquement pour les utilisateurs de ces r\u00e9seaux sociaux. Les conditions d&rsquo;utilisation de ces cookies et les informations collect\u00e9es sont r\u00e9gies par la politique de confidentialit\u00e9 de la plateforme sociale correspondante.<\/li>\n<\/ul>\n<\/div>\n\n\n\n<div class=\"wp-block-uagb-container uagb-block-521c4d47\">\n<h2 class=\"wp-block-heading\" style=\"margin-top:0;margin-bottom:0\">D\u00e9sactivation et suppression des cookies<\/h2>\n\n\n\n<p style=\"margin-top:0;margin-bottom:0\">Vous avez la possibilit\u00e9 d&rsquo;autoriser, de bloquer ou de supprimer les cookies install\u00e9s sur votre ordinateur en configurant les options du navigateur install\u00e9 sur votre ordinateur. En d\u00e9sactivant les cookies, certains des services disponibles pourraient ne plus fonctionner. La mani\u00e8re de d\u00e9sactiver les cookies est diff\u00e9rente pour chaque navigateur, mais cela peut g\u00e9n\u00e9ralement \u00eatre fait \u00e0 partir du menu Outils ou Options. Vous pouvez \u00e9galement consulter le menu Aide du navigateur o\u00f9 vous trouverez des instructions. L&rsquo;utilisateur peut \u00e0 tout moment choisir les cookies qu&rsquo;il souhaite voir fonctionner sur ce site web.<\/p>\n\n\n\n<p style=\"margin-top:0;margin-bottom:0\">Vous pouvez autoriser, bloquer ou supprimer les cookies install\u00e9s sur votre ordinateur en configurant les options du navigateur install\u00e9 sur votre ordinateur:<\/p>\n\n\n\n<ul style=\"margin-top:0;margin-bottom:0\" class=\"wp-block-list\">\n<li><a href=\"https:\/\/support.google.com\/accounts\/answer\/61416?co=GENIE.Platform%3DDesktop&amp;hl=es\" target=\"_blank\" rel=\"noreferrer noopener\">Google Chrome<\/a><\/li>\n\n\n\n<li><a href=\"https:\/\/support.mozilla.org\/es\/kb\/Borrar%20cookies\" target=\"_blank\" rel=\"noreferrer noopener\">Mozilla Firefox<\/a><\/li>\n\n\n\n<li><a href=\"https:\/\/support.microsoft.com\/es-es\/topic\/c%C3%B3mo-eliminar-archivos-de-cookies-en-internet-explorer-bca9446f-d873-78de-77ba-d42645fa52fc\" target=\"_blank\" rel=\"noreferrer noopener\">Internet Explorer<\/a><\/li>\n\n\n\n<li><a href=\"https:\/\/support.apple.com\/es-es\/guide\/safari\/sfri11471\/mac\" target=\"_blank\" rel=\"noreferrer noopener\">Safari<\/a><\/li>\n\n\n\n<li><a href=\"https:\/\/support.apple.com\/es-es\/HT201265\" target=\"_blank\" rel=\"noreferrer noopener\">Safari pour IOS (iPhone et iPad)<\/a><\/li>\n\n\n\n<li><a href=\"https:\/\/support.google.com\/accounts\/answer\/61416?co=GENIE.Platform%3DAndroid&amp;hl=es&amp;oco=1\" target=\"_blank\" rel=\"noreferrer noopener\">Chrome pour Android<\/a><\/li>\n\n\n\n<li><a href=\"https:\/\/support.google.com\/accounts\/answer\/61416?co=GENIE.Platform%3DiOS&amp;hl=es&amp;oco=1\" target=\"_blank\" rel=\"noreferrer noopener\">Chrome pour Iphone et Ipad<\/a><\/li>\n<\/ul>\n\n\n\n<p style=\"margin-top:0;margin-bottom:0\">En outre, vous pouvez \u00e9galement g\u00e9rer le stockage des cookies dans votre navigateur \u00e0 l&rsquo;aide d&rsquo;outils tels que les suivants<\/p>\n\n\n\n<ul style=\"margin-top:0;margin-bottom:0\" class=\"wp-block-list\">\n<li>Ghostery:<a href=\"https:\/\/www.ghostery.com\/\" target=\"_blank\" rel=\"noreferrer noopener\">www.ghostery.com<\/a><\/li>\n\n\n\n<li>Your online choices:<a href=\"https:\/\/www.youronlinechoices.com\/es\/\" target=\"_blank\" rel=\"noreferrer noopener\">www.youronlinechoices.com\/es\/<\/a><\/li>\n<\/ul>\n<\/div>\n\n\n\n<div class=\"wp-block-uagb-container uagb-block-24d97483\">\n<h2 class=\"wp-block-heading\" style=\"margin-top:0;margin-bottom:0\">Cookies utilis\u00e9s sur https:\/\/www.losdi.com<\/h2>\n\n\n\n<p style=\"margin-top:0;margin-bottom:0\"><strong>Vous trouverez ci-dessous la liste des cookies utilis\u00e9s sur ce site web, ainsi que leur type et leur fonction:<\/strong><\/p>\n\n\n\n<p style=\"margin-top:0;margin-bottom:0\">Acceptation de la politique en mati\u00e8re de cookies https:\/\/www.losdi.com consid\u00e8re que vous acceptez l&rsquo;utilisation de cookies. Toutefois, afin que vous en soyez inform\u00e9, des informations sur sa politique en mati\u00e8re de cookies s&rsquo;affichent en bas ou en haut de chaque page du portail \u00e0 chaque connexion.<\/p>\n\n\n\n<p style=\"margin-top:0;margin-bottom:0\">Au vu de ces informations, il est possible de prendre les mesures suivantes:<\/p>\n\n\n\n<ul style=\"margin-top:0;margin-bottom:0\" class=\"wp-block-list\">\n<li>Accepter les cookies. Cet avis ne s&rsquo;affichera plus lorsque vous acc\u00e9derez \u00e0 n&rsquo;importe quelle page du portail pendant la pr\u00e9sente session.<\/li>\n\n\n\n<li>Fermer. L&rsquo;avertissement est masqu\u00e9 sur cette page.<\/li>\n\n\n\n<li>Modifier vos param\u00e8tres. Vous pouvez obtenir plus d&rsquo;informations sur les cookies, consulter la politique en mati\u00e8re de cookies de https:\/\/www.losdi.com et modifier les param\u00e8tres de votre navigateur.<\/li>\n<\/ul>\n<\/div>\n<\/div><\/div>\n","protected":false},"excerpt":{"rendered":"<p>Politique de cookies Primicias T\u00e9cnicas Cardi S.L informe sur l&rsquo;utilisation des cookies sur son site web : https:\/\/www.losdi.com Que sont les cookies ? Les cookies sont des fichiers qui peuvent \u00eatre t\u00e9l\u00e9charg\u00e9s sur votre ordinateur via les pages web. Ces outils jouent un r\u00f4le essentiel dans la prestation de nombreux services de la soci\u00e9t\u00e9 de [&hellip;]<\/p>\n","protected":false},"author":1,"featured_media":0,"parent":0,"menu_order":32,"comment_status":"closed","ping_status":"closed","template":"","meta":{"_acf_changed":false,"_uag_custom_page_level_css":"","footnotes":""},"class_list":["post-2727","page","type-page","status-publish","hentry"],"acf":[],"spectra_custom_meta":{"rank_math_internal_links_processed":["1"],"_last_translation_edit_mode":["translation-editor"],"_top_nav_excluded":[""],"_cms_nav_minihome":[""],"_wp_page_template":["default"],"rank_math_robots":["a:1:{i:0;s:7:\"noindex\";}"],"_wpml_word_count":["1397"],"_uag_css_file_name":["uag-css-2727.css"]},"uagb_featured_image_src":{"full":false,"thumbnail":false,"medium":false,"medium_large":false,"large":false,"1536x1536":false,"2048x2048":false,"woocommerce_thumbnail":false,"woocommerce_single":false,"woocommerce_gallery_thumbnail":false,"yith-woocompare-image":false},"uagb_author_info":{"display_name":"redaccion","author_link":"https:\/\/www.losdi.com\/fr\/author\/redaccion\/"},"uagb_comment_info":0,"uagb_excerpt":"Politique de cookies Primicias T\u00e9cnicas Cardi S.L informe sur l&rsquo;utilisation des cookies sur son site web : https:\/\/www.losdi.com Que sont les cookies ? Les cookies sont des fichiers qui peuvent \u00eatre t\u00e9l\u00e9charg\u00e9s sur votre ordinateur via les pages web. Ces outils jouent un r\u00f4le essentiel dans la prestation de nombreux services de la soci\u00e9t\u00e9 de\u2026","_links":{"self":[{"href":"https:\/\/www.losdi.com\/fr\/wp-json\/wp\/v2\/pages\/2727","targetHints":{"allow":["GET"]}}],"collection":[{"href":"https:\/\/www.losdi.com\/fr\/wp-json\/wp\/v2\/pages"}],"about":[{"href":"https:\/\/www.losdi.com\/fr\/wp-json\/wp\/v2\/types\/page"}],"author":[{"embeddable":true,"href":"https:\/\/www.losdi.com\/fr\/wp-json\/wp\/v2\/users\/1"}],"replies":[{"embeddable":true,"href":"https:\/\/www.losdi.com\/fr\/wp-json\/wp\/v2\/comments?post=2727"}],"version-history":[{"count":1,"href":"https:\/\/www.losdi.com\/fr\/wp-json\/wp\/v2\/pages\/2727\/revisions"}],"predecessor-version":[{"id":2728,"href":"https:\/\/www.losdi.com\/fr\/wp-json\/wp\/v2\/pages\/2727\/revisions\/2728"}],"wp:attachment":[{"href":"https:\/\/www.losdi.com\/fr\/wp-json\/wp\/v2\/media?parent=2727"}],"curies":[{"name":"wp","href":"https:\/\/api.w.org\/{rel}","templated":true}]}}