{"id":2806,"date":"2025-11-12T11:40:32","date_gmt":"2025-11-12T10:40:32","guid":{"rendered":"https:\/\/losdi.acceseo.dev\/durabilite\/"},"modified":"2026-04-01T14:47:10","modified_gmt":"2026-04-01T12:47:10","slug":"durabilite","status":"publish","type":"page","link":"https:\/\/www.losdi.com\/fr\/durabilite\/","title":{"rendered":"Durabilit\u00e9"},"content":{"rendered":"\n<div class=\"wp-block-uagb-container uagb-block-e00d2a51 alignfull uagb-is-root-container\"><div class=\"uagb-container-inner-blocks-wrap\">\n<div class=\"wp-block-uagb-container uagb-block-89802294\"><nav aria-label=\"breadcrumbs\" class=\"rank-math-breadcrumb\"><p><span class=\"last\">Inicio<\/span><\/p><\/nav>\n<\/div>\n\n\n\n<div class=\"wp-block-uagb-container uagb-block-8b43a595\">\n<div class=\"wp-block-uagb-container uagb-block-5ee8f860\">\n<div class=\"wp-block-uagb-advanced-heading uagb-block-bf98a326\"><h1 class=\"uagb-heading-text\">Durabilit\u00e9<\/h1><\/div>\n\n\n\n<div class=\"wp-block-uagb-advanced-heading uagb-block-f09cdb01\"><p class=\"uagb-heading-text\">La qualit\u00e9 des produits, notre objectif primordial<\/p><\/div>\n<\/div>\n<\/div>\n<\/div><\/div>\n\n<div class=\"wp-block-uagb-container uagb-block-1128f335 alignfull uagb-is-root-container\"><div class=\"uagb-container-inner-blocks-wrap\">\n<div class=\"wp-block-uagb-container uagb-block-24925397\">\n<div class=\"wp-block-uagb-advanced-heading uagb-block-24aa483e\"><h2 class=\"uagb-heading-text\">Syst\u00e8me d&rsquo;innovation durable Losdi<\/h2><\/div>\n<\/div>\n\n\n\n<div class=\"wp-block-uagb-container uagb-block-a8fecd70\">\n<div class=\"wp-block-uagb-advanced-heading uagb-block-27cb6219\"><p class=\"uagb-heading-text\">La durabilit\u00e9 fait partie int\u00e9grante de notre ADN. Nous fabriquons des produits durables \u00e0 partir de mat\u00e9riaux recyclables et encourageons une consommation responsable dans chaque projet.<br\/><br\/>Notre objectif: r\u00e9duire l&#8217;empreinte \u00e9cologique sans renoncer \u00e0 la fonctionnalit\u00e9 ni au design.<\/p><\/div>\n<\/div>\n<\/div><\/div>\n\n<div class=\"wp-block-uagb-container uagb-block-2274bf8f alignfull uagb-is-root-container\"><div class=\"uagb-container-inner-blocks-wrap\">\n<div class=\"wp-block-uagb-container uagb-block-09ee7077\">\n<div class=\"wp-block-uagb-advanced-heading uagb-block-204babc3\"><h2 class=\"uagb-heading-text\">Notre engagement en faveur du d\u00e9veloppement durable<\/h2><\/div>\n<\/div>\n\n\n\n<div class=\"wp-block-uagb-container uagb-block-9c72fded\">\n<div class=\"wp-block-uagb-advanced-heading uagb-block-f79ae48c\"><p class=\"uagb-heading-text\">Chez LOSDI, nous sommes convaincus qu&rsquo;\u00eatre une entreprise innovante et professionnelle est tout \u00e0 fait compatible avec le fait d&rsquo;\u00eatre une entit\u00e9 engag\u00e9e envers son environnement social et environnemental.<br\/><br\/>\u00c0 tel point que, chez LOSDI, nous nous sommes engag\u00e9s \u00e0 respecter l&rsquo;Agenda 2030 des Nations Unies \u00e0 travers les Objectifs de d\u00e9veloppement durable, en \u00e9tablissant notre propre strat\u00e9gie pour mettre en \u0153uvre des actions concr\u00e8tes align\u00e9es sur les ODD 3, 8, 9, 12 et 13.<br\/><br\/>Vous pouvez t\u00e9l\u00e9charger notre Rapport de d\u00e9veloppement durable 2022 pour d\u00e9couvrir comment nous mettons en \u0153uvre les objectifs de d\u00e9veloppement durable dans notre strat\u00e9gie d&rsquo;entreprise.<\/p><\/div>\n\n\n\n<div class=\"wp-block-uagb-buttons uagb-buttons__outer-wrap uagb-btn__default-btn uagb-btn-tablet__default-btn uagb-btn-mobile__default-btn uagb-block-8672ea48\"><div class=\"uagb-buttons__wrap uagb-buttons-layout-wrap \">\n<div class=\"wp-block-uagb-buttons-child uagb-buttons__outer-wrap uagb-block-7ba9e0cf wp-block-button white-button\"><div class=\"uagb-button__wrapper\"><a class=\"uagb-buttons-repeater wp-block-button__link\" aria-label=\"\" href=\"\/wp-content\/uploads\/2026\/02\/Rapport-RSE-2022.pdf\" rel=\"follow noopener\" target=\"_blank\" role=\"button\"><div class=\"uagb-button__link\">Rapport sur le d\u00e9veloppement durable<\/div><\/a><\/div><\/div>\n<\/div><\/div>\n<\/div>\n<\/div><\/div>\n\n<div class=\"wp-block-uagb-container uagb-block-12e0c11e alignfull uagb-is-root-container\"><div class=\"uagb-container-inner-blocks-wrap\">\n<div class=\"wp-block-uagb-container uagb-block-d26ad7a0\">\n<div class=\"wp-block-uagb-image alignleft uagb-block-08686d4c wp-block-uagb-image--layout-default wp-block-uagb-image--effect-static wp-block-uagb-image--align-left\"><figure class=\"wp-block-uagb-image__figure\"><img decoding=\"async\" srcset=\"https:\/\/www.losdi.com\/wp-content\/uploads\/2025\/11\/objetivo.png ,https:\/\/www.losdi.com\/wp-content\/uploads\/2025\/11\/objetivo.png 780w, https:\/\/www.losdi.com\/wp-content\/uploads\/2025\/11\/objetivo.png 360w\" sizes=\"auto, (max-width: 480px) 150px\" src=\"https:\/\/www.losdi.com\/wp-content\/uploads\/2025\/11\/objetivo.png\" alt=\"\" class=\"uag-image-1026\" width=\"150\" height=\"143\" title=\"objetivo\" loading=\"lazy\" role=\"img\"\/><\/figure><\/div>\n\n\n\n<div class=\"wp-block-uagb-advanced-heading uagb-block-c2f5e1ab\"><h3 class=\"uagb-heading-text\">Objectif de d\u00e9veloppement durable 3<br\/>Sant\u00e9 et bien-\u00eatre<\/h3><\/div>\n\n\n\n<div class=\"wp-block-uagb-advanced-heading uagb-block-e301dcd9\"><p class=\"uagb-heading-text\">Nous contribuons \u00e0 prot\u00e9ger la sant\u00e9 physique et mentale en encourageant des habitudes de vie saines tant chez les personnes qui travaillent dans notre organisation que chez celles sur lesquelles notre entreprise peut avoir un impact.<\/p><\/div>\n<\/div>\n\n\n\n<div class=\"wp-block-uagb-container uagb-block-750a1d74\">\n<div class=\"wp-block-uagb-image alignleft uagb-block-ba36b1f9 wp-block-uagb-image--layout-default wp-block-uagb-image--effect-static wp-block-uagb-image--align-left\"><figure class=\"wp-block-uagb-image__figure\"><img decoding=\"async\" srcset=\"https:\/\/www.losdi.com\/wp-content\/uploads\/2025\/11\/objetivo-2.png ,https:\/\/www.losdi.com\/wp-content\/uploads\/2025\/11\/objetivo-2.png 780w, https:\/\/www.losdi.com\/wp-content\/uploads\/2025\/11\/objetivo-2.png 360w\" sizes=\"auto, (max-width: 480px) 150px\" src=\"https:\/\/www.losdi.com\/wp-content\/uploads\/2025\/11\/objetivo-2.png\" alt=\"\" class=\"uag-image-1027\" width=\"150\" height=\"143\" title=\"objetivo-2\" loading=\"lazy\" role=\"img\"\/><\/figure><\/div>\n\n\n\n<div class=\"wp-block-uagb-advanced-heading uagb-block-6c101bd6\"><h3 class=\"uagb-heading-text\">Objectif de d\u00e9veloppement durable 8<br\/>Travail d\u00e9cent et croissance \u00e9conomique<\/h3><\/div>\n\n\n\n<div class=\"wp-block-uagb-advanced-heading uagb-block-25f13cf2\"><p class=\"uagb-heading-text\">Nous contribuons \u00e0 prot\u00e9ger la sant\u00e9 physique et mentale en encourageant des habitudes de vie saines tant chez les personnes qui travaillent dans notre organisation que chez celles sur lesquelles notre entreprise peut avoir un impact.<\/p><\/div>\n<\/div>\n\n\n\n<div class=\"wp-block-uagb-container uagb-block-07a48938\">\n<div class=\"wp-block-uagb-image alignleft uagb-block-72ff65a6 wp-block-uagb-image--layout-default wp-block-uagb-image--effect-static wp-block-uagb-image--align-left\"><figure class=\"wp-block-uagb-image__figure\"><img decoding=\"async\" srcset=\"https:\/\/www.losdi.com\/wp-content\/uploads\/2025\/11\/objetivo-3.png ,https:\/\/www.losdi.com\/wp-content\/uploads\/2025\/11\/objetivo-3.png 780w, https:\/\/www.losdi.com\/wp-content\/uploads\/2025\/11\/objetivo-3.png 360w\" sizes=\"auto, (max-width: 480px) 150px\" src=\"https:\/\/www.losdi.com\/wp-content\/uploads\/2025\/11\/objetivo-3.png\" alt=\"\" class=\"uag-image-1028\" width=\"150\" height=\"143\" title=\"objetivo-3\" loading=\"lazy\" role=\"img\"\/><\/figure><\/div>\n\n\n\n<div class=\"wp-block-uagb-advanced-heading uagb-block-11fc1601\"><h3 class=\"uagb-heading-text\">Objectif de d\u00e9veloppement durable 9<br\/>Industrie, innovation et infrastructure<\/h3><\/div>\n\n\n\n<div class=\"wp-block-uagb-advanced-heading uagb-block-40d10303\"><p class=\"uagb-heading-text\">Nous contribuons \u00e0 prot\u00e9ger la sant\u00e9 physique et mentale en encourageant des habitudes de vie saines tant chez les personnes qui travaillent dans notre organisation que chez celles sur lesquelles notre entreprise peut avoir un impact.<\/p><\/div>\n<\/div>\n\n\n\n<div class=\"wp-block-uagb-container uagb-block-3008e45e\">\n<div class=\"wp-block-uagb-image alignleft uagb-block-ae920667 wp-block-uagb-image--layout-default wp-block-uagb-image--effect-static wp-block-uagb-image--align-left\"><figure class=\"wp-block-uagb-image__figure\"><img decoding=\"async\" srcset=\"https:\/\/www.losdi.com\/wp-content\/uploads\/2025\/11\/objetivo-4.png ,https:\/\/www.losdi.com\/wp-content\/uploads\/2025\/11\/objetivo-4.png 780w, https:\/\/www.losdi.com\/wp-content\/uploads\/2025\/11\/objetivo-4.png 360w\" sizes=\"auto, (max-width: 480px) 150px\" src=\"https:\/\/www.losdi.com\/wp-content\/uploads\/2025\/11\/objetivo-4.png\" alt=\"\" class=\"uag-image-1029\" width=\"150\" height=\"143\" title=\"objetivo-4\" loading=\"lazy\" role=\"img\"\/><\/figure><\/div>\n\n\n\n<div class=\"wp-block-uagb-advanced-heading uagb-block-862dff1b\"><h3 class=\"uagb-heading-text\">Objectif de d\u00e9veloppement durable 12<br\/>Consommation et production durables<\/h3><\/div>\n\n\n\n<div class=\"wp-block-uagb-advanced-heading uagb-block-ad2148d8\"><p class=\"uagb-heading-text\">Nous contribuons \u00e0 prot\u00e9ger la sant\u00e9 physique et mentale en encourageant des habitudes de vie saines tant chez les personnes qui travaillent dans notre organisation que chez celles sur lesquelles notre entreprise peut avoir un impact.<\/p><\/div>\n<\/div>\n\n\n\n<div class=\"wp-block-uagb-container uagb-block-09f82112\">\n<div class=\"wp-block-uagb-image alignleft uagb-block-aa5b4c85 wp-block-uagb-image--layout-default wp-block-uagb-image--effect-static wp-block-uagb-image--align-left\"><figure class=\"wp-block-uagb-image__figure\"><img decoding=\"async\" srcset=\"https:\/\/www.losdi.com\/wp-content\/uploads\/2025\/11\/objetivo-5.png ,https:\/\/www.losdi.com\/wp-content\/uploads\/2025\/11\/objetivo-5.png 780w, https:\/\/www.losdi.com\/wp-content\/uploads\/2025\/11\/objetivo-5.png 360w\" sizes=\"auto, (max-width: 480px) 150px\" src=\"https:\/\/www.losdi.com\/wp-content\/uploads\/2025\/11\/objetivo-5.png\" alt=\"\" class=\"uag-image-1030\" width=\"150\" height=\"143\" title=\"objetivo-5\" loading=\"lazy\" role=\"img\"\/><\/figure><\/div>\n\n\n\n<div class=\"wp-block-uagb-advanced-heading uagb-block-14267100\"><h3 class=\"uagb-heading-text\">Objectif de d\u00e9veloppement durable 13<br\/>Action pour le climat<\/h3><\/div>\n\n\n\n<div class=\"wp-block-uagb-advanced-heading uagb-block-338e31b2\"><p class=\"uagb-heading-text\">Nous contribuons \u00e0 prot\u00e9ger la sant\u00e9 physique et mentale en encourageant des habitudes de vie saines tant chez les personnes qui travaillent dans notre organisation que chez celles sur lesquelles notre entreprise peut avoir un impact.<\/p><\/div>\n<\/div>\n\n\n\n<div class=\"wp-block-uagb-container uag-hide-mob uagb-block-f2a23b70\"><\/div>\n<\/div><\/div>\n\n<div class=\"wp-block-uagb-container uagb-block-7b95c5b3 alignfull uagb-is-root-container\"><div class=\"uagb-container-inner-blocks-wrap\">\n<div class=\"wp-block-uagb-container uagb-block-06b9516d\">\n<div class=\"wp-block-uagb-container uagb-block-624da7ab\">\n<div class=\"wp-block-uagb-advanced-heading uagb-block-76308c09\"><h2 class=\"uagb-heading-text\">Comment nos distributeurs prot\u00e8gent-ils l&rsquo;environnement?<\/h2><\/div>\n<\/div>\n<\/div>\n\n\n\n<div class=\"wp-block-uagb-container uagb-block-981cfba1\">\n<div class=\"wp-block-uagb-container uagb-block-d0d161b6\">\n<div class=\"wp-block-uagb-image uagb-block-7a3a587c wp-block-uagb-image--layout-default wp-block-uagb-image--effect-static wp-block-uagb-image--align-none\"><figure class=\"wp-block-uagb-image__figure\"><img decoding=\"async\" srcset=\"https:\/\/www.losdi.com\/wp-content\/uploads\/2025\/11\/ambiente-1.png ,https:\/\/www.losdi.com\/wp-content\/uploads\/2025\/11\/ambiente-1.png 780w, https:\/\/www.losdi.com\/wp-content\/uploads\/2025\/11\/ambiente-1.png 360w\" sizes=\"auto, (max-width: 480px) 150px\" src=\"https:\/\/www.losdi.com\/wp-content\/uploads\/2025\/11\/ambiente-1.png\" alt=\"\" class=\"uag-image-1031\" width=\"618\" height=\"453\" title=\"ambiente-1\" loading=\"lazy\" role=\"img\"\/><\/figure><\/div>\n<\/div>\n\n\n\n<div class=\"wp-block-uagb-container uagb-block-ab5afe7d\">\n<div class=\"wp-block-uagb-advanced-heading uagb-block-91a19d74\"><h3 class=\"uagb-heading-text\">Emballage recycl\u00e9<\/h3><\/div>\n\n\n\n<div class=\"wp-block-uagb-advanced-heading uagb-block-9d91ceac\"><p class=\"uagb-heading-text\">Les doseurs et distributeurs LOSDI sont prot\u00e9g\u00e9s par un emballage en carton 100 % recycl\u00e9, con\u00e7u pour pr\u00e9server \u00e0 la fois les produits et l&rsquo;environnement.<\/p><\/div>\n<\/div>\n<\/div>\n\n\n\n<div class=\"wp-block-uagb-container uagb-block-f7a3e496\">\n<div class=\"wp-block-uagb-container uagb-block-e347ca28\">\n<div class=\"wp-block-uagb-advanced-heading uagb-block-58b1aa6b\"><h3 class=\"uagb-heading-text\">Emballage plus respectueux<\/h3><\/div>\n\n\n\n<div class=\"wp-block-uagb-advanced-heading uagb-block-7b15aa52\"><p class=\"uagb-heading-text\">Nous avons r\u00e9duit l&rsquo;utilisation de plastique dans le processus d&#8217;emballage des produits, qui est en outre recycl\u00e9 \u00e0 50 %, afin de r\u00e9duire notre impact sur l&rsquo;environnement.<\/p><\/div>\n<\/div>\n\n\n\n<div class=\"wp-block-uagb-container uagb-block-f51fd325\">\n<div class=\"wp-block-uagb-image uagb-block-259401f6 wp-block-uagb-image--layout-default wp-block-uagb-image--effect-static wp-block-uagb-image--align-none\"><figure class=\"wp-block-uagb-image__figure\"><img decoding=\"async\" srcset=\"https:\/\/www.losdi.com\/wp-content\/uploads\/2025\/11\/ambiente-2.png ,https:\/\/www.losdi.com\/wp-content\/uploads\/2025\/11\/ambiente-2.png 780w, https:\/\/www.losdi.com\/wp-content\/uploads\/2025\/11\/ambiente-2.png 360w\" sizes=\"auto, (max-width: 480px) 150px\" src=\"https:\/\/www.losdi.com\/wp-content\/uploads\/2025\/11\/ambiente-2.png\" alt=\"\" class=\"uag-image-1032\" width=\"618\" height=\"453\" title=\"ambiente-2\" loading=\"lazy\" role=\"img\"\/><\/figure><\/div>\n<\/div>\n<\/div>\n\n\n\n<div class=\"wp-block-uagb-container uagb-block-5aaef9fc\">\n<div class=\"wp-block-uagb-container uagb-block-975fd4c1\">\n<div class=\"wp-block-uagb-image uagb-block-5984e33b wp-block-uagb-image--layout-default wp-block-uagb-image--effect-static wp-block-uagb-image--align-none\"><figure class=\"wp-block-uagb-image__figure\"><img decoding=\"async\" srcset=\"https:\/\/www.losdi.com\/wp-content\/uploads\/2025\/11\/ambiente-3.png ,https:\/\/www.losdi.com\/wp-content\/uploads\/2025\/11\/ambiente-3.png 780w, https:\/\/www.losdi.com\/wp-content\/uploads\/2025\/11\/ambiente-3.png 360w\" sizes=\"auto, (max-width: 480px) 150px\" src=\"https:\/\/www.losdi.com\/wp-content\/uploads\/2025\/11\/ambiente-3.png\" alt=\"\" class=\"uag-image-1033\" width=\"618\" height=\"453\" title=\"ambiente-3\" loading=\"lazy\" role=\"img\"\/><\/figure><\/div>\n<\/div>\n\n\n\n<div class=\"wp-block-uagb-container uagb-block-81888465\">\n<div class=\"wp-block-uagb-advanced-heading uagb-block-c35c270e\"><h3 class=\"uagb-heading-text\">Recherche du &lsquo;z\u00e9ro d\u00e9chet&rsquo;<\/h3><\/div>\n\n\n\n<div class=\"wp-block-uagb-advanced-heading uagb-block-e2c4895f\"><p class=\"uagb-heading-text\">Au cours du processus d&rsquo;injection, 10 % de la mati\u00e8re premi\u00e8re est rejet\u00e9e, mais elle n&rsquo;est pas trait\u00e9e comme un d\u00e9chet. Elle est broy\u00e9e et pr\u00e9par\u00e9e pour \u00eatre r\u00e9utilis\u00e9e dans de futurs processus de production sous forme de composants ou de pi\u00e8ces de rechange internes.<\/p><\/div>\n<\/div>\n<\/div>\n\n\n\n<div class=\"wp-block-uagb-container uagb-block-ceed4077\">\n<div class=\"wp-block-uagb-container uagb-block-c2947d32\">\n<div class=\"wp-block-uagb-advanced-heading uagb-block-c45f11b2\"><h3 class=\"uagb-heading-text\">ECO-LUXE respectueux de l&rsquo;environnement<\/h3><\/div>\n\n\n\n<div class=\"wp-block-uagb-advanced-heading uagb-block-318c52f8\"><p class=\"uagb-heading-text\">Notre engagement envers notre plan\u00e8te nous a amen\u00e9s \u00e0 cr\u00e9er une gamme de produits respectueux de l&rsquo;environnement, enti\u00e8rement fabriqu\u00e9s \u00e0 partir de plastique 100 % recycl\u00e9, dans le but de proposer une alternative \u00e9cologique dans le domaine de l&rsquo;hygi\u00e8ne professionnelle.<\/p><\/div>\n<\/div>\n\n\n\n<div class=\"wp-block-uagb-container uagb-block-da0ccc5d\">\n<div class=\"wp-block-uagb-image uagb-block-935ead2a wp-block-uagb-image--layout-default wp-block-uagb-image--effect-static wp-block-uagb-image--align-none\"><figure class=\"wp-block-uagb-image__figure\"><img decoding=\"async\" srcset=\"https:\/\/www.losdi.com\/wp-content\/uploads\/2025\/11\/ambiente-4.png ,https:\/\/www.losdi.com\/wp-content\/uploads\/2025\/11\/ambiente-4.png 780w, https:\/\/www.losdi.com\/wp-content\/uploads\/2025\/11\/ambiente-4.png 360w\" sizes=\"auto, (max-width: 480px) 150px\" src=\"https:\/\/www.losdi.com\/wp-content\/uploads\/2025\/11\/ambiente-4.png\" alt=\"\" class=\"uag-image-1034\" width=\"618\" height=\"453\" title=\"ambiente-4\" loading=\"lazy\" role=\"img\"\/><\/figure><\/div>\n<\/div>\n<\/div>\n<\/div><\/div>\n\n<div class=\"wp-block-uagb-container uagb-block-0ca11967 alignfull uagb-is-root-container\"><div class=\"uagb-container-inner-blocks-wrap\">\n<div class=\"wp-block-uagb-container uagb-block-2e0c19e3\">\n<div class=\"wp-block-uagb-advanced-heading uagb-block-16e1bc8a\"><h3 class=\"uagb-heading-text\">Vous recherchez des solutions d&rsquo;hygi\u00e8ne professionnelles ?<\/h3><\/div>\n\n\n\n<div class=\"wp-block-uagb-advanced-heading uagb-block-b9ddc936\"><p class=\"uagb-heading-text\">D\u00e9couvrez pourquoi des milliers d&rsquo;entreprises \u00e0 travers le monde font confiance \u00e0 LOSDI.<\/p><\/div>\n\n\n\n<div class=\"wp-block-uagb-buttons uagb-buttons__outer-wrap uagb-btn__default-btn uagb-btn-tablet__default-btn uagb-btn-mobile__default-btn uagb-block-f3e5377d\"><div class=\"uagb-buttons__wrap uagb-buttons-layout-wrap \">\n<div class=\"wp-block-uagb-buttons-child uagb-buttons__outer-wrap uagb-block-10c1f4d7 wp-block-button grey-button\"><div class=\"uagb-button__wrapper\"><a class=\"uagb-buttons-repeater wp-block-button__link\" aria-label=\"\" href=\"https:\/\/www.losdi.com\/fr\/contact\/\" rel=\"follow noopener\" target=\"_self\" role=\"button\"><div class=\"uagb-button__link\">Demander conseil<\/div><\/a><\/div><\/div>\n<\/div><\/div>\n<\/div>\n\n\n\n<div class=\"wp-block-uagb-container uagb-block-e55dafee\">\n<div class=\"wp-block-uagb-advanced-heading uagb-block-c3eac99c\"><p class=\"uagb-heading-text\">Abonnez-vous \u00e0 notre newsletter<\/p><\/div>\n\n\n\n<div class=\"wp-block-uagb-advanced-heading uagb-block-5fb8624b\"><p class=\"uagb-heading-text\">Ne manquez pas toutes les nouveaut\u00e9s de LOSDI et du secteur.<\/p><\/div>\n\n\n\n<div class=\"wp-block-uagb-container newsletter-container uagb-block-dbd962b2\">\n<div class=\"wpcf7 no-js\" id=\"wpcf7-f2886-o1\" lang=\"fr-FR\" dir=\"ltr\" data-wpcf7-id=\"2886\">\n<div class=\"screen-reader-response\"><p role=\"status\" aria-live=\"polite\" aria-atomic=\"true\"><\/p> <ul><\/ul><\/div>\n<form action=\"\/fr\/wp-json\/wp\/v2\/pages\/2806#wpcf7-f2886-o1\" method=\"post\" class=\"wpcf7-form init\" aria-label=\"Formulaire de contact\" novalidate=\"novalidate\" data-status=\"init\">\n<fieldset class=\"hidden-fields-container\"><input type=\"hidden\" name=\"_wpcf7\" value=\"2886\" \/><input type=\"hidden\" name=\"_wpcf7_version\" value=\"6.1.5\" \/><input type=\"hidden\" name=\"_wpcf7_locale\" value=\"fr_FR\" \/><input type=\"hidden\" name=\"_wpcf7_unit_tag\" value=\"wpcf7-f2886-o1\" \/><input type=\"hidden\" name=\"_wpcf7_container_post\" value=\"0\" \/><input type=\"hidden\" name=\"_wpcf7_posted_data_hash\" value=\"\" \/>\n<\/fieldset>\n<fieldset>\n\t<div class=\"row\">\n\t\t<p><span class=\"wpcf7-form-control-wrap\" data-name=\"newsletter-mail\"><input size=\"40\" maxlength=\"400\" class=\"wpcf7-form-control wpcf7-email wpcf7-validates-as-required wpcf7-text wpcf7-validates-as-email\" aria-required=\"true\" aria-invalid=\"false\" placeholder=\"Votre adresse e-mail\" value=\"\" type=\"email\" name=\"newsletter-mail\" \/><\/span><input class=\"wpcf7-form-control wpcf7-submit has-spinner\" type=\"submit\" value=\"S&#039;abonner\" \/>\n\t\t<\/p>\n\t<\/div>\n\t<p><span class=\"wpcf7-form-control-wrap\" data-name=\"aceptacion-privacity\"><span class=\"wpcf7-form-control wpcf7-acceptance\"><span class=\"wpcf7-list-item\"><label><input type=\"checkbox\" name=\"aceptacion-privacity\" value=\"1\" aria-invalid=\"false\" \/><span class=\"wpcf7-list-item-label\">J'ai lu et j'accepte la <a href=\"\/fr\/politique-de-confidentialite\/\">politique de confidentialit\u00e9<\/a><\/span><\/label><\/span><\/span><\/span>\n\t<\/p>\n<\/fieldset><div class=\"wpcf7-response-output\" aria-hidden=\"true\"><\/div>\n<\/form>\n<\/div>\n\n<\/div>\n<\/div>\n<\/div><\/div>\n","protected":false},"excerpt":{"rendered":"<p>Durabilit\u00e9 La qualit\u00e9 des produits, notre objectif primordial Syst\u00e8me d&rsquo;innovation durable Losdi La durabilit\u00e9 fait partie int\u00e9grante de notre ADN. Nous fabriquons des produits durables \u00e0 partir de mat\u00e9riaux recyclables et encourageons une consommation responsable dans chaque projet. Notre objectif: r\u00e9duire l&#8217;empreinte \u00e9cologique sans renoncer \u00e0 la fonctionnalit\u00e9 ni au design. Notre engagement en faveur [&hellip;]<\/p>\n","protected":false},"author":1,"featured_media":0,"parent":0,"menu_order":2,"comment_status":"closed","ping_status":"closed","template":"","meta":{"_acf_changed":false,"_uag_custom_page_level_css":"","footnotes":""},"class_list":["post-2806","page","type-page","status-publish","hentry"],"acf":[],"spectra_custom_meta":{"rank_math_internal_links_processed":["1"],"_last_translation_edit_mode":["translation-editor"],"_top_nav_excluded":[""],"_cms_nav_minihome":[""],"_wp_page_template":["default"],"_wpml_word_count":["702"],"rank_math_og_content_image":["a:2:{s:5:\"check\";s:32:\"a0af866ef5d56d72efce9b85f0115f10\";s:6:\"images\";a:6:{i:0;i:1026;i:1;i:1027;i:2;i:1028;i:3;i:1029;i:4;i:1030;i:5;i:1031;}}"],"rank_math_description":["Durabilit\u00e9 chez LOSDI : mat\u00e9riaux, processus et mesures visant \u00e0 r\u00e9duire l'impact et \u00e0 am\u00e9liorer l'efficacit\u00e9 des solutions d'hygi\u00e8ne pour les collectivit\u00e9s aujourd'hui."],"rank_math_focus_keyword":["durabilit\u00e9 LOSDI"],"_uag_css_file_name":["uag-css-2806.css"],"_uag_js_file_name":["uag-js-2806.js"]},"uagb_featured_image_src":{"full":false,"thumbnail":false,"medium":false,"medium_large":false,"large":false,"1536x1536":false,"2048x2048":false,"woocommerce_thumbnail":false,"woocommerce_single":false,"woocommerce_gallery_thumbnail":false,"yith-woocompare-image":false},"uagb_author_info":{"display_name":"redaccion","author_link":"https:\/\/www.losdi.com\/fr\/author\/redaccion\/"},"uagb_comment_info":0,"uagb_excerpt":"Durabilit\u00e9 La qualit\u00e9 des produits, notre objectif primordial Syst\u00e8me d&rsquo;innovation durable Losdi La durabilit\u00e9 fait partie int\u00e9grante de notre ADN. Nous fabriquons des produits durables \u00e0 partir de mat\u00e9riaux recyclables et encourageons une consommation responsable dans chaque projet. Notre objectif: r\u00e9duire l&#8217;empreinte \u00e9cologique sans renoncer \u00e0 la fonctionnalit\u00e9 ni au design. Notre engagement en faveur\u2026","_links":{"self":[{"href":"https:\/\/www.losdi.com\/fr\/wp-json\/wp\/v2\/pages\/2806","targetHints":{"allow":["GET"]}}],"collection":[{"href":"https:\/\/www.losdi.com\/fr\/wp-json\/wp\/v2\/pages"}],"about":[{"href":"https:\/\/www.losdi.com\/fr\/wp-json\/wp\/v2\/types\/page"}],"author":[{"embeddable":true,"href":"https:\/\/www.losdi.com\/fr\/wp-json\/wp\/v2\/users\/1"}],"replies":[{"embeddable":true,"href":"https:\/\/www.losdi.com\/fr\/wp-json\/wp\/v2\/comments?post=2806"}],"version-history":[{"count":4,"href":"https:\/\/www.losdi.com\/fr\/wp-json\/wp\/v2\/pages\/2806\/revisions"}],"predecessor-version":[{"id":5075,"href":"https:\/\/www.losdi.com\/fr\/wp-json\/wp\/v2\/pages\/2806\/revisions\/5075"}],"wp:attachment":[{"href":"https:\/\/www.losdi.com\/fr\/wp-json\/wp\/v2\/media?parent=2806"}],"curies":[{"name":"wp","href":"https:\/\/api.w.org\/{rel}","templated":true}]}}