{"id":3093,"date":"2026-02-11T08:59:22","date_gmt":"2026-02-11T07:59:22","guid":{"rendered":"https:\/\/losdi.acceseo.dev\/producto\/piege-a-insectes-suspendu\/"},"modified":"2026-03-23T12:12:49","modified_gmt":"2026-03-23T11:12:49","slug":"piege-a-insectes-suspendu","status":"publish","type":"product","link":"https:\/\/www.losdi.com\/fr\/produit\/piege-a-insectes-suspendu\/","title":{"rendered":"Pi\u00e8ge \u00e0 insectes suspendu"},"content":{"rendered":"<p>&#8211; Ch\u00e2ssis en ACIER INOXYDABLE.<br \/>\n&#8211; Tue-insectes silencieux de haute qualit\u00e9 et de grande r\u00e9sistance.<br \/>\n&#8211; Pr\u00e9sente une plaque adh\u00e9sive int\u00e9rieure sans produits toxiques.<br \/>\n&#8211; Incorpore 2 tubes ultraviolets pour attirer les insectes. Les \u00e9limine en les immobilisant sur la plaque adh\u00e9sive.<br \/>\n&#8211; Utilisation : Commerciale-Industriale.<br \/>\n&#8211; Application : Zones industrielles de pr\u00e9paration alimentaire et supermarch\u00e9s, restaurants et cuisines.<br \/>\n&#8211; Durabilit\u00e9 de la plaque : 1 mois.<\/p>\n","protected":false},"excerpt":{"rendered":"<p>Short description<\/p>\n","protected":false},"featured_media":3094,"template":"","meta":{"_acf_changed":false,"_uag_custom_page_level_css":""},"product_brand":[],"product_cat":[125],"product_tag":[],"gama":[],"class_list":{"0":"post-3093","1":"product","2":"type-product","3":"status-publish","4":"has-post-thumbnail","6":"product_cat-appareils-tue-insectes-electroniques","8":"first","9":"instock","10":"shipping-taxable","11":"product-type-simple"},"acf":[],"spectra_custom_meta":{"rank_math_internal_links_processed":["1"],"rank_math_primary_product_cat":["42"],"_backorders":["no"],"_download_limit":["-1"],"_download_expiry":["-1"],"_downloadable":["no"],"_manage_stock":["no"],"_sku":["CI-2X15-AD"],"_stock_status":["instock"],"_sold_individually":["no"],"_tax_class":[""],"_tax_status":["taxable"],"_virtual":["no"],"total_sales":["0"],"_regular_price":["10"],"_price":["10"],"_product_image_gallery":["3094"],"_thumbnail_id":["3094"],"_losdi_specs_title":["Informations et dimensions"],"url_ficha_tecnica":["https:\/\/www.losdi.com\/wp-content\/uploads\/2026\/02\/FR-fiche-technique-CI-2x15-AD-2021.pdf"],"url_imagen_producto":["https:\/\/www.losdi.com\/wp-content\/uploads\/2026\/02\/Atrapainsectos-CI2X15AD-hi-scaled.webp"],"_losdi_specs_row_0_label":["Mat\u00e9riau"],"_losdi_specs_row_0_value":["Acier inoxydable"],"_losdi_specs_row_1_label":["Tension"],"_losdi_specs_row_1_value":["220-230 V"],"_losdi_specs_row_2_label":["Fr\u00e9quence"],"_losdi_specs_row_2_value":["50\/60 Hz"],"_losdi_specs_row_3_label":["Zone de couverture"],"_losdi_specs_row_3_value":["100m\u00b2"],"_losdi_specs_row_4_label":["Nombre de tubes"],"_losdi_specs_row_4_value":["2"],"_losdi_specs_row_5_label":["Puissance des tubes"],"_losdi_specs_row_5_value":["15W"],"_losdi_specs_row_6_label":["Protection"],"_losdi_specs_row_6_value":["IPX0"],"_wcml_average_rating":[null],"_wcml_review_count":[null],"_wcml_rating_count":[null],"_wpml_word_count":["89"],"_product_attributes":["a:0:{}"],"_default_attributes":["a:0:{}"],"_uag_css_file_name":["uag-css-3093.css"],"_uag_js_file_name":["uag-js-3093.js"],"_wc_rating_count":[""],"_wc_review_count":[""],"_wc_average_rating":[0]},"uagb_featured_image_src":{"full":["https:\/\/www.losdi.com\/wp-content\/uploads\/2026\/02\/Atrapainsectos-CI2X15AD-hi-scaled.webp",2560,1413,false],"thumbnail":["https:\/\/www.losdi.com\/wp-content\/uploads\/2026\/02\/Atrapainsectos-CI2X15AD-hi-150x150.webp",150,150,true],"medium":["https:\/\/www.losdi.com\/wp-content\/uploads\/2026\/02\/Atrapainsectos-CI2X15AD-hi-300x166.webp",300,166,true],"medium_large":["https:\/\/www.losdi.com\/wp-content\/uploads\/2026\/02\/Atrapainsectos-CI2X15AD-hi-768x424.webp",768,424,true],"large":["https:\/\/www.losdi.com\/wp-content\/uploads\/2026\/02\/Atrapainsectos-CI2X15AD-hi-1024x565.webp",1024,565,true],"1536x1536":["https:\/\/www.losdi.com\/wp-content\/uploads\/2026\/02\/Atrapainsectos-CI2X15AD-hi-1536x848.webp",1536,848,true],"2048x2048":["https:\/\/www.losdi.com\/wp-content\/uploads\/2026\/02\/Atrapainsectos-CI2X15AD-hi-2048x1131.webp",2048,1131,true],"woocommerce_thumbnail":["https:\/\/www.losdi.com\/wp-content\/uploads\/2026\/02\/Atrapainsectos-CI2X15AD-hi-300x300.webp",300,300,true],"woocommerce_single":["https:\/\/www.losdi.com\/wp-content\/uploads\/2026\/02\/Atrapainsectos-CI2X15AD-hi-600x331.webp",600,331,true],"woocommerce_gallery_thumbnail":["https:\/\/www.losdi.com\/wp-content\/uploads\/2026\/02\/Atrapainsectos-CI2X15AD-hi-100x100.webp",100,100,true],"yith-woocompare-image":["https:\/\/www.losdi.com\/wp-content\/uploads\/2026\/02\/Atrapainsectos-CI2X15AD-hi-220x154.webp",220,154,true]},"uagb_author_info":{"display_name":"redaccion","author_link":"https:\/\/www.losdi.com\/fr\/author\/"},"uagb_comment_info":0,"uagb_excerpt":"Short description","_links":{"self":[{"href":"https:\/\/www.losdi.com\/fr\/wp-json\/wp\/v2\/product\/3093","targetHints":{"allow":["GET"]}}],"collection":[{"href":"https:\/\/www.losdi.com\/fr\/wp-json\/wp\/v2\/product"}],"about":[{"href":"https:\/\/www.losdi.com\/fr\/wp-json\/wp\/v2\/types\/product"}],"wp:featuredmedia":[{"embeddable":true,"href":"https:\/\/www.losdi.com\/fr\/wp-json\/wp\/v2\/media\/3094"}],"wp:attachment":[{"href":"https:\/\/www.losdi.com\/fr\/wp-json\/wp\/v2\/media?parent=3093"}],"wp:term":[{"taxonomy":"product_brand","embeddable":true,"href":"https:\/\/www.losdi.com\/fr\/wp-json\/wp\/v2\/product_brand?post=3093"},{"taxonomy":"product_cat","embeddable":true,"href":"https:\/\/www.losdi.com\/fr\/wp-json\/wp\/v2\/product_cat?post=3093"},{"taxonomy":"product_tag","embeddable":true,"href":"https:\/\/www.losdi.com\/fr\/wp-json\/wp\/v2\/product_tag?post=3093"},{"taxonomy":"gama","embeddable":true,"href":"https:\/\/www.losdi.com\/fr\/wp-json\/wp\/v2\/gama?post=3093"}],"curies":[{"name":"wp","href":"https:\/\/api.w.org\/{rel}","templated":true}]}}