{"id":3107,"date":"2025-12-29T11:56:40","date_gmt":"2025-12-29T10:56:40","guid":{"rendered":"https:\/\/losdi.acceseo.dev\/producto\/seche-mains-abs-blanc\/"},"modified":"2026-04-02T09:43:51","modified_gmt":"2026-04-02T07:43:51","slug":"seche-mains-abs-blanc","status":"publish","type":"product","link":"https:\/\/www.losdi.com\/fr\/produit\/seche-mains-abs-blanc\/","title":{"rendered":"S\u00e8che-mains ABS blanc"},"content":{"rendered":"<p>&#8211; Ce mod\u00e8le de la gamme Elegance de s\u00e8che-mains pr\u00e9sente un design compact, robuste et anti-vandalisme.<\/p>\n<p>&#8211; Convient aux toilettes \u00e0 forte fr\u00e9quentation.<\/p>\n<p>&#8211; Puissance et d\u00e9bit d&rsquo;air maximaux.<\/p>\n<p>&#8211; Fonctionne gr\u00e2ce \u00e0 l&rsquo;activation d&rsquo;un capteur de proximit\u00e9.<\/p>\n<p>&#8211; Homologations : CE et SGS.<\/p>\n","protected":false},"excerpt":{"rendered":"<p>Br\u00e8ve description du produit<\/p>\n","protected":false},"featured_media":3108,"template":"","meta":{"_acf_changed":false,"_uag_custom_page_level_css":""},"product_brand":[],"product_cat":[127],"product_tag":[],"gama":[147],"class_list":{"0":"post-3107","1":"product","2":"type-product","3":"status-publish","4":"has-post-thumbnail","6":"product_cat-seche-mains","7":"gama-elegance","9":"first","10":"instock","11":"shipping-taxable","12":"product-type-variable"},"acf":[],"spectra_custom_meta":{"rank_math_internal_links_processed":["1"],"rank_math_primary_product_cat":["39"],"_backorders":["no"],"_download_limit":["-1"],"_download_expiry":["-1"],"_downloadable":["no"],"_manage_stock":["no"],"_sku":["CS-200X"],"_stock_status":["instock"],"_sold_individually":["no"],"_tax_class":[""],"_tax_status":["taxable"],"_virtual":["no"],"total_sales":["0"],"_price":["10"],"_product_image_gallery":[""],"_thumbnail_id":["3108"],"_losdi_specs_title":["Informations et mesures"],"_losdi_specs_row_0_label":["Mat\u00e9riel"],"_losdi_specs_row_0_value":["ABS"],"_losdi_specs_row_1_label":["Puissance"],"_losdi_specs_row_1_value":["1600 W"],"_losdi_specs_row_2_label":["Tension"],"_losdi_specs_row_2_value":["220 V"],"_losdi_specs_row_3_label":["Fr\u00e9quence"],"_losdi_specs_row_3_value":["50\/60 Hz"],"_losdi_specs_row_4_label":["Degr\u00e9 de protection"],"_losdi_specs_row_4_value":["IPX 1"],"_losdi_specs_row_5_label":["Niveau sonore (\u00e0 2 m\u00e8tres)"],"_losdi_specs_row_5_value":["62.3 db"],"_losdi_specs_row_6_label":["Temp\u00e9rature de l'air (Ta=21 oC)"],"_losdi_specs_row_6_value":["55 \u00baC"],"_losdi_specs_row_7_label":["D\u00e9bit d'air"],"_losdi_specs_row_7_value":["276 m\/h"],"_losdi_specs_row_8_label":["Vitesse"],"_losdi_specs_row_8_value":["75 km\/h"],"_losdi_specs_row_9_label":["Isolation \u00e9lectrique"],"_losdi_specs_row_9_value":["Classe II"],"_losdi_specs_row_10_label":["Interrupteur"],"_losdi_specs_row_10_value":["Au moyen d'un capteur. Actionn\u00e9 par proximit\u00e9."],"url_ficha_tecnica":["https:\/\/www.losdi.com\/wp-content\/uploads\/2026\/02\/CS200X-FT-seche-mains.pdf"],"url_folleto_gama":["https:\/\/www.losdi.com\/wp-content\/uploads\/2026\/02\/Elegance-folleto.pdf"],"url_imagen_producto":["https:\/\/www.losdi.com\/wp-content\/uploads\/2025\/12\/CS200X-BL-mid.png"],"_wcml_average_rating":[null],"_wcml_review_count":[null],"_wcml_rating_count":[null],"attr_label_translations":["a:1:{s:2:\"fr\";a:1:{s:5:\"color\";s:7:\"Couleur\";}}"],"_product_attributes":["a:1:{s:8:\"pa_color\";a:6:{s:4:\"name\";s:8:\"pa_color\";s:5:\"value\";s:0:\"\";s:8:\"position\";i:1;s:10:\"is_visible\";i:1;s:12:\"is_variation\";i:1;s:11:\"is_taxonomy\";i:1;}}"],"_wpml_word_count":["58"],"_losdi_specs_rows":["a:11:{i:0;a:2:{s:5:\"label\";s:8:\"Material\";s:5:\"value\";s:3:\"ABS\";}i:1;a:2:{s:5:\"label\";s:8:\"Potencia\";s:5:\"value\";s:6:\"1600 W\";}i:2;a:2:{s:5:\"label\";s:7:\"Voltaje\";s:5:\"value\";s:5:\"220 V\";}i:3;a:2:{s:5:\"label\";s:10:\"Frecuencia\";s:5:\"value\";s:8:\"50\/60 Hz\";}i:4;a:2:{s:5:\"label\";s:20:\"Grado de protecci\u00f3n\";s:5:\"value\";s:5:\"IPX 1\";}i:5;a:2:{s:5:\"label\";s:25:\"Nivel sonoro (a 2 metros)\";s:5:\"value\";s:7:\"62.3 db\";}i:6;a:2:{s:5:\"label\";s:27:\"Temperatura aire (Ta=21 oC)\";s:5:\"value\";s:6:\"55 \u00baC\";}i:7;a:2:{s:5:\"label\";s:14:\"Caudal de aire\";s:5:\"value\";s:7:\"276 m\/h\";}i:8;a:2:{s:5:\"label\";s:9:\"Velocidad\";s:5:\"value\";s:7:\"75 km\/h\";}i:9;a:2:{s:5:\"label\";s:22:\"Aislamiento El\u00e9ctrico\";s:5:\"value\";s:8:\"Clase II\";}i:10;a:2:{s:5:\"label\";s:11:\"Interruptor\";s:5:\"value\";s:41:\"Mediante sensor. Accionado por proximidad\";}}"],"_default_attributes":["a:0:{}"],"_uag_css_file_name":["uag-css-3107.css"],"_uag_js_file_name":["uag-js-3107.js"],"_wc_rating_count":[""],"_wc_review_count":[""],"_wc_average_rating":[0]},"uagb_featured_image_src":{"full":["https:\/\/www.losdi.com\/wp-content\/uploads\/2025\/12\/CS200X-BL-mid.png",1728,1728,false],"thumbnail":["https:\/\/www.losdi.com\/wp-content\/uploads\/2025\/12\/CS200X-BL-mid-150x150.png",150,150,true],"medium":["https:\/\/www.losdi.com\/wp-content\/uploads\/2025\/12\/CS200X-BL-mid-300x300.png",300,300,true],"medium_large":["https:\/\/www.losdi.com\/wp-content\/uploads\/2025\/12\/CS200X-BL-mid-768x768.png",768,768,true],"large":["https:\/\/www.losdi.com\/wp-content\/uploads\/2025\/12\/CS200X-BL-mid-1024x1024.png",1024,1024,true],"1536x1536":["https:\/\/www.losdi.com\/wp-content\/uploads\/2025\/12\/CS200X-BL-mid-1536x1536.png",1536,1536,true],"2048x2048":["https:\/\/www.losdi.com\/wp-content\/uploads\/2025\/12\/CS200X-BL-mid.png",1728,1728,false],"woocommerce_thumbnail":["https:\/\/www.losdi.com\/wp-content\/uploads\/2025\/12\/CS200X-BL-mid-300x300.png",300,300,true],"woocommerce_single":["https:\/\/www.losdi.com\/wp-content\/uploads\/2025\/12\/CS200X-BL-mid-600x600.png",600,600,true],"woocommerce_gallery_thumbnail":["https:\/\/www.losdi.com\/wp-content\/uploads\/2025\/12\/CS200X-BL-mid-100x100.png",100,100,true],"yith-woocompare-image":["https:\/\/www.losdi.com\/wp-content\/uploads\/2025\/12\/CS200X-BL-mid.png",154,154,false]},"uagb_author_info":{"display_name":"redaccion","author_link":"https:\/\/www.losdi.com\/fr\/author\/"},"uagb_comment_info":0,"uagb_excerpt":"Br\u00e8ve description du produit","_links":{"self":[{"href":"https:\/\/www.losdi.com\/fr\/wp-json\/wp\/v2\/product\/3107","targetHints":{"allow":["GET"]}}],"collection":[{"href":"https:\/\/www.losdi.com\/fr\/wp-json\/wp\/v2\/product"}],"about":[{"href":"https:\/\/www.losdi.com\/fr\/wp-json\/wp\/v2\/types\/product"}],"wp:featuredmedia":[{"embeddable":true,"href":"https:\/\/www.losdi.com\/fr\/wp-json\/wp\/v2\/media\/3108"}],"wp:attachment":[{"href":"https:\/\/www.losdi.com\/fr\/wp-json\/wp\/v2\/media?parent=3107"}],"wp:term":[{"taxonomy":"product_brand","embeddable":true,"href":"https:\/\/www.losdi.com\/fr\/wp-json\/wp\/v2\/product_brand?post=3107"},{"taxonomy":"product_cat","embeddable":true,"href":"https:\/\/www.losdi.com\/fr\/wp-json\/wp\/v2\/product_cat?post=3107"},{"taxonomy":"product_tag","embeddable":true,"href":"https:\/\/www.losdi.com\/fr\/wp-json\/wp\/v2\/product_tag?post=3107"},{"taxonomy":"gama","embeddable":true,"href":"https:\/\/www.losdi.com\/fr\/wp-json\/wp\/v2\/gama?post=3107"}],"curies":[{"name":"wp","href":"https:\/\/api.w.org\/{rel}","templated":true}]}}