{"id":3162,"date":"2026-01-02T11:50:37","date_gmt":"2026-01-02T10:50:37","guid":{"rendered":"https:\/\/losdi.acceseo.dev\/producto\/barre-dappui-avec-angle-pour-baignoire\/"},"modified":"2026-01-02T11:50:37","modified_gmt":"2026-01-02T10:50:37","slug":"barre-dappui-avec-angle-pour-baignoire","status":"publish","type":"product","link":"https:\/\/www.losdi.com\/fr\/produit\/barre-dappui-avec-angle-pour-baignoire\/","title":{"rendered":"Barre d&rsquo;appui avec angle pour baignoire"},"content":{"rendered":"<p>&#8211; Poign\u00e9e de barre d&rsquo;angle, fabriqu\u00e9e en acier inox AISI 304.<br \/>\n&#8211; Placement en position murale, verticale ou horizontale.<br \/>\n&#8211; J&rsquo;utilise les h\u00f4tels, les centres sportifs, la sant\u00e9, etc.<br \/>\n&#8211; Durabilit\u00e9 maximale et r\u00e9sistance \u00e0 l&rsquo;oxydation.<\/p>\n","protected":false},"excerpt":{"rendered":"<p>&#8211; Poign\u00e9e de barre d&rsquo;angle, fabriqu\u00e9e en acier inox AISI 304. &#8211; Placement en position murale, verticale ou horizontale. &#8211; J&rsquo;utilise les h\u00f4tels, les centres sportifs, la sant\u00e9, etc. &#8211; Durabilit\u00e9 maximale et r\u00e9sistance \u00e0 l&rsquo;oxydation.<\/p>\n","protected":false},"featured_media":0,"template":"","meta":{"_acf_changed":false,"_uag_custom_page_level_css":""},"product_brand":[],"product_cat":[131],"product_tag":[],"gama":[],"class_list":{"0":"post-3162","1":"product","2":"type-product","3":"status-publish","5":"product_cat-accessoires","7":"first","8":"instock","9":"shipping-taxable","10":"product-type-simple"},"acf":[],"spectra_custom_meta":{"rank_math_internal_links_processed":["1"],"rank_math_primary_product_cat":["43"],"_backorders":["no"],"_download_limit":["-1"],"_download_expiry":["-1"],"_downloadable":["no"],"_manage_stock":["no"],"_sku":["MB-0603-I"],"_stock_status":["instock"],"_sold_individually":["no"],"_tax_class":[""],"_tax_status":["taxable"],"_virtual":["no"],"total_sales":["0"],"_regular_price":["10"],"_price":["10"],"_losdi_specs_title":["Informations et dimensions"],"_losdi_specs_row_0_label":["Mat\u00e9riau"],"_losdi_specs_row_0_value":["ACIER INOXYDABLE 304"],"_losdi_specs_row_1_label":["Barre"],"_losdi_specs_row_1_value":["25 mm"],"url_ficha_tecnica":["https:\/\/www.losdi.com\/wp-content\/uploads\/2026\/02\/fiche-technique-barre-de-appui-angle-mb-0603.pdf"],"_wcml_average_rating":[null],"_wcml_review_count":[null],"_wcml_rating_count":[null],"_product_attributes":["a:0:{}"],"_default_attributes":["a:0:{}"],"_product_image_gallery":[""],"_wpml_word_count":["47"],"_uag_css_file_name":["uag-css-3162.css"],"_uag_js_file_name":["uag-js-3162.js"],"_wc_rating_count":[""],"_wc_review_count":[""],"_wc_average_rating":[0],"_thumbnail_id":[""]},"uagb_featured_image_src":{"full":false,"thumbnail":false,"medium":false,"medium_large":false,"large":false,"1536x1536":false,"2048x2048":false,"woocommerce_thumbnail":false,"woocommerce_single":false,"woocommerce_gallery_thumbnail":false,"yith-woocompare-image":false},"uagb_author_info":{"display_name":"redaccion","author_link":"https:\/\/www.losdi.com\/fr\/author\/"},"uagb_comment_info":0,"uagb_excerpt":"&#8211; Poign\u00e9e de barre d&rsquo;angle, fabriqu\u00e9e en acier inox AISI 304. &#8211; Placement en position murale, verticale ou horizontale. &#8211; J&rsquo;utilise les h\u00f4tels, les centres sportifs, la sant\u00e9, etc. &#8211; Durabilit\u00e9 maximale et r\u00e9sistance \u00e0 l&rsquo;oxydation.","_links":{"self":[{"href":"https:\/\/www.losdi.com\/fr\/wp-json\/wp\/v2\/product\/3162","targetHints":{"allow":["GET"]}}],"collection":[{"href":"https:\/\/www.losdi.com\/fr\/wp-json\/wp\/v2\/product"}],"about":[{"href":"https:\/\/www.losdi.com\/fr\/wp-json\/wp\/v2\/types\/product"}],"wp:attachment":[{"href":"https:\/\/www.losdi.com\/fr\/wp-json\/wp\/v2\/media?parent=3162"}],"wp:term":[{"taxonomy":"product_brand","embeddable":true,"href":"https:\/\/www.losdi.com\/fr\/wp-json\/wp\/v2\/product_brand?post=3162"},{"taxonomy":"product_cat","embeddable":true,"href":"https:\/\/www.losdi.com\/fr\/wp-json\/wp\/v2\/product_cat?post=3162"},{"taxonomy":"product_tag","embeddable":true,"href":"https:\/\/www.losdi.com\/fr\/wp-json\/wp\/v2\/product_tag?post=3162"},{"taxonomy":"gama","embeddable":true,"href":"https:\/\/www.losdi.com\/fr\/wp-json\/wp\/v2\/gama?post=3162"}],"curies":[{"name":"wp","href":"https:\/\/api.w.org\/{rel}","templated":true}]}}