{"id":3169,"date":"2025-12-29T11:33:51","date_gmt":"2025-12-29T10:33:51","guid":{"rendered":"https:\/\/losdi.acceseo.dev\/producto\/support-mural-pour-bobines\/"},"modified":"2026-04-02T09:41:18","modified_gmt":"2026-04-02T07:41:18","slug":"support-mural-pour-bobines","status":"publish","type":"product","link":"https:\/\/www.losdi.com\/fr\/produit\/support-mural-pour-bobines\/","title":{"rendered":"Support mural pour bobines"},"content":{"rendered":"<p>&#8211; Fabriqu\u00e9 en TUBE GALVANIS\u00c9 ET LAQU\u00c9 \u00c9POXY, ce qui en fait un distributeur de bobines compact et robuste.<\/p>\n<p>&#8211; UTILISATION : ce distributeur de bobines industriel est g\u00e9n\u00e9ralement fix\u00e9 au mur.<\/p>\n<p>&#8211; Il pr\u00e9sente une grande r\u00e9sistance \u00e0 l&rsquo;humidit\u00e9.<\/p>\n","protected":false},"excerpt":{"rendered":"<p>Br\u00e8ve description du produit<\/p>\n","protected":false},"featured_media":3170,"template":"","meta":{"_acf_changed":false,"_uag_custom_page_level_css":""},"product_brand":[],"product_cat":[129],"product_tag":[],"gama":[],"class_list":{"0":"post-3169","1":"product","2":"type-product","3":"status-publish","4":"has-post-thumbnail","6":"product_cat-distributeurs-de-bobines-industrielles","8":"first","9":"instock","10":"shipping-taxable","11":"product-type-variable","12":"has-default-attributes"},"acf":[],"spectra_custom_meta":{"rank_math_internal_links_processed":["1"],"rank_math_primary_product_cat":["38"],"_backorders":["no"],"_download_limit":["-1"],"_download_expiry":["-1"],"_downloadable":["no"],"_manage_stock":["no"],"_sku":["CP-0523-R"],"_stock_status":["instock"],"_sold_individually":["no"],"_tax_class":[""],"_tax_status":["taxable"],"_virtual":["no"],"total_sales":["0"],"_price":["10"],"_product_image_gallery":[""],"_thumbnail_id":["3170"],"_losdi_specs_title":["Informations et mesures"],"_losdi_specs_row_0_label":["Mat\u00e9riel : SCIE \u00c0 COUPER"],"_losdi_specs_row_0_value":["ABS"],"_losdi_specs_row_1_label":["Mat\u00e9riau : TUBE"],"_losdi_specs_row_1_value":["TUBE GALVANIS\u00c9"],"_losdi_specs_row_2_label":["Mat\u00e9riau : REV\u00caTEMENT"],"_losdi_specs_row_2_value":["LAQUE \u00c9POXY VERTE"],"_losdi_specs_row_3_label":["Dimensions TUBE"],"_losdi_specs_row_3_value":["20 mm"],"_losdi_specs_row_4_label":["Diam\u00e8tre ext\u00e9rieur de la bobine"],"_losdi_specs_row_4_value":["420 mm"],"_losdi_specs_row_5_label":["Largeur max. BOBINE"],"_losdi_specs_row_5_value":["325 mm"],"_losdi_specs_row_6_label":["Poids \u00e0 vide (net)"],"_losdi_specs_row_6_value":["1,4 kg"],"_losdi_specs_row_7_label":["R\u00e9sistance \u00e0 l'humidit\u00e9"],"_losdi_specs_row_7_value":["Haute"],"url_ficha_tecnica":["https:\/\/www.losdi.com\/wp-content\/uploads\/2026\/02\/fiche-technique-distributeur-de-bobines-industeilles-cp-0523-r.pdf"],"url_imagen_producto":["https:\/\/www.losdi.com\/wp-content\/uploads\/2025\/12\/dispensador-bobina-industrial-CP0523R-blanco.jpg"],"_wcml_average_rating":[null],"_wcml_review_count":[null],"_wcml_rating_count":[null],"attr_label_translations":["a:1:{s:2:\"fr\";a:1:{s:5:\"color\";s:7:\"Couleur\";}}"],"_product_attributes":["a:1:{s:8:\"pa_color\";a:6:{s:4:\"name\";s:8:\"pa_color\";s:5:\"value\";s:0:\"\";s:8:\"position\";i:1;s:10:\"is_visible\";i:1;s:12:\"is_variation\";i:1;s:11:\"is_taxonomy\";i:1;}}"],"_wpml_word_count":["52"],"_default_attributes":["a:1:{s:8:\"pa_color\";s:4:\"vert\";}"],"_losdi_specs_rows":["a:8:{i:0;a:2:{s:5:\"label\";s:22:\"Material: SIERRA CORTE\";s:5:\"value\";s:3:\"ABS\";}i:1;a:2:{s:5:\"label\";s:14:\"Material: TUBO\";s:5:\"value\";s:16:\"TUBO GALVANIZADO\";}i:2;a:2:{s:5:\"label\";s:23:\"Material: RECUBRIMIENTO\";s:5:\"value\";s:18:\"LACADO EPOXY VERDE\";}i:3;a:2:{s:5:\"label\";s:16:\"Dimensiones TUBO\";s:5:\"value\";s:5:\"20 mm\";}i:4;a:2:{s:5:\"label\";s:25:\"Di\u00e1metro Exterior BOBINA\";s:5:\"value\";s:6:\"420 mm\";}i:5;a:2:{s:5:\"label\";s:18:\"Ancho m\u00e1x. BOBINA\";s:5:\"value\";s:6:\"325 mm\";}i:6;a:2:{s:5:\"label\";s:18:\"Peso vac\u00edo (neto)\";s:5:\"value\";s:6:\"1,4 kg\";}i:7;a:2:{s:5:\"label\";s:19:\"Resistencia humedad\";s:5:\"value\";s:4:\"Alta\";}}"],"_uag_css_file_name":["uag-css-3169.css"],"_uag_js_file_name":["uag-js-3169.js"],"_wc_rating_count":[""],"_wc_review_count":[""],"_wc_average_rating":[0]},"uagb_featured_image_src":{"full":["https:\/\/www.losdi.com\/wp-content\/uploads\/2025\/12\/dispensador-bobina-industrial-CP0523R-blanco.jpg",817,711,false],"thumbnail":["https:\/\/www.losdi.com\/wp-content\/uploads\/2025\/12\/dispensador-bobina-industrial-CP0523R-blanco-150x150.jpg",150,150,true],"medium":["https:\/\/www.losdi.com\/wp-content\/uploads\/2025\/12\/dispensador-bobina-industrial-CP0523R-blanco-300x261.jpg",300,261,true],"medium_large":["https:\/\/www.losdi.com\/wp-content\/uploads\/2025\/12\/dispensador-bobina-industrial-CP0523R-blanco-768x668.jpg",768,668,true],"large":["https:\/\/www.losdi.com\/wp-content\/uploads\/2025\/12\/dispensador-bobina-industrial-CP0523R-blanco.jpg",817,711,false],"1536x1536":["https:\/\/www.losdi.com\/wp-content\/uploads\/2025\/12\/dispensador-bobina-industrial-CP0523R-blanco.jpg",817,711,false],"2048x2048":["https:\/\/www.losdi.com\/wp-content\/uploads\/2025\/12\/dispensador-bobina-industrial-CP0523R-blanco.jpg",817,711,false],"woocommerce_thumbnail":["https:\/\/www.losdi.com\/wp-content\/uploads\/2025\/12\/dispensador-bobina-industrial-CP0523R-blanco-300x300.jpg",300,300,true],"woocommerce_single":["https:\/\/www.losdi.com\/wp-content\/uploads\/2025\/12\/dispensador-bobina-industrial-CP0523R-blanco-600x522.jpg",600,522,true],"woocommerce_gallery_thumbnail":["https:\/\/www.losdi.com\/wp-content\/uploads\/2025\/12\/dispensador-bobina-industrial-CP0523R-blanco-100x100.jpg",100,100,true],"yith-woocompare-image":["https:\/\/www.losdi.com\/wp-content\/uploads\/2025\/12\/dispensador-bobina-industrial-CP0523R-blanco.jpg",177,154,false]},"uagb_author_info":{"display_name":"redaccion","author_link":"https:\/\/www.losdi.com\/fr\/author\/"},"uagb_comment_info":0,"uagb_excerpt":"Br\u00e8ve description du produit","_links":{"self":[{"href":"https:\/\/www.losdi.com\/fr\/wp-json\/wp\/v2\/product\/3169","targetHints":{"allow":["GET"]}}],"collection":[{"href":"https:\/\/www.losdi.com\/fr\/wp-json\/wp\/v2\/product"}],"about":[{"href":"https:\/\/www.losdi.com\/fr\/wp-json\/wp\/v2\/types\/product"}],"wp:featuredmedia":[{"embeddable":true,"href":"https:\/\/www.losdi.com\/fr\/wp-json\/wp\/v2\/media\/3170"}],"wp:attachment":[{"href":"https:\/\/www.losdi.com\/fr\/wp-json\/wp\/v2\/media?parent=3169"}],"wp:term":[{"taxonomy":"product_brand","embeddable":true,"href":"https:\/\/www.losdi.com\/fr\/wp-json\/wp\/v2\/product_brand?post=3169"},{"taxonomy":"product_cat","embeddable":true,"href":"https:\/\/www.losdi.com\/fr\/wp-json\/wp\/v2\/product_cat?post=3169"},{"taxonomy":"product_tag","embeddable":true,"href":"https:\/\/www.losdi.com\/fr\/wp-json\/wp\/v2\/product_tag?post=3169"},{"taxonomy":"gama","embeddable":true,"href":"https:\/\/www.losdi.com\/fr\/wp-json\/wp\/v2\/gama?post=3169"}],"curies":[{"name":"wp","href":"https:\/\/api.w.org\/{rel}","templated":true}]}}