{"id":3191,"date":"2026-01-02T11:44:34","date_gmt":"2026-01-02T10:44:34","guid":{"rendered":"https:\/\/losdi.acceseo.dev\/producto\/table-change-les-couches\/"},"modified":"2026-04-07T09:09:20","modified_gmt":"2026-04-07T07:09:20","slug":"table-change-les-couches","status":"publish","type":"product","link":"https:\/\/www.losdi.com\/fr\/produit\/table-change-les-couches\/","title":{"rendered":"Table change les couches"},"content":{"rendered":"<p>&#8211; Table \u00e0 langer en poly\u00e9thyl\u00e8ne haute densit\u00e9 HDPE. Mod\u00e8le adapt\u00e9 aux installations \u00e0 fort trafic, \u00e0 haute r\u00e9sistance et durabilit\u00e9.<br \/>\n&#8211; Position du mur, position horizontale.<br \/>\n&#8211; Con\u00e7u pour une utilisation dans les espaces publics tels que les centres commerciaux, les a\u00e9roports, les b\u00e2timents publics, les cr\u00e8ches, etc.<br \/>\n&#8211; Entretien: Nettoyez au moins une fois par semaine avec des produits sp\u00e9cifiques pour les surfaces en plastique, de pr\u00e9f\u00e9rence des solutions aqueuses de savon.<br \/>\n&#8211; Fonctionnement: L&rsquo;utilisateur doit abaisser le changeur horizontalement et le fixer dans cette position pour positionner le b\u00e9b\u00e9. L&rsquo;utilisation de la ceinture de s\u00e9curit\u00e9 est recommand\u00e9e par mesure de pr\u00e9caution.<\/p>\n","protected":false},"excerpt":{"rendered":"<p>&#8211; Table \u00e0 langer en poly\u00e9thyl\u00e8ne haute densit\u00e9 HDPE. Mod\u00e8le adapt\u00e9 aux installations \u00e0 fort trafic, \u00e0 haute r\u00e9sistance et durabilit\u00e9. &#8211; Position du mur, position horizontale. &#8211; Con\u00e7u pour une utilisation dans les espaces publics tels que les centres commerciaux, les a\u00e9roports, les b\u00e2timents publics, les cr\u00e8ches, etc. &#8211; Entretien: Nettoyez au moins une [&hellip;]<\/p>\n","protected":false},"featured_media":4966,"template":"","meta":{"_acf_changed":false,"_uag_custom_page_level_css":""},"product_brand":[],"product_cat":[131],"product_tag":[],"gama":[],"class_list":{"0":"post-3191","1":"product","2":"type-product","3":"status-publish","4":"has-post-thumbnail","6":"product_cat-accessoires","8":"first","9":"instock","10":"shipping-taxable","11":"product-type-simple"},"acf":[],"spectra_custom_meta":{"rank_math_internal_links_processed":["1"],"rank_math_primary_product_cat":["43"],"_backorders":["no"],"_download_limit":["-1"],"_download_expiry":["-1"],"_downloadable":["no"],"_manage_stock":["no"],"_stock_status":["instock"],"_sold_individually":["no"],"_tax_class":[""],"_tax_status":["taxable"],"_virtual":["no"],"total_sales":["0"],"_regular_price":["10"],"_price":["10"],"_losdi_specs_title":["Informations et dimensions"],"_losdi_specs_row_0_label":["Mat\u00e9riau"],"_losdi_specs_row_0_value":["PEHD Polyethylene"],"_losdi_specs_row_1_label":["Couvercle d'\u00e9paisseur"],"_losdi_specs_row_1_value":["6 mm"],"_losdi_specs_row_2_label":["Epaisseur de renfort"],"_losdi_specs_row_2_value":["4 mm"],"_losdi_specs_row_3_label":["Terminer"],"_losdi_specs_row_3_value":["Robuste"],"url_ficha_tecnica":["https:\/\/www.losdi.com\/wp-content\/uploads\/2026\/02\/fiche-technique-table-change-les-couches-pehd-polyethylene-mp100.pdf"],"_wcml_average_rating":[null],"_wcml_review_count":[null],"_wcml_rating_count":[null],"_product_image_gallery":["4966"],"_wpml_word_count":["127"],"_sku":["MP-100"],"_thumbnail_id":["4966"],"_losdi_specs_rows":["a:4:{i:0;a:2:{s:5:\"label\";s:8:\"Material\";s:5:\"value\";s:16:\"Polietileno HDPE\";}i:1;a:2:{s:5:\"label\";s:18:\"Espesor de la tapa\";s:5:\"value\";s:4:\"6 mm\";}i:2;a:2:{s:5:\"label\";s:19:\"Espesor de refuerzo\";s:5:\"value\";s:4:\"4 mm\";}i:3;a:2:{s:5:\"label\";s:7:\"Acabado\";s:5:\"value\";s:6:\"Rugoso\";}}"],"url_imagen_producto":["\/wp-content\/uploads\/2026\/01\/MP-100.png"],"_product_attributes":["a:0:{}"],"_default_attributes":["a:0:{}"],"_uag_css_file_name":["uag-css-3191.css"],"_uag_js_file_name":["uag-js-3191.js"],"_wc_rating_count":[""],"_wc_review_count":[""],"_wc_average_rating":[0]},"uagb_featured_image_src":{"full":["https:\/\/www.losdi.com\/wp-content\/uploads\/2026\/01\/MP-100.png",934,619,false],"thumbnail":["https:\/\/www.losdi.com\/wp-content\/uploads\/2026\/01\/MP-100-150x150.png",150,150,true],"medium":["https:\/\/www.losdi.com\/wp-content\/uploads\/2026\/01\/MP-100-300x199.png",300,199,true],"medium_large":["https:\/\/www.losdi.com\/wp-content\/uploads\/2026\/01\/MP-100-768x509.png",768,509,true],"large":["https:\/\/www.losdi.com\/wp-content\/uploads\/2026\/01\/MP-100.png",934,619,false],"1536x1536":["https:\/\/www.losdi.com\/wp-content\/uploads\/2026\/01\/MP-100.png",934,619,false],"2048x2048":["https:\/\/www.losdi.com\/wp-content\/uploads\/2026\/01\/MP-100.png",934,619,false],"woocommerce_thumbnail":["https:\/\/www.losdi.com\/wp-content\/uploads\/2026\/01\/MP-100-300x300.png",300,300,true],"woocommerce_single":["https:\/\/www.losdi.com\/wp-content\/uploads\/2026\/01\/MP-100-600x398.png",600,398,true],"woocommerce_gallery_thumbnail":["https:\/\/www.losdi.com\/wp-content\/uploads\/2026\/01\/MP-100-100x100.png",100,100,true],"yith-woocompare-image":["https:\/\/www.losdi.com\/wp-content\/uploads\/2026\/01\/MP-100-220x154.png",220,154,true]},"uagb_author_info":{"display_name":"redaccion","author_link":"https:\/\/www.losdi.com\/fr\/author\/"},"uagb_comment_info":0,"uagb_excerpt":"&#8211; Table \u00e0 langer en poly\u00e9thyl\u00e8ne haute densit\u00e9 HDPE. Mod\u00e8le adapt\u00e9 aux installations \u00e0 fort trafic, \u00e0 haute r\u00e9sistance et durabilit\u00e9. &#8211; Position du mur, position horizontale. &#8211; Con\u00e7u pour une utilisation dans les espaces publics tels que les centres commerciaux, les a\u00e9roports, les b\u00e2timents publics, les cr\u00e8ches, etc. &#8211; Entretien: Nettoyez au moins une\u2026","_links":{"self":[{"href":"https:\/\/www.losdi.com\/fr\/wp-json\/wp\/v2\/product\/3191","targetHints":{"allow":["GET"]}}],"collection":[{"href":"https:\/\/www.losdi.com\/fr\/wp-json\/wp\/v2\/product"}],"about":[{"href":"https:\/\/www.losdi.com\/fr\/wp-json\/wp\/v2\/types\/product"}],"wp:featuredmedia":[{"embeddable":true,"href":"https:\/\/www.losdi.com\/fr\/wp-json\/wp\/v2\/media\/4966"}],"wp:attachment":[{"href":"https:\/\/www.losdi.com\/fr\/wp-json\/wp\/v2\/media?parent=3191"}],"wp:term":[{"taxonomy":"product_brand","embeddable":true,"href":"https:\/\/www.losdi.com\/fr\/wp-json\/wp\/v2\/product_brand?post=3191"},{"taxonomy":"product_cat","embeddable":true,"href":"https:\/\/www.losdi.com\/fr\/wp-json\/wp\/v2\/product_cat?post=3191"},{"taxonomy":"product_tag","embeddable":true,"href":"https:\/\/www.losdi.com\/fr\/wp-json\/wp\/v2\/product_tag?post=3191"},{"taxonomy":"gama","embeddable":true,"href":"https:\/\/www.losdi.com\/fr\/wp-json\/wp\/v2\/gama?post=3191"}],"curies":[{"name":"wp","href":"https:\/\/api.w.org\/{rel}","templated":true}]}}