{"id":3240,"date":"2026-01-02T11:38:42","date_gmt":"2026-01-02T10:38:42","guid":{"rendered":"https:\/\/losdi.acceseo.dev\/producto\/barre-de-securite\/"},"modified":"2026-04-02T09:16:15","modified_gmt":"2026-04-02T07:16:15","slug":"barre-de-securite","status":"publish","type":"product","link":"https:\/\/www.losdi.com\/fr\/produit\/barre-de-securite\/","title":{"rendered":"Barre de s\u00e9curit\u00e9"},"content":{"rendered":"<p>&#8211; Barre fixe, en acier inoxydable AISI 304.<br \/>\n&#8211; Placement en position murale, verticale ou horizontale.<br \/>\n&#8211; Sp\u00e9cifique pour les toilettes adapt\u00e9es aux personnes \u00e2g\u00e9es ou \u00e0 mobilit\u00e9 r\u00e9duite.<br \/>\n&#8211; Durabilit\u00e9 maximale et r\u00e9sistance \u00e0 l&rsquo;oxydation.<\/p>\n","protected":false},"excerpt":{"rendered":"<p>&#8211; Barre fixe, en acier inoxydable AISI 304. &#8211; Placement en position murale, verticale ou horizontale. &#8211; Sp\u00e9cifique pour les toilettes adapt\u00e9es aux personnes \u00e2g\u00e9es ou \u00e0 mobilit\u00e9 r\u00e9duite. &#8211; Durabilit\u00e9 maximale et r\u00e9sistance \u00e0 l&rsquo;oxydation.<\/p>\n","protected":false},"featured_media":3241,"template":"","meta":{"_acf_changed":false,"_uag_custom_page_level_css":""},"product_brand":[],"product_cat":[131],"product_tag":[],"gama":[],"class_list":{"0":"post-3240","1":"product","2":"type-product","3":"status-publish","4":"has-post-thumbnail","6":"product_cat-accessoires","8":"first","9":"instock","10":"shipping-taxable","11":"product-type-variable"},"acf":[],"spectra_custom_meta":{"rank_math_internal_links_processed":["1"],"_backorders":["no"],"_download_limit":["-1"],"_download_expiry":["-1"],"_downloadable":["no"],"_manage_stock":["no"],"_sku":["MB-0230-S \/ MB-0240-S \/ MB-0250-S"],"_stock_status":["instock"],"_sold_individually":["no"],"_tax_class":[""],"_tax_status":["taxable"],"_virtual":["no"],"total_sales":["0"],"_price":["10"],"_product_image_gallery":["3242,3243"],"_thumbnail_id":["3241"],"_losdi_specs_title":["Informations et dimensions"],"_losdi_specs_row_0_label":["Mat\u00e9riau"],"_losdi_specs_row_0_value":["Acier inoxydable 304"],"_losdi_specs_row_1_label":["Barre"],"_losdi_specs_row_1_value":["32 mm"],"_losdi_specs_row_2_label":["Bar largeur"],"_losdi_specs_row_2_value":["30 cm, 40 cm, 50 cm"],"url_ficha_tecnica":["https:\/\/www.losdi.com\/wp-content\/uploads\/2026\/02\/fiche-technique-barre-de-appui-mb-0230.pdf"],"url_imagen_producto":["https:\/\/www.losdi.com\/wp-content\/uploads\/2026\/01\/MB-0230-S.png"],"_wcml_average_rating":[null],"_wcml_review_count":[null],"_wcml_rating_count":[null],"attr_label_translations":["a:1:{s:2:\"fr\";a:1:{s:16:\"capacidad-tamano\";s:11:\"Bar largeur\";}}"],"_product_attributes":["a:1:{s:16:\"capacidad-tamano\";a:6:{s:4:\"name\";s:18:\"Capacidad\/ Tama\u00f1o\";s:5:\"value\";s:18:\"30cm | 40cm | 50cm\";s:8:\"position\";i:0;s:10:\"is_visible\";i:1;s:12:\"is_variation\";i:1;s:11:\"is_taxonomy\";i:0;}}"],"_wpml_word_count":["45"],"_losdi_specs_rows":["a:3:{i:0;a:2:{s:5:\"label\";s:8:\"Material\";s:5:\"value\";s:20:\"ACERO INOXIDABLE 304\";}i:1;a:2:{s:5:\"label\";s:5:\"Barra\";s:5:\"value\";s:5:\"32 mm\";}i:2;a:2:{s:5:\"label\";s:13:\"Largura barra\";s:5:\"value\";s:19:\"30 cm, 40 cm, 50 cm\";}}"],"_default_attributes":["a:0:{}"],"_uag_css_file_name":["uag-css-3240.css"],"_uag_js_file_name":["uag-js-3240.js"],"_wc_rating_count":[""],"_wc_review_count":[""],"_wc_average_rating":[0]},"uagb_featured_image_src":{"full":["https:\/\/www.losdi.com\/wp-content\/uploads\/2026\/01\/MB-0230-S.png",328,113,false],"thumbnail":["https:\/\/www.losdi.com\/wp-content\/uploads\/2026\/01\/MB-0230-S-150x113.png",150,113,true],"medium":["https:\/\/www.losdi.com\/wp-content\/uploads\/2026\/01\/MB-0230-S-300x103.png",300,103,true],"medium_large":["https:\/\/www.losdi.com\/wp-content\/uploads\/2026\/01\/MB-0230-S.png",328,113,false],"large":["https:\/\/www.losdi.com\/wp-content\/uploads\/2026\/01\/MB-0230-S.png",328,113,false],"1536x1536":["https:\/\/www.losdi.com\/wp-content\/uploads\/2026\/01\/MB-0230-S.png",328,113,false],"2048x2048":["https:\/\/www.losdi.com\/wp-content\/uploads\/2026\/01\/MB-0230-S.png",328,113,false],"woocommerce_thumbnail":["https:\/\/www.losdi.com\/wp-content\/uploads\/2026\/01\/MB-0230-S-300x113.png",300,113,true],"woocommerce_single":["https:\/\/www.losdi.com\/wp-content\/uploads\/2026\/01\/MB-0230-S.png",328,113,false],"woocommerce_gallery_thumbnail":["https:\/\/www.losdi.com\/wp-content\/uploads\/2026\/01\/MB-0230-S-100x100.png",100,100,true],"yith-woocompare-image":["https:\/\/www.losdi.com\/wp-content\/uploads\/2026\/01\/MB-0230-S.png",220,76,false]},"uagb_author_info":{"display_name":"redaccion","author_link":"https:\/\/www.losdi.com\/fr\/author\/"},"uagb_comment_info":0,"uagb_excerpt":"&#8211; Barre fixe, en acier inoxydable AISI 304. &#8211; Placement en position murale, verticale ou horizontale. &#8211; Sp\u00e9cifique pour les toilettes adapt\u00e9es aux personnes \u00e2g\u00e9es ou \u00e0 mobilit\u00e9 r\u00e9duite. &#8211; Durabilit\u00e9 maximale et r\u00e9sistance \u00e0 l&rsquo;oxydation.","_links":{"self":[{"href":"https:\/\/www.losdi.com\/fr\/wp-json\/wp\/v2\/product\/3240","targetHints":{"allow":["GET"]}}],"collection":[{"href":"https:\/\/www.losdi.com\/fr\/wp-json\/wp\/v2\/product"}],"about":[{"href":"https:\/\/www.losdi.com\/fr\/wp-json\/wp\/v2\/types\/product"}],"wp:featuredmedia":[{"embeddable":true,"href":"https:\/\/www.losdi.com\/fr\/wp-json\/wp\/v2\/media\/3241"}],"wp:attachment":[{"href":"https:\/\/www.losdi.com\/fr\/wp-json\/wp\/v2\/media?parent=3240"}],"wp:term":[{"taxonomy":"product_brand","embeddable":true,"href":"https:\/\/www.losdi.com\/fr\/wp-json\/wp\/v2\/product_brand?post=3240"},{"taxonomy":"product_cat","embeddable":true,"href":"https:\/\/www.losdi.com\/fr\/wp-json\/wp\/v2\/product_cat?post=3240"},{"taxonomy":"product_tag","embeddable":true,"href":"https:\/\/www.losdi.com\/fr\/wp-json\/wp\/v2\/product_tag?post=3240"},{"taxonomy":"gama","embeddable":true,"href":"https:\/\/www.losdi.com\/fr\/wp-json\/wp\/v2\/gama?post=3240"}],"curies":[{"name":"wp","href":"https:\/\/api.w.org\/{rel}","templated":true}]}}