{"id":3296,"date":"2025-12-29T10:23:46","date_gmt":"2025-12-29T09:23:46","guid":{"rendered":"https:\/\/losdi.acceseo.dev\/producto\/distributeur-de-papier-hygienique-en-acier-inoxydable-satine-oceano\/"},"modified":"2026-04-02T09:35:47","modified_gmt":"2026-04-02T07:35:47","slug":"distributeur-de-papier-hygienique-en-acier-inoxydable-satine-oceano","status":"publish","type":"product","link":"https:\/\/www.losdi.com\/fr\/produit\/distributeur-de-papier-hygienique-en-acier-inoxydable-satine-oceano\/","title":{"rendered":"Distributeur de papier hygi\u00e9nique en acier inoxydable satin\u00e9 Oc\u00e9ano"},"content":{"rendered":"<p>&#8211; Fabriqu\u00e9 en ACIER INOXYDABLE AISI 304, ce distributeur est compact, robuste et r\u00e9sistant au vandalisme.<\/p>\n<p>&#8211; Id\u00e9al pour les toilettes \u00e0 forte fr\u00e9quentation.<\/p>\n<p>&#8211; Distributeur de papier hygi\u00e9nique en acier inoxydable de la gamme Oceano, il emp\u00eache la rouille et s&rsquo;adapte \u00e0 tous les espaces gr\u00e2ce \u00e0 son design polyvalent.<\/p>\n<p>&#8211; Il est \u00e9quip\u00e9 d&rsquo;une cl\u00e9 de s\u00e9curit\u00e9 standard Losdi, fournie avec le produit.<\/p>\n","protected":false},"excerpt":{"rendered":"<p>&#8211; Fabriqu\u00e9 en ACIER INOXYDABLE AISI 304, ce distributeur est compact, robuste et r\u00e9sistant au vandalisme. &#8211; Id\u00e9al pour les toilettes \u00e0 forte fr\u00e9quentation. &#8211; Distributeur de papier hygi\u00e9nique en acier inoxydable de la gamme Oceano, il emp\u00eache la rouille et s&rsquo;adapte \u00e0 tous les espaces gr\u00e2ce \u00e0 son design polyvalent. &#8211; Il est \u00e9quip\u00e9 [&hellip;]<\/p>\n","protected":false},"featured_media":3297,"template":"","meta":{"_acf_changed":false,"_uag_custom_page_level_css":""},"product_brand":[],"product_cat":[143],"product_tag":[],"gama":[],"class_list":{"0":"post-3296","1":"product","2":"type-product","3":"status-publish","4":"has-post-thumbnail","6":"product_cat-distributeurs-papier-hygienique","8":"first","9":"instock","10":"shipping-taxable","11":"product-type-variable"},"acf":[],"spectra_custom_meta":{"rank_math_internal_links_processed":["1"],"rank_math_primary_product_cat":["37"],"_backorders":["no"],"_download_limit":["-1"],"_download_expiry":["-1"],"_downloadable":["no"],"_manage_stock":["no"],"_sku":["CO-0202"],"_stock_status":["instock"],"_sold_individually":["no"],"_tax_class":[""],"_tax_status":["taxable"],"_virtual":["no"],"total_sales":["0"],"_price":["10"],"_product_image_gallery":["3298"],"_thumbnail_id":["3297"],"_losdi_specs_title":["Informations et mesures"],"_losdi_specs_row_0_label":["Mat\u00e9riel"],"_losdi_specs_row_0_value":["ACIER INOXYDABLE AISI 304"],"_losdi_specs_row_1_label":["Poids \u00e0 vide (net)"],"_losdi_specs_row_1_value":["1,323 kg"],"_losdi_specs_row_2_label":["Diam\u00e8tre du rouleau de papier"],"_losdi_specs_row_2_value":["Max. 240 mm"],"_losdi_specs_row_3_label":["Canule rouleau de papier"],"_losdi_specs_row_3_value":["45 mm"],"_losdi_specs_row_4_label":["Largeur du papier en rouleau"],"_losdi_specs_row_4_value":["110 mm"],"_losdi_specs_row_5_label":["Capacit\u00e9 du rouleau de papier (2 couches)"],"_losdi_specs_row_5_value":["300 m"],"_losdi_specs_row_6_label":["Fermeture"],"_losdi_specs_row_6_value":["Serrure m\u00e9tallique et cl\u00e9 en plastique"],"_losdi_specs_row_7_label":["Dosage"],"_losdi_specs_row_7_value":["Manuel"],"url_ficha_tecnica":["https:\/\/www.losdi.com\/wp-content\/uploads\/2026\/02\/fiche-technique-distributeur-papier-hygienique-elegance-co-202.pdf"],"url_imagen_producto":["https:\/\/www.losdi.com\/wp-content\/uploads\/2025\/12\/dispensador-papel-higienico-CO0202.png"],"_wcml_average_rating":[null],"_wcml_review_count":[null],"_wcml_rating_count":[null],"attr_label_translations":["a:1:{s:2:\"fr\";a:1:{s:5:\"color\";s:7:\"Couleur\";}}"],"_product_attributes":["a:1:{s:5:\"color\";a:6:{s:4:\"name\";s:5:\"Color\";s:5:\"value\";s:25:\"304 Satin\u00e9 | 430 Satin\u00e9\";s:8:\"position\";i:0;s:10:\"is_visible\";i:1;s:12:\"is_variation\";i:1;s:11:\"is_taxonomy\";i:0;}}"],"_wpml_word_count":["81"],"_losdi_specs_rows":["a:8:{i:0;a:2:{s:5:\"label\";s:8:\"Material\";s:5:\"value\";s:25:\"ACERO INOXIDABLE AISI 304\";}i:1;a:2:{s:5:\"label\";s:18:\"Peso vac\u00edo (neto)\";s:5:\"value\";s:8:\"1,323 kg\";}i:2;a:2:{s:5:\"label\";s:24:\"Di\u00e1metro rollo de papel\";s:5:\"value\";s:12:\"M\u00e1x. 240 mm\";}i:3;a:2:{s:5:\"label\";s:22:\"C\u00e1nula rollo de papel\";s:5:\"value\";s:5:\"45 mm\";}i:4;a:2:{s:5:\"label\";s:18:\"Ancho papel bobina\";s:5:\"value\";s:6:\"110 mm\";}i:5;a:2:{s:5:\"label\";s:34:\"Capacidad rollo de papel (2 capas)\";s:5:\"value\";s:5:\"300 m\";}i:6;a:2:{s:5:\"label\";s:6:\"Cierre\";s:5:\"value\";s:40:\"Cerradura met\u00e1lica y llave de pl\u00e1stico\";}i:7;a:2:{s:5:\"label\";s:13:\"Dosificaci\u00f3n\";s:5:\"value\";s:6:\"Manual\";}}"],"_default_attributes":["a:0:{}"],"_uag_css_file_name":["uag-css-3296.css"],"_uag_js_file_name":["uag-js-3296.js"],"_wc_rating_count":[""],"_wc_review_count":[""],"_wc_average_rating":[0]},"uagb_featured_image_src":{"full":["https:\/\/www.losdi.com\/wp-content\/uploads\/2025\/12\/dispensador-papel-higienico-CO0202.png",1022,1004,false],"thumbnail":["https:\/\/www.losdi.com\/wp-content\/uploads\/2025\/12\/dispensador-papel-higienico-CO0202-150x150.png",150,150,true],"medium":["https:\/\/www.losdi.com\/wp-content\/uploads\/2025\/12\/dispensador-papel-higienico-CO0202-300x295.png",300,295,true],"medium_large":["https:\/\/www.losdi.com\/wp-content\/uploads\/2025\/12\/dispensador-papel-higienico-CO0202-768x754.png",768,754,true],"large":["https:\/\/www.losdi.com\/wp-content\/uploads\/2025\/12\/dispensador-papel-higienico-CO0202.png",1022,1004,false],"1536x1536":["https:\/\/www.losdi.com\/wp-content\/uploads\/2025\/12\/dispensador-papel-higienico-CO0202.png",1022,1004,false],"2048x2048":["https:\/\/www.losdi.com\/wp-content\/uploads\/2025\/12\/dispensador-papel-higienico-CO0202.png",1022,1004,false],"woocommerce_thumbnail":["https:\/\/www.losdi.com\/wp-content\/uploads\/2025\/12\/dispensador-papel-higienico-CO0202-300x300.png",300,300,true],"woocommerce_single":["https:\/\/www.losdi.com\/wp-content\/uploads\/2025\/12\/dispensador-papel-higienico-CO0202-600x589.png",600,589,true],"woocommerce_gallery_thumbnail":["https:\/\/www.losdi.com\/wp-content\/uploads\/2025\/12\/dispensador-papel-higienico-CO0202-100x100.png",100,100,true],"yith-woocompare-image":["https:\/\/www.losdi.com\/wp-content\/uploads\/2025\/12\/dispensador-papel-higienico-CO0202.png",157,154,false]},"uagb_author_info":{"display_name":"redaccion","author_link":"https:\/\/www.losdi.com\/fr\/author\/"},"uagb_comment_info":0,"uagb_excerpt":"&#8211; Fabriqu\u00e9 en ACIER INOXYDABLE AISI 304, ce distributeur est compact, robuste et r\u00e9sistant au vandalisme. &#8211; Id\u00e9al pour les toilettes \u00e0 forte fr\u00e9quentation. &#8211; Distributeur de papier hygi\u00e9nique en acier inoxydable de la gamme Oceano, il emp\u00eache la rouille et s&rsquo;adapte \u00e0 tous les espaces gr\u00e2ce \u00e0 son design polyvalent. &#8211; Il est \u00e9quip\u00e9\u2026","_links":{"self":[{"href":"https:\/\/www.losdi.com\/fr\/wp-json\/wp\/v2\/product\/3296","targetHints":{"allow":["GET"]}}],"collection":[{"href":"https:\/\/www.losdi.com\/fr\/wp-json\/wp\/v2\/product"}],"about":[{"href":"https:\/\/www.losdi.com\/fr\/wp-json\/wp\/v2\/types\/product"}],"wp:featuredmedia":[{"embeddable":true,"href":"https:\/\/www.losdi.com\/fr\/wp-json\/wp\/v2\/media\/3297"}],"wp:attachment":[{"href":"https:\/\/www.losdi.com\/fr\/wp-json\/wp\/v2\/media?parent=3296"}],"wp:term":[{"taxonomy":"product_brand","embeddable":true,"href":"https:\/\/www.losdi.com\/fr\/wp-json\/wp\/v2\/product_brand?post=3296"},{"taxonomy":"product_cat","embeddable":true,"href":"https:\/\/www.losdi.com\/fr\/wp-json\/wp\/v2\/product_cat?post=3296"},{"taxonomy":"product_tag","embeddable":true,"href":"https:\/\/www.losdi.com\/fr\/wp-json\/wp\/v2\/product_tag?post=3296"},{"taxonomy":"gama","embeddable":true,"href":"https:\/\/www.losdi.com\/fr\/wp-json\/wp\/v2\/gama?post=3296"}],"curies":[{"name":"wp","href":"https:\/\/api.w.org\/{rel}","templated":true}]}}