{"id":3454,"date":"2026-01-02T10:59:23","date_gmt":"2026-01-02T09:59:23","guid":{"rendered":"https:\/\/losdi.acceseo.dev\/producto\/support-savon-carre\/"},"modified":"2026-01-02T10:59:23","modified_gmt":"2026-01-02T09:59:23","slug":"support-savon-carre","status":"publish","type":"product","link":"https:\/\/www.losdi.com\/fr\/produit\/support-savon-carre\/","title":{"rendered":"Support savon carr\u00e9"},"content":{"rendered":"<p>&#8211; Support savon rectangulaire, avec finition chrom\u00e9.<br \/>\n&#8211; Montage mural.<br \/>\n&#8211; Un compl\u00e9ment parfait pour les salles de bains, adapt\u00e9 au secteur h\u00f4telier.<\/p>\n","protected":false},"excerpt":{"rendered":"<p>Support pour savon, acier carr\u00e9 chrom\u00e9<\/p>\n","protected":false},"featured_media":3455,"template":"","meta":{"_acf_changed":false,"_uag_custom_page_level_css":""},"product_brand":[],"product_cat":[131],"product_tag":[],"gama":[],"class_list":{"0":"post-3454","1":"product","2":"type-product","3":"status-publish","4":"has-post-thumbnail","6":"product_cat-accessoires","8":"first","9":"instock","10":"shipping-taxable","11":"product-type-simple"},"acf":[],"spectra_custom_meta":{"rank_math_internal_links_processed":["1"],"rank_math_primary_product_cat":["43"],"_backorders":["no"],"_download_limit":["-1"],"_download_expiry":["-1"],"_downloadable":["no"],"_manage_stock":["no"],"_sku":["CJ-2000-I"],"_stock_status":["instock"],"_sold_individually":["no"],"_tax_class":[""],"_tax_status":["taxable"],"_virtual":["no"],"total_sales":["0"],"_regular_price":["10"],"_price":["10"],"_product_image_gallery":[""],"_thumbnail_id":["3455"],"_losdi_specs_title":["Informations et dimensions"],"_losdi_specs_row_0_label":["Mat\u00e9riau"],"_losdi_specs_row_0_value":["Acier"],"_losdi_specs_row_1_label":["Finition"],"_losdi_specs_row_1_value":["Chrom\u00e9"],"url_ficha_tecnica":["https:\/\/www.losdi.com\/wp-content\/uploads\/2026\/02\/fiche-technique-support-savon-cj-2000-I.pdf"],"url_imagen_producto":["https:\/\/www.losdi.com\/wp-content\/uploads\/2026\/01\/CJ-2000-I.png"],"_wcml_average_rating":[null],"_wcml_review_count":[null],"_wcml_rating_count":[null],"_product_attributes":["a:0:{}"],"_default_attributes":["a:0:{}"],"_wpml_word_count":["36"],"_uag_css_file_name":["uag-css-3454.css"],"_uag_js_file_name":["uag-js-3454.js"],"_wc_rating_count":[""],"_wc_review_count":[""],"_wc_average_rating":[0]},"uagb_featured_image_src":{"full":["https:\/\/www.losdi.com\/wp-content\/uploads\/2026\/01\/CJ-2000-I.png",660,437,false],"thumbnail":["https:\/\/www.losdi.com\/wp-content\/uploads\/2026\/01\/CJ-2000-I-150x150.png",150,150,true],"medium":["https:\/\/www.losdi.com\/wp-content\/uploads\/2026\/01\/CJ-2000-I-300x199.png",300,199,true],"medium_large":["https:\/\/www.losdi.com\/wp-content\/uploads\/2026\/01\/CJ-2000-I.png",660,437,false],"large":["https:\/\/www.losdi.com\/wp-content\/uploads\/2026\/01\/CJ-2000-I.png",660,437,false],"1536x1536":["https:\/\/www.losdi.com\/wp-content\/uploads\/2026\/01\/CJ-2000-I.png",660,437,false],"2048x2048":["https:\/\/www.losdi.com\/wp-content\/uploads\/2026\/01\/CJ-2000-I.png",660,437,false],"woocommerce_thumbnail":["https:\/\/www.losdi.com\/wp-content\/uploads\/2026\/01\/CJ-2000-I-300x300.png",300,300,true],"woocommerce_single":["https:\/\/www.losdi.com\/wp-content\/uploads\/2026\/01\/CJ-2000-I-600x397.png",600,397,true],"woocommerce_gallery_thumbnail":["https:\/\/www.losdi.com\/wp-content\/uploads\/2026\/01\/CJ-2000-I-100x100.png",100,100,true],"yith-woocompare-image":["https:\/\/www.losdi.com\/wp-content\/uploads\/2026\/01\/CJ-2000-I.png",220,146,false]},"uagb_author_info":{"display_name":"redaccion","author_link":"https:\/\/www.losdi.com\/fr\/author\/"},"uagb_comment_info":0,"uagb_excerpt":"Support pour savon, acier carr\u00e9 chrom\u00e9","_links":{"self":[{"href":"https:\/\/www.losdi.com\/fr\/wp-json\/wp\/v2\/product\/3454","targetHints":{"allow":["GET"]}}],"collection":[{"href":"https:\/\/www.losdi.com\/fr\/wp-json\/wp\/v2\/product"}],"about":[{"href":"https:\/\/www.losdi.com\/fr\/wp-json\/wp\/v2\/types\/product"}],"wp:featuredmedia":[{"embeddable":true,"href":"https:\/\/www.losdi.com\/fr\/wp-json\/wp\/v2\/media\/3455"}],"wp:attachment":[{"href":"https:\/\/www.losdi.com\/fr\/wp-json\/wp\/v2\/media?parent=3454"}],"wp:term":[{"taxonomy":"product_brand","embeddable":true,"href":"https:\/\/www.losdi.com\/fr\/wp-json\/wp\/v2\/product_brand?post=3454"},{"taxonomy":"product_cat","embeddable":true,"href":"https:\/\/www.losdi.com\/fr\/wp-json\/wp\/v2\/product_cat?post=3454"},{"taxonomy":"product_tag","embeddable":true,"href":"https:\/\/www.losdi.com\/fr\/wp-json\/wp\/v2\/product_tag?post=3454"},{"taxonomy":"gama","embeddable":true,"href":"https:\/\/www.losdi.com\/fr\/wp-json\/wp\/v2\/gama?post=3454"}],"curies":[{"name":"wp","href":"https:\/\/api.w.org\/{rel}","templated":true}]}}