{"id":3515,"date":"2026-01-02T10:51:22","date_gmt":"2026-01-02T09:51:22","guid":{"rendered":"https:\/\/losdi.acceseo.dev\/producto\/distributeur-papier-hygienique-domestique\/"},"modified":"2026-04-07T09:18:58","modified_gmt":"2026-04-07T07:18:58","slug":"distributeur-papier-hygienique-domestique","status":"publish","type":"product","link":"https:\/\/www.losdi.com\/fr\/produit\/distributeur-papier-hygienique-domestique\/","title":{"rendered":"Distributeur papier hygi\u00e9nique domestique"},"content":{"rendered":"<p>&#8211; D\u00e9veloppement individuel de papier toilette domestique, en acier inoxydable.<br \/>\n&#8211; Montage mural.<br \/>\n&#8211; Un compl\u00e9ment parfait pour les salles de bains, adapt\u00e9 au secteur h\u00f4telier.<\/p>\n","protected":false},"excerpt":{"rendered":"<p>Porte-rouleau hygi\u00e9nique domestique, acier inoxydable 304 brillant.<\/p>\n","protected":false},"featured_media":4981,"template":"","meta":{"_acf_changed":false,"_uag_custom_page_level_css":""},"product_brand":[],"product_cat":[131],"product_tag":[],"gama":[],"class_list":{"0":"post-3515","1":"product","2":"type-product","3":"status-publish","4":"has-post-thumbnail","6":"product_cat-accessoires","8":"first","9":"instock","10":"shipping-taxable","11":"product-type-simple"},"acf":[],"spectra_custom_meta":{"rank_math_internal_links_processed":["1"],"rank_math_primary_product_cat":["43"],"_backorders":["no"],"_download_limit":["-1"],"_download_expiry":["-1"],"_downloadable":["no"],"_manage_stock":["no"],"_sku":["CO-0210-I"],"_stock_status":["instock"],"_sold_individually":["no"],"_tax_class":[""],"_tax_status":["taxable"],"_virtual":["no"],"total_sales":["0"],"_sale_price":[""],"_losdi_specs_title":["Informations et dimensions"],"_losdi_specs_row_0_label":["Mat\u00e9riau"],"_losdi_specs_row_0_value":["Acier inoxydable 304"],"_losdi_specs_row_1_label":["Capacit\u00e9"],"_losdi_specs_row_1_value":["1 porte-rouleau de papier"],"_losdi_specs_row_2_label":["Dosage"],"_losdi_specs_row_2_value":["Manuel"],"url_ficha_tecnica":["https:\/\/www.losdi.com\/wp-content\/uploads\/2026\/02\/fiche-technique-porte-rouleau-papier-co-0210.pdf"],"_wcml_average_rating":[null],"_wcml_review_count":[null],"_wcml_rating_count":[null],"_product_image_gallery":["4981"],"_wpml_word_count":["50"],"_regular_price":["10"],"_price":["10"],"_thumbnail_id":["4981"],"_losdi_specs_rows":["a:3:{i:0;a:2:{s:5:\"label\";s:8:\"Material\";s:5:\"value\";s:20:\"Acero inoxidable 304\";}i:1;a:2:{s:5:\"label\";s:9:\"Capacidad\";s:5:\"value\";s:23:\"1 portarrollos de papel\";}i:2;a:2:{s:5:\"label\";s:13:\"Dosificaci\u00f3n\";s:5:\"value\";s:6:\"Manual\";}}"],"url_imagen_producto":["\/wp-content\/uploads\/2026\/01\/Roll-paper-holder-CO-0210-I.png"],"_product_attributes":["a:0:{}"],"_default_attributes":["a:0:{}"],"_uag_css_file_name":["uag-css-3515.css"],"_uag_js_file_name":["uag-js-3515.js"],"_wc_rating_count":[""],"_wc_review_count":[""],"_wc_average_rating":[0]},"uagb_featured_image_src":{"full":["https:\/\/www.losdi.com\/wp-content\/uploads\/2026\/01\/Roll-paper-holder-CO-0210-I.png",604,509,false],"thumbnail":["https:\/\/www.losdi.com\/wp-content\/uploads\/2026\/01\/Roll-paper-holder-CO-0210-I-150x150.png",150,150,true],"medium":["https:\/\/www.losdi.com\/wp-content\/uploads\/2026\/01\/Roll-paper-holder-CO-0210-I-300x253.png",300,253,true],"medium_large":["https:\/\/www.losdi.com\/wp-content\/uploads\/2026\/01\/Roll-paper-holder-CO-0210-I.png",604,509,false],"large":["https:\/\/www.losdi.com\/wp-content\/uploads\/2026\/01\/Roll-paper-holder-CO-0210-I.png",604,509,false],"1536x1536":["https:\/\/www.losdi.com\/wp-content\/uploads\/2026\/01\/Roll-paper-holder-CO-0210-I.png",604,509,false],"2048x2048":["https:\/\/www.losdi.com\/wp-content\/uploads\/2026\/01\/Roll-paper-holder-CO-0210-I.png",604,509,false],"woocommerce_thumbnail":["https:\/\/www.losdi.com\/wp-content\/uploads\/2026\/01\/Roll-paper-holder-CO-0210-I-300x300.png",300,300,true],"woocommerce_single":["https:\/\/www.losdi.com\/wp-content\/uploads\/2026\/01\/Roll-paper-holder-CO-0210-I-600x506.png",600,506,true],"woocommerce_gallery_thumbnail":["https:\/\/www.losdi.com\/wp-content\/uploads\/2026\/01\/Roll-paper-holder-CO-0210-I-100x100.png",100,100,true],"yith-woocompare-image":["https:\/\/www.losdi.com\/wp-content\/uploads\/2026\/01\/Roll-paper-holder-CO-0210-I-220x154.png",220,154,true]},"uagb_author_info":{"display_name":"redaccion","author_link":"https:\/\/www.losdi.com\/fr\/author\/"},"uagb_comment_info":0,"uagb_excerpt":"Porte-rouleau hygi\u00e9nique domestique, acier inoxydable 304 brillant.","_links":{"self":[{"href":"https:\/\/www.losdi.com\/fr\/wp-json\/wp\/v2\/product\/3515","targetHints":{"allow":["GET"]}}],"collection":[{"href":"https:\/\/www.losdi.com\/fr\/wp-json\/wp\/v2\/product"}],"about":[{"href":"https:\/\/www.losdi.com\/fr\/wp-json\/wp\/v2\/types\/product"}],"wp:featuredmedia":[{"embeddable":true,"href":"https:\/\/www.losdi.com\/fr\/wp-json\/wp\/v2\/media\/4981"}],"wp:attachment":[{"href":"https:\/\/www.losdi.com\/fr\/wp-json\/wp\/v2\/media?parent=3515"}],"wp:term":[{"taxonomy":"product_brand","embeddable":true,"href":"https:\/\/www.losdi.com\/fr\/wp-json\/wp\/v2\/product_brand?post=3515"},{"taxonomy":"product_cat","embeddable":true,"href":"https:\/\/www.losdi.com\/fr\/wp-json\/wp\/v2\/product_cat?post=3515"},{"taxonomy":"product_tag","embeddable":true,"href":"https:\/\/www.losdi.com\/fr\/wp-json\/wp\/v2\/product_tag?post=3515"},{"taxonomy":"gama","embeddable":true,"href":"https:\/\/www.losdi.com\/fr\/wp-json\/wp\/v2\/gama?post=3515"}],"curies":[{"name":"wp","href":"https:\/\/api.w.org\/{rel}","templated":true}]}}