{"id":3536,"date":"2025-12-26T12:53:22","date_gmt":"2025-12-26T11:53:22","guid":{"rendered":"https:\/\/losdi.acceseo.dev\/producto\/distributeur-de-savon-modulaire-manuel\/"},"modified":"2026-04-02T09:07:52","modified_gmt":"2026-04-02T07:07:52","slug":"distributeur-de-savon-modulaire-manuel","status":"publish","type":"product","link":"https:\/\/www.losdi.com\/fr\/produit\/distributeur-de-savon-modulaire-manuel\/","title":{"rendered":"Distributeur de savon modulaire manuel"},"content":{"rendered":"<p>&#8211; Fabriqu\u00e9 \u00e0 partir de plastique 100 % recycl\u00e9, le distributeur de savon liquide CJ-3013 de la gamme ECO-LUXE pr\u00e9sente un design attrayant qui combine des surfaces lisses et rugueuses pour une exp\u00e9rience agr\u00e9able \u00e0 la fois \u00e0 la vue et au toucher.<\/p>\n<p>&#8211; Syst\u00e8me modulaire permettant un remplacement facile de ses composants.<\/p>\n<p>&#8211; Il est \u00e9quip\u00e9 d&rsquo;une valve verticale \u00e0 longue dur\u00e9e de vie gr\u00e2ce \u00e0 son syst\u00e8me renforc\u00e9.<\/p>\n<p>&#8211; Un hublot prot\u00e8ge le produit et permet de voir son niveau.<\/p>\n","protected":false},"excerpt":{"rendered":"<p>Br\u00e8ve description du produit<\/p>\n","protected":false},"featured_media":5017,"template":"","meta":{"_acf_changed":false,"_uag_custom_page_level_css":""},"product_brand":[],"product_cat":[136],"product_tag":[],"gama":[142],"class_list":{"0":"post-3536","1":"product","2":"type-product","3":"status-publish","4":"has-post-thumbnail","6":"product_cat-distributeurs-de-savon","7":"gama-eco-luxe","9":"first","10":"instock","11":"shipping-taxable","12":"product-type-variable"},"acf":[],"spectra_custom_meta":{"rank_math_internal_links_processed":["1"],"rank_math_primary_product_cat":["30"],"_backorders":["no"],"_download_limit":["-1"],"_download_expiry":["-1"],"_downloadable":["no"],"_manage_stock":["no"],"_stock_status":["instock"],"_sold_individually":["no"],"_tax_class":[""],"_tax_status":["taxable"],"_virtual":["no"],"total_sales":["0"],"_price":["10"],"_losdi_specs_title":["Informations et mesures"],"_losdi_specs_row_0_label":["Mat\u00e9riau du bo\u00eetier"],"_losdi_specs_row_0_value":["100 % plastique recycl\u00e9"],"_losdi_specs_row_1_label":["Dosage"],"_losdi_specs_row_1_value":["Manuel - 1 ml"],"_losdi_specs_row_2_label":["Syst\u00e8me"],"_losdi_specs_row_2_value":["Rechargeable"],"_losdi_specs_row_3_label":["Capacit\u00e9"],"_losdi_specs_row_3_value":["1.100 ml"],"_losdi_specs_row_4_label":["Valve anti-goutte"],"_losdi_specs_row_4_value":["Gel liquide"],"_losdi_specs_row_5_label":["Bouton-poussoir"],"_losdi_specs_row_5_value":["Bascule"],"_losdi_specs_row_6_label":["Poids \u00e0 vide (net)"],"_losdi_specs_row_6_value":["0,370 kg"],"_losdi_specs_row_7_label":["Fermeture"],"_losdi_specs_row_7_value":["Serrure et cl\u00e9 en plastique"],"url_ficha_tecnica":["https:\/\/www.losdi.com\/wp-content\/uploads\/2026\/02\/CJ3013-FT-distributeur-savon-liquide-systeme-modulaire-100-plastique-recycle-ECOLUXE.pdf"],"url_folleto_gama":["https:\/\/www.losdi.com\/wp-content\/uploads\/2026\/02\/ecoluxe-folleto.pdf"],"_wcml_average_rating":[null],"_wcml_review_count":[null],"_wcml_rating_count":[null],"attr_label_translations":["a:1:{s:2:\"fr\";a:2:{s:5:\"color\";s:7:\"Couleur\";s:13:\"tipo-de-jabon\";s:13:\"Type de savon\";}}"],"_product_attributes":["a:2:{s:8:\"pa_color\";a:6:{s:4:\"name\";s:8:\"pa_color\";s:5:\"value\";s:0:\"\";s:8:\"position\";i:0;s:10:\"is_visible\";i:1;s:12:\"is_variation\";i:1;s:11:\"is_taxonomy\";i:1;}s:13:\"tipo-de-jabon\";a:6:{s:4:\"name\";s:14:\"Tipo de Jab\u00f3n\";s:5:\"value\";s:34:\"liquide | mousse | spray | charges\";s:8:\"position\";i:2;s:10:\"is_visible\";i:1;s:12:\"is_variation\";i:1;s:11:\"is_taxonomy\";i:0;}}"],"_product_image_gallery":["5017"],"_wpml_word_count":["92"],"_sku":["CJ-3013 \/ CJ-3014 \/ CJ-3015 \/ CJ-3020"],"_thumbnail_id":["5017"],"_losdi_specs_rows":["a:8:{i:0;a:2:{s:5:\"label\";s:16:\"Material carcasa\";s:5:\"value\";s:24:\"100% pl\u00e1stico reciclado\";}i:1;a:2:{s:5:\"label\";s:13:\"Dosificaci\u00f3n\";s:5:\"value\";s:13:\"Manual - 1 ml\";}i:2;a:2:{s:5:\"label\";s:7:\"Sistema\";s:5:\"value\";s:10:\"Rellenable\";}i:3;a:2:{s:5:\"label\";s:9:\"Capacidad\";s:5:\"value\";s:8:\"1.100 ml\";}i:4;a:2:{s:5:\"label\";s:18:\"V\u00e1lvula antigoteo\";s:5:\"value\";s:12:\"Gel l\u00edquido\";}i:5;a:2:{s:5:\"label\";s:8:\"Pulsador\";s:5:\"value\";s:10:\"Basculante\";}i:6;a:2:{s:5:\"label\";s:18:\"Peso vac\u00edo (neto)\";s:5:\"value\";s:8:\"0,370 kg\";}i:7;a:2:{s:5:\"label\";s:6:\"Cierre\";s:5:\"value\";s:30:\"Llave y cerradura de pl\u00e1stico\";}}"],"url_imagen_producto":[""],"_default_attributes":["a:0:{}"],"_uag_css_file_name":["uag-css-3536.css"],"_uag_js_file_name":["uag-js-3536.js"],"_wc_rating_count":[""],"_wc_review_count":[""],"_wc_average_rating":[0]},"uagb_featured_image_src":{"full":["https:\/\/www.losdi.com\/wp-content\/uploads\/2025\/12\/CJ-3013-3014-3015-B-scaled.png",2560,1635,false],"thumbnail":["https:\/\/www.losdi.com\/wp-content\/uploads\/2025\/12\/CJ-3013-3014-3015-B-150x150.png",150,150,true],"medium":["https:\/\/www.losdi.com\/wp-content\/uploads\/2025\/12\/CJ-3013-3014-3015-B-300x192.png",300,192,true],"medium_large":["https:\/\/www.losdi.com\/wp-content\/uploads\/2025\/12\/CJ-3013-3014-3015-B-768x491.png",768,491,true],"large":["https:\/\/www.losdi.com\/wp-content\/uploads\/2025\/12\/CJ-3013-3014-3015-B-1024x654.png",1024,654,true],"1536x1536":["https:\/\/www.losdi.com\/wp-content\/uploads\/2025\/12\/CJ-3013-3014-3015-B-1536x981.png",1536,981,true],"2048x2048":["https:\/\/www.losdi.com\/wp-content\/uploads\/2025\/12\/CJ-3013-3014-3015-B-2048x1308.png",2048,1308,true],"woocommerce_thumbnail":["https:\/\/www.losdi.com\/wp-content\/uploads\/2025\/12\/CJ-3013-3014-3015-B-300x300.png",300,300,true],"woocommerce_single":["https:\/\/www.losdi.com\/wp-content\/uploads\/2025\/12\/CJ-3013-3014-3015-B-600x383.png",600,383,true],"woocommerce_gallery_thumbnail":["https:\/\/www.losdi.com\/wp-content\/uploads\/2025\/12\/CJ-3013-3014-3015-B-100x100.png",100,100,true],"yith-woocompare-image":["https:\/\/www.losdi.com\/wp-content\/uploads\/2025\/12\/CJ-3013-3014-3015-B-220x154.png",220,154,true]},"uagb_author_info":{"display_name":"redaccion","author_link":"https:\/\/www.losdi.com\/fr\/author\/"},"uagb_comment_info":0,"uagb_excerpt":"Br\u00e8ve description du produit","_links":{"self":[{"href":"https:\/\/www.losdi.com\/fr\/wp-json\/wp\/v2\/product\/3536","targetHints":{"allow":["GET"]}}],"collection":[{"href":"https:\/\/www.losdi.com\/fr\/wp-json\/wp\/v2\/product"}],"about":[{"href":"https:\/\/www.losdi.com\/fr\/wp-json\/wp\/v2\/types\/product"}],"wp:featuredmedia":[{"embeddable":true,"href":"https:\/\/www.losdi.com\/fr\/wp-json\/wp\/v2\/media\/5017"}],"wp:attachment":[{"href":"https:\/\/www.losdi.com\/fr\/wp-json\/wp\/v2\/media?parent=3536"}],"wp:term":[{"taxonomy":"product_brand","embeddable":true,"href":"https:\/\/www.losdi.com\/fr\/wp-json\/wp\/v2\/product_brand?post=3536"},{"taxonomy":"product_cat","embeddable":true,"href":"https:\/\/www.losdi.com\/fr\/wp-json\/wp\/v2\/product_cat?post=3536"},{"taxonomy":"product_tag","embeddable":true,"href":"https:\/\/www.losdi.com\/fr\/wp-json\/wp\/v2\/product_tag?post=3536"},{"taxonomy":"gama","embeddable":true,"href":"https:\/\/www.losdi.com\/fr\/wp-json\/wp\/v2\/gama?post=3536"}],"curies":[{"name":"wp","href":"https:\/\/api.w.org\/{rel}","templated":true}]}}