{"id":3564,"date":"2026-01-02T10:33:21","date_gmt":"2026-01-02T09:33:21","guid":{"rendered":"https:\/\/losdi.acceseo.dev\/producto\/seche-cheveux-mural\/"},"modified":"2026-04-07T09:20:51","modified_gmt":"2026-04-07T07:20:51","slug":"seche-cheveux-mural","status":"publish","type":"product","link":"https:\/\/www.losdi.com\/fr\/produit\/seche-cheveux-mural\/","title":{"rendered":"S\u00e8che-cheveux mural"},"content":{"rendered":"<p>&#8211; S\u00e8che-cheveux en ABS, en fait un mod\u00e8le robuste, id\u00e9al pour les toilettes avec un trafic intense et intense.<br \/>\n&#8211; Il pr\u00e9sente un design actuel et fonctionnel qui permet de l&rsquo;int\u00e9grer dans n&rsquo;importe quel espace.<br \/>\n&#8211; Cela fonctionne en activant un bouton-poussoir \u00e0 trois positions. Fournit de l&rsquo;air chaud et chaud.<br \/>\n&#8211; Il a deux vitesses.<br \/>\n&#8211; La puissance maximale atteinte est de 1200 W.<br \/>\n&#8211; Utilisation: h\u00f4tels, h\u00f4pitaux, gymnases, centres sportifs et personnes \u00e2g\u00e9es, etc.<br \/>\n&#8211; Il a un support mural pour un placement mural et un diffuseur \u00e0 buse \u00e9troite.<br \/>\n-Homologisations: CE<\/p>\n","protected":false},"excerpt":{"rendered":"<p>&#8211; S\u00e8che-cheveux en ABS, en fait un mod\u00e8le robuste, id\u00e9al pour les toilettes avec un trafic intense et intense. &#8211; Il pr\u00e9sente un design actuel et fonctionnel qui permet de l&rsquo;int\u00e9grer dans n&rsquo;importe quel espace. &#8211; Cela fonctionne en activant un bouton-poussoir \u00e0 trois positions. Fournit de l&rsquo;air chaud et chaud. &#8211; Il a deux [&hellip;]<\/p>\n","protected":false},"featured_media":3565,"template":"","meta":{"_acf_changed":false,"_uag_custom_page_level_css":""},"product_brand":[],"product_cat":[131],"product_tag":[],"gama":[],"class_list":{"0":"post-3564","1":"product","2":"type-product","3":"status-publish","4":"has-post-thumbnail","6":"product_cat-accessoires","8":"first","9":"instock","10":"shipping-taxable","11":"product-type-variable"},"acf":[],"spectra_custom_meta":{"rank_math_internal_links_processed":["1"],"rank_math_primary_product_cat":["43"],"_backorders":["no"],"_download_limit":["-1"],"_download_expiry":["-1"],"_downloadable":["no"],"_manage_stock":["no"],"_sku":["CM-0322 \/ CM-0321"],"_stock_status":["instock"],"_sold_individually":["no"],"_tax_class":[""],"_tax_status":["taxable"],"_virtual":["no"],"total_sales":["0"],"_price":["10"],"_product_image_gallery":["3566"],"_thumbnail_id":["3565"],"_losdi_specs_title":["Informations et dimensions"],"_losdi_specs_row_0_label":["Mat\u00e9riau"],"_losdi_specs_row_0_value":["ABS"],"_losdi_specs_row_1_label":["Puissance maximale"],"_losdi_specs_row_1_value":["1200 W, 1900 W"],"_losdi_specs_row_2_label":["Puissance minimale"],"_losdi_specs_row_2_value":["250 W, 140 W"],"_losdi_specs_row_3_label":["Courant"],"_losdi_specs_row_3_value":["5,5 A; 8 A"],"_losdi_specs_row_4_label":["Pression sonore"],"_losdi_specs_row_4_value":["55 dB"],"_losdi_specs_row_5_label":["Voltage"],"_losdi_specs_row_5_value":["220 - 240 V"],"_losdi_specs_row_6_label":["Fr\u00e9quence"],"_losdi_specs_row_6_value":["50 Hz"],"_losdi_specs_row_7_label":["Isolation \u00e9lectrique"],"_losdi_specs_row_7_value":["Classe II"],"_losdi_specs_row_8_label":["Switch"],"_losdi_specs_row_8_value":["Bouton poussoir. 2 vitesses."],"_losdi_specs_row_9_label":["Largeur du c\u00e2ble"],"_losdi_specs_row_9_value":["0,5 m (avec support mural)"],"url_ficha_tecnica":["https:\/\/www.losdi.com\/wp-content\/uploads\/2026\/02\/fiche-technique-seche-cheveux-cm-0321.pdf"],"url_imagen_producto":["https:\/\/www.losdi.com\/wp-content\/uploads\/2026\/01\/secapelos-CM0321.png"],"_wcml_average_rating":[null],"_wcml_review_count":[null],"_wcml_rating_count":[null],"attr_label_translations":["a:1:{s:2:\"fr\";a:2:{s:5:\"color\";s:6:\"Coleur\";s:8:\"potencia\";s:9:\"Puissance\";}}"],"_product_attributes":["a:2:{s:8:\"pa_color\";a:6:{s:4:\"name\";s:8:\"pa_color\";s:5:\"value\";s:0:\"\";s:8:\"position\";i:0;s:10:\"is_visible\";i:1;s:12:\"is_variation\";i:1;s:11:\"is_taxonomy\";i:1;}s:8:\"potencia\";a:6:{s:4:\"name\";s:8:\"Potencia\";s:5:\"value\";s:13:\"1900W | 1200W\";s:8:\"position\";i:2;s:10:\"is_visible\";i:1;s:12:\"is_variation\";i:1;s:11:\"is_taxonomy\";i:0;}}"],"_wpml_word_count":["100"],"_losdi_specs_rows":["a:10:{i:0;a:2:{s:5:\"label\";s:8:\"Material\";s:5:\"value\";s:3:\"ABS\";}i:1;a:2:{s:5:\"label\";s:16:\"Potencia m\u00e1xima\";s:5:\"value\";s:14:\"1200 W, 1900 W\";}i:2;a:2:{s:5:\"label\";s:16:\"Potencia m\u00ednima\";s:5:\"value\";s:12:\"250 W, 140 W\";}i:3;a:2:{s:5:\"label\";s:9:\"Corriente\";s:5:\"value\";s:10:\"5,5 A; 8 A\";}i:4;a:2:{s:5:\"label\";s:24:\"Nivel de presi\u00f3n sonora\";s:5:\"value\";s:5:\"55 dB\";}i:5;a:2:{s:5:\"label\";s:7:\"Voltaje\";s:5:\"value\";s:11:\"220 - 240 V\";}i:6;a:2:{s:5:\"label\";s:10:\"Frecuencia\";s:5:\"value\";s:5:\"50 Hz\";}i:7;a:2:{s:5:\"label\";s:22:\"Aislamiento el\u00e9ctrico\";s:5:\"value\";s:8:\"Clase II\";}i:8;a:2:{s:5:\"label\";s:11:\"Interruptor\";s:5:\"value\";s:21:\"Bot\u00f3n, 2 velocidades\";}i:9;a:2:{s:5:\"label\";s:18:\"Longitud del cable\";s:5:\"value\";s:28:\"0,5 m (con soporte de pared)\";}}"],"_default_attributes":["a:0:{}"],"_uag_css_file_name":["uag-css-3564.css"],"_uag_js_file_name":["uag-js-3564.js"],"_wc_rating_count":[""],"_wc_review_count":[""],"_wc_average_rating":[0]},"uagb_featured_image_src":{"full":["https:\/\/www.losdi.com\/wp-content\/uploads\/2026\/01\/secapelos-CM0321.png",324,483,false],"thumbnail":["https:\/\/www.losdi.com\/wp-content\/uploads\/2026\/01\/secapelos-CM0321-150x150.png",150,150,true],"medium":["https:\/\/www.losdi.com\/wp-content\/uploads\/2026\/01\/secapelos-CM0321-201x300.png",201,300,true],"medium_large":["https:\/\/www.losdi.com\/wp-content\/uploads\/2026\/01\/secapelos-CM0321.png",324,483,false],"large":["https:\/\/www.losdi.com\/wp-content\/uploads\/2026\/01\/secapelos-CM0321.png",324,483,false],"1536x1536":["https:\/\/www.losdi.com\/wp-content\/uploads\/2026\/01\/secapelos-CM0321.png",324,483,false],"2048x2048":["https:\/\/www.losdi.com\/wp-content\/uploads\/2026\/01\/secapelos-CM0321.png",324,483,false],"woocommerce_thumbnail":["https:\/\/www.losdi.com\/wp-content\/uploads\/2026\/01\/secapelos-CM0321-300x300.png",300,300,true],"woocommerce_single":["https:\/\/www.losdi.com\/wp-content\/uploads\/2026\/01\/secapelos-CM0321.png",324,483,false],"woocommerce_gallery_thumbnail":["https:\/\/www.losdi.com\/wp-content\/uploads\/2026\/01\/secapelos-CM0321-100x100.png",100,100,true],"yith-woocompare-image":["https:\/\/www.losdi.com\/wp-content\/uploads\/2026\/01\/secapelos-CM0321.png",103,154,false]},"uagb_author_info":{"display_name":"redaccion","author_link":"https:\/\/www.losdi.com\/fr\/author\/"},"uagb_comment_info":0,"uagb_excerpt":"&#8211; S\u00e8che-cheveux en ABS, en fait un mod\u00e8le robuste, id\u00e9al pour les toilettes avec un trafic intense et intense. &#8211; Il pr\u00e9sente un design actuel et fonctionnel qui permet de l&rsquo;int\u00e9grer dans n&rsquo;importe quel espace. &#8211; Cela fonctionne en activant un bouton-poussoir \u00e0 trois positions. Fournit de l&rsquo;air chaud et chaud. &#8211; Il a deux\u2026","_links":{"self":[{"href":"https:\/\/www.losdi.com\/fr\/wp-json\/wp\/v2\/product\/3564","targetHints":{"allow":["GET"]}}],"collection":[{"href":"https:\/\/www.losdi.com\/fr\/wp-json\/wp\/v2\/product"}],"about":[{"href":"https:\/\/www.losdi.com\/fr\/wp-json\/wp\/v2\/types\/product"}],"wp:featuredmedia":[{"embeddable":true,"href":"https:\/\/www.losdi.com\/fr\/wp-json\/wp\/v2\/media\/3565"}],"wp:attachment":[{"href":"https:\/\/www.losdi.com\/fr\/wp-json\/wp\/v2\/media?parent=3564"}],"wp:term":[{"taxonomy":"product_brand","embeddable":true,"href":"https:\/\/www.losdi.com\/fr\/wp-json\/wp\/v2\/product_brand?post=3564"},{"taxonomy":"product_cat","embeddable":true,"href":"https:\/\/www.losdi.com\/fr\/wp-json\/wp\/v2\/product_cat?post=3564"},{"taxonomy":"product_tag","embeddable":true,"href":"https:\/\/www.losdi.com\/fr\/wp-json\/wp\/v2\/product_tag?post=3564"},{"taxonomy":"gama","embeddable":true,"href":"https:\/\/www.losdi.com\/fr\/wp-json\/wp\/v2\/gama?post=3564"}],"curies":[{"name":"wp","href":"https:\/\/api.w.org\/{rel}","templated":true}]}}