{"id":3612,"date":"2026-01-02T10:17:04","date_gmt":"2026-01-02T09:17:04","guid":{"rendered":"https:\/\/losdi.acceseo.dev\/producto\/poubelle-en-abs\/"},"modified":"2026-04-02T09:30:54","modified_gmt":"2026-04-02T07:30:54","slug":"poubelle-en-abs","status":"publish","type":"product","link":"https:\/\/www.losdi.com\/fr\/produit\/poubelle-en-abs\/","title":{"rendered":"Poubelle en ABS"},"content":{"rendered":"<p>&#8211; Poubelle en polypropyl\u00e8ne de 25 litres.<br \/>\n&#8211; \u00c9quip\u00e9e d\u2019une p\u00e9dale pour ouvrir ou fermer le couvercle.<br \/>\n&#8211; Sp\u00e9cial pour toilettes et zones de transit \u00e9lev\u00e9.<\/p>\n","protected":false},"excerpt":{"rendered":"<p>Poubelle en polypropyl\u00e8ne<\/p>\n","protected":false},"featured_media":3613,"template":"","meta":{"_acf_changed":false,"_uag_custom_page_level_css":""},"product_brand":[],"product_cat":[131],"product_tag":[],"gama":[],"class_list":{"0":"post-3612","1":"product","2":"type-product","3":"status-publish","4":"has-post-thumbnail","6":"product_cat-accessoires","8":"first","9":"instock","10":"shipping-taxable","11":"product-type-variable"},"acf":[],"spectra_custom_meta":{"rank_math_internal_links_processed":["1"],"rank_math_primary_product_cat":["43"],"_backorders":["no"],"_download_limit":["-1"],"_download_expiry":["-1"],"_downloadable":["no"],"_manage_stock":["no"],"_sku":["MP-0625-B \/ MP-0650-B"],"_stock_status":["instock"],"_sold_individually":["no"],"_tax_class":[""],"_tax_status":["taxable"],"_virtual":["no"],"total_sales":["0"],"_price":["10"],"_product_image_gallery":["3614,3615,3616"],"_thumbnail_id":["3613"],"_losdi_specs_title":["Informations et dimensions"],"_losdi_specs_row_0_label":["Mat\u00e9riau"],"_losdi_specs_row_0_value":["Polypropyl\u00e8ne"],"_losdi_specs_row_1_label":["Capacit\u00e9"],"_losdi_specs_row_1_value":["25 L, 50 L"],"_losdi_specs_row_2_label":["Fermeture"],"_losdi_specs_row_2_value":["P\u00e9dale"],"url_ficha_tecnica":["https:\/\/www.losdi.com\/wp-content\/uploads\/2026\/02\/fiche-technique-poubelle-mp-0625-b-l.pdf"],"url_imagen_producto":["https:\/\/www.losdi.com\/wp-content\/uploads\/2026\/01\/MP0625B-frente.png"],"_wcml_average_rating":[null],"_wcml_review_count":[null],"_wcml_rating_count":[null],"attr_label_translations":["a:1:{s:2:\"fr\";a:3:{s:5:\"color\";s:6:\"Coleur\";s:15:\"capcidad-tamano\";s:18:\"Capacit\u00e9 \/ Taille\";s:16:\"capacidad-tamano\";s:22:\"Capacit\u00e9 \/ Dimensions\";}}"],"_product_attributes":["a:2:{s:8:\"pa_color\";a:6:{s:4:\"name\";s:8:\"pa_color\";s:5:\"value\";s:0:\"\";s:8:\"position\";i:0;s:10:\"is_visible\";i:1;s:12:\"is_variation\";i:1;s:11:\"is_taxonomy\";i:1;}s:16:\"capacidad-tamano\";a:6:{s:4:\"name\";s:18:\"Capacidad\/ Tama\u00f1o\";s:5:\"value\";s:9:\"25L | 50L\";s:8:\"position\";i:2;s:10:\"is_visible\";i:1;s:12:\"is_variation\";i:1;s:11:\"is_taxonomy\";i:0;}}"],"_wpml_word_count":["34"],"_losdi_specs_rows":["a:3:{i:0;a:2:{s:5:\"label\";s:8:\"Material\";s:5:\"value\";s:13:\"Polipropileno\";}i:1;a:2:{s:5:\"label\";s:9:\"Capacidad\";s:5:\"value\";s:10:\"25 L, 50 L\";}i:2;a:2:{s:5:\"label\";s:6:\"Cierre\";s:5:\"value\";s:5:\"Pedal\";}}"],"_default_attributes":["a:0:{}"],"_uag_css_file_name":["uag-css-3612.css"],"_uag_js_file_name":["uag-js-3612.js"],"_wc_rating_count":[""],"_wc_review_count":[""],"_wc_average_rating":[0]},"uagb_featured_image_src":{"full":["https:\/\/www.losdi.com\/wp-content\/uploads\/2026\/01\/MP0625B-frente.png",1204,1475,false],"thumbnail":["https:\/\/www.losdi.com\/wp-content\/uploads\/2026\/01\/MP0625B-frente-150x150.png",150,150,true],"medium":["https:\/\/www.losdi.com\/wp-content\/uploads\/2026\/01\/MP0625B-frente-245x300.png",245,300,true],"medium_large":["https:\/\/www.losdi.com\/wp-content\/uploads\/2026\/01\/MP0625B-frente-768x941.png",768,941,true],"large":["https:\/\/www.losdi.com\/wp-content\/uploads\/2026\/01\/MP0625B-frente-836x1024.png",836,1024,true],"1536x1536":["https:\/\/www.losdi.com\/wp-content\/uploads\/2026\/01\/MP0625B-frente.png",1204,1475,false],"2048x2048":["https:\/\/www.losdi.com\/wp-content\/uploads\/2026\/01\/MP0625B-frente.png",1204,1475,false],"woocommerce_thumbnail":["https:\/\/www.losdi.com\/wp-content\/uploads\/2026\/01\/MP0625B-frente-300x300.png",300,300,true],"woocommerce_single":["https:\/\/www.losdi.com\/wp-content\/uploads\/2026\/01\/MP0625B-frente-600x735.png",600,735,true],"woocommerce_gallery_thumbnail":["https:\/\/www.losdi.com\/wp-content\/uploads\/2026\/01\/MP0625B-frente-100x100.png",100,100,true],"yith-woocompare-image":["https:\/\/www.losdi.com\/wp-content\/uploads\/2026\/01\/MP0625B-frente.png",126,154,false]},"uagb_author_info":{"display_name":"redaccion","author_link":"https:\/\/www.losdi.com\/fr\/author\/"},"uagb_comment_info":0,"uagb_excerpt":"Poubelle en polypropyl\u00e8ne","_links":{"self":[{"href":"https:\/\/www.losdi.com\/fr\/wp-json\/wp\/v2\/product\/3612","targetHints":{"allow":["GET"]}}],"collection":[{"href":"https:\/\/www.losdi.com\/fr\/wp-json\/wp\/v2\/product"}],"about":[{"href":"https:\/\/www.losdi.com\/fr\/wp-json\/wp\/v2\/types\/product"}],"wp:featuredmedia":[{"embeddable":true,"href":"https:\/\/www.losdi.com\/fr\/wp-json\/wp\/v2\/media\/3613"}],"wp:attachment":[{"href":"https:\/\/www.losdi.com\/fr\/wp-json\/wp\/v2\/media?parent=3612"}],"wp:term":[{"taxonomy":"product_brand","embeddable":true,"href":"https:\/\/www.losdi.com\/fr\/wp-json\/wp\/v2\/product_brand?post=3612"},{"taxonomy":"product_cat","embeddable":true,"href":"https:\/\/www.losdi.com\/fr\/wp-json\/wp\/v2\/product_cat?post=3612"},{"taxonomy":"product_tag","embeddable":true,"href":"https:\/\/www.losdi.com\/fr\/wp-json\/wp\/v2\/product_tag?post=3612"},{"taxonomy":"gama","embeddable":true,"href":"https:\/\/www.losdi.com\/fr\/wp-json\/wp\/v2\/gama?post=3612"}],"curies":[{"name":"wp","href":"https:\/\/api.w.org\/{rel}","templated":true}]}}