{"id":3659,"date":"2025-12-29T12:08:56","date_gmt":"2025-12-29T11:08:56","guid":{"rendered":"https:\/\/losdi.acceseo.dev\/producto\/doseur-automatique\/"},"modified":"2026-04-02T09:48:10","modified_gmt":"2026-04-02T07:48:10","slug":"doseur-automatique","status":"publish","type":"product","link":"https:\/\/www.losdi.com\/fr\/produit\/doseur-automatique\/","title":{"rendered":"Doseur automatique"},"content":{"rendered":"<p>&#8211; Fabriqu\u00e9 en ABS, ce distributeur de savon est compact, robuste et r\u00e9sistant au vandalisme.<\/p>\n<p>&#8211; Id\u00e9al pour les toilettes \u00e0 forte fr\u00e9quentation.<\/p>\n<p>&#8211; Distributeur de savon avec flacon pour savon liquide ou gel hydroalcoolique.<\/p>\n<p>&#8211; Il est \u00e9quip\u00e9 d&rsquo;un syst\u00e8me automatique fonctionnant avec 4 piles LR6 AA et d&rsquo;une valve anti-goutte. Il s&rsquo;actionne par proximit\u00e9 infrarouge.<\/p>\n<p>&#8211; Il est \u00e9quip\u00e9 d&rsquo;une cl\u00e9 de s\u00e9curit\u00e9 standard Losdi, fournie avec le produit.<\/p>\n","protected":false},"excerpt":{"rendered":"<p>&#8211; Fabriqu\u00e9 en ABS, ce distributeur de savon est compact, robuste et r\u00e9sistant au vandalisme. &#8211; Id\u00e9al pour les toilettes \u00e0 forte fr\u00e9quentation. &#8211; Distributeur de savon avec flacon pour savon liquide ou gel hydroalcoolique. &#8211; Il est \u00e9quip\u00e9 d&rsquo;un syst\u00e8me automatique fonctionnant avec 4 piles LR6 AA et d&rsquo;une valve anti-goutte. Il s&rsquo;actionne par [&hellip;]<\/p>\n","protected":false},"featured_media":3660,"template":"","meta":{"_acf_changed":false,"_uag_custom_page_level_css":""},"product_brand":[],"product_cat":[136],"product_tag":[],"gama":[147],"class_list":{"0":"post-3659","1":"product","2":"type-product","3":"status-publish","4":"has-post-thumbnail","6":"product_cat-distributeurs-de-savon","7":"gama-elegance","9":"first","10":"instock","11":"shipping-taxable","12":"product-type-variable"},"acf":[],"spectra_custom_meta":{"rank_math_internal_links_processed":["1"],"rank_math_primary_product_cat":["30"],"_backorders":["no"],"_download_limit":["-1"],"_download_expiry":["-1"],"_downloadable":["no"],"_manage_stock":["no"],"_stock_status":["instock"],"_sold_individually":["no"],"_tax_class":[""],"_tax_status":["taxable"],"_virtual":["no"],"total_sales":["0"],"_price":["10"],"_product_image_gallery":[""],"_thumbnail_id":["3660"],"_losdi_specs_title":["Informations et mesures"],"_losdi_specs_row_0_label":["Mat\u00e9riel"],"_losdi_specs_row_0_value":["ABS"],"_losdi_specs_row_1_label":["Capacit\u00e9"],"_losdi_specs_row_1_value":["900 ml"],"_losdi_specs_row_2_label":["Syst\u00e8me"],"_losdi_specs_row_2_value":["Automatique"],"_losdi_specs_row_3_label":["Interrupteur"],"_losdi_specs_row_3_value":["Proximit\u00e9 infrarouge"],"_losdi_specs_row_4_label":["Soupape"],"_losdi_specs_row_4_value":["Anti-goutte"],"_losdi_specs_row_5_label":["Dosage"],"_losdi_specs_row_5_value":["1 ml de gel liquide"],"_losdi_specs_row_6_label":["Fermeture"],"_losdi_specs_row_6_value":["Serrure et cl\u00e9 en plastique"],"url_ficha_tecnica":["https:\/\/www.losdi.com\/wp-content\/uploads\/2026\/02\/CJ1005-FT-distributeur-de-savon-automatique-ELEGANCE-PARIS.pdf"],"url_folleto_gama":["https:\/\/www.losdi.com\/wp-content\/uploads\/2026\/02\/Elegance-folleto.pdf"],"url_imagen_producto":["https:\/\/www.losdi.com\/wp-content\/uploads\/2025\/12\/dosificador-jabon-CJ1005.webp"],"_wcml_average_rating":[null],"_wcml_review_count":[null],"_wcml_rating_count":[null],"attr_label_translations":["a:1:{s:2:\"fr\";a:2:{s:5:\"color\";s:7:\"Couleur\";s:13:\"tipo-de-jabon\";s:13:\"Type de savon\";}}"],"_product_attributes":["a:2:{s:8:\"pa_color\";a:6:{s:4:\"name\";s:8:\"pa_color\";s:5:\"value\";s:0:\"\";s:8:\"position\";i:0;s:10:\"is_visible\";i:1;s:12:\"is_variation\";i:1;s:11:\"is_taxonomy\";i:1;}s:13:\"tipo-de-jabon\";a:6:{s:4:\"name\";s:14:\"Tipo de Jab\u00f3n\";s:5:\"value\";s:7:\"Liquide\";s:8:\"position\";i:2;s:10:\"is_visible\";i:1;s:12:\"is_variation\";i:1;s:11:\"is_taxonomy\";i:0;}}"],"_wpml_word_count":["80"],"_sku":["CJ-1005"],"_losdi_specs_rows":["a:7:{i:0;a:2:{s:5:\"label\";s:8:\"Material\";s:5:\"value\";s:3:\"ABS\";}i:1;a:2:{s:5:\"label\";s:9:\"Capacidad\";s:5:\"value\";s:6:\"900 ml\";}i:2;a:2:{s:5:\"label\";s:7:\"Sistema\";s:5:\"value\";s:11:\"Autom\u00e1tico\";}i:3;a:2:{s:5:\"label\";s:11:\"Interruptor\";s:5:\"value\";s:26:\"Proximidad por infrarrojos\";}i:4;a:2:{s:5:\"label\";s:8:\"V\u00e1lvula\";s:5:\"value\";s:9:\"Antigoteo\";}i:5;a:2:{s:5:\"label\";s:13:\"Dosificaci\u00f3n\";s:5:\"value\";s:16:\"1ml Gel L\u00edquido\";}i:6;a:2:{s:5:\"label\";s:6:\"Cierre\";s:5:\"value\";s:30:\"Llave y cerradura de pl\u00e1stico\";}}"],"_default_attributes":["a:0:{}"],"_uag_css_file_name":["uag-css-3659.css"],"_uag_js_file_name":["uag-js-3659.js"],"_wc_rating_count":[""],"_wc_review_count":[""],"_wc_average_rating":[0]},"uagb_featured_image_src":{"full":["https:\/\/www.losdi.com\/wp-content\/uploads\/2025\/12\/dosificador-jabon-CJ1005.webp",900,1420,false],"thumbnail":["https:\/\/www.losdi.com\/wp-content\/uploads\/2025\/12\/dosificador-jabon-CJ1005-150x150.webp",150,150,true],"medium":["https:\/\/www.losdi.com\/wp-content\/uploads\/2025\/12\/dosificador-jabon-CJ1005-190x300.webp",190,300,true],"medium_large":["https:\/\/www.losdi.com\/wp-content\/uploads\/2025\/12\/dosificador-jabon-CJ1005-768x1212.webp",768,1212,true],"large":["https:\/\/www.losdi.com\/wp-content\/uploads\/2025\/12\/dosificador-jabon-CJ1005-649x1024.webp",649,1024,true],"1536x1536":["https:\/\/www.losdi.com\/wp-content\/uploads\/2025\/12\/dosificador-jabon-CJ1005.webp",900,1420,false],"2048x2048":["https:\/\/www.losdi.com\/wp-content\/uploads\/2025\/12\/dosificador-jabon-CJ1005.webp",900,1420,false],"woocommerce_thumbnail":["https:\/\/www.losdi.com\/wp-content\/uploads\/2025\/12\/dosificador-jabon-CJ1005-300x300.webp",300,300,true],"woocommerce_single":["https:\/\/www.losdi.com\/wp-content\/uploads\/2025\/12\/dosificador-jabon-CJ1005-600x947.webp",600,947,true],"woocommerce_gallery_thumbnail":["https:\/\/www.losdi.com\/wp-content\/uploads\/2025\/12\/dosificador-jabon-CJ1005-100x100.webp",100,100,true],"yith-woocompare-image":["https:\/\/www.losdi.com\/wp-content\/uploads\/2025\/12\/dosificador-jabon-CJ1005.webp",98,154,false]},"uagb_author_info":{"display_name":"redaccion","author_link":"https:\/\/www.losdi.com\/fr\/author\/"},"uagb_comment_info":0,"uagb_excerpt":"&#8211; Fabriqu\u00e9 en ABS, ce distributeur de savon est compact, robuste et r\u00e9sistant au vandalisme. &#8211; Id\u00e9al pour les toilettes \u00e0 forte fr\u00e9quentation. &#8211; Distributeur de savon avec flacon pour savon liquide ou gel hydroalcoolique. &#8211; Il est \u00e9quip\u00e9 d&rsquo;un syst\u00e8me automatique fonctionnant avec 4 piles LR6 AA et d&rsquo;une valve anti-goutte. Il s&rsquo;actionne par\u2026","_links":{"self":[{"href":"https:\/\/www.losdi.com\/fr\/wp-json\/wp\/v2\/product\/3659","targetHints":{"allow":["GET"]}}],"collection":[{"href":"https:\/\/www.losdi.com\/fr\/wp-json\/wp\/v2\/product"}],"about":[{"href":"https:\/\/www.losdi.com\/fr\/wp-json\/wp\/v2\/types\/product"}],"wp:featuredmedia":[{"embeddable":true,"href":"https:\/\/www.losdi.com\/fr\/wp-json\/wp\/v2\/media\/3660"}],"wp:attachment":[{"href":"https:\/\/www.losdi.com\/fr\/wp-json\/wp\/v2\/media?parent=3659"}],"wp:term":[{"taxonomy":"product_brand","embeddable":true,"href":"https:\/\/www.losdi.com\/fr\/wp-json\/wp\/v2\/product_brand?post=3659"},{"taxonomy":"product_cat","embeddable":true,"href":"https:\/\/www.losdi.com\/fr\/wp-json\/wp\/v2\/product_cat?post=3659"},{"taxonomy":"product_tag","embeddable":true,"href":"https:\/\/www.losdi.com\/fr\/wp-json\/wp\/v2\/product_tag?post=3659"},{"taxonomy":"gama","embeddable":true,"href":"https:\/\/www.losdi.com\/fr\/wp-json\/wp\/v2\/gama?post=3659"}],"curies":[{"name":"wp","href":"https:\/\/api.w.org\/{rel}","templated":true}]}}