{"id":3669,"date":"2026-01-02T10:02:03","date_gmt":"2026-01-02T09:02:03","guid":{"rendered":"https:\/\/losdi.acceseo.dev\/producto\/poubelle-en-acier\/"},"modified":"2026-04-02T10:28:46","modified_gmt":"2026-04-02T08:28:46","slug":"poubelle-en-acier","status":"publish","type":"product","link":"https:\/\/www.losdi.com\/fr\/produit\/poubelle-en-acier\/","title":{"rendered":"Poubelle en acier"},"content":{"rendered":"<p>&#8211; Poubelle AISI 304 ACIER INOXYDABLE (18\/8), capacit\u00e9 3 L.<br \/>\n&#8211; \u00c9quip\u00e9 d&rsquo;une p\u00e9dale pour ouvrir ou fermer le couvercle.<br \/>\n&#8211; Couvercle inclinable.<br \/>\n&#8211; Conteneur interne en polypropyl\u00e8ne, amovible par poign\u00e9e.<br \/>\n&#8211; Manipuler sur l&rsquo;ext\u00e9rieur arri\u00e8re pour le transport.<br \/>\n&#8211; Sp\u00e9cial pour les bureaux, les toilettes, les zones de circulation \u00e9lev\u00e9e.<\/p>\n","protected":false},"excerpt":{"rendered":"<p>Poubelle en ACIER INOXYDABLE AISI 304<\/p>\n","protected":false},"featured_media":4987,"template":"","meta":{"_acf_changed":false,"_uag_custom_page_level_css":""},"product_brand":[],"product_cat":[131],"product_tag":[],"gama":[],"class_list":{"0":"post-3669","1":"product","2":"type-product","3":"status-publish","4":"has-post-thumbnail","6":"product_cat-accessoires","8":"first","9":"instock","10":"shipping-taxable","11":"product-type-variable"},"acf":[],"spectra_custom_meta":{"rank_math_internal_links_processed":["1"],"rank_math_primary_product_cat":["43"],"_backorders":["no"],"_download_limit":["-1"],"_download_expiry":["-1"],"_downloadable":["no"],"_manage_stock":["no"],"_sku":["MP-0603-I \/ MP-0603-S \/ MP-0605-I \/ MP-0605-S \/ MP-0612-I \/ MP-0612-S"],"_stock_status":["instock"],"_sold_individually":["no"],"_tax_class":[""],"_tax_status":["taxable"],"_virtual":["no"],"total_sales":["0"],"_price":["10"],"_losdi_specs_title":["Informations et dimensions"],"_losdi_specs_row_0_label":["Mat\u00e9riau"],"_losdi_specs_row_0_value":["ACIER INOXYDABLE 304"],"_losdi_specs_row_1_label":["Capacit\u00e9"],"_losdi_specs_row_1_value":["3 L, 5L, 12L"],"_losdi_specs_row_2_label":["Fermeture"],"_losdi_specs_row_2_value":["P\u00e9dale"],"url_ficha_tecnica":["https:\/\/www.losdi.com\/wp-content\/uploads\/2026\/02\/fiche-technique-poubelle-pedale-acier-inox-603.pdf"],"_wcml_average_rating":[null],"_wcml_review_count":[null],"_wcml_rating_count":[null],"attr_label_translations":["a:1:{s:2:\"fr\";a:2:{s:5:\"color\";s:6:\"Coleur\";s:15:\"capcidad-tamano\";s:18:\"Capacit\u00e9 \/ Taille\";}}"],"_product_attributes":["a:2:{s:8:\"pa_color\";a:6:{s:4:\"name\";s:8:\"pa_color\";s:5:\"value\";s:0:\"\";s:8:\"position\";i:0;s:10:\"is_visible\";i:1;s:12:\"is_variation\";i:1;s:11:\"is_taxonomy\";i:1;}s:15:\"capcidad-tamano\";a:6:{s:4:\"name\";s:17:\"Capcidad\/ Tama\u00f1o\";s:5:\"value\";s:13:\"3L | 5L | 12L\";s:8:\"position\";i:2;s:10:\"is_visible\";i:1;s:12:\"is_variation\";i:1;s:11:\"is_taxonomy\";i:0;}}"],"_product_image_gallery":["4987,4990,4993"],"_wpml_word_count":["66"],"_thumbnail_id":["4987"],"_losdi_specs_rows":["a:3:{i:0;a:2:{s:5:\"label\";s:8:\"Material\";s:5:\"value\";s:20:\"ACERO INOXIDABLE 304\";}i:1;a:2:{s:5:\"label\";s:9:\"Capacidad\";s:5:\"value\";s:12:\"3 L, 5L, 12L\";}i:2;a:2:{s:5:\"label\";s:6:\"Cierre\";s:5:\"value\";s:5:\"Pedal\";}}"],"url_imagen_producto":[""],"_default_attributes":["a:0:{}"],"_uag_css_file_name":["uag-css-3669.css"],"_uag_js_file_name":["uag-js-3669.js"],"_wc_rating_count":[""],"_wc_review_count":[""],"_wc_average_rating":[0]},"uagb_featured_image_src":{"full":["https:\/\/www.losdi.com\/wp-content\/uploads\/2026\/01\/MP-0603.jpg",1024,1555,false],"thumbnail":["https:\/\/www.losdi.com\/wp-content\/uploads\/2026\/01\/MP-0603-150x150.jpg",150,150,true],"medium":["https:\/\/www.losdi.com\/wp-content\/uploads\/2026\/01\/MP-0603-198x300.jpg",198,300,true],"medium_large":["https:\/\/www.losdi.com\/wp-content\/uploads\/2026\/01\/MP-0603-768x1166.jpg",768,1166,true],"large":["https:\/\/www.losdi.com\/wp-content\/uploads\/2026\/01\/MP-0603-674x1024.jpg",674,1024,true],"1536x1536":["https:\/\/www.losdi.com\/wp-content\/uploads\/2026\/01\/MP-0603-1011x1536.jpg",1011,1536,true],"2048x2048":["https:\/\/www.losdi.com\/wp-content\/uploads\/2026\/01\/MP-0603.jpg",1024,1555,false],"woocommerce_thumbnail":["https:\/\/www.losdi.com\/wp-content\/uploads\/2026\/01\/MP-0603-300x300.jpg",300,300,true],"woocommerce_single":["https:\/\/www.losdi.com\/wp-content\/uploads\/2026\/01\/MP-0603-600x911.jpg",600,911,true],"woocommerce_gallery_thumbnail":["https:\/\/www.losdi.com\/wp-content\/uploads\/2026\/01\/MP-0603-100x100.jpg",100,100,true],"yith-woocompare-image":["https:\/\/www.losdi.com\/wp-content\/uploads\/2026\/01\/MP-0603-220x154.jpg",220,154,true]},"uagb_author_info":{"display_name":"redaccion","author_link":"https:\/\/www.losdi.com\/fr\/author\/"},"uagb_comment_info":0,"uagb_excerpt":"Poubelle en ACIER INOXYDABLE AISI 304","_links":{"self":[{"href":"https:\/\/www.losdi.com\/fr\/wp-json\/wp\/v2\/product\/3669","targetHints":{"allow":["GET"]}}],"collection":[{"href":"https:\/\/www.losdi.com\/fr\/wp-json\/wp\/v2\/product"}],"about":[{"href":"https:\/\/www.losdi.com\/fr\/wp-json\/wp\/v2\/types\/product"}],"wp:featuredmedia":[{"embeddable":true,"href":"https:\/\/www.losdi.com\/fr\/wp-json\/wp\/v2\/media\/4987"}],"wp:attachment":[{"href":"https:\/\/www.losdi.com\/fr\/wp-json\/wp\/v2\/media?parent=3669"}],"wp:term":[{"taxonomy":"product_brand","embeddable":true,"href":"https:\/\/www.losdi.com\/fr\/wp-json\/wp\/v2\/product_brand?post=3669"},{"taxonomy":"product_cat","embeddable":true,"href":"https:\/\/www.losdi.com\/fr\/wp-json\/wp\/v2\/product_cat?post=3669"},{"taxonomy":"product_tag","embeddable":true,"href":"https:\/\/www.losdi.com\/fr\/wp-json\/wp\/v2\/product_tag?post=3669"},{"taxonomy":"gama","embeddable":true,"href":"https:\/\/www.losdi.com\/fr\/wp-json\/wp\/v2\/gama?post=3669"}],"curies":[{"name":"wp","href":"https:\/\/api.w.org\/{rel}","templated":true}]}}