{"id":3725,"date":"2025-12-26T12:36:04","date_gmt":"2025-12-26T11:36:04","guid":{"rendered":"https:\/\/losdi.acceseo.dev\/producto\/distributeur-autocut-ecoluxe\/"},"modified":"2026-04-02T08:54:53","modified_gmt":"2026-04-02T06:54:53","slug":"distributeur-autocut-ecoluxe","status":"publish","type":"product","link":"https:\/\/www.losdi.com\/fr\/produit\/distributeur-autocut-ecoluxe\/","title":{"rendered":"Distributeur Autocut Ecoluxe"},"content":{"rendered":"<p>&#8211; Fabriqu\u00e9 \u00e0 partir de plastique 100 % recycl\u00e9, le distributeur de papier essuie-mains autocoupant de la gamme ECO-LUXE pr\u00e9sente un design attrayant qui combine des surfaces lisses et rugueuses pour une exp\u00e9rience agr\u00e9able.<\/p>\n<p>&#8211; Fonctionnement parfait avec une traction l\u00e9g\u00e8re, une traction forte et m\u00eame des mains mouill\u00e9es gr\u00e2ce \u00e0 son m\u00e9canisme interne.<\/p>\n<p>&#8211; Distributeur compact adaptable \u00e0 tout espace.<\/p>\n<p>&#8211; Fen\u00eatre lat\u00e9rale pour voir l&rsquo;\u00e9tat du papier.<\/p>\n<p>&#8211; Cl\u00e9 de s\u00e9curit\u00e9 LOSDI fournie avec le produit.<\/p>\n","protected":false},"excerpt":{"rendered":"<p>&#8211; Fabriqu\u00e9 \u00e0 partir de plastique 100 % recycl\u00e9, le distributeur de papier essuie-mains autocoupant de la gamme ECO-LUXE pr\u00e9sente un design attrayant qui combine des surfaces lisses et rugueuses pour une exp\u00e9rience agr\u00e9able. &#8211; Fonctionnement parfait avec une traction l\u00e9g\u00e8re, une traction forte et m\u00eame des mains mouill\u00e9es gr\u00e2ce \u00e0 son m\u00e9canisme interne. &#8211; [&hellip;]<\/p>\n","protected":false},"featured_media":3726,"template":"","meta":{"_acf_changed":false,"_uag_custom_page_level_css":""},"product_brand":[],"product_cat":[138],"product_tag":[],"gama":[142],"class_list":{"0":"post-3725","1":"product","2":"type-product","3":"status-publish","4":"has-post-thumbnail","6":"product_cat-distributeurs-dessuie-mains","7":"gama-eco-luxe","9":"first","10":"instock","11":"shipping-taxable","12":"product-type-variable"},"acf":[],"spectra_custom_meta":{"rank_math_internal_links_processed":["1"],"rank_math_primary_product_cat":["32"],"_backorders":["no"],"_download_limit":["-1"],"_download_expiry":["-1"],"_downloadable":["no"],"_manage_stock":["no"],"_sku":["CP-3525"],"_stock_status":["instock"],"_sold_individually":["no"],"_tax_class":[""],"_tax_status":["taxable"],"_virtual":["no"],"total_sales":["0"],"_price":["10"],"_product_image_gallery":["3727"],"_thumbnail_id":["3726"],"_losdi_specs_title":["Informations et mesures"],"_losdi_specs_row_0_label":["Mat\u00e9riau du bo\u00eetier"],"_losdi_specs_row_0_value":["100 % plastique recycl\u00e9"],"_losdi_specs_row_1_label":["Poids \u00e0 vide (net)"],"_losdi_specs_row_1_value":["1,982 kg"],"_losdi_specs_row_2_label":["Longueur de service"],"_losdi_specs_row_2_value":["270 mm"],"_losdi_specs_row_3_label":["Largeur de bobine"],"_losdi_specs_row_3_value":["200-210 mm"],"_losdi_specs_row_4_label":["Diam\u00e8tre de la bobine"],"_losdi_specs_row_4_value":["205 mm"],"_losdi_specs_row_5_label":["Canule \/ Noyau"],"_losdi_specs_row_5_value":["36 mm"],"_losdi_specs_row_6_label":["Force de traction"],"_losdi_specs_row_6_value":["Bas"],"_losdi_specs_row_7_label":["Dispensation"],"_losdi_specs_row_7_value":["Manuel"],"url_ficha_tecnica":["https:\/\/www.losdi.com\/wp-content\/uploads\/2026\/02\/CP3525-FT-distributeur-dessuie-mains-autocut-100-plastique-recycle-ECOLUXE.pdf"],"url_folleto_gama":["https:\/\/www.losdi.com\/wp-content\/uploads\/2026\/02\/ecoluxe-folleto.pdf"],"url_imagen_producto":["https:\/\/www.losdi.com\/wp-content\/uploads\/2025\/12\/CP-3525-BL2-HIGH-scaled.webp"],"_wcml_average_rating":[null],"_wcml_review_count":[null],"_wcml_rating_count":[null],"attr_label_translations":["a:1:{s:2:\"fr\";a:1:{s:5:\"color\";s:6:\"Colour\";}}"],"_product_attributes":["a:1:{s:8:\"pa_color\";a:6:{s:4:\"name\";s:8:\"pa_color\";s:5:\"value\";s:0:\"\";s:8:\"position\";i:1;s:10:\"is_visible\";i:1;s:12:\"is_variation\";i:1;s:11:\"is_taxonomy\";i:1;}}"],"_wpml_word_count":["92"],"_losdi_specs_rows":["a:8:{i:0;a:2:{s:5:\"label\";s:16:\"Material Carcasa\";s:5:\"value\";s:24:\"100% pl\u00e1stico reciclado\";}i:1;a:2:{s:5:\"label\";s:18:\"Peso vac\u00edo (neto)\";s:5:\"value\";s:8:\"1,982 kg\";}i:2;a:2:{s:5:\"label\";s:20:\"Longitud de servicio\";s:5:\"value\";s:6:\"270 mm\";}i:3;a:2:{s:5:\"label\";s:14:\"Anchura bobina\";s:5:\"value\";s:10:\"200-210 mm\";}i:4;a:2:{s:5:\"label\";s:16:\"Di\u00e1metro bobina\";s:5:\"value\";s:6:\"205 mm\";}i:5;a:2:{s:5:\"label\";s:14:\"C\u00e1nula \/ Core\";s:5:\"value\";s:5:\"36 mm\";}i:6;a:2:{s:5:\"label\";s:19:\"Fuerza de tracci\u00f3n\";s:5:\"value\";s:4:\"Bajo\";}i:7;a:2:{s:5:\"label\";s:13:\"Dispensaci\u00f3n\";s:5:\"value\";s:6:\"Manual\";}}"],"_default_attributes":["a:0:{}"],"_uag_css_file_name":["uag-css-3725.css"],"_uag_js_file_name":["uag-js-3725.js"],"_wc_rating_count":[""],"_wc_review_count":[""],"_wc_average_rating":[0]},"uagb_featured_image_src":{"full":["https:\/\/www.losdi.com\/wp-content\/uploads\/2025\/12\/CP-3525-BL2-HIGH-scaled.webp",2560,2560,false],"thumbnail":["https:\/\/www.losdi.com\/wp-content\/uploads\/2025\/12\/CP-3525-BL2-HIGH-150x150.webp",150,150,true],"medium":["https:\/\/www.losdi.com\/wp-content\/uploads\/2025\/12\/CP-3525-BL2-HIGH-300x300.webp",300,300,true],"medium_large":["https:\/\/www.losdi.com\/wp-content\/uploads\/2025\/12\/CP-3525-BL2-HIGH-768x768.webp",768,768,true],"large":["https:\/\/www.losdi.com\/wp-content\/uploads\/2025\/12\/CP-3525-BL2-HIGH-1024x1024.webp",1024,1024,true],"1536x1536":["https:\/\/www.losdi.com\/wp-content\/uploads\/2025\/12\/CP-3525-BL2-HIGH-1536x1536.webp",1536,1536,true],"2048x2048":["https:\/\/www.losdi.com\/wp-content\/uploads\/2025\/12\/CP-3525-BL2-HIGH-scaled.webp",2048,2048,false],"woocommerce_thumbnail":["https:\/\/www.losdi.com\/wp-content\/uploads\/2025\/12\/CP-3525-BL2-HIGH-300x300.webp",300,300,true],"woocommerce_single":["https:\/\/www.losdi.com\/wp-content\/uploads\/2025\/12\/CP-3525-BL2-HIGH-600x600.webp",600,600,true],"woocommerce_gallery_thumbnail":["https:\/\/www.losdi.com\/wp-content\/uploads\/2025\/12\/CP-3525-BL2-HIGH-100x100.webp",100,100,true],"yith-woocompare-image":["https:\/\/www.losdi.com\/wp-content\/uploads\/2025\/12\/CP-3525-BL2-HIGH-scaled.webp",154,154,false]},"uagb_author_info":{"display_name":"redaccion","author_link":"https:\/\/www.losdi.com\/fr\/author\/"},"uagb_comment_info":0,"uagb_excerpt":"&#8211; Fabriqu\u00e9 \u00e0 partir de plastique 100 % recycl\u00e9, le distributeur de papier essuie-mains autocoupant de la gamme ECO-LUXE pr\u00e9sente un design attrayant qui combine des surfaces lisses et rugueuses pour une exp\u00e9rience agr\u00e9able. &#8211; Fonctionnement parfait avec une traction l\u00e9g\u00e8re, une traction forte et m\u00eame des mains mouill\u00e9es gr\u00e2ce \u00e0 son m\u00e9canisme interne. &#8211;\u2026","_links":{"self":[{"href":"https:\/\/www.losdi.com\/fr\/wp-json\/wp\/v2\/product\/3725","targetHints":{"allow":["GET"]}}],"collection":[{"href":"https:\/\/www.losdi.com\/fr\/wp-json\/wp\/v2\/product"}],"about":[{"href":"https:\/\/www.losdi.com\/fr\/wp-json\/wp\/v2\/types\/product"}],"wp:featuredmedia":[{"embeddable":true,"href":"https:\/\/www.losdi.com\/fr\/wp-json\/wp\/v2\/media\/3726"}],"wp:attachment":[{"href":"https:\/\/www.losdi.com\/fr\/wp-json\/wp\/v2\/media?parent=3725"}],"wp:term":[{"taxonomy":"product_brand","embeddable":true,"href":"https:\/\/www.losdi.com\/fr\/wp-json\/wp\/v2\/product_brand?post=3725"},{"taxonomy":"product_cat","embeddable":true,"href":"https:\/\/www.losdi.com\/fr\/wp-json\/wp\/v2\/product_cat?post=3725"},{"taxonomy":"product_tag","embeddable":true,"href":"https:\/\/www.losdi.com\/fr\/wp-json\/wp\/v2\/product_tag?post=3725"},{"taxonomy":"gama","embeddable":true,"href":"https:\/\/www.losdi.com\/fr\/wp-json\/wp\/v2\/gama?post=3725"}],"curies":[{"name":"wp","href":"https:\/\/api.w.org\/{rel}","templated":true}]}}