{"id":3750,"date":"2025-12-26T12:23:04","date_gmt":"2025-12-26T11:23:04","guid":{"rendered":"https:\/\/losdi.acceseo.dev\/producto\/distributeur-de-papier-ecolo-ecoluxe\/"},"modified":"2026-04-02T08:50:43","modified_gmt":"2026-04-02T06:50:43","slug":"distributeur-de-papier-ecolo-ecoluxe","status":"publish","type":"product","link":"https:\/\/www.losdi.com\/fr\/produit\/distributeur-de-papier-ecolo-ecoluxe\/","title":{"rendered":"Distributeur de papier \u00e9colo Ecoluxe"},"content":{"rendered":"<p>&#8211; Ce distributeur de la gamme ECO-LUXE est enti\u00e8rement fabriqu\u00e9 \u00e0 partir de PLASTIQUE 100 % RECYCL\u00c9, avec un design attrayant qui combine des surfaces lisses et rugueuses pour une exp\u00e9rience agr\u00e9able \u00e0 la vue et au toucher.<\/p>\n<p>&#8211; Distributeur de papier \u00e0 m\u00e8che pouvant accueillir des rouleaux de papier \u00e0 extraction centrale.<\/p>\n<p>&#8211; Avec syst\u00e8me de distribution contr\u00f4l\u00e9e.<\/p>\n<p>&#8211; Il est \u00e9quip\u00e9 d&rsquo;une cl\u00e9 de s\u00e9curit\u00e9 standard LOSDI, fournie avec le produit.<\/p>\n","protected":false},"excerpt":{"rendered":"<p>&#8211; Ce distributeur de la gamme ECO-LUXE est enti\u00e8rement fabriqu\u00e9 \u00e0 partir de PLASTIQUE 100 % RECYCL\u00c9, avec un design attrayant qui combine des surfaces lisses et rugueuses pour une exp\u00e9rience agr\u00e9able \u00e0 la vue et au toucher. &#8211; Distributeur de papier \u00e0 m\u00e8che pouvant accueillir des rouleaux de papier \u00e0 extraction centrale. &#8211; Avec [&hellip;]<\/p>\n","protected":false},"featured_media":3751,"template":"","meta":{"_acf_changed":false,"_uag_custom_page_level_css":""},"product_brand":[],"product_cat":[140],"product_tag":[],"gama":[142],"class_list":{"0":"post-3750","1":"product","2":"type-product","3":"status-publish","4":"has-post-thumbnail","6":"product_cat-distributeurs-de-papier-devidage-central","7":"gama-eco-luxe","9":"first","10":"instock","11":"shipping-taxable","12":"product-type-variable"},"acf":[],"spectra_custom_meta":{"rank_math_internal_links_processed":["1"],"rank_math_primary_product_cat":["33"],"_backorders":["no"],"_download_limit":["-1"],"_download_expiry":["-1"],"_downloadable":["no"],"_manage_stock":["no"],"_sku":["CP-3010 \/ CP-3011"],"_stock_status":["instock"],"_sold_individually":["no"],"_tax_class":[""],"_tax_status":["taxable"],"_virtual":["no"],"total_sales":["0"],"_price":["10"],"_thumbnail_id":["3751"],"_losdi_specs_title":["Informations et mesures"],"url_ficha_tecnica":["https:\/\/www.losdi.com\/wp-content\/uploads\/2026\/02\/CP3010-FT-distributeurs-de-papier-devidage-central-ECOLUXE.pdf"],"url_folleto_gama":["https:\/\/www.losdi.com\/wp-content\/uploads\/2026\/02\/ecoluxe-folleto.pdf"],"url_imagen_producto":["https:\/\/www.losdi.com\/wp-content\/uploads\/2025\/12\/CP-3010-BL-HIGH-scaled.webp"],"_losdi_specs_row_0_label":["Mat\u00e9riel"],"_losdi_specs_row_0_value":["100 % plastique recycl\u00e9"],"_losdi_specs_row_1_label":["Poids \u00e0 vide (net)"],"_losdi_specs_row_1_value":["0,736 kg"],"_losdi_specs_row_2_label":["Diam\u00e8tre du rouleau de papier"],"_losdi_specs_row_2_value":["max. 210 mm"],"_losdi_specs_row_3_label":["Papier en rouleau haut"],"_losdi_specs_row_3_value":["210 - 220 mm"],"_losdi_specs_row_4_label":["Fermeture"],"_losdi_specs_row_4_value":["Serrure et cl\u00e9 en plastique"],"_losdi_specs_row_5_label":["Dosage"],"_losdi_specs_row_5_value":["Manuel"],"_wcml_average_rating":[null],"_wcml_review_count":[null],"_wcml_rating_count":[null],"attr_label_translations":["a:1:{s:2:\"fr\";a:2:{s:5:\"color\";s:7:\"Couleur\";s:20:\"tipo-de-dispensacion\";s:20:\"Type de distribution\";}}"],"_product_attributes":["a:2:{s:8:\"pa_color\";a:6:{s:4:\"name\";s:8:\"pa_color\";s:5:\"value\";s:0:\"\";s:8:\"position\";i:0;s:10:\"is_visible\";i:1;s:12:\"is_variation\";i:1;s:11:\"is_taxonomy\";i:1;}s:20:\"tipo-de-dispensacion\";a:6:{s:4:\"name\";s:21:\"Tipo de dispensaci\u00f3n\";s:5:\"value\";s:22:\"continue | contr\u00f4l\u00e9e\";s:8:\"position\";i:2;s:10:\"is_visible\";i:1;s:12:\"is_variation\";i:1;s:11:\"is_taxonomy\";i:0;}}"],"_product_image_gallery":["3753,3758"],"_wpml_word_count":["84"],"_losdi_specs_rows":["a:6:{i:0;a:2:{s:5:\"label\";s:8:\"Material\";s:5:\"value\";s:24:\"100% pl\u00e1stico reciclado\";}i:1;a:2:{s:5:\"label\";s:18:\"Peso vac\u00edo (neto)\";s:5:\"value\";s:8:\"0,736 kg\";}i:2;a:2:{s:5:\"label\";s:24:\"Di\u00e1metro rollo de papel\";s:5:\"value\";s:11:\"max. 210 mm\";}i:3;a:2:{s:5:\"label\";s:17:\"Alto papel bobina\";s:5:\"value\";s:12:\"210 - 220 mm\";}i:4;a:2:{s:5:\"label\";s:6:\"Cierre\";s:5:\"value\";s:30:\"Llave y cerradura de pl\u00e1stico\";}i:5;a:2:{s:5:\"label\";s:13:\"Dosificaci\u00f3n\";s:5:\"value\";s:6:\"Manual\";}}"],"_default_attributes":["a:0:{}"],"_uag_css_file_name":["uag-css-3750.css"],"_uag_js_file_name":["uag-js-3750.js"],"_wc_rating_count":[""],"_wc_review_count":[""],"_wc_average_rating":[0]},"uagb_featured_image_src":{"full":["https:\/\/www.losdi.com\/wp-content\/uploads\/2025\/12\/CP-3010-BL-HIGH-scaled.webp",2524,2560,false],"thumbnail":["https:\/\/www.losdi.com\/wp-content\/uploads\/2025\/12\/CP-3010-BL-HIGH-150x150.webp",150,150,true],"medium":["https:\/\/www.losdi.com\/wp-content\/uploads\/2025\/12\/CP-3010-BL-HIGH-296x300.webp",296,300,true],"medium_large":["https:\/\/www.losdi.com\/wp-content\/uploads\/2025\/12\/CP-3010-BL-HIGH-768x779.webp",768,779,true],"large":["https:\/\/www.losdi.com\/wp-content\/uploads\/2025\/12\/CP-3010-BL-HIGH-1010x1024.webp",1010,1024,true],"1536x1536":["https:\/\/www.losdi.com\/wp-content\/uploads\/2025\/12\/CP-3010-BL-HIGH-1515x1536.webp",1515,1536,true],"2048x2048":["https:\/\/www.losdi.com\/wp-content\/uploads\/2025\/12\/CP-3010-BL-HIGH-scaled.webp",2019,2048,false],"woocommerce_thumbnail":["https:\/\/www.losdi.com\/wp-content\/uploads\/2025\/12\/CP-3010-BL-HIGH-scaled-300x300.webp",300,300,true],"woocommerce_single":["https:\/\/www.losdi.com\/wp-content\/uploads\/2025\/12\/CP-3010-BL-HIGH-scaled.webp",600,609,false],"woocommerce_gallery_thumbnail":["https:\/\/www.losdi.com\/wp-content\/uploads\/2025\/12\/CP-3010-BL-HIGH-scaled.webp",100,100,false],"yith-woocompare-image":["https:\/\/www.losdi.com\/wp-content\/uploads\/2025\/12\/CP-3010-BL-HIGH-scaled.webp",152,154,false]},"uagb_author_info":{"display_name":"redaccion","author_link":"https:\/\/www.losdi.com\/fr\/author\/"},"uagb_comment_info":0,"uagb_excerpt":"&#8211; Ce distributeur de la gamme ECO-LUXE est enti\u00e8rement fabriqu\u00e9 \u00e0 partir de PLASTIQUE 100 % RECYCL\u00c9, avec un design attrayant qui combine des surfaces lisses et rugueuses pour une exp\u00e9rience agr\u00e9able \u00e0 la vue et au toucher. &#8211; Distributeur de papier \u00e0 m\u00e8che pouvant accueillir des rouleaux de papier \u00e0 extraction centrale. &#8211; Avec\u2026","_links":{"self":[{"href":"https:\/\/www.losdi.com\/fr\/wp-json\/wp\/v2\/product\/3750","targetHints":{"allow":["GET"]}}],"collection":[{"href":"https:\/\/www.losdi.com\/fr\/wp-json\/wp\/v2\/product"}],"about":[{"href":"https:\/\/www.losdi.com\/fr\/wp-json\/wp\/v2\/types\/product"}],"wp:featuredmedia":[{"embeddable":true,"href":"https:\/\/www.losdi.com\/fr\/wp-json\/wp\/v2\/media\/3751"}],"wp:attachment":[{"href":"https:\/\/www.losdi.com\/fr\/wp-json\/wp\/v2\/media?parent=3750"}],"wp:term":[{"taxonomy":"product_brand","embeddable":true,"href":"https:\/\/www.losdi.com\/fr\/wp-json\/wp\/v2\/product_brand?post=3750"},{"taxonomy":"product_cat","embeddable":true,"href":"https:\/\/www.losdi.com\/fr\/wp-json\/wp\/v2\/product_cat?post=3750"},{"taxonomy":"product_tag","embeddable":true,"href":"https:\/\/www.losdi.com\/fr\/wp-json\/wp\/v2\/product_tag?post=3750"},{"taxonomy":"gama","embeddable":true,"href":"https:\/\/www.losdi.com\/fr\/wp-json\/wp\/v2\/gama?post=3750"}],"curies":[{"name":"wp","href":"https:\/\/api.w.org\/{rel}","templated":true}]}}