{"id":3787,"date":"2025-12-26T12:05:25","date_gmt":"2025-12-26T11:05:25","guid":{"rendered":"https:\/\/losdi.acceseo.dev\/producto\/porte-serviettes-ecoluxe\/"},"modified":"2026-04-02T08:42:01","modified_gmt":"2026-04-02T06:42:01","slug":"porte-serviettes-ecoluxe","status":"publish","type":"product","link":"https:\/\/www.losdi.com\/fr\/produit\/porte-serviettes-ecoluxe\/","title":{"rendered":"Porte-serviettes Ecoluxe"},"content":{"rendered":"<p>&#8211; Ce distributeur de la gamme ECO-LUXE est enti\u00e8rement fabriqu\u00e9 en plastique 100 % RECYCL\u00c9, avec un design accrocheur qui combine des surfaces lisses et rugueuses pour une exp\u00e9rience agr\u00e9able \u00e0 la vue et au toucher.<\/p>\n<p>&#8211; Distributeur de papier essuie-mains d&rsquo;une capacit\u00e9 de 600 services de 110 x 240 mm.<\/p>\n<p>&#8211; Il est \u00e9quip\u00e9 d&rsquo;une cl\u00e9 de s\u00e9curit\u00e9 standard LOSDI, fournie avec le produit.<\/p>\n","protected":false},"excerpt":{"rendered":"<p>Br\u00e8ve description du produit<\/p>\n","protected":false},"featured_media":3788,"template":"","meta":{"_acf_changed":false,"_uag_custom_page_level_css":""},"product_brand":[],"product_cat":[138],"product_tag":[],"gama":[142],"class_list":{"0":"post-3787","1":"product","2":"type-product","3":"status-publish","4":"has-post-thumbnail","6":"product_cat-distributeurs-dessuie-mains","7":"gama-eco-luxe","9":"first","10":"instock","11":"shipping-taxable","12":"product-type-variable"},"acf":[],"spectra_custom_meta":{"rank_math_internal_links_processed":["1"],"rank_math_primary_product_cat":["32"],"_backorders":["no"],"_download_limit":["-1"],"_download_expiry":["-1"],"_downloadable":["no"],"_manage_stock":["no"],"_sku":["CP-3009"],"_stock_status":["instock"],"_sold_individually":["no"],"_tax_class":[""],"_tax_status":["taxable"],"_virtual":["no"],"total_sales":["0"],"_price":["10"],"_thumbnail_id":["3788"],"_losdi_specs_title":["Informations et mesures"],"_losdi_specs_row_0_label":["Mat\u00e9riel"],"_losdi_specs_row_0_value":["100 % RECYCL\u00c9"],"_losdi_specs_row_1_label":["Capacit\u00e9 interne"],"_losdi_specs_row_1_value":["600 serviettes"],"_losdi_specs_row_2_label":["Profondeur"],"_losdi_specs_row_2_value":["110 mm"],"_losdi_specs_row_3_label":["Largeur des serviettes"],"_losdi_specs_row_3_value":["240 mm"],"_losdi_specs_row_4_label":["Poids \u00e0 vide (net)"],"_losdi_specs_row_4_value":["0,735 kg"],"_losdi_specs_row_5_label":["Fermeture"],"_losdi_specs_row_5_value":["Serrure et cl\u00e9 en plastique"],"_losdi_specs_row_6_label":["Dosage"],"_losdi_specs_row_6_value":["Manuel"],"url_ficha_tecnica":["https:\/\/www.losdi.com\/wp-content\/uploads\/2026\/02\/CP3009-FT-distributeur-essuie-mains-100-plastique-recycle-ECOLUXE.pdf"],"url_folleto_gama":["https:\/\/www.losdi.com\/wp-content\/uploads\/2026\/02\/ecoluxe-folleto.pdf"],"url_imagen_producto":["https:\/\/www.losdi.com\/wp-content\/uploads\/2025\/12\/CP-3009-B-HIGH-scaled.webp"],"_wcml_average_rating":[null],"_wcml_review_count":[null],"_wcml_rating_count":[null],"attr_label_translations":["a:1:{s:2:\"fr\";a:1:{s:5:\"color\";s:7:\"Couleur\";}}"],"_product_attributes":["a:1:{s:8:\"pa_color\";a:6:{s:4:\"name\";s:8:\"pa_color\";s:5:\"value\";s:0:\"\";s:8:\"position\";i:1;s:10:\"is_visible\";i:1;s:12:\"is_variation\";i:1;s:11:\"is_taxonomy\";i:1;}}"],"_product_image_gallery":[""],"_wpml_word_count":["73"],"_losdi_specs_rows":["a:7:{i:0;a:2:{s:5:\"label\";s:8:\"Material\";s:5:\"value\";s:14:\"100% RECICLADO\";}i:1;a:2:{s:5:\"label\";s:17:\"Capacidad Interna\";s:5:\"value\";s:11:\"600 Toallas\";}i:2;a:2:{s:5:\"label\";s:11:\"Profundidad\";s:5:\"value\";s:6:\"110 mm\";}i:3;a:2:{s:5:\"label\";s:13:\"Ancho toallas\";s:5:\"value\";s:6:\"240 mm\";}i:4;a:2:{s:5:\"label\";s:18:\"Peso vac\u00edo (neto)\";s:5:\"value\";s:8:\"0,735 kg\";}i:5;a:2:{s:5:\"label\";s:6:\"Cierre\";s:5:\"value\";s:30:\"Llave y cerradura de pl\u00e1stico\";}i:6;a:2:{s:5:\"label\";s:13:\"Dosificaci\u00f3n\";s:5:\"value\";s:6:\"Manual\";}}"],"_default_attributes":["a:0:{}"],"_uag_css_file_name":["uag-css-3787.css"],"_uag_js_file_name":["uag-js-3787.js"],"_wc_rating_count":[""],"_wc_review_count":[""],"_wc_average_rating":[0]},"uagb_featured_image_src":{"full":["https:\/\/www.losdi.com\/wp-content\/uploads\/2025\/12\/CP-3009-B-HIGH-scaled.webp",2560,2560,false],"thumbnail":["https:\/\/www.losdi.com\/wp-content\/uploads\/2025\/12\/CP-3009-B-HIGH-150x150.webp",150,150,true],"medium":["https:\/\/www.losdi.com\/wp-content\/uploads\/2025\/12\/CP-3009-B-HIGH-300x300.webp",300,300,true],"medium_large":["https:\/\/www.losdi.com\/wp-content\/uploads\/2025\/12\/CP-3009-B-HIGH-768x768.webp",768,768,true],"large":["https:\/\/www.losdi.com\/wp-content\/uploads\/2025\/12\/CP-3009-B-HIGH-1024x1024.webp",1024,1024,true],"1536x1536":["https:\/\/www.losdi.com\/wp-content\/uploads\/2025\/12\/CP-3009-B-HIGH-1536x1536.webp",1536,1536,true],"2048x2048":["https:\/\/www.losdi.com\/wp-content\/uploads\/2025\/12\/CP-3009-B-HIGH-2048x2048.webp",2048,2048,true],"woocommerce_thumbnail":["https:\/\/www.losdi.com\/wp-content\/uploads\/2025\/12\/CP-3009-B-HIGH-300x300.webp",300,300,true],"woocommerce_single":["https:\/\/www.losdi.com\/wp-content\/uploads\/2025\/12\/CP-3009-B-HIGH-600x600.webp",600,600,true],"woocommerce_gallery_thumbnail":["https:\/\/www.losdi.com\/wp-content\/uploads\/2025\/12\/CP-3009-B-HIGH-100x100.webp",100,100,true],"yith-woocompare-image":["https:\/\/www.losdi.com\/wp-content\/uploads\/2025\/12\/CP-3009-B-HIGH-scaled.webp",154,154,false]},"uagb_author_info":{"display_name":"redaccion","author_link":"https:\/\/www.losdi.com\/fr\/author\/"},"uagb_comment_info":0,"uagb_excerpt":"Br\u00e8ve description du produit","_links":{"self":[{"href":"https:\/\/www.losdi.com\/fr\/wp-json\/wp\/v2\/product\/3787","targetHints":{"allow":["GET"]}}],"collection":[{"href":"https:\/\/www.losdi.com\/fr\/wp-json\/wp\/v2\/product"}],"about":[{"href":"https:\/\/www.losdi.com\/fr\/wp-json\/wp\/v2\/types\/product"}],"wp:featuredmedia":[{"embeddable":true,"href":"https:\/\/www.losdi.com\/fr\/wp-json\/wp\/v2\/media\/3788"}],"wp:attachment":[{"href":"https:\/\/www.losdi.com\/fr\/wp-json\/wp\/v2\/media?parent=3787"}],"wp:term":[{"taxonomy":"product_brand","embeddable":true,"href":"https:\/\/www.losdi.com\/fr\/wp-json\/wp\/v2\/product_brand?post=3787"},{"taxonomy":"product_cat","embeddable":true,"href":"https:\/\/www.losdi.com\/fr\/wp-json\/wp\/v2\/product_cat?post=3787"},{"taxonomy":"product_tag","embeddable":true,"href":"https:\/\/www.losdi.com\/fr\/wp-json\/wp\/v2\/product_tag?post=3787"},{"taxonomy":"gama","embeddable":true,"href":"https:\/\/www.losdi.com\/fr\/wp-json\/wp\/v2\/gama?post=3787"}],"curies":[{"name":"wp","href":"https:\/\/api.w.org\/{rel}","templated":true}]}}