{"id":3812,"date":"2025-12-26T11:41:23","date_gmt":"2025-12-26T10:41:23","guid":{"rendered":"https:\/\/losdi.acceseo.dev\/producto\/distributeur-de-papier-hygienique-maxi-jumbo-ecoluxe\/"},"modified":"2026-04-02T08:40:48","modified_gmt":"2026-04-02T06:40:48","slug":"distributeur-de-papier-hygienique-maxi-jumbo-ecoluxe","status":"publish","type":"product","link":"https:\/\/www.losdi.com\/fr\/produit\/distributeur-de-papier-hygienique-maxi-jumbo-ecoluxe\/","title":{"rendered":"Distributeur de papier hygi\u00e9nique Maxi Jumbo Ecoluxe"},"content":{"rendered":"<p>&#8211; Ce distributeur de la gamme ECO-LUXE est enti\u00e8rement fabriqu\u00e9 en plastique ABS 100 % RECYCL\u00c9 et pr\u00e9sente un design attrayant qui combine des surfaces lisses et rugueuses pour une exp\u00e9rience agr\u00e9able \u00e0 la vue et au toucher.<\/p>\n<p>&#8211; Distributeur de papier hygi\u00e9nique pouvant accueillir des rouleaux de taille maxi jumbo.<\/p>\n<p>&#8211; Il est \u00e9quip\u00e9 d&rsquo;une cl\u00e9 de s\u00e9curit\u00e9 standard LOSDI, fournie avec le produit.<\/p>\n","protected":false},"excerpt":{"rendered":"<p>&#8211; Ce distributeur de la gamme ECO-LUXE est enti\u00e8rement fabriqu\u00e9 en plastique ABS 100 % RECYCL\u00c9 et pr\u00e9sente un design attrayant qui combine des surfaces lisses et rugueuses pour une exp\u00e9rience agr\u00e9able \u00e0 la vue et au toucher. &#8211; Distributeur de papier hygi\u00e9nique pouvant accueillir des rouleaux de taille maxi jumbo. &#8211; Il est \u00e9quip\u00e9 [&hellip;]<\/p>\n","protected":false},"featured_media":3813,"template":"","meta":{"_acf_changed":false,"_uag_custom_page_level_css":""},"product_brand":[],"product_cat":[143],"product_tag":[],"gama":[142],"class_list":{"0":"post-3812","1":"product","2":"type-product","3":"status-publish","4":"has-post-thumbnail","6":"product_cat-distributeurs-papier-hygienique","7":"gama-eco-luxe","9":"first","10":"instock","11":"shipping-taxable","12":"product-type-variable"},"acf":[],"spectra_custom_meta":{"rank_math_internal_links_processed":["1"],"rank_math_primary_product_cat":["37"],"_backorders":["no"],"_download_limit":["-1"],"_download_expiry":["-1"],"_downloadable":["no"],"_manage_stock":["no"],"_sku":["CP-3007"],"_stock_status":["instock"],"_sold_individually":["no"],"_tax_class":[""],"_tax_status":["taxable"],"_virtual":["no"],"total_sales":["0"],"_product_image_gallery":["3814,3815"],"_thumbnail_id":["3813"],"_losdi_specs_title":["Informations et mesures"],"_losdi_specs_row_0_label":["Mat\u00e9riel"],"_losdi_specs_row_0_value":["100 % plastique recycl\u00e9"],"_losdi_specs_row_1_label":["Poids \u00e0 vide (net)"],"_losdi_specs_row_1_value":["0,660 kg"],"_losdi_specs_row_2_label":["Diam\u00e8tre du rouleau de papier"],"_losdi_specs_row_2_value":["Max. 270 mm"],"_losdi_specs_row_3_label":["Canule rouleau de papier"],"_losdi_specs_row_3_value":["56 mm"],"_losdi_specs_row_4_label":["Largeur du papier en rouleau"],"_losdi_specs_row_4_value":["110 mm"],"_losdi_specs_row_5_label":["Capacit\u00e9 du rouleau de papier (2 couches)"],"_losdi_specs_row_5_value":["400 m"],"_losdi_specs_row_6_label":["Fermeture"],"_losdi_specs_row_6_value":["Serrure et cl\u00e9 en plastique"],"_losdi_specs_row_7_label":["Dosage"],"_losdi_specs_row_7_value":["Manuel"],"url_ficha_tecnica":["https:\/\/www.losdi.com\/wp-content\/uploads\/2026\/02\/CP3007-FT-distributeur-papier-hygienique-maxi-jumbo-ECOLUXE.pdf"],"url_folleto_gama":["https:\/\/www.losdi.com\/wp-content\/uploads\/2026\/02\/ecoluxe-folleto.pdf"],"url_imagen_producto":["https:\/\/www.losdi.com\/wp-content\/uploads\/2025\/12\/CP-3007-B-HIGH-scaled.webp"],"_wcml_average_rating":[null],"_wcml_review_count":[null],"_wcml_rating_count":[null],"attr_label_translations":["a:1:{s:2:\"fr\";a:1:{s:5:\"color\";s:7:\"Couleur\";}}"],"_product_attributes":["a:1:{s:8:\"pa_color\";a:6:{s:4:\"name\";s:8:\"pa_color\";s:5:\"value\";s:0:\"\";s:8:\"position\";i:1;s:10:\"is_visible\";i:1;s:12:\"is_variation\";i:1;s:11:\"is_taxonomy\";i:1;}}"],"_wpml_word_count":["77"],"_price":["10"],"_losdi_specs_rows":["a:8:{i:0;a:2:{s:5:\"label\";s:8:\"Material\";s:5:\"value\";s:24:\"100% pl\u00e1stico reciclado\";}i:1;a:2:{s:5:\"label\";s:18:\"Peso vac\u00edo (neto)\";s:5:\"value\";s:8:\"0,660 kg\";}i:2;a:2:{s:5:\"label\";s:24:\"Di\u00e1metro rollo de papel\";s:5:\"value\";s:12:\"M\u00e1x. 270 mm\";}i:3;a:2:{s:5:\"label\";s:22:\"C\u00e1nula rollo de papel\";s:5:\"value\";s:5:\"56 mm\";}i:4;a:2:{s:5:\"label\";s:18:\"Ancho papel bobina\";s:5:\"value\";s:6:\"110 mm\";}i:5;a:2:{s:5:\"label\";s:34:\"Capacidad rollo de papel (2 capas)\";s:5:\"value\";s:5:\"400 m\";}i:6;a:2:{s:5:\"label\";s:6:\"Cierre\";s:5:\"value\";s:30:\"Llave y cerradura de pl\u00e1stico\";}i:7;a:2:{s:5:\"label\";s:13:\"Dosificaci\u00f3n\";s:5:\"value\";s:6:\"Manual\";}}"],"_default_attributes":["a:0:{}"],"_uag_css_file_name":["uag-css-3812.css"],"_uag_js_file_name":["uag-js-3812.js"],"_wc_rating_count":[""],"_wc_review_count":[""],"_wc_average_rating":[0]},"uagb_featured_image_src":{"full":["https:\/\/www.losdi.com\/wp-content\/uploads\/2025\/12\/CP-3007-B-HIGH-scaled.webp",2560,2560,false],"thumbnail":["https:\/\/www.losdi.com\/wp-content\/uploads\/2025\/12\/CP-3007-B-HIGH-150x150.webp",150,150,true],"medium":["https:\/\/www.losdi.com\/wp-content\/uploads\/2025\/12\/CP-3007-B-HIGH-300x300.webp",300,300,true],"medium_large":["https:\/\/www.losdi.com\/wp-content\/uploads\/2025\/12\/CP-3007-B-HIGH-768x768.webp",768,768,true],"large":["https:\/\/www.losdi.com\/wp-content\/uploads\/2025\/12\/CP-3007-B-HIGH-1024x1024.webp",1024,1024,true],"1536x1536":["https:\/\/www.losdi.com\/wp-content\/uploads\/2025\/12\/CP-3007-B-HIGH-1536x1536.webp",1536,1536,true],"2048x2048":["https:\/\/www.losdi.com\/wp-content\/uploads\/2025\/12\/CP-3007-B-HIGH-2048x2048.webp",2048,2048,true],"woocommerce_thumbnail":["https:\/\/www.losdi.com\/wp-content\/uploads\/2025\/12\/CP-3007-B-HIGH-300x300.webp",300,300,true],"woocommerce_single":["https:\/\/www.losdi.com\/wp-content\/uploads\/2025\/12\/CP-3007-B-HIGH-600x600.webp",600,600,true],"woocommerce_gallery_thumbnail":["https:\/\/www.losdi.com\/wp-content\/uploads\/2025\/12\/CP-3007-B-HIGH-100x100.webp",100,100,true],"yith-woocompare-image":["https:\/\/www.losdi.com\/wp-content\/uploads\/2025\/12\/CP-3007-B-HIGH-scaled.webp",154,154,false]},"uagb_author_info":{"display_name":"redaccion","author_link":"https:\/\/www.losdi.com\/fr\/author\/"},"uagb_comment_info":0,"uagb_excerpt":"&#8211; Ce distributeur de la gamme ECO-LUXE est enti\u00e8rement fabriqu\u00e9 en plastique ABS 100 % RECYCL\u00c9 et pr\u00e9sente un design attrayant qui combine des surfaces lisses et rugueuses pour une exp\u00e9rience agr\u00e9able \u00e0 la vue et au toucher. &#8211; Distributeur de papier hygi\u00e9nique pouvant accueillir des rouleaux de taille maxi jumbo. &#8211; Il est \u00e9quip\u00e9\u2026","_links":{"self":[{"href":"https:\/\/www.losdi.com\/fr\/wp-json\/wp\/v2\/product\/3812","targetHints":{"allow":["GET"]}}],"collection":[{"href":"https:\/\/www.losdi.com\/fr\/wp-json\/wp\/v2\/product"}],"about":[{"href":"https:\/\/www.losdi.com\/fr\/wp-json\/wp\/v2\/types\/product"}],"wp:featuredmedia":[{"embeddable":true,"href":"https:\/\/www.losdi.com\/fr\/wp-json\/wp\/v2\/media\/3813"}],"wp:attachment":[{"href":"https:\/\/www.losdi.com\/fr\/wp-json\/wp\/v2\/media?parent=3812"}],"wp:term":[{"taxonomy":"product_brand","embeddable":true,"href":"https:\/\/www.losdi.com\/fr\/wp-json\/wp\/v2\/product_brand?post=3812"},{"taxonomy":"product_cat","embeddable":true,"href":"https:\/\/www.losdi.com\/fr\/wp-json\/wp\/v2\/product_cat?post=3812"},{"taxonomy":"product_tag","embeddable":true,"href":"https:\/\/www.losdi.com\/fr\/wp-json\/wp\/v2\/product_tag?post=3812"},{"taxonomy":"gama","embeddable":true,"href":"https:\/\/www.losdi.com\/fr\/wp-json\/wp\/v2\/gama?post=3812"}],"curies":[{"name":"wp","href":"https:\/\/api.w.org\/{rel}","templated":true}]}}