{"id":3913,"date":"2025-12-26T10:25:00","date_gmt":"2025-12-26T09:25:00","guid":{"rendered":"https:\/\/losdi.acceseo.dev\/producto\/distributeur-de-savon-liquide-ecoluxe\/"},"modified":"2026-04-02T08:35:51","modified_gmt":"2026-04-02T06:35:51","slug":"distributeur-de-savon-liquide-ecoluxe","status":"publish","type":"product","link":"https:\/\/www.losdi.com\/fr\/produit\/distributeur-de-savon-liquide-ecoluxe\/","title":{"rendered":"Distributeur de savon liquide Ecoluxe"},"content":{"rendered":"<p>&#8211; Ce distributeur de la gamme ECO-LUXE est enti\u00e8rement fabriqu\u00e9 \u00e0 partir de PLASTIQUE 100 % RECYCL\u00c9 et pr\u00e9sente un design attrayant qui combine des surfaces lisses et rugueuses pour une exp\u00e9rience agr\u00e9able \u00e0 la vue et au toucher.<\/p>\n<p>&#8211; Il est dot\u00e9 d&rsquo;une fen\u00eatre sur le corps permettant de voir le consommable \u00e0 l&rsquo;int\u00e9rieur.<\/p>\n<p>&#8211; Il est \u00e9quip\u00e9 d&rsquo;une cl\u00e9 de s\u00e9curit\u00e9 standard LOSDI, fournie avec le produit.<\/p>\n","protected":false},"excerpt":{"rendered":"<p>Br\u00e8ve description du produit<\/p>\n","protected":false},"featured_media":3914,"template":"","meta":{"_acf_changed":false,"_uag_custom_page_level_css":""},"product_brand":[],"product_cat":[136],"product_tag":[],"gama":[142],"class_list":{"0":"post-3913","1":"product","2":"type-product","3":"status-publish","4":"has-post-thumbnail","6":"product_cat-distributeurs-de-savon","7":"gama-eco-luxe","9":"first","10":"instock","11":"shipping-taxable","12":"product-type-variable"},"acf":[],"spectra_custom_meta":{"rank_math_internal_links_processed":["1"],"rank_math_primary_product_cat":["30"],"_backorders":["no"],"_download_limit":["-1"],"_download_expiry":["-1"],"_downloadable":["no"],"_manage_stock":["no"],"_sku":["CJ-3003"],"_stock_status":["instock"],"_sold_individually":["no"],"_tax_class":[""],"_tax_status":["taxable"],"_virtual":["no"],"total_sales":["0"],"_price":["10"],"_product_image_gallery":["3915,3916"],"_thumbnail_id":["3914"],"_losdi_specs_title":["Informations et mesures"],"_losdi_specs_row_0_label":["Mat\u00e9riel"],"_losdi_specs_row_0_value":["100 % plastique recycl\u00e9"],"_losdi_specs_row_1_label":["Capacit\u00e9"],"_losdi_specs_row_1_value":["1000 ml"],"_losdi_specs_row_2_label":["Syst\u00e8me"],"_losdi_specs_row_2_value":["Valve anti-goutte"],"_losdi_specs_row_3_label":["Bouton poussoir"],"_losdi_specs_row_3_value":["Ergonomique"],"_losdi_specs_row_4_label":["Poids \u00e0 vide (net)"],"_losdi_specs_row_4_value":["0,368 kg"],"_losdi_specs_row_5_label":["Fermeture"],"_losdi_specs_row_5_value":["Serrure et cl\u00e9 en plastique"],"_losdi_specs_row_6_label":["Dosage"],"_losdi_specs_row_6_value":["Manuel"],"url_ficha_tecnica":["https:\/\/www.losdi.com\/wp-content\/uploads\/2026\/02\/CJ3003-FT-distributeur-savon-liquide-100-plastique-recycle-ECOLUXE.pdf"],"url_folleto_gama":["https:\/\/www.losdi.com\/wp-content\/uploads\/2026\/02\/ecoluxe-folleto.pdf"],"url_imagen_producto":["https:\/\/www.losdi.com\/wp-content\/uploads\/2025\/12\/CJ-3003-B-high-scaled.webp"],"_wcml_average_rating":[null],"_wcml_review_count":[null],"_wcml_rating_count":[null],"attr_label_translations":["a:1:{s:2:\"fr\";a:1:{s:5:\"color\";s:7:\"Couleur\";}}"],"_product_attributes":["a:1:{s:8:\"pa_color\";a:6:{s:4:\"name\";s:8:\"pa_color\";s:5:\"value\";s:0:\"\";s:8:\"position\";i:1;s:10:\"is_visible\";i:1;s:12:\"is_variation\";i:1;s:11:\"is_taxonomy\";i:1;}}"],"_wpml_word_count":["81"],"_losdi_specs_rows":["a:7:{i:0;a:2:{s:5:\"label\";s:8:\"Material\";s:5:\"value\";s:24:\"100% pl\u00e1stico reciclado\";}i:1;a:2:{s:5:\"label\";s:9:\"Capacidad\";s:5:\"value\";s:7:\"1000 ml\";}i:2;a:2:{s:5:\"label\";s:7:\"Sistema\";s:5:\"value\";s:18:\"V\u00e1lvula antigoteo\";}i:3;a:2:{s:5:\"label\";s:8:\"Pulsador\";s:5:\"value\";s:11:\"Ergon\u00f3mico\";}i:4;a:2:{s:5:\"label\";s:18:\"Peso vac\u00edo (neto)\";s:5:\"value\";s:8:\"0,368 kg\";}i:5;a:2:{s:5:\"label\";s:6:\"Cierre\";s:5:\"value\";s:30:\"Llave y cerradura de pl\u00e1stico\";}i:6;a:2:{s:5:\"label\";s:13:\"Dosificaci\u00f3n\";s:5:\"value\";s:6:\"Manual\";}}"],"_default_attributes":["a:0:{}"],"_uag_css_file_name":["uag-css-3913.css"],"_uag_js_file_name":["uag-js-3913.js"],"_wc_rating_count":[""],"_wc_review_count":[""],"_wc_average_rating":[0]},"uagb_featured_image_src":{"full":["https:\/\/www.losdi.com\/wp-content\/uploads\/2025\/12\/CJ-3003-B-high-scaled.webp",2560,2560,false],"thumbnail":["https:\/\/www.losdi.com\/wp-content\/uploads\/2025\/12\/CJ-3003-B-high-150x150.webp",150,150,true],"medium":["https:\/\/www.losdi.com\/wp-content\/uploads\/2025\/12\/CJ-3003-B-high-300x300.webp",300,300,true],"medium_large":["https:\/\/www.losdi.com\/wp-content\/uploads\/2025\/12\/CJ-3003-B-high-768x768.webp",768,768,true],"large":["https:\/\/www.losdi.com\/wp-content\/uploads\/2025\/12\/CJ-3003-B-high-1024x1024.webp",1024,1024,true],"1536x1536":["https:\/\/www.losdi.com\/wp-content\/uploads\/2025\/12\/CJ-3003-B-high-1536x1536.webp",1536,1536,true],"2048x2048":["https:\/\/www.losdi.com\/wp-content\/uploads\/2025\/12\/CJ-3003-B-high-2048x2048.webp",2048,2048,true],"woocommerce_thumbnail":["https:\/\/www.losdi.com\/wp-content\/uploads\/2025\/12\/CJ-3003-B-high-300x300.webp",300,300,true],"woocommerce_single":["https:\/\/www.losdi.com\/wp-content\/uploads\/2025\/12\/CJ-3003-B-high-600x600.webp",600,600,true],"woocommerce_gallery_thumbnail":["https:\/\/www.losdi.com\/wp-content\/uploads\/2025\/12\/CJ-3003-B-high-100x100.webp",100,100,true],"yith-woocompare-image":["https:\/\/www.losdi.com\/wp-content\/uploads\/2025\/12\/CJ-3003-B-high-scaled.webp",154,154,false]},"uagb_author_info":{"display_name":"redaccion","author_link":"https:\/\/www.losdi.com\/fr\/author\/"},"uagb_comment_info":0,"uagb_excerpt":"Br\u00e8ve description du produit","_links":{"self":[{"href":"https:\/\/www.losdi.com\/fr\/wp-json\/wp\/v2\/product\/3913","targetHints":{"allow":["GET"]}}],"collection":[{"href":"https:\/\/www.losdi.com\/fr\/wp-json\/wp\/v2\/product"}],"about":[{"href":"https:\/\/www.losdi.com\/fr\/wp-json\/wp\/v2\/types\/product"}],"wp:featuredmedia":[{"embeddable":true,"href":"https:\/\/www.losdi.com\/fr\/wp-json\/wp\/v2\/media\/3914"}],"wp:attachment":[{"href":"https:\/\/www.losdi.com\/fr\/wp-json\/wp\/v2\/media?parent=3913"}],"wp:term":[{"taxonomy":"product_brand","embeddable":true,"href":"https:\/\/www.losdi.com\/fr\/wp-json\/wp\/v2\/product_brand?post=3913"},{"taxonomy":"product_cat","embeddable":true,"href":"https:\/\/www.losdi.com\/fr\/wp-json\/wp\/v2\/product_cat?post=3913"},{"taxonomy":"product_tag","embeddable":true,"href":"https:\/\/www.losdi.com\/fr\/wp-json\/wp\/v2\/product_tag?post=3913"},{"taxonomy":"gama","embeddable":true,"href":"https:\/\/www.losdi.com\/fr\/wp-json\/wp\/v2\/gama?post=3913"}],"curies":[{"name":"wp","href":"https:\/\/api.w.org\/{rel}","templated":true}]}}