{"id":3938,"date":"2025-11-24T09:31:35","date_gmt":"2025-11-24T08:31:35","guid":{"rendered":"https:\/\/losdi.acceseo.dev\/producto\/porte-serviettes-en-acier-inoxydable\/"},"modified":"2026-04-02T08:34:07","modified_gmt":"2026-04-02T06:34:07","slug":"porte-serviettes-en-acier-inoxydable","status":"publish","type":"product","link":"https:\/\/www.losdi.com\/fr\/produit\/porte-serviettes-en-acier-inoxydable\/","title":{"rendered":"Porte-serviettes en acier inoxydable"},"content":{"rendered":"<p>&#8211; Fabriqu\u00e9 en ACIER INOXYDABLE AISI 304, ce distributeur est compact, robuste et anti-vandalisme.<\/p>\n<p>&#8211; Id\u00e9al pour les toilettes \u00e0 forte fr\u00e9quentation.<\/p>\n<p>&#8211; Distributeur de s\u00e8che-serviettes en acier inoxydable, issu de la gamme sup\u00e9rieure de la ligne Elegance, il emp\u00eache la rouille et s&rsquo;adapte \u00e0 tous les espaces gr\u00e2ce \u00e0 son design polyvalent.<\/p>\n<p>&#8211; Il est \u00e9quip\u00e9 d&rsquo;une cl\u00e9 de s\u00e9curit\u00e9 standard Losdi, fournie avec le produit.<\/p>\n","protected":false},"excerpt":{"rendered":"<p>Br\u00e8ve description du produit<\/p>\n","protected":false},"featured_media":5032,"template":"","meta":{"_acf_changed":false,"_uag_custom_page_level_css":""},"product_brand":[],"product_cat":[132],"product_tag":[],"gama":[147],"class_list":{"0":"post-3938","1":"product","2":"type-product","3":"status-publish","4":"has-post-thumbnail","6":"product_cat-porte-serviettes","7":"gama-elegance","9":"first","10":"instock","11":"shipping-taxable","12":"product-type-variable"},"acf":[],"spectra_custom_meta":{"rank_math_internal_links_processed":["1"],"rank_math_primary_product_cat":["34"],"_backorders":["no"],"_download_limit":["-1"],"_download_expiry":["-1"],"_downloadable":["no"],"_manage_stock":["no"],"_sku":["CO-0107"],"_stock_status":["instock"],"_sold_individually":["no"],"_tax_class":[""],"_tax_status":["taxable"],"_virtual":["no"],"total_sales":["0"],"_price":["10"],"_losdi_specs_title":["Informations et mesures"],"url_ficha_tecnica":["https:\/\/www.losdi.com\/wp-content\/uploads\/2026\/02\/fiche-technique-distributeur-essuie-mains-co-107.pdf"],"url_folleto_gama":["https:\/\/www.losdi.com\/wp-content\/uploads\/2026\/02\/Elegance-folleto.pdf"],"_losdi_specs_row_0_label":["Mat\u00e9riel"],"_losdi_specs_row_0_value":["ACIER INOXYDABLE 304"],"_losdi_specs_row_1_label":["Capacit\u00e9 interne"],"_losdi_specs_row_1_value":["600 serviettes"],"_losdi_specs_row_2_label":["Profondeur"],"_losdi_specs_row_2_value":["110 mm"],"_losdi_specs_row_3_label":["Largeur des serviettes"],"_losdi_specs_row_3_value":["240 mm"],"_losdi_specs_row_5_label":["Poids \u00e0 vide (net)"],"_losdi_specs_row_5_value":["1,626 kg"],"_losdi_specs_row_6_label":["Dosage"],"_losdi_specs_row_6_value":["Manuel"],"_wcml_average_rating":[null],"_wcml_review_count":[null],"_wcml_rating_count":[null],"_product_attributes":["a:1:{s:8:\"pa_color\";a:6:{s:4:\"name\";s:8:\"pa_color\";s:5:\"value\";s:0:\"\";s:8:\"position\";i:0;s:10:\"is_visible\";i:1;s:12:\"is_variation\";i:1;s:11:\"is_taxonomy\";i:1;}}"],"_product_image_gallery":["5032,5035"],"_wpml_word_count":["84"],"_thumbnail_id":["5032"],"_losdi_specs_rows":["a:6:{i:0;a:2:{s:5:\"label\";s:8:\"Material\";s:5:\"value\";s:20:\"ACERO INOXIDABLE 304\";}i:1;a:2:{s:5:\"label\";s:17:\"Capacidad interna\";s:5:\"value\";s:11:\"600 Toallas\";}i:2;a:2:{s:5:\"label\";s:11:\"Profundidad\";s:5:\"value\";s:6:\"110 mm\";}i:3;a:2:{s:5:\"label\";s:13:\"Ancho toallas\";s:5:\"value\";s:6:\"240 mm\";}i:4;a:2:{s:5:\"label\";s:18:\"Peso vac\u00edo (neto)\";s:5:\"value\";s:8:\"1,626 kg\";}i:5;a:2:{s:5:\"label\";s:18:\"Peso vac\u00edo (neto)\";s:5:\"value\";s:8:\"1,626 kg\";}}"],"url_imagen_producto":[""],"_losdi_specs_row_4_label":[""],"_losdi_specs_row_4_value":[""],"_default_attributes":["a:0:{}"],"_uag_css_file_name":["uag-css-3938.css"],"_uag_js_file_name":["uag-js-3938.js"],"_wc_rating_count":[""],"_wc_review_count":[""],"_wc_average_rating":[0]},"uagb_featured_image_src":{"full":["https:\/\/www.losdi.com\/wp-content\/uploads\/2025\/11\/dispensador-de-papel-toalla-elegance-inox-brillo_5576135_xxl.png",498,600,false],"thumbnail":["https:\/\/www.losdi.com\/wp-content\/uploads\/2025\/11\/dispensador-de-papel-toalla-elegance-inox-brillo_5576135_xxl-150x150.png",150,150,true],"medium":["https:\/\/www.losdi.com\/wp-content\/uploads\/2025\/11\/dispensador-de-papel-toalla-elegance-inox-brillo_5576135_xxl-249x300.png",249,300,true],"medium_large":["https:\/\/www.losdi.com\/wp-content\/uploads\/2025\/11\/dispensador-de-papel-toalla-elegance-inox-brillo_5576135_xxl.png",498,600,false],"large":["https:\/\/www.losdi.com\/wp-content\/uploads\/2025\/11\/dispensador-de-papel-toalla-elegance-inox-brillo_5576135_xxl.png",498,600,false],"1536x1536":["https:\/\/www.losdi.com\/wp-content\/uploads\/2025\/11\/dispensador-de-papel-toalla-elegance-inox-brillo_5576135_xxl.png",498,600,false],"2048x2048":["https:\/\/www.losdi.com\/wp-content\/uploads\/2025\/11\/dispensador-de-papel-toalla-elegance-inox-brillo_5576135_xxl.png",498,600,false],"woocommerce_thumbnail":["https:\/\/www.losdi.com\/wp-content\/uploads\/2025\/11\/dispensador-de-papel-toalla-elegance-inox-brillo_5576135_xxl-300x300.png",300,300,true],"woocommerce_single":["https:\/\/www.losdi.com\/wp-content\/uploads\/2025\/11\/dispensador-de-papel-toalla-elegance-inox-brillo_5576135_xxl.png",498,600,false],"woocommerce_gallery_thumbnail":["https:\/\/www.losdi.com\/wp-content\/uploads\/2025\/11\/dispensador-de-papel-toalla-elegance-inox-brillo_5576135_xxl-100x100.png",100,100,true],"yith-woocompare-image":["https:\/\/www.losdi.com\/wp-content\/uploads\/2025\/11\/dispensador-de-papel-toalla-elegance-inox-brillo_5576135_xxl-220x154.png",220,154,true]},"uagb_author_info":{"display_name":"redaccion","author_link":"https:\/\/www.losdi.com\/fr\/author\/"},"uagb_comment_info":0,"uagb_excerpt":"Br\u00e8ve description du produit","_links":{"self":[{"href":"https:\/\/www.losdi.com\/fr\/wp-json\/wp\/v2\/product\/3938","targetHints":{"allow":["GET"]}}],"collection":[{"href":"https:\/\/www.losdi.com\/fr\/wp-json\/wp\/v2\/product"}],"about":[{"href":"https:\/\/www.losdi.com\/fr\/wp-json\/wp\/v2\/types\/product"}],"wp:featuredmedia":[{"embeddable":true,"href":"https:\/\/www.losdi.com\/fr\/wp-json\/wp\/v2\/media\/5032"}],"wp:attachment":[{"href":"https:\/\/www.losdi.com\/fr\/wp-json\/wp\/v2\/media?parent=3938"}],"wp:term":[{"taxonomy":"product_brand","embeddable":true,"href":"https:\/\/www.losdi.com\/fr\/wp-json\/wp\/v2\/product_brand?post=3938"},{"taxonomy":"product_cat","embeddable":true,"href":"https:\/\/www.losdi.com\/fr\/wp-json\/wp\/v2\/product_cat?post=3938"},{"taxonomy":"product_tag","embeddable":true,"href":"https:\/\/www.losdi.com\/fr\/wp-json\/wp\/v2\/product_tag?post=3938"},{"taxonomy":"gama","embeddable":true,"href":"https:\/\/www.losdi.com\/fr\/wp-json\/wp\/v2\/gama?post=3938"}],"curies":[{"name":"wp","href":"https:\/\/api.w.org\/{rel}","templated":true}]}}