{"id":4033,"date":"2025-12-29T12:50:39","date_gmt":"2025-12-29T11:50:39","guid":{"rendered":"https:\/\/losdi.acceseo.dev\/producto\/distributeur-de-papier-intercale-z\/"},"modified":"2026-04-02T09:54:18","modified_gmt":"2026-04-02T07:54:18","slug":"distributeur-de-papier-intercale-z","status":"publish","type":"product","link":"https:\/\/www.losdi.com\/fr\/produit\/distributeur-de-papier-intercale-z\/","title":{"rendered":"Distributeur de papier intercal\u00e9 Z"},"content":{"rendered":"<p>&#8211; Fabriqu\u00e9 en ABS, ce distributeur est compact, robuste et anti-vandalisme. Id\u00e9al pour les toilettes \u00e0 forte fr\u00e9quentation.<\/p>\n<p>&#8211; Distributeur de papier hygi\u00e9nique pli\u00e9 en Z de la gamme Elegance, avec un design polyvalent qui s&rsquo;adapte \u00e0 tous les espaces.<\/p>\n<p>&#8211; Il est \u00e9quip\u00e9 d&rsquo;une cl\u00e9 de s\u00e9curit\u00e9 standard Losdi, fournie avec le produit.<\/p>\n","protected":false},"excerpt":{"rendered":"<p>Br\u00e8ve description du produit<\/p>\n","protected":false},"featured_media":4034,"template":"","meta":{"_acf_changed":false,"_uag_custom_page_level_css":""},"product_brand":[],"product_cat":[143],"product_tag":[],"gama":[147],"class_list":{"0":"post-4033","1":"product","2":"type-product","3":"status-publish","4":"has-post-thumbnail","6":"product_cat-distributeurs-papier-hygienique","7":"gama-elegance","9":"first","10":"instock","11":"shipping-taxable","12":"product-type-variable"},"acf":[],"spectra_custom_meta":{"rank_math_internal_links_processed":["1"],"rank_math_primary_product_cat":["37"],"_backorders":["no"],"_download_limit":["-1"],"_download_expiry":["-1"],"_downloadable":["no"],"_manage_stock":["no"],"_stock_status":["instock"],"_sold_individually":["no"],"_tax_class":[""],"_tax_status":["taxable"],"_virtual":["no"],"total_sales":["0"],"_price":["10"],"_product_image_gallery":["4035,4036"],"_thumbnail_id":["4034"],"_losdi_specs_title":["Informations et mesures"],"_losdi_specs_row_0_label":["Mat\u00e9riel"],"_losdi_specs_row_0_value":["ABS"],"_losdi_specs_row_1_label":["Capacit\u00e9 interne"],"_losdi_specs_row_1_value":["540 (+\/- 1 %) Serviettes"],"_losdi_specs_row_2_label":["Profondeur"],"_losdi_specs_row_2_value":["200 mm"],"_losdi_specs_row_3_label":["Largeur des serviettes"],"_losdi_specs_row_3_value":["100-110 mm"],"_losdi_specs_row_4_label":["Poids \u00e0 vide (net)"],"_losdi_specs_row_4_value":["0,426 kg"],"_losdi_specs_row_5_label":["Fermeture"],"_losdi_specs_row_5_value":["Serrure et cl\u00e9 en plastique"],"_losdi_specs_row_6_label":["Dosage"],"_losdi_specs_row_6_value":["Manuel"],"url_ficha_tecnica":["https:\/\/www.losdi.com\/wp-content\/uploads\/2026\/02\/CP0201-FT-distributeur-papier-hygienique-ABS-ELEGANCE.pdf"],"url_folleto_gama":["https:\/\/www.losdi.com\/wp-content\/uploads\/2026\/02\/Elegance-folleto.pdf"],"url_imagen_producto":["https:\/\/www.losdi.com\/wp-content\/uploads\/2025\/12\/dispensador-papel-higienico-CP0201-BL.webp"],"_wcml_average_rating":[null],"_wcml_review_count":[null],"_wcml_rating_count":[null],"attr_label_translations":["a:1:{s:2:\"fr\";a:1:{s:5:\"color\";s:7:\"Couleur\";}}"],"_product_attributes":["a:1:{s:8:\"pa_color\";a:6:{s:4:\"name\";s:8:\"pa_color\";s:5:\"value\";s:0:\"\";s:8:\"position\";i:1;s:10:\"is_visible\";i:1;s:12:\"is_variation\";i:1;s:11:\"is_taxonomy\";i:1;}}"],"_wpml_word_count":["69"],"_sku":["CP-0201"],"_losdi_specs_rows":["a:7:{i:0;a:2:{s:5:\"label\";s:8:\"Material\";s:5:\"value\";s:3:\"ABS\";}i:1;a:2:{s:5:\"label\";s:17:\"Capacidad Interna\";s:5:\"value\";s:20:\"540 (+\/- 1%) Toallas\";}i:2;a:2:{s:5:\"label\";s:11:\"Profundidad\";s:5:\"value\";s:6:\"200 mm\";}i:3;a:2:{s:5:\"label\";s:15:\"Anchura toallas\";s:5:\"value\";s:10:\"100-110 mm\";}i:4;a:2:{s:5:\"label\";s:18:\"Peso vac\u00edo (neto)\";s:5:\"value\";s:8:\"0,426 kg\";}i:5;a:2:{s:5:\"label\";s:6:\"Cierre\";s:5:\"value\";s:30:\"Llave y cerradura de pl\u00e1stico\";}i:6;a:2:{s:5:\"label\";s:13:\"Dosificaci\u00f3n\";s:5:\"value\";s:6:\"Manual\";}}"],"_default_attributes":["a:0:{}"],"_uag_css_file_name":["uag-css-4033.css"],"_uag_js_file_name":["uag-js-4033.js"],"_wc_rating_count":[""],"_wc_review_count":[""],"_wc_average_rating":[0]},"uagb_featured_image_src":{"full":["https:\/\/www.losdi.com\/wp-content\/uploads\/2025\/12\/dispensador-papel-higienico-CP0201-BL.webp",1056,1577,false],"thumbnail":["https:\/\/www.losdi.com\/wp-content\/uploads\/2025\/12\/dispensador-papel-higienico-CP0201-BL-150x150.webp",150,150,true],"medium":["https:\/\/www.losdi.com\/wp-content\/uploads\/2025\/12\/dispensador-papel-higienico-CP0201-BL-201x300.webp",201,300,true],"medium_large":["https:\/\/www.losdi.com\/wp-content\/uploads\/2025\/12\/dispensador-papel-higienico-CP0201-BL-768x1147.webp",768,1147,true],"large":["https:\/\/www.losdi.com\/wp-content\/uploads\/2025\/12\/dispensador-papel-higienico-CP0201-BL-686x1024.webp",686,1024,true],"1536x1536":["https:\/\/www.losdi.com\/wp-content\/uploads\/2025\/12\/dispensador-papel-higienico-CP0201-BL-1029x1536.webp",1029,1536,true],"2048x2048":["https:\/\/www.losdi.com\/wp-content\/uploads\/2025\/12\/dispensador-papel-higienico-CP0201-BL.webp",1056,1577,false],"woocommerce_thumbnail":["https:\/\/www.losdi.com\/wp-content\/uploads\/2025\/12\/dispensador-papel-higienico-CP0201-BL-300x300.webp",300,300,true],"woocommerce_single":["https:\/\/www.losdi.com\/wp-content\/uploads\/2025\/12\/dispensador-papel-higienico-CP0201-BL-600x896.webp",600,896,true],"woocommerce_gallery_thumbnail":["https:\/\/www.losdi.com\/wp-content\/uploads\/2025\/12\/dispensador-papel-higienico-CP0201-BL-100x100.webp",100,100,true],"yith-woocompare-image":["https:\/\/www.losdi.com\/wp-content\/uploads\/2025\/12\/dispensador-papel-higienico-CP0201-BL.webp",103,154,false]},"uagb_author_info":{"display_name":"redaccion","author_link":"https:\/\/www.losdi.com\/fr\/author\/"},"uagb_comment_info":0,"uagb_excerpt":"Br\u00e8ve description du produit","_links":{"self":[{"href":"https:\/\/www.losdi.com\/fr\/wp-json\/wp\/v2\/product\/4033","targetHints":{"allow":["GET"]}}],"collection":[{"href":"https:\/\/www.losdi.com\/fr\/wp-json\/wp\/v2\/product"}],"about":[{"href":"https:\/\/www.losdi.com\/fr\/wp-json\/wp\/v2\/types\/product"}],"wp:featuredmedia":[{"embeddable":true,"href":"https:\/\/www.losdi.com\/fr\/wp-json\/wp\/v2\/media\/4034"}],"wp:attachment":[{"href":"https:\/\/www.losdi.com\/fr\/wp-json\/wp\/v2\/media?parent=4033"}],"wp:term":[{"taxonomy":"product_brand","embeddable":true,"href":"https:\/\/www.losdi.com\/fr\/wp-json\/wp\/v2\/product_brand?post=4033"},{"taxonomy":"product_cat","embeddable":true,"href":"https:\/\/www.losdi.com\/fr\/wp-json\/wp\/v2\/product_cat?post=4033"},{"taxonomy":"product_tag","embeddable":true,"href":"https:\/\/www.losdi.com\/fr\/wp-json\/wp\/v2\/product_tag?post=4033"},{"taxonomy":"gama","embeddable":true,"href":"https:\/\/www.losdi.com\/fr\/wp-json\/wp\/v2\/gama?post=4033"}],"curies":[{"name":"wp","href":"https:\/\/api.w.org\/{rel}","templated":true}]}}