{"id":4056,"date":"2025-12-29T12:54:41","date_gmt":"2025-12-29T11:54:41","guid":{"rendered":"https:\/\/losdi.acceseo.dev\/producto\/seche-mains-vertical\/"},"modified":"2026-04-02T09:55:19","modified_gmt":"2026-04-02T07:55:19","slug":"seche-mains-vertical","status":"publish","type":"product","link":"https:\/\/www.losdi.com\/fr\/produit\/seche-mains-vertical\/","title":{"rendered":"S\u00e8che-mains vertical"},"content":{"rendered":"<p>&#8211; Ce mod\u00e8le de s\u00e8che-mains vertical de la gamme Elegance pr\u00e9sente un design qui s&rsquo;int\u00e8gre facilement dans les toilettes. Convient aux toilettes \u00e0 forte fr\u00e9quentation.<\/p>\n<p>&#8211; Design compact, robuste et anti-vandalisme.<\/p>\n<p>&#8211; Syst\u00e8me Ecofrendly, permet de gagner du temps et de r\u00e9duire la consommation lors du s\u00e9chage.<\/p>\n<p>&#8211; Puissance et d\u00e9bit d&rsquo;air maximaux.<\/p>\n<p>&#8211; Il fonctionne gr\u00e2ce \u00e0 l&rsquo;activation d&rsquo;un capteur de proximit\u00e9.<\/p>\n<p>&#8211; Il est \u00e9quip\u00e9 d&rsquo;un r\u00e9servoir de 1 000 ml dans la partie inf\u00e9rieure pour un entretien correct.<\/p>\n<p>&#8211; Possibilit\u00e9 d&rsquo;\u00e9quiper le s\u00e8che-mains d&rsquo;un filtre HEPA.<\/p>\n<p>&#8211; Homologations : CE et SGS.<\/p>\n","protected":false},"excerpt":{"rendered":"<p>&#8211; Ce mod\u00e8le de s\u00e8che-mains vertical de la gamme Elegance pr\u00e9sente un design qui s&rsquo;int\u00e8gre facilement dans les toilettes. Convient aux toilettes \u00e0 forte fr\u00e9quentation. &#8211; Design compact, robuste et anti-vandalisme. &#8211; Syst\u00e8me Ecofrendly, permet de gagner du temps et de r\u00e9duire la consommation lors du s\u00e9chage. &#8211; Puissance et d\u00e9bit d&rsquo;air maximaux. &#8211; Il [&hellip;]<\/p>\n","protected":false},"featured_media":4057,"template":"","meta":{"_acf_changed":false,"_uag_custom_page_level_css":""},"product_brand":[],"product_cat":[127],"product_tag":[],"gama":[147],"class_list":{"0":"post-4056","1":"product","2":"type-product","3":"status-publish","4":"has-post-thumbnail","6":"product_cat-seche-mains","7":"gama-elegance","9":"first","10":"instock","11":"shipping-taxable","12":"product-type-variable"},"acf":[],"spectra_custom_meta":{"rank_math_internal_links_processed":["1"],"rank_math_primary_product_cat":["39"],"_backorders":["no"],"_download_limit":["-1"],"_download_expiry":["-1"],"_downloadable":["no"],"_manage_stock":["no"],"_stock_status":["instock"],"_sold_individually":["no"],"_tax_class":[""],"_tax_status":["taxable"],"_virtual":["no"],"total_sales":["0"],"_price":["10"],"_product_image_gallery":["4058,4059,4060"],"_thumbnail_id":["4057"],"_losdi_specs_title":["Informations et mesures"],"_losdi_specs_row_0_label":["Mat\u00e9riel"],"_losdi_specs_row_0_value":["ABS"],"_losdi_specs_row_1_label":["Puissance"],"_losdi_specs_row_1_value":["2.050 W"],"_losdi_specs_row_2_label":["Tension"],"_losdi_specs_row_2_value":["220 - 240 V"],"_losdi_specs_row_3_label":["Fr\u00e9quence"],"_losdi_specs_row_3_value":["50\/60 Hz"],"_losdi_specs_row_4_label":["Degr\u00e9 de protection"],"_losdi_specs_row_4_value":["IPX4"],"_losdi_specs_row_5_label":["Niveau sonore (\u00e0 2 m\u00e8tres)"],"_losdi_specs_row_5_value":["76 dB"],"_losdi_specs_row_6_label":["Temp\u00e9rature de l'air (T\u00aa=21 \u00baC)"],"_losdi_specs_row_6_value":["20-40 \u00baC"],"_losdi_specs_row_7_label":["D\u00e9bit d'air"],"_losdi_specs_row_7_value":["213 m\/h"],"_losdi_specs_row_8_label":["Vitesse"],"_losdi_specs_row_8_value":["95 m\/seg"],"_losdi_specs_row_9_label":["Isolation \u00e9lectrique"],"_losdi_specs_row_9_value":["Classe II"],"_losdi_specs_row_10_label":["Interrupteur"],"_losdi_specs_row_10_value":["Au moyen d'un capteur. Actionn\u00e9 par proximit\u00e9."],"_losdi_specs_row_11_label":["Temps de s\u00e9chage"],"_losdi_specs_row_11_value":["10 \u00e0 15 secondes"],"url_ficha_tecnica":["https:\/\/www.losdi.com\/wp-content\/uploads\/2026\/02\/fiche-technique-seche-mains-cs-700.pdf"],"url_folleto_gama":["https:\/\/www.losdi.com\/wp-content\/uploads\/2026\/02\/Elegance-folleto.pdf"],"url_imagen_producto":["https:\/\/www.losdi.com\/wp-content\/uploads\/2025\/12\/secamanos-CS700X-Blanco-01-scaled.webp"],"_wcml_average_rating":[null],"_wcml_review_count":[null],"_wcml_rating_count":[null],"attr_label_translations":["a:1:{s:2:\"fr\";a:1:{s:5:\"color\";s:7:\"Couleur\";}}"],"_product_attributes":["a:1:{s:8:\"pa_color\";a:6:{s:4:\"name\";s:8:\"pa_color\";s:5:\"value\";s:0:\"\";s:8:\"position\";i:1;s:10:\"is_visible\";i:1;s:12:\"is_variation\";i:1;s:11:\"is_taxonomy\";i:1;}}"],"_wpml_word_count":["106"],"_sku":["CS-700"],"_losdi_specs_rows":["a:12:{i:0;a:2:{s:5:\"label\";s:8:\"Material\";s:5:\"value\";s:3:\"ABS\";}i:1;a:2:{s:5:\"label\";s:8:\"Potencia\";s:5:\"value\";s:7:\"2.050 W\";}i:2;a:2:{s:5:\"label\";s:7:\"Voltaje\";s:5:\"value\";s:11:\"220 - 240 V\";}i:3;a:2:{s:5:\"label\";s:10:\"Frecuencia\";s:5:\"value\";s:8:\"50\/60 Hz\";}i:4;a:2:{s:5:\"label\";s:20:\"Grado de protecci\u00f3n\";s:5:\"value\";s:4:\"IPX4\";}i:5;a:2:{s:5:\"label\";s:25:\"Nivel sonoro (a 2 metros)\";s:5:\"value\";s:5:\"76 dB\";}i:6;a:2:{s:5:\"label\";s:29:\"Temperatura aire (T\u00aa=21 \u00baC)\";s:5:\"value\";s:9:\"20-40 \u00baC\";}i:7;a:2:{s:5:\"label\";s:14:\"Caudal de aire\";s:5:\"value\";s:7:\"213 m\/h\";}i:8;a:2:{s:5:\"label\";s:9:\"Velocidad\";s:5:\"value\";s:8:\"95 m\/seg\";}i:9;a:2:{s:5:\"label\";s:22:\"Aislamiento El\u00e9ctrico\";s:5:\"value\";s:8:\"Clase II\";}i:10;a:2:{s:5:\"label\";s:11:\"Interruptor\";s:5:\"value\";s:41:\"Mediante sensor. Accionado por proximidad\";}i:11;a:2:{s:5:\"label\";s:16:\"Tiempo de secado\";s:5:\"value\";s:14:\"10-15 segundos\";}}"],"_default_attributes":["a:0:{}"],"_uag_css_file_name":["uag-css-4056.css"],"_uag_js_file_name":["uag-js-4056.js"],"_wc_rating_count":[""],"_wc_review_count":[""],"_wc_average_rating":[0]},"uagb_featured_image_src":{"full":["https:\/\/www.losdi.com\/wp-content\/uploads\/2025\/12\/secamanos-CS700X-Blanco-01-scaled.webp",1627,2560,false],"thumbnail":["https:\/\/www.losdi.com\/wp-content\/uploads\/2025\/12\/secamanos-CS700X-Blanco-01-150x150.webp",150,150,true],"medium":["https:\/\/www.losdi.com\/wp-content\/uploads\/2025\/12\/secamanos-CS700X-Blanco-01-191x300.webp",191,300,true],"medium_large":["https:\/\/www.losdi.com\/wp-content\/uploads\/2025\/12\/secamanos-CS700X-Blanco-01-768x1209.webp",768,1209,true],"large":["https:\/\/www.losdi.com\/wp-content\/uploads\/2025\/12\/secamanos-CS700X-Blanco-01-651x1024.webp",651,1024,true],"1536x1536":["https:\/\/www.losdi.com\/wp-content\/uploads\/2025\/12\/secamanos-CS700X-Blanco-01-976x1536.webp",976,1536,true],"2048x2048":["https:\/\/www.losdi.com\/wp-content\/uploads\/2025\/12\/secamanos-CS700X-Blanco-01-1301x2048.webp",1301,2048,true],"woocommerce_thumbnail":["https:\/\/www.losdi.com\/wp-content\/uploads\/2025\/12\/secamanos-CS700X-Blanco-01-300x300.webp",300,300,true],"woocommerce_single":["https:\/\/www.losdi.com\/wp-content\/uploads\/2025\/12\/secamanos-CS700X-Blanco-01-600x944.webp",600,944,true],"woocommerce_gallery_thumbnail":["https:\/\/www.losdi.com\/wp-content\/uploads\/2025\/12\/secamanos-CS700X-Blanco-01-100x100.webp",100,100,true],"yith-woocompare-image":["https:\/\/www.losdi.com\/wp-content\/uploads\/2025\/12\/secamanos-CS700X-Blanco-01-scaled.webp",98,154,false]},"uagb_author_info":{"display_name":"redaccion","author_link":"https:\/\/www.losdi.com\/fr\/author\/"},"uagb_comment_info":0,"uagb_excerpt":"&#8211; Ce mod\u00e8le de s\u00e8che-mains vertical de la gamme Elegance pr\u00e9sente un design qui s&rsquo;int\u00e8gre facilement dans les toilettes. Convient aux toilettes \u00e0 forte fr\u00e9quentation. &#8211; Design compact, robuste et anti-vandalisme. &#8211; Syst\u00e8me Ecofrendly, permet de gagner du temps et de r\u00e9duire la consommation lors du s\u00e9chage. &#8211; Puissance et d\u00e9bit d&rsquo;air maximaux. &#8211; Il\u2026","_links":{"self":[{"href":"https:\/\/www.losdi.com\/fr\/wp-json\/wp\/v2\/product\/4056","targetHints":{"allow":["GET"]}}],"collection":[{"href":"https:\/\/www.losdi.com\/fr\/wp-json\/wp\/v2\/product"}],"about":[{"href":"https:\/\/www.losdi.com\/fr\/wp-json\/wp\/v2\/types\/product"}],"wp:featuredmedia":[{"embeddable":true,"href":"https:\/\/www.losdi.com\/fr\/wp-json\/wp\/v2\/media\/4057"}],"wp:attachment":[{"href":"https:\/\/www.losdi.com\/fr\/wp-json\/wp\/v2\/media?parent=4056"}],"wp:term":[{"taxonomy":"product_brand","embeddable":true,"href":"https:\/\/www.losdi.com\/fr\/wp-json\/wp\/v2\/product_brand?post=4056"},{"taxonomy":"product_cat","embeddable":true,"href":"https:\/\/www.losdi.com\/fr\/wp-json\/wp\/v2\/product_cat?post=4056"},{"taxonomy":"product_tag","embeddable":true,"href":"https:\/\/www.losdi.com\/fr\/wp-json\/wp\/v2\/product_tag?post=4056"},{"taxonomy":"gama","embeddable":true,"href":"https:\/\/www.losdi.com\/fr\/wp-json\/wp\/v2\/gama?post=4056"}],"curies":[{"name":"wp","href":"https:\/\/api.w.org\/{rel}","templated":true}]}}