{"id":4118,"date":"2026-01-02T09:20:14","date_gmt":"2026-01-02T08:20:14","guid":{"rendered":"https:\/\/losdi.acceseo.dev\/producto\/apareil-tue-insectes-electronique\/"},"modified":"2026-04-02T10:32:41","modified_gmt":"2026-04-02T08:32:41","slug":"apareil-tue-insectes-electronique","status":"publish","type":"product","link":"https:\/\/www.losdi.com\/fr\/produit\/apareil-tue-insectes-electronique\/","title":{"rendered":"Apareil tue-insectes \u00e9lectronique"},"content":{"rendered":"<p>&#8211; Ch\u00e2ssis et grille d&rsquo;ACIER INOXYDABLE AISI 304 (18\/8).<br \/>\n&#8211; Ils font des ma\u00eetres \u00e9lectroniques de haute qualit\u00e9 et de r\u00e9sistance.<br \/>\n&#8211; Il a un plateau en m\u00e9tal inf\u00e9rieur.<br \/>\n&#8211; Avec interrupteur et d\u00e9charge automatique de tension.<br \/>\n&#8211; Incorpore 1 tube ultraviolets pour attirer les insectes. Il les \u00e9limine quand il entre en contact avec le r\u00e9seau int\u00e9rieur charg\u00e9 \u00e9lectriquement.<br \/>\n&#8211; Utilisation: Commercial-Industriel.<br \/>\n&#8211; Application: zones industrielles de pr\u00e9paration alimentaire avec r\u00e9sistance \u00e0 la poussi\u00e8re.<\/p>\n","protected":false},"excerpt":{"rendered":"<p>APPAREIL TUE-INSECTES \u00c9LECTRONIQUE<\/p>\n","protected":false},"featured_media":4996,"template":"","meta":{"_acf_changed":false,"_uag_custom_page_level_css":""},"product_brand":[],"product_cat":[125],"product_tag":[],"gama":[],"class_list":{"0":"post-4118","1":"product","2":"type-product","3":"status-publish","4":"has-post-thumbnail","6":"product_cat-appareils-tue-insectes-electroniques","8":"first","9":"instock","10":"shipping-taxable","11":"product-type-variable"},"acf":[],"spectra_custom_meta":{"rank_math_internal_links_processed":["1"],"rank_math_primary_product_cat":["42"],"_backorders":["no"],"_download_limit":["-1"],"_download_expiry":["-1"],"_downloadable":["no"],"_manage_stock":["no"],"_sku":["CI-1X11 \/ CI-2X11 \/ CI-2X15"],"_stock_status":["instock"],"_sold_individually":["no"],"_tax_class":[""],"_tax_status":["taxable"],"_virtual":["no"],"total_sales":["0"],"_price":["10"],"_losdi_specs_title":["Informations et dimensions"],"_losdi_specs_row_0_label":["Mat\u00e9riau"],"_losdi_specs_row_0_value":["ACIER INOXYDABLE 304"],"_losdi_specs_row_1_label":["Tension de grille"],"_losdi_specs_row_1_value":["2.500 V"],"_losdi_specs_row_2_label":["Voltage"],"_losdi_specs_row_2_value":["220 - 240 V"],"_losdi_specs_row_3_label":["Fr\u00e9quence"],"_losdi_specs_row_3_value":["50 Hz"],"_losdi_specs_row_4_label":["Zone de couverture"],"_losdi_specs_row_4_value":["125 m"],"_losdi_specs_row_5_label":["Nombre de tubes"],"_losdi_specs_row_5_value":["1"],"_losdi_specs_row_6_label":["Puissance des tubes"],"_losdi_specs_row_6_value":["11 W"],"url_ficha_tecnica":["https:\/\/www.losdi.com\/wp-content\/uploads\/2026\/02\/fiche-technique-appareils-tue-insectes-electroniques-ci-1x11-1.pdf"],"_wcml_average_rating":[null],"_wcml_review_count":[null],"_wcml_rating_count":[null],"attr_label_translations":["a:1:{s:2:\"fr\";a:1:{s:8:\"potencia\";s:9:\"Puissance\";}}"],"_product_attributes":["a:1:{s:8:\"potencia\";a:6:{s:4:\"name\";s:8:\"Potencia\";s:5:\"value\";s:21:\"1X11W | 2X11W | 2X15W\";s:8:\"position\";i:0;s:10:\"is_visible\";i:1;s:12:\"is_variation\";i:1;s:11:\"is_taxonomy\";i:0;}}"],"_product_image_gallery":["4996,4999,5002"],"_wpml_word_count":["100"],"_thumbnail_id":["4996"],"_losdi_specs_rows":["a:7:{i:0;a:2:{s:5:\"label\";s:8:\"Material\";s:5:\"value\";s:16:\"ACERO INOXIDABLE\";}i:1;a:2:{s:5:\"label\";s:16:\"Tensi\u00f3n rejilla\";s:5:\"value\";s:7:\"2.500 V\";}i:2;a:2:{s:5:\"label\";s:7:\"Voltaje\";s:5:\"value\";s:11:\"220 - 240 V\";}i:3;a:2:{s:5:\"label\";s:10:\"Frecuencia\";s:5:\"value\";s:5:\"50 Hz\";}i:4;a:2:{s:5:\"label\";s:18:\"\u00c1rea de cobertura\";s:5:\"value\";s:5:\"125 m\";}i:5;a:2:{s:5:\"label\";s:12:\"N\u00ba de tubos\";s:5:\"value\";s:1:\"1\";}i:6;a:2:{s:5:\"label\";s:14:\"Potencia tubos\";s:5:\"value\";s:4:\"11 W\";}}"],"_default_attributes":["a:0:{}"],"_uag_css_file_name":["uag-css-4118.css"],"_uag_js_file_name":["uag-js-4118.js"],"_wc_rating_count":[""],"_wc_review_count":[""],"_wc_average_rating":[0]},"uagb_featured_image_src":{"full":["https:\/\/www.losdi.com\/wp-content\/uploads\/2026\/01\/matainsectos-electronico-CI1x11A.jpg",484,376,false],"thumbnail":["https:\/\/www.losdi.com\/wp-content\/uploads\/2026\/01\/matainsectos-electronico-CI1x11A-150x150.jpg",150,150,true],"medium":["https:\/\/www.losdi.com\/wp-content\/uploads\/2026\/01\/matainsectos-electronico-CI1x11A-300x233.jpg",300,233,true],"medium_large":["https:\/\/www.losdi.com\/wp-content\/uploads\/2026\/01\/matainsectos-electronico-CI1x11A.jpg",484,376,false],"large":["https:\/\/www.losdi.com\/wp-content\/uploads\/2026\/01\/matainsectos-electronico-CI1x11A.jpg",484,376,false],"1536x1536":["https:\/\/www.losdi.com\/wp-content\/uploads\/2026\/01\/matainsectos-electronico-CI1x11A.jpg",484,376,false],"2048x2048":["https:\/\/www.losdi.com\/wp-content\/uploads\/2026\/01\/matainsectos-electronico-CI1x11A.jpg",484,376,false],"woocommerce_thumbnail":["https:\/\/www.losdi.com\/wp-content\/uploads\/2026\/01\/matainsectos-electronico-CI1x11A-300x300.jpg",300,300,true],"woocommerce_single":["https:\/\/www.losdi.com\/wp-content\/uploads\/2026\/01\/matainsectos-electronico-CI1x11A.jpg",484,376,false],"woocommerce_gallery_thumbnail":["https:\/\/www.losdi.com\/wp-content\/uploads\/2026\/01\/matainsectos-electronico-CI1x11A-100x100.jpg",100,100,true],"yith-woocompare-image":["https:\/\/www.losdi.com\/wp-content\/uploads\/2026\/01\/matainsectos-electronico-CI1x11A-220x154.jpg",220,154,true]},"uagb_author_info":{"display_name":"redaccion","author_link":"https:\/\/www.losdi.com\/fr\/author\/"},"uagb_comment_info":0,"uagb_excerpt":"APPAREIL TUE-INSECTES \u00c9LECTRONIQUE","_links":{"self":[{"href":"https:\/\/www.losdi.com\/fr\/wp-json\/wp\/v2\/product\/4118","targetHints":{"allow":["GET"]}}],"collection":[{"href":"https:\/\/www.losdi.com\/fr\/wp-json\/wp\/v2\/product"}],"about":[{"href":"https:\/\/www.losdi.com\/fr\/wp-json\/wp\/v2\/types\/product"}],"wp:featuredmedia":[{"embeddable":true,"href":"https:\/\/www.losdi.com\/fr\/wp-json\/wp\/v2\/media\/4996"}],"wp:attachment":[{"href":"https:\/\/www.losdi.com\/fr\/wp-json\/wp\/v2\/media?parent=4118"}],"wp:term":[{"taxonomy":"product_brand","embeddable":true,"href":"https:\/\/www.losdi.com\/fr\/wp-json\/wp\/v2\/product_brand?post=4118"},{"taxonomy":"product_cat","embeddable":true,"href":"https:\/\/www.losdi.com\/fr\/wp-json\/wp\/v2\/product_cat?post=4118"},{"taxonomy":"product_tag","embeddable":true,"href":"https:\/\/www.losdi.com\/fr\/wp-json\/wp\/v2\/product_tag?post=4118"},{"taxonomy":"gama","embeddable":true,"href":"https:\/\/www.losdi.com\/fr\/wp-json\/wp\/v2\/gama?post=4118"}],"curies":[{"name":"wp","href":"https:\/\/api.w.org\/{rel}","templated":true}]}}