{"id":4140,"date":"2026-01-02T09:05:27","date_gmt":"2026-01-02T08:05:27","guid":{"rendered":"https:\/\/losdi.acceseo.dev\/producto\/distributeur-bacteromatic\/"},"modified":"2026-01-02T09:05:27","modified_gmt":"2026-01-02T08:05:27","slug":"distributeur-bacteromatic","status":"publish","type":"product","link":"https:\/\/www.losdi.com\/fr\/produit\/distributeur-bacteromatic\/","title":{"rendered":"Distributeur Bacteromatic"},"content":{"rendered":"<p>&#8211; Distributeur de produits chimiques num\u00e9riques de la gamme Bacteromatic, fabriqu\u00e9 en POLYPROPYL\u00c8NE de haute qualit\u00e9 et FIBRE.<br \/>\n&#8211; Il a une LED lumineuse informative sur l&rsquo;allumage et la batterie faible.<br \/>\n&#8211; Programmable: heures, jours et \/ ou week-end.<br \/>\n&#8211; Il fonctionne avec des charges fournies Losdi.(Ref BACTEROMATIC CB-410)<br \/>\n&#8211; Des charges de 500 ml.<br \/>\n&#8211; Utilisation: Toilettes, exclusives pour les toilettes \u00e0 travers un conduit fourni par Losdi.<br \/>\n&#8211; Il dispose d&rsquo;une cl\u00e9 de s\u00e9curit\u00e9 Losdi standard, fournie avec produit.<\/p>\n","protected":false},"excerpt":{"rendered":"<p>Distributeur Bacteromatic programmable Insecmatic<\/p>\n","protected":false},"featured_media":4141,"template":"","meta":{"_acf_changed":false,"_uag_custom_page_level_css":""},"product_brand":[],"product_cat":[155],"product_tag":[],"gama":[],"class_list":{"0":"post-4140","1":"product","2":"type-product","3":"status-publish","4":"has-post-thumbnail","6":"product_cat-distributeur-chimique-et-parfumeurs-dambiance-digitaux","8":"first","9":"instock","10":"shipping-taxable","11":"product-type-simple"},"acf":[],"spectra_custom_meta":{"rank_math_internal_links_processed":["1"],"rank_math_primary_product_cat":["41"],"_backorders":["no"],"_download_limit":["-1"],"_download_expiry":["-1"],"_downloadable":["no"],"_manage_stock":["no"],"_sku":["CL-403-T"],"_stock_status":["instock"],"_sold_individually":["no"],"_tax_class":[""],"_tax_status":["taxable"],"_virtual":["no"],"total_sales":["0"],"_regular_price":["10"],"_price":["10"],"_product_image_gallery":[""],"_thumbnail_id":["4141"],"_losdi_specs_title":["Informations et dimensions"],"_losdi_specs_row_0_label":["Mat\u00e9riau"],"_losdi_specs_row_0_value":["POLYPROPYL\u00c8NE ET FIBRE"],"_losdi_specs_row_1_label":["\u00c9cran"],"_losdi_specs_row_1_value":["Digital"],"_losdi_specs_row_2_label":["Minuterie"],"_losdi_specs_row_2_value":["Programmable"],"_losdi_specs_row_3_label":["Horloge"],"_losdi_specs_row_3_value":["Oui"],"_losdi_specs_row_4_label":["Charges"],"_losdi_specs_row_4_value":["Interchangeable"],"_losdi_specs_row_5_label":["Fonctionnement"],"_losdi_specs_row_5_value":["2 Batteries LR 20 AA"],"_losdi_specs_row_6_label":["Indicateurs"],"_losdi_specs_row_6_value":["Puissance et batterie faible"],"url_ficha_tecnica":["https:\/\/www.losdi.com\/wp-content\/uploads\/2026\/02\/fiche-technique-distributeur-chemine-digitaux-cl-403.pdf"],"url_imagen_producto":["https:\/\/www.losdi.com\/wp-content\/uploads\/2026\/01\/dispensador-quimico-digital-CL403T.png"],"_wcml_average_rating":[null],"_wcml_review_count":[null],"_wcml_rating_count":[null],"_product_attributes":["a:0:{}"],"_default_attributes":["a:0:{}"],"_wpml_word_count":["102"],"_uag_css_file_name":["uag-css-4140.css"],"_uag_js_file_name":["uag-js-4140.js"],"_wc_rating_count":[""],"_wc_review_count":[""],"_wc_average_rating":[0]},"uagb_featured_image_src":{"full":["https:\/\/www.losdi.com\/wp-content\/uploads\/2026\/01\/dispensador-quimico-digital-CL403T.png",900,900,false],"thumbnail":["https:\/\/www.losdi.com\/wp-content\/uploads\/2026\/01\/dispensador-quimico-digital-CL403T-150x150.png",150,150,true],"medium":["https:\/\/www.losdi.com\/wp-content\/uploads\/2026\/01\/dispensador-quimico-digital-CL403T-300x300.png",300,300,true],"medium_large":["https:\/\/www.losdi.com\/wp-content\/uploads\/2026\/01\/dispensador-quimico-digital-CL403T-768x768.png",768,768,true],"large":["https:\/\/www.losdi.com\/wp-content\/uploads\/2026\/01\/dispensador-quimico-digital-CL403T.png",900,900,false],"1536x1536":["https:\/\/www.losdi.com\/wp-content\/uploads\/2026\/01\/dispensador-quimico-digital-CL403T.png",900,900,false],"2048x2048":["https:\/\/www.losdi.com\/wp-content\/uploads\/2026\/01\/dispensador-quimico-digital-CL403T.png",900,900,false],"woocommerce_thumbnail":["https:\/\/www.losdi.com\/wp-content\/uploads\/2026\/01\/dispensador-quimico-digital-CL403T-300x300.png",300,300,true],"woocommerce_single":["https:\/\/www.losdi.com\/wp-content\/uploads\/2026\/01\/dispensador-quimico-digital-CL403T-600x600.png",600,600,true],"woocommerce_gallery_thumbnail":["https:\/\/www.losdi.com\/wp-content\/uploads\/2026\/01\/dispensador-quimico-digital-CL403T-100x100.png",100,100,true],"yith-woocompare-image":["https:\/\/www.losdi.com\/wp-content\/uploads\/2026\/01\/dispensador-quimico-digital-CL403T.png",154,154,false]},"uagb_author_info":{"display_name":"redaccion","author_link":"https:\/\/www.losdi.com\/fr\/author\/"},"uagb_comment_info":0,"uagb_excerpt":"Distributeur Bacteromatic programmable Insecmatic","_links":{"self":[{"href":"https:\/\/www.losdi.com\/fr\/wp-json\/wp\/v2\/product\/4140","targetHints":{"allow":["GET"]}}],"collection":[{"href":"https:\/\/www.losdi.com\/fr\/wp-json\/wp\/v2\/product"}],"about":[{"href":"https:\/\/www.losdi.com\/fr\/wp-json\/wp\/v2\/types\/product"}],"wp:featuredmedia":[{"embeddable":true,"href":"https:\/\/www.losdi.com\/fr\/wp-json\/wp\/v2\/media\/4141"}],"wp:attachment":[{"href":"https:\/\/www.losdi.com\/fr\/wp-json\/wp\/v2\/media?parent=4140"}],"wp:term":[{"taxonomy":"product_brand","embeddable":true,"href":"https:\/\/www.losdi.com\/fr\/wp-json\/wp\/v2\/product_brand?post=4140"},{"taxonomy":"product_cat","embeddable":true,"href":"https:\/\/www.losdi.com\/fr\/wp-json\/wp\/v2\/product_cat?post=4140"},{"taxonomy":"product_tag","embeddable":true,"href":"https:\/\/www.losdi.com\/fr\/wp-json\/wp\/v2\/product_tag?post=4140"},{"taxonomy":"gama","embeddable":true,"href":"https:\/\/www.losdi.com\/fr\/wp-json\/wp\/v2\/gama?post=4140"}],"curies":[{"name":"wp","href":"https:\/\/api.w.org\/{rel}","templated":true}]}}