{"id":4200,"date":"2025-12-29T13:44:51","date_gmt":"2025-12-29T12:44:51","guid":{"rendered":"https:\/\/losdi.acceseo.dev\/producto\/distributeur-autocut-elegance\/"},"modified":"2026-04-02T10:03:02","modified_gmt":"2026-04-02T08:03:02","slug":"distributeur-autocut-elegance","status":"publish","type":"product","link":"https:\/\/www.losdi.com\/fr\/produit\/distributeur-autocut-elegance\/","title":{"rendered":"Distributeur Autocut Elegance"},"content":{"rendered":"<p>&#8211; Fabriqu\u00e9 en ABS, le distributeur d\u2019essuie-mains ELEGANCE au design intemporel et \u00e9l\u00e9gant.<\/p>\n<p>&#8211; Performance parfaite m\u00eame avec les mains mouill\u00e9es gr\u00e2ce \u00e0 son m\u00e9canisme interne.<\/p>\n<p>&#8211; Distributeur compact adaptable \u00e0 chaque espace.<\/p>\n<p>&#8211; Fen\u00eatres lat\u00e9rales pour voir le niveau du rouleau de papier.<\/p>\n<p>-Cl\u00e9 de s\u00e9curit\u00e9 LOSDI fournie avec le produit.<\/p>\n","protected":false},"excerpt":{"rendered":"<p>&#8211; Fabriqu\u00e9 en ABS, le distributeur d\u2019essuie-mains ELEGANCE au design intemporel et \u00e9l\u00e9gant. &#8211; Performance parfaite m\u00eame avec les mains mouill\u00e9es gr\u00e2ce \u00e0 son m\u00e9canisme interne. &#8211; Distributeur compact adaptable \u00e0 chaque espace. &#8211; Fen\u00eatres lat\u00e9rales pour voir le niveau du rouleau de papier. -Cl\u00e9 de s\u00e9curit\u00e9 LOSDI fournie avec le produit.<\/p>\n","protected":false},"featured_media":4201,"template":"","meta":{"_acf_changed":false,"_uag_custom_page_level_css":""},"product_brand":[],"product_cat":[132],"product_tag":[],"gama":[147],"class_list":{"0":"post-4200","1":"product","2":"type-product","3":"status-publish","4":"has-post-thumbnail","6":"product_cat-porte-serviettes","7":"gama-elegance","9":"first","10":"instock","11":"shipping-taxable","12":"product-type-variable"},"acf":[],"spectra_custom_meta":{"rank_math_internal_links_processed":["1"],"rank_math_primary_product_cat":["34"],"_backorders":["no"],"_download_limit":["-1"],"_download_expiry":["-1"],"_downloadable":["no"],"_manage_stock":["no"],"_stock_status":["instock"],"_sold_individually":["no"],"_tax_class":[""],"_tax_status":["taxable"],"_virtual":["no"],"total_sales":["0"],"_price":["10"],"_product_image_gallery":["4202,4203,4204"],"_thumbnail_id":["4201"],"_losdi_specs_title":["Informations et mesures"],"_losdi_specs_row_0_label":["Mat\u00e9riau du bo\u00eetier"],"_losdi_specs_row_0_value":["ABS"],"_losdi_specs_row_1_label":["Poids \u00e0 vide (net)"],"_losdi_specs_row_1_value":["1,982 kg"],"_losdi_specs_row_2_label":["Longueur de service"],"_losdi_specs_row_2_value":["270 mm"],"_losdi_specs_row_3_label":["Largeur de bobine"],"_losdi_specs_row_3_value":["200-210 mm"],"_losdi_specs_row_4_label":["Diam\u00e8tre de bobine"],"_losdi_specs_row_4_value":["205 mm"],"_losdi_specs_row_5_label":["Mandrin"],"_losdi_specs_row_5_value":["36 mm"],"_losdi_specs_row_6_label":["Force de traction"],"_losdi_specs_row_6_value":["Bas"],"_losdi_specs_row_7_label":["Distribution"],"_losdi_specs_row_7_value":["Manuel"],"url_ficha_tecnica":["https:\/\/www.losdi.com\/wp-content\/uploads\/2026\/02\/CP1525-FT-distributeur-essuie-mains-autocut-ABS-ELEGANCE.pdf"],"url_folleto_gama":["https:\/\/www.losdi.com\/wp-content\/uploads\/2026\/02\/Elegance-folleto.pdf"],"url_imagen_producto":["https:\/\/www.losdi.com\/wp-content\/uploads\/2025\/12\/CP-1525-B1.webp"],"_wcml_average_rating":[null],"_wcml_review_count":[null],"_wcml_rating_count":[null],"attr_label_translations":["a:1:{s:2:\"fr\";a:1:{s:5:\"color\";s:7:\"Couleur\";}}"],"_product_attributes":["a:1:{s:8:\"pa_color\";a:6:{s:4:\"name\";s:8:\"pa_color\";s:5:\"value\";s:0:\"\";s:8:\"position\";i:1;s:10:\"is_visible\";i:1;s:12:\"is_variation\";i:1;s:11:\"is_taxonomy\";i:1;}}"],"_wpml_word_count":["66"],"_sku":["CP-1525"],"_losdi_specs_rows":["a:8:{i:0;a:2:{s:5:\"label\";s:16:\"Material carcasa\";s:5:\"value\";s:3:\"ABS\";}i:1;a:2:{s:5:\"label\";s:18:\"Peso vac\u00edo (neto)\";s:5:\"value\";s:8:\"1,982 kg\";}i:2;a:2:{s:5:\"label\";s:20:\"Longitud de servicio\";s:5:\"value\";s:6:\"270 mm\";}i:3;a:2:{s:5:\"label\";s:14:\"Anchura bobina\";s:5:\"value\";s:10:\"200-210 mm\";}i:4;a:2:{s:5:\"label\";s:16:\"Di\u00e1metro bobina\";s:5:\"value\";s:6:\"205 mm\";}i:5;a:2:{s:5:\"label\";s:14:\"C\u00e1nula \/ Core\";s:5:\"value\";s:5:\"36 mm\";}i:6;a:2:{s:5:\"label\";s:19:\"Fuerza de tracci\u00f3n\";s:5:\"value\";s:4:\"Bajo\";}i:7;a:2:{s:5:\"label\";s:13:\"Dispensaci\u00f3n\";s:5:\"value\";s:6:\"Manual\";}}"],"_default_attributes":["a:0:{}"],"_uag_css_file_name":["uag-css-4200.css"],"_uag_js_file_name":["uag-js-4200.js"],"_wc_rating_count":[""],"_wc_review_count":[""],"_wc_average_rating":[0]},"uagb_featured_image_src":{"full":["https:\/\/www.losdi.com\/wp-content\/uploads\/2025\/12\/CP-1525-B1.webp",1890,1890,false],"thumbnail":["https:\/\/www.losdi.com\/wp-content\/uploads\/2025\/12\/CP-1525-B1-150x150.webp",150,150,true],"medium":["https:\/\/www.losdi.com\/wp-content\/uploads\/2025\/12\/CP-1525-B1-300x300.webp",300,300,true],"medium_large":["https:\/\/www.losdi.com\/wp-content\/uploads\/2025\/12\/CP-1525-B1-768x768.webp",768,768,true],"large":["https:\/\/www.losdi.com\/wp-content\/uploads\/2025\/12\/CP-1525-B1-1024x1024.webp",1024,1024,true],"1536x1536":["https:\/\/www.losdi.com\/wp-content\/uploads\/2025\/12\/CP-1525-B1-1536x1536.webp",1536,1536,true],"2048x2048":["https:\/\/www.losdi.com\/wp-content\/uploads\/2025\/12\/CP-1525-B1.webp",1890,1890,false],"woocommerce_thumbnail":["https:\/\/www.losdi.com\/wp-content\/uploads\/2025\/12\/CP-1525-B1-300x300.webp",300,300,true],"woocommerce_single":["https:\/\/www.losdi.com\/wp-content\/uploads\/2025\/12\/CP-1525-B1-600x600.webp",600,600,true],"woocommerce_gallery_thumbnail":["https:\/\/www.losdi.com\/wp-content\/uploads\/2025\/12\/CP-1525-B1-100x100.webp",100,100,true],"yith-woocompare-image":["https:\/\/www.losdi.com\/wp-content\/uploads\/2025\/12\/CP-1525-B1.webp",154,154,false]},"uagb_author_info":{"display_name":"redaccion","author_link":"https:\/\/www.losdi.com\/fr\/author\/"},"uagb_comment_info":0,"uagb_excerpt":"&#8211; Fabriqu\u00e9 en ABS, le distributeur d\u2019essuie-mains ELEGANCE au design intemporel et \u00e9l\u00e9gant. &#8211; Performance parfaite m\u00eame avec les mains mouill\u00e9es gr\u00e2ce \u00e0 son m\u00e9canisme interne. &#8211; Distributeur compact adaptable \u00e0 chaque espace. &#8211; Fen\u00eatres lat\u00e9rales pour voir le niveau du rouleau de papier. -Cl\u00e9 de s\u00e9curit\u00e9 LOSDI fournie avec le produit.","_links":{"self":[{"href":"https:\/\/www.losdi.com\/fr\/wp-json\/wp\/v2\/product\/4200","targetHints":{"allow":["GET"]}}],"collection":[{"href":"https:\/\/www.losdi.com\/fr\/wp-json\/wp\/v2\/product"}],"about":[{"href":"https:\/\/www.losdi.com\/fr\/wp-json\/wp\/v2\/types\/product"}],"wp:featuredmedia":[{"embeddable":true,"href":"https:\/\/www.losdi.com\/fr\/wp-json\/wp\/v2\/media\/4201"}],"wp:attachment":[{"href":"https:\/\/www.losdi.com\/fr\/wp-json\/wp\/v2\/media?parent=4200"}],"wp:term":[{"taxonomy":"product_brand","embeddable":true,"href":"https:\/\/www.losdi.com\/fr\/wp-json\/wp\/v2\/product_brand?post=4200"},{"taxonomy":"product_cat","embeddable":true,"href":"https:\/\/www.losdi.com\/fr\/wp-json\/wp\/v2\/product_cat?post=4200"},{"taxonomy":"product_tag","embeddable":true,"href":"https:\/\/www.losdi.com\/fr\/wp-json\/wp\/v2\/product_tag?post=4200"},{"taxonomy":"gama","embeddable":true,"href":"https:\/\/www.losdi.com\/fr\/wp-json\/wp\/v2\/gama?post=4200"}],"curies":[{"name":"wp","href":"https:\/\/api.w.org\/{rel}","templated":true}]}}