{"id":4218,"date":"2026-01-02T08:41:48","date_gmt":"2026-01-02T07:41:48","guid":{"rendered":"https:\/\/losdi.acceseo.dev\/producto\/insecticide-pyrethrine-naturelle\/"},"modified":"2026-01-02T08:41:48","modified_gmt":"2026-01-02T07:41:48","slug":"insecticide-pyrethrine-naturelle","status":"publish","type":"product","link":"https:\/\/www.losdi.com\/fr\/produit\/insecticide-pyrethrine-naturelle\/","title":{"rendered":"Insecticide pyr\u00e9thrine naturelle"},"content":{"rendered":"<p>&#8211; A\u00e9rosol insecticide longue dur\u00e9e, disponible pour le diffuseur de parfum d&rsquo;ambiance num\u00e9rique Losdi (Ref CL-401-T).<br \/>\n&#8211; 250 ml de charges.<br \/>\n&#8211; Insecticide: pyr\u00e9thrine naturelle.<br \/>\n&#8211; Produit industriel. Usage professionnel.<\/p>\n","protected":false},"excerpt":{"rendered":"<p><span data-sheets-root=\"1\">Insecticide pyr\u00e9thrine naturelle 250 ml<\/span><\/p>\n","protected":false},"featured_media":4219,"template":"","meta":{"_acf_changed":false,"_uag_custom_page_level_css":""},"product_brand":[],"product_cat":[125],"product_tag":[],"gama":[],"class_list":{"0":"post-4218","1":"product","2":"type-product","3":"status-publish","4":"has-post-thumbnail","6":"product_cat-appareils-tue-insectes-electroniques","8":"first","9":"instock","10":"shipping-taxable","11":"product-type-simple"},"acf":[],"spectra_custom_meta":{"rank_math_internal_links_processed":["1"],"rank_math_primary_product_cat":["40"],"_backorders":["no"],"_download_limit":["-1"],"_download_expiry":["-1"],"_downloadable":["no"],"_manage_stock":["no"],"_sku":["CB-406"],"_stock_status":["instock"],"_sold_individually":["no"],"_tax_class":[""],"_tax_status":["taxable"],"_virtual":["no"],"total_sales":["0"],"_regular_price":["10"],"_price":["10"],"_product_image_gallery":[""],"_thumbnail_id":["4219"],"_losdi_specs_title":["Informations et dimensions"],"_losdi_specs_row_0_label":["Capacit\u00e9"],"_losdi_specs_row_0_value":["250 ml"],"_losdi_specs_row_1_label":["Dosage"],"_losdi_specs_row_1_value":["0,1 ml"],"_losdi_specs_row_2_label":["Insecticide"],"_losdi_specs_row_2_value":["Pyr\u00e9thrine naturelle"],"_losdi_specs_row_3_label":["Valve"],"_losdi_specs_row_3_value":["\u00c9troit"],"url_ficha_tecnica":["https:\/\/www.losdi.com\/wp-content\/uploads\/2026\/02\/fiche-technique-insecticide-pyrethrine-cb-406.pdf"],"url_imagen_producto":["https:\/\/www.losdi.com\/wp-content\/uploads\/2026\/01\/CB-406.png"],"_wcml_average_rating":[null],"_wcml_review_count":[null],"_wcml_rating_count":[null],"_product_attributes":["a:0:{}"],"_default_attributes":["a:0:{}"],"_wpml_word_count":["50"],"_uag_css_file_name":["uag-css-4218.css"],"_uag_js_file_name":["uag-js-4218.js"],"_wc_rating_count":[""],"_wc_review_count":[""],"_wc_average_rating":[0]},"uagb_featured_image_src":{"full":["https:\/\/www.losdi.com\/wp-content\/uploads\/2026\/01\/CB-406.png",1289,2009,false],"thumbnail":["https:\/\/www.losdi.com\/wp-content\/uploads\/2026\/01\/CB-406-150x150.png",150,150,true],"medium":["https:\/\/www.losdi.com\/wp-content\/uploads\/2026\/01\/CB-406-192x300.png",192,300,true],"medium_large":["https:\/\/www.losdi.com\/wp-content\/uploads\/2026\/01\/CB-406-768x1197.png",768,1197,true],"large":["https:\/\/www.losdi.com\/wp-content\/uploads\/2026\/01\/CB-406-657x1024.png",657,1024,true],"1536x1536":["https:\/\/www.losdi.com\/wp-content\/uploads\/2026\/01\/CB-406-986x1536.png",986,1536,true],"2048x2048":["https:\/\/www.losdi.com\/wp-content\/uploads\/2026\/01\/CB-406.png",1289,2009,false],"woocommerce_thumbnail":["https:\/\/www.losdi.com\/wp-content\/uploads\/2026\/01\/CB-406-300x300.png",300,300,true],"woocommerce_single":["https:\/\/www.losdi.com\/wp-content\/uploads\/2026\/01\/CB-406-600x935.png",600,935,true],"woocommerce_gallery_thumbnail":["https:\/\/www.losdi.com\/wp-content\/uploads\/2026\/01\/CB-406-100x100.png",100,100,true],"yith-woocompare-image":["https:\/\/www.losdi.com\/wp-content\/uploads\/2026\/01\/CB-406.png",99,154,false]},"uagb_author_info":{"display_name":"redaccion","author_link":"https:\/\/www.losdi.com\/fr\/author\/"},"uagb_comment_info":0,"uagb_excerpt":"Insecticide pyr\u00e9thrine naturelle 250 ml","_links":{"self":[{"href":"https:\/\/www.losdi.com\/fr\/wp-json\/wp\/v2\/product\/4218","targetHints":{"allow":["GET"]}}],"collection":[{"href":"https:\/\/www.losdi.com\/fr\/wp-json\/wp\/v2\/product"}],"about":[{"href":"https:\/\/www.losdi.com\/fr\/wp-json\/wp\/v2\/types\/product"}],"wp:featuredmedia":[{"embeddable":true,"href":"https:\/\/www.losdi.com\/fr\/wp-json\/wp\/v2\/media\/4219"}],"wp:attachment":[{"href":"https:\/\/www.losdi.com\/fr\/wp-json\/wp\/v2\/media?parent=4218"}],"wp:term":[{"taxonomy":"product_brand","embeddable":true,"href":"https:\/\/www.losdi.com\/fr\/wp-json\/wp\/v2\/product_brand?post=4218"},{"taxonomy":"product_cat","embeddable":true,"href":"https:\/\/www.losdi.com\/fr\/wp-json\/wp\/v2\/product_cat?post=4218"},{"taxonomy":"product_tag","embeddable":true,"href":"https:\/\/www.losdi.com\/fr\/wp-json\/wp\/v2\/product_tag?post=4218"},{"taxonomy":"gama","embeddable":true,"href":"https:\/\/www.losdi.com\/fr\/wp-json\/wp\/v2\/gama?post=4218"}],"curies":[{"name":"wp","href":"https:\/\/api.w.org\/{rel}","templated":true}]}}