{"id":4244,"date":"2025-12-29T13:58:33","date_gmt":"2025-12-29T12:58:33","guid":{"rendered":"https:\/\/losdi.acceseo.dev\/producto\/distributeur-de-papier-devidage-central-elegance\/"},"modified":"2026-04-02T10:05:23","modified_gmt":"2026-04-02T08:05:23","slug":"distributeur-de-papier-devidage-central-elegance","status":"publish","type":"product","link":"https:\/\/www.losdi.com\/fr\/produit\/distributeur-de-papier-devidage-central-elegance\/","title":{"rendered":"Distributeur de Papier D\u00e9vidage Central Elegance"},"content":{"rendered":"<p>&#8211; Fabriqu\u00e9 en ABS, ils fabriquent un papier de m\u00e8che distributeur compact, robuste et avec des caract\u00e9ristiques anti-vandalisme.<\/p>\n<p>&#8211; Convient aux toilettes avec intense et haut trafic<\/p>\n<p>&#8211; Le distributeur de bobine de la ligne Elegance, avec un design polyvalent, s&rsquo;adapte \u00e0 n&rsquo;importe quel espace.<\/p>\n<p>&#8211; Il a une cl\u00e9 de s\u00e9curit\u00e9 Losdi standard, fournie avec le produit.<\/p>\n","protected":false},"excerpt":{"rendered":"<p>Description courte du produit<\/p>\n","protected":false},"featured_media":4245,"template":"","meta":{"_acf_changed":false,"_uag_custom_page_level_css":""},"product_brand":[],"product_cat":[140],"product_tag":[],"gama":[147],"class_list":{"0":"post-4244","1":"product","2":"type-product","3":"status-publish","4":"has-post-thumbnail","6":"product_cat-distributeurs-de-papier-devidage-central","7":"gama-elegance","9":"first","10":"instock","11":"shipping-taxable","12":"product-type-variable"},"acf":[],"spectra_custom_meta":{"rank_math_internal_links_processed":["1"],"rank_math_primary_product_cat":["33"],"_backorders":["no"],"_download_limit":["-1"],"_download_expiry":["-1"],"_downloadable":["no"],"_manage_stock":["no"],"_stock_status":["instock"],"_sold_individually":["no"],"_tax_class":[""],"_tax_status":["taxable"],"_virtual":["no"],"total_sales":["0"],"_price":["10"],"_product_image_gallery":[""],"_thumbnail_id":["4245"],"_losdi_specs_title":["Informations et mesures"],"_losdi_specs_row_0_label":["Mat\u00e9riau"],"_losdi_specs_row_0_value":["ABS"],"_losdi_specs_row_1_label":["Poids \u00e0 vide (net)"],"_losdi_specs_row_1_value":["1,26 kg"],"_losdi_specs_row_2_label":["Diam\u00e8tre du rouleau de papier"],"_losdi_specs_row_2_value":["200 - 210 mm"],"_losdi_specs_row_3_label":["Hauteur du papier en bobine"],"_losdi_specs_row_3_value":["210 - 220 mm"],"_losdi_specs_row_4_label":["Fermeture"],"_losdi_specs_row_4_value":["Cl\u00e9 et serrure en plastique"],"_losdi_specs_row_5_label":["Dosage"],"_losdi_specs_row_5_value":["Manuel"],"_losdi_specs_row_6_label":["Syst\u00e8me"],"_losdi_specs_row_6_value":["*Distribution contr\u00f4l\u00e9e"],"url_ficha_tecnica":["https:\/\/www.losdi.com\/wp-content\/uploads\/2026\/02\/CP0520-CP0521-FT-distributeur-papier-devidage-central-ABS-ELEGANCE.pdf"],"url_folleto_gama":["https:\/\/www.losdi.com\/wp-content\/uploads\/2026\/02\/Elegance-folleto.pdf"],"url_imagen_producto":["https:\/\/www.losdi.com\/wp-content\/uploads\/2025\/12\/dispensador-papel-mecha-CP0521B.webp"],"_wcml_average_rating":[null],"_wcml_review_count":[null],"_wcml_rating_count":[null],"attr_label_translations":["a:1:{s:2:\"fr\";a:2:{s:5:\"color\";s:7:\"Couleur\";s:20:\"tipo-de-dispensacion\";s:20:\"Type de distribution\";}}"],"_product_attributes":["a:2:{s:8:\"pa_color\";a:6:{s:4:\"name\";s:8:\"pa_color\";s:5:\"value\";s:0:\"\";s:8:\"position\";i:0;s:10:\"is_visible\";i:1;s:12:\"is_variation\";i:1;s:11:\"is_taxonomy\";i:1;}s:20:\"tipo-de-dispensacion\";a:6:{s:4:\"name\";s:21:\"Tipo de dispensaci\u00f3n\";s:5:\"value\";s:22:\"Continue | Contr\u00f4l\u00e9e\";s:8:\"position\";i:2;s:10:\"is_visible\";i:1;s:12:\"is_variation\";i:1;s:11:\"is_taxonomy\";i:0;}}"],"_wpml_word_count":["76"],"_sku":["CP-0521"],"_losdi_specs_rows":["a:7:{i:0;a:2:{s:5:\"label\";s:8:\"Material\";s:5:\"value\";s:3:\"ABS\";}i:1;a:2:{s:5:\"label\";s:18:\"Peso vac\u00edo (neto)\";s:5:\"value\";s:7:\"1,26 kg\";}i:2;a:2:{s:5:\"label\";s:24:\"Di\u00e1metro rollo de papel\";s:5:\"value\";s:12:\"200 - 210 mm\";}i:3;a:2:{s:5:\"label\";s:17:\"Alto papel bobina\";s:5:\"value\";s:12:\"210 - 220 mm\";}i:4;a:2:{s:5:\"label\";s:6:\"Cierre\";s:5:\"value\";s:30:\"Llave y cerradura de pl\u00e1stico\";}i:5;a:2:{s:5:\"label\";s:13:\"Dosificaci\u00f3n\";s:5:\"value\";s:6:\"Manual\";}i:6;a:2:{s:5:\"label\";s:7:\"Sistema\";s:5:\"value\";s:25:\"*Dispensaci\u00f3n controlada\";}}"],"_uag_css_file_name":["uag-css-4244.css"],"_uag_js_file_name":["uag-js-4244.js"],"_wc_rating_count":[""],"_wc_review_count":[""],"_wc_average_rating":[0]},"uagb_featured_image_src":{"full":["https:\/\/www.losdi.com\/wp-content\/uploads\/2025\/12\/dispensador-papel-mecha-CP0521B.webp",731,884,false],"thumbnail":["https:\/\/www.losdi.com\/wp-content\/uploads\/2025\/12\/dispensador-papel-mecha-CP0521B-150x150.webp",150,150,true],"medium":["https:\/\/www.losdi.com\/wp-content\/uploads\/2025\/12\/dispensador-papel-mecha-CP0521B-248x300.webp",248,300,true],"medium_large":["https:\/\/www.losdi.com\/wp-content\/uploads\/2025\/12\/dispensador-papel-mecha-CP0521B.webp",731,884,false],"large":["https:\/\/www.losdi.com\/wp-content\/uploads\/2025\/12\/dispensador-papel-mecha-CP0521B.webp",731,884,false],"1536x1536":["https:\/\/www.losdi.com\/wp-content\/uploads\/2025\/12\/dispensador-papel-mecha-CP0521B.webp",731,884,false],"2048x2048":["https:\/\/www.losdi.com\/wp-content\/uploads\/2025\/12\/dispensador-papel-mecha-CP0521B.webp",731,884,false],"woocommerce_thumbnail":["https:\/\/www.losdi.com\/wp-content\/uploads\/2025\/12\/dispensador-papel-mecha-CP0521B-300x300.webp",300,300,true],"woocommerce_single":["https:\/\/www.losdi.com\/wp-content\/uploads\/2025\/12\/dispensador-papel-mecha-CP0521B-600x726.webp",600,726,true],"woocommerce_gallery_thumbnail":["https:\/\/www.losdi.com\/wp-content\/uploads\/2025\/12\/dispensador-papel-mecha-CP0521B-100x100.webp",100,100,true],"yith-woocompare-image":["https:\/\/www.losdi.com\/wp-content\/uploads\/2025\/12\/dispensador-papel-mecha-CP0521B.webp",127,154,false]},"uagb_author_info":{"display_name":"redaccion","author_link":"https:\/\/www.losdi.com\/fr\/author\/"},"uagb_comment_info":0,"uagb_excerpt":"Description courte du produit","_links":{"self":[{"href":"https:\/\/www.losdi.com\/fr\/wp-json\/wp\/v2\/product\/4244","targetHints":{"allow":["GET"]}}],"collection":[{"href":"https:\/\/www.losdi.com\/fr\/wp-json\/wp\/v2\/product"}],"about":[{"href":"https:\/\/www.losdi.com\/fr\/wp-json\/wp\/v2\/types\/product"}],"wp:featuredmedia":[{"embeddable":true,"href":"https:\/\/www.losdi.com\/fr\/wp-json\/wp\/v2\/media\/4245"}],"wp:attachment":[{"href":"https:\/\/www.losdi.com\/fr\/wp-json\/wp\/v2\/media?parent=4244"}],"wp:term":[{"taxonomy":"product_brand","embeddable":true,"href":"https:\/\/www.losdi.com\/fr\/wp-json\/wp\/v2\/product_brand?post=4244"},{"taxonomy":"product_cat","embeddable":true,"href":"https:\/\/www.losdi.com\/fr\/wp-json\/wp\/v2\/product_cat?post=4244"},{"taxonomy":"product_tag","embeddable":true,"href":"https:\/\/www.losdi.com\/fr\/wp-json\/wp\/v2\/product_tag?post=4244"},{"taxonomy":"gama","embeddable":true,"href":"https:\/\/www.losdi.com\/fr\/wp-json\/wp\/v2\/gama?post=4244"}],"curies":[{"name":"wp","href":"https:\/\/api.w.org\/{rel}","templated":true}]}}