{"id":4260,"date":"2026-01-02T08:35:40","date_gmt":"2026-01-02T07:35:40","guid":{"rendered":"https:\/\/losdi.acceseo.dev\/producto\/desodorisant\/"},"modified":"2026-01-02T08:35:40","modified_gmt":"2026-01-02T07:35:40","slug":"desodorisant","status":"publish","type":"product","link":"https:\/\/www.losdi.com\/fr\/produit\/desodorisant\/","title":{"rendered":"D\u00e9sodorisant"},"content":{"rendered":"<p>&#8211; D\u00e9sodorisant de longue dur\u00e9e, disponible pour le distributeur de d\u00e9sodorisant num\u00e9rique Losdi (Ref CL-401-T).<br \/>\n&#8211; Les parfums frais et parfum\u00e9s \u00e9liminent les mauvaises odeurs.<br \/>\n&#8211; Produit industriel. Usage professionnel.<br \/>\n&#8211; Chargues de 250 ml.<br \/>\n&#8211; Parfums: Citron, Lavande, Anti-tabac, Eternit\u00e9, Ck 1, Fruit tropical, Fruit de la passion, Neoflor.<\/p>\n","protected":false},"excerpt":{"rendered":"<p>D\u00e9sodorisant 250 ml (Citron, Lavande, Anti-tabac, Eternit\u00e9, Ck 1, Fruit tropical, Fruit de la passion, Neoflor, Mangue)<\/p>\n","protected":false},"featured_media":4261,"template":"","meta":{"_acf_changed":false,"_uag_custom_page_level_css":""},"product_brand":[],"product_cat":[157],"product_tag":[],"gama":[],"class_list":{"0":"post-4260","1":"product","2":"type-product","3":"status-publish","4":"has-post-thumbnail","6":"product_cat-charges","8":"first","9":"instock","10":"shipping-taxable","11":"product-type-simple"},"acf":[],"spectra_custom_meta":{"rank_math_internal_links_processed":["1"],"rank_math_primary_product_cat":["40"],"_backorders":["no"],"_download_limit":["-1"],"_download_expiry":["-1"],"_downloadable":["no"],"_manage_stock":["no"],"_sku":["CB-405"],"_stock_status":["instock"],"_sold_individually":["no"],"_tax_class":[""],"_tax_status":["taxable"],"_virtual":["no"],"total_sales":["0"],"_regular_price":["10"],"_price":["10"],"_product_image_gallery":[""],"_thumbnail_id":["4261"],"_losdi_specs_title":["Informations et dimensions"],"_losdi_specs_row_0_label":["Capacit\u00e9"],"_losdi_specs_row_0_value":["250 ml"],"_losdi_specs_row_1_label":["Dosage"],"_losdi_specs_row_1_value":["0,1 ml"],"_losdi_specs_row_2_label":["Valve"],"_losdi_specs_row_2_value":["St\u00e1ndard"],"_losdi_specs_row_3_label":["Parfums"],"_losdi_specs_row_3_value":["Citron, Lavande, Anti-tabac, Eternit\u00e9, Ck 1, Fruit tropical, Fruit de la passion, Neoflor, Mangue."],"url_ficha_tecnica":["https:\/\/www.losdi.com\/wp-content\/uploads\/2026\/02\/fiche-technique-aerosol-desodorisant-cb-405.pdf"],"url_imagen_producto":["https:\/\/www.losdi.com\/wp-content\/uploads\/2026\/01\/CB-405.png"],"_wcml_average_rating":[null],"_wcml_review_count":[null],"_wcml_rating_count":[null],"attr_label_translations":["a:1:{s:2:\"fr\";a:1:{s:13:\"tipo-de-carga\";s:16:\"Type de recharge\";}}"],"_product_attributes":["a:1:{s:13:\"tipo-de-carga\";a:6:{s:4:\"name\";s:13:\"Tipo de carga\";s:5:\"value\";s:65:\"Eternity | Citron | Lavande | Mangue | Neoflor | Passion | Tropic\";s:8:\"position\";i:0;s:10:\"is_visible\";i:1;s:12:\"is_variation\";i:0;s:11:\"is_taxonomy\";i:0;}}"],"_default_attributes":["a:0:{}"],"_wpml_word_count":["81"],"_uag_css_file_name":["uag-css-4260.css"],"_uag_js_file_name":["uag-js-4260.js"],"_wc_rating_count":[""],"_wc_review_count":[""],"_wc_average_rating":[0]},"uagb_featured_image_src":{"full":["https:\/\/www.losdi.com\/wp-content\/uploads\/2026\/01\/CB-405.png",900,1428,false],"thumbnail":["https:\/\/www.losdi.com\/wp-content\/uploads\/2026\/01\/CB-405-150x150.png",150,150,true],"medium":["https:\/\/www.losdi.com\/wp-content\/uploads\/2026\/01\/CB-405-189x300.png",189,300,true],"medium_large":["https:\/\/www.losdi.com\/wp-content\/uploads\/2026\/01\/CB-405-768x1219.png",768,1219,true],"large":["https:\/\/www.losdi.com\/wp-content\/uploads\/2026\/01\/CB-405-645x1024.png",645,1024,true],"1536x1536":["https:\/\/www.losdi.com\/wp-content\/uploads\/2026\/01\/CB-405.png",900,1428,false],"2048x2048":["https:\/\/www.losdi.com\/wp-content\/uploads\/2026\/01\/CB-405.png",900,1428,false],"woocommerce_thumbnail":["https:\/\/www.losdi.com\/wp-content\/uploads\/2026\/01\/CB-405-300x300.png",300,300,true],"woocommerce_single":["https:\/\/www.losdi.com\/wp-content\/uploads\/2026\/01\/CB-405-600x952.png",600,952,true],"woocommerce_gallery_thumbnail":["https:\/\/www.losdi.com\/wp-content\/uploads\/2026\/01\/CB-405-100x100.png",100,100,true],"yith-woocompare-image":["https:\/\/www.losdi.com\/wp-content\/uploads\/2026\/01\/CB-405.png",97,154,false]},"uagb_author_info":{"display_name":"redaccion","author_link":"https:\/\/www.losdi.com\/fr\/author\/"},"uagb_comment_info":0,"uagb_excerpt":"D\u00e9sodorisant 250 ml (Citron, Lavande, Anti-tabac, Eternit\u00e9, Ck 1, Fruit tropical, Fruit de la passion, Neoflor, Mangue)","_links":{"self":[{"href":"https:\/\/www.losdi.com\/fr\/wp-json\/wp\/v2\/product\/4260","targetHints":{"allow":["GET"]}}],"collection":[{"href":"https:\/\/www.losdi.com\/fr\/wp-json\/wp\/v2\/product"}],"about":[{"href":"https:\/\/www.losdi.com\/fr\/wp-json\/wp\/v2\/types\/product"}],"wp:featuredmedia":[{"embeddable":true,"href":"https:\/\/www.losdi.com\/fr\/wp-json\/wp\/v2\/media\/4261"}],"wp:attachment":[{"href":"https:\/\/www.losdi.com\/fr\/wp-json\/wp\/v2\/media?parent=4260"}],"wp:term":[{"taxonomy":"product_brand","embeddable":true,"href":"https:\/\/www.losdi.com\/fr\/wp-json\/wp\/v2\/product_brand?post=4260"},{"taxonomy":"product_cat","embeddable":true,"href":"https:\/\/www.losdi.com\/fr\/wp-json\/wp\/v2\/product_cat?post=4260"},{"taxonomy":"product_tag","embeddable":true,"href":"https:\/\/www.losdi.com\/fr\/wp-json\/wp\/v2\/product_tag?post=4260"},{"taxonomy":"gama","embeddable":true,"href":"https:\/\/www.losdi.com\/fr\/wp-json\/wp\/v2\/gama?post=4260"}],"curies":[{"name":"wp","href":"https:\/\/api.w.org\/{rel}","templated":true}]}}