{"id":4283,"date":"2025-12-30T13:48:48","date_gmt":"2025-12-30T12:48:48","guid":{"rendered":"https:\/\/losdi.acceseo.dev\/producto\/bacteromatic-refill\/"},"modified":"2025-12-30T13:48:48","modified_gmt":"2025-12-30T12:48:48","slug":"bacteromatic-refill","status":"publish","type":"product","link":"https:\/\/www.losdi.com\/fr\/produit\/bacteromatic-refill\/","title":{"rendered":"Bacteromatic refill"},"content":{"rendered":"<p>&#8211; A\u00e9rosol bact\u00e9riostatique longue dur\u00e9e, disponible pour Bacteromatic Losdi Dispenser (Ref CL-403-T).<br \/>\n&#8211; Utilisation: Toilettes, exclusif pour les toilettes.<br \/>\n&#8211; 500 ml de charges.<br \/>\n&#8211; Parfums disponibles: Marine.<\/p>\n","protected":false},"excerpt":{"rendered":"<p><span data-sheets-root=\"1\">Bacteromatic refill 500 ml (Marine)<\/span><\/p>\n","protected":false},"featured_media":5005,"template":"","meta":{"_acf_changed":false,"_uag_custom_page_level_css":""},"product_brand":[],"product_cat":[157],"product_tag":[],"gama":[],"class_list":{"0":"post-4283","1":"product","2":"type-product","3":"status-publish","4":"has-post-thumbnail","6":"product_cat-charges","8":"first","9":"instock","10":"shipping-taxable","11":"product-type-simple"},"acf":[],"spectra_custom_meta":{"rank_math_internal_links_processed":["1"],"_backorders":["no"],"_download_limit":["-1"],"_download_expiry":["-1"],"_downloadable":["no"],"_manage_stock":["no"],"_sku":["CB-410"],"_stock_status":["instock"],"_sold_individually":["no"],"_tax_class":[""],"_tax_status":["taxable"],"_virtual":["no"],"total_sales":["0"],"_regular_price":["10"],"_price":["10"],"_losdi_specs_title":["Informations et dimensions"],"_losdi_specs_row_0_label":["Capacit\u00e9"],"_losdi_specs_row_0_value":["500 ml"],"_losdi_specs_row_1_label":["Dosage"],"_losdi_specs_row_1_value":["0,2 ml"],"_losdi_specs_row_2_label":["Parfum"],"_losdi_specs_row_2_value":["MARINE"],"_losdi_specs_row_3_label":["Valve"],"_losdi_specs_row_3_value":["Standard"],"url_ficha_tecnica":["https:\/\/www.losdi.com\/wp-content\/uploads\/2026\/02\/fiche-technique-recharge-cb-410.pdf"],"_wcml_average_rating":[null],"_wcml_review_count":[null],"_wcml_rating_count":[null],"_product_image_gallery":["5005"],"_wpml_word_count":["45"],"_thumbnail_id":["5005"],"_uag_css_file_name":["uag-css-4283.css"],"_uag_js_file_name":["uag-js-4283.js"],"_losdi_specs_rows":["a:4:{i:0;a:2:{s:5:\"label\";s:9:\"Capacidad\";s:5:\"value\";s:6:\"500 ml\";}i:1;a:2:{s:5:\"label\";s:13:\"Dosificaci\u00f3n\";s:5:\"value\";s:6:\"0,2 ml\";}i:2;a:2:{s:5:\"label\";s:7:\"Perfume\";s:5:\"value\";s:6:\"MARINO\";}i:3;a:2:{s:5:\"label\";s:8:\"V\u00e1lvula\";s:5:\"value\";s:9:\"Est\u00e1ndar\";}}"],"_wc_rating_count":[""],"_wc_review_count":[""],"_wc_average_rating":[0]},"uagb_featured_image_src":{"full":["https:\/\/www.losdi.com\/wp-content\/uploads\/2025\/12\/dispensador-quimico-digital-CL410.png",1024,1341,false],"thumbnail":["https:\/\/www.losdi.com\/wp-content\/uploads\/2025\/12\/dispensador-quimico-digital-CL410-150x150.png",150,150,true],"medium":["https:\/\/www.losdi.com\/wp-content\/uploads\/2025\/12\/dispensador-quimico-digital-CL410-229x300.png",229,300,true],"medium_large":["https:\/\/www.losdi.com\/wp-content\/uploads\/2025\/12\/dispensador-quimico-digital-CL410-768x1006.png",768,1006,true],"large":["https:\/\/www.losdi.com\/wp-content\/uploads\/2025\/12\/dispensador-quimico-digital-CL410-782x1024.png",782,1024,true],"1536x1536":["https:\/\/www.losdi.com\/wp-content\/uploads\/2025\/12\/dispensador-quimico-digital-CL410.png",1024,1341,false],"2048x2048":["https:\/\/www.losdi.com\/wp-content\/uploads\/2025\/12\/dispensador-quimico-digital-CL410.png",1024,1341,false],"woocommerce_thumbnail":["https:\/\/www.losdi.com\/wp-content\/uploads\/2025\/12\/dispensador-quimico-digital-CL410-300x300.png",300,300,true],"woocommerce_single":["https:\/\/www.losdi.com\/wp-content\/uploads\/2025\/12\/dispensador-quimico-digital-CL410-600x786.png",600,786,true],"woocommerce_gallery_thumbnail":["https:\/\/www.losdi.com\/wp-content\/uploads\/2025\/12\/dispensador-quimico-digital-CL410-100x100.png",100,100,true],"yith-woocompare-image":["https:\/\/www.losdi.com\/wp-content\/uploads\/2025\/12\/dispensador-quimico-digital-CL410-220x154.png",220,154,true]},"uagb_author_info":{"display_name":"redaccion","author_link":"https:\/\/www.losdi.com\/fr\/author\/"},"uagb_comment_info":0,"uagb_excerpt":"Bacteromatic refill 500 ml (Marine)","_links":{"self":[{"href":"https:\/\/www.losdi.com\/fr\/wp-json\/wp\/v2\/product\/4283","targetHints":{"allow":["GET"]}}],"collection":[{"href":"https:\/\/www.losdi.com\/fr\/wp-json\/wp\/v2\/product"}],"about":[{"href":"https:\/\/www.losdi.com\/fr\/wp-json\/wp\/v2\/types\/product"}],"wp:featuredmedia":[{"embeddable":true,"href":"https:\/\/www.losdi.com\/fr\/wp-json\/wp\/v2\/media\/5005"}],"wp:attachment":[{"href":"https:\/\/www.losdi.com\/fr\/wp-json\/wp\/v2\/media?parent=4283"}],"wp:term":[{"taxonomy":"product_brand","embeddable":true,"href":"https:\/\/www.losdi.com\/fr\/wp-json\/wp\/v2\/product_brand?post=4283"},{"taxonomy":"product_cat","embeddable":true,"href":"https:\/\/www.losdi.com\/fr\/wp-json\/wp\/v2\/product_cat?post=4283"},{"taxonomy":"product_tag","embeddable":true,"href":"https:\/\/www.losdi.com\/fr\/wp-json\/wp\/v2\/product_tag?post=4283"},{"taxonomy":"gama","embeddable":true,"href":"https:\/\/www.losdi.com\/fr\/wp-json\/wp\/v2\/gama?post=4283"}],"curies":[{"name":"wp","href":"https:\/\/api.w.org\/{rel}","templated":true}]}}