{"id":4287,"date":"2025-12-30T09:19:40","date_gmt":"2025-12-30T08:19:40","guid":{"rendered":"https:\/\/losdi.acceseo.dev\/producto\/distributeur-bobine-essuie-mains-mini\/"},"modified":"2026-04-02T10:33:14","modified_gmt":"2026-04-02T08:33:14","slug":"distributeur-bobine-essuie-mains-mini","status":"publish","type":"product","link":"https:\/\/www.losdi.com\/fr\/produit\/distributeur-bobine-essuie-mains-mini\/","title":{"rendered":"Distributeur Bobine Essuie-Mains Mini"},"content":{"rendered":"<p>&#8211; Fabriqu\u00e9 en ABS, ils est une distributeur de bobine devidadge central, robuste et avec des caract\u00e9ristiques anti-vandalisme<\/p>\n<p>&#8211; Convient aux toilettes avec intense et haut trafic<\/p>\n<p>&#8211; Le distributeur de bobine de la Ligne Elegance, avec un design polyvalent, s&rsquo;adapte \u00e0 n&rsquo;importe quel espace.<\/p>\n<p>&#8211; Il dispose d&rsquo;une cl\u00e9 de s\u00e9curit\u00e9 Losdi standard, fournie avec le produit.<\/p>\n","protected":false},"excerpt":{"rendered":"<p>&#8211; Fabriqu\u00e9 en ABS, ils est une distributeur de bobine devidadge central, robuste et avec des caract\u00e9ristiques anti-vandalisme &#8211; Convient aux toilettes avec intense et haut trafic &#8211; Le distributeur de bobine de la Ligne Elegance, avec un design polyvalent, s&rsquo;adapte \u00e0 n&rsquo;importe quel espace. &#8211; Il dispose d&rsquo;une cl\u00e9 de s\u00e9curit\u00e9 Losdi standard, fournie [&hellip;]<\/p>\n","protected":false},"featured_media":4288,"template":"","meta":{"_acf_changed":false,"_uag_custom_page_level_css":""},"product_brand":[],"product_cat":[140],"product_tag":[],"gama":[147],"class_list":{"0":"post-4287","1":"product","2":"type-product","3":"status-publish","4":"has-post-thumbnail","6":"product_cat-distributeurs-de-papier-devidage-central","7":"gama-elegance","9":"first","10":"instock","11":"shipping-taxable","12":"product-type-variable"},"acf":[],"spectra_custom_meta":{"rank_math_internal_links_processed":["1"],"rank_math_primary_product_cat":["33"],"_backorders":["no"],"_download_limit":["-1"],"_download_expiry":["-1"],"_downloadable":["no"],"_manage_stock":["no"],"_stock_status":["instock"],"_sold_individually":["no"],"_tax_class":[""],"_tax_status":["taxable"],"_virtual":["no"],"total_sales":["0"],"_price":["10"],"_product_image_gallery":["4289"],"_thumbnail_id":["4288"],"_losdi_specs_title":["Information and measurements"],"_losdi_specs_row_0_label":["Mat\u00e9riau"],"_losdi_specs_row_0_value":["ABS"],"_losdi_specs_row_1_label":["Empty weight (net)"],"_losdi_specs_row_1_value":["0,614 kg"],"_losdi_specs_row_2_label":["Paper roll diameter"],"_losdi_specs_row_2_value":["150 mm"],"_losdi_specs_row_3_label":["Paper roll height"],"_losdi_specs_row_3_value":["210 - 220 mm"],"_losdi_specs_row_4_label":["Fermeture"],"_losdi_specs_row_4_value":["Cl\u00e9 et serrure en plastique"],"_losdi_specs_row_5_label":["Dosage"],"_losdi_specs_row_5_value":["Manuel"],"url_ficha_tecnica":["https:\/\/www.losdi.com\/wp-content\/uploads\/2026\/02\/CP0528-FT-distributeur-papier-devidage-central-ABS-ELEGANCE.pdf"],"url_folleto_gama":["https:\/\/www.losdi.com\/wp-content\/uploads\/2026\/02\/Elegance-folleto.pdf"],"url_imagen_producto":["https:\/\/www.losdi.com\/wp-content\/uploads\/2025\/12\/dispensador-papel-mecha-CP0528.webp"],"_wcml_average_rating":[null],"_wcml_review_count":[null],"_wcml_rating_count":[null],"attr_label_translations":["a:1:{s:2:\"fr\";a:2:{s:5:\"color\";s:7:\"Couleur\";s:20:\"tipo-de-dispensacion\";s:20:\"Type de distribution\";}}"],"_product_attributes":["a:2:{s:8:\"pa_color\";a:6:{s:4:\"name\";s:8:\"pa_color\";s:5:\"value\";s:0:\"\";s:8:\"position\";i:0;s:10:\"is_visible\";i:1;s:12:\"is_variation\";i:1;s:11:\"is_taxonomy\";i:1;}s:20:\"tipo-de-dispensacion\";a:6:{s:4:\"name\";s:21:\"Tipo de dispensaci\u00f3n\";s:5:\"value\";s:22:\"Continue | Contr\u00f4l\u00e9e\";s:8:\"position\";i:1;s:10:\"is_visible\";i:1;s:12:\"is_variation\";i:1;s:11:\"is_taxonomy\";i:0;}}"],"_wpml_word_count":["70"],"_sku":["CP-0528"],"_losdi_specs_rows":["a:6:{i:0;a:2:{s:5:\"label\";s:8:\"Material\";s:5:\"value\";s:3:\"ABS\";}i:1;a:2:{s:5:\"label\";s:18:\"Peso vac\u00edo (neto)\";s:5:\"value\";s:8:\"0,614 kg\";}i:2;a:2:{s:5:\"label\";s:24:\"Di\u00e1metro rollo de papel\";s:5:\"value\";s:6:\"150 mm\";}i:3;a:2:{s:5:\"label\";s:17:\"Alto papel bobina\";s:5:\"value\";s:12:\"210 - 220 mm\";}i:4;a:2:{s:5:\"label\";s:6:\"Cierre\";s:5:\"value\";s:30:\"Llave y cerradura de pl\u00e1stico\";}i:5;a:2:{s:5:\"label\";s:13:\"Dosificaci\u00f3n\";s:5:\"value\";s:6:\"Manual\";}}"],"_uag_css_file_name":["uag-css-4287.css"],"_uag_js_file_name":["uag-js-4287.js"],"_wc_rating_count":[""],"_wc_review_count":[""],"_wc_average_rating":[0]},"uagb_featured_image_src":{"full":["https:\/\/www.losdi.com\/wp-content\/uploads\/2025\/12\/dispensador-papel-mecha-CP0528.webp",769,1039,false],"thumbnail":["https:\/\/www.losdi.com\/wp-content\/uploads\/2025\/12\/dispensador-papel-mecha-CP0528-150x150.webp",150,150,true],"medium":["https:\/\/www.losdi.com\/wp-content\/uploads\/2025\/12\/dispensador-papel-mecha-CP0528-222x300.webp",222,300,true],"medium_large":["https:\/\/www.losdi.com\/wp-content\/uploads\/2025\/12\/dispensador-papel-mecha-CP0528.webp",768,1038,false],"large":["https:\/\/www.losdi.com\/wp-content\/uploads\/2025\/12\/dispensador-papel-mecha-CP0528-758x1024.webp",758,1024,true],"1536x1536":["https:\/\/www.losdi.com\/wp-content\/uploads\/2025\/12\/dispensador-papel-mecha-CP0528.webp",769,1039,false],"2048x2048":["https:\/\/www.losdi.com\/wp-content\/uploads\/2025\/12\/dispensador-papel-mecha-CP0528.webp",769,1039,false],"woocommerce_thumbnail":["https:\/\/www.losdi.com\/wp-content\/uploads\/2025\/12\/dispensador-papel-mecha-CP0528-300x300.webp",300,300,true],"woocommerce_single":["https:\/\/www.losdi.com\/wp-content\/uploads\/2025\/12\/dispensador-papel-mecha-CP0528-600x811.webp",600,811,true],"woocommerce_gallery_thumbnail":["https:\/\/www.losdi.com\/wp-content\/uploads\/2025\/12\/dispensador-papel-mecha-CP0528-100x100.webp",100,100,true],"yith-woocompare-image":["https:\/\/www.losdi.com\/wp-content\/uploads\/2025\/12\/dispensador-papel-mecha-CP0528.webp",114,154,false]},"uagb_author_info":{"display_name":"redaccion","author_link":"https:\/\/www.losdi.com\/fr\/author\/"},"uagb_comment_info":0,"uagb_excerpt":"&#8211; Fabriqu\u00e9 en ABS, ils est une distributeur de bobine devidadge central, robuste et avec des caract\u00e9ristiques anti-vandalisme &#8211; Convient aux toilettes avec intense et haut trafic &#8211; Le distributeur de bobine de la Ligne Elegance, avec un design polyvalent, s&rsquo;adapte \u00e0 n&rsquo;importe quel espace. &#8211; Il dispose d&rsquo;une cl\u00e9 de s\u00e9curit\u00e9 Losdi standard, fournie\u2026","_links":{"self":[{"href":"https:\/\/www.losdi.com\/fr\/wp-json\/wp\/v2\/product\/4287","targetHints":{"allow":["GET"]}}],"collection":[{"href":"https:\/\/www.losdi.com\/fr\/wp-json\/wp\/v2\/product"}],"about":[{"href":"https:\/\/www.losdi.com\/fr\/wp-json\/wp\/v2\/types\/product"}],"wp:featuredmedia":[{"embeddable":true,"href":"https:\/\/www.losdi.com\/fr\/wp-json\/wp\/v2\/media\/4288"}],"wp:attachment":[{"href":"https:\/\/www.losdi.com\/fr\/wp-json\/wp\/v2\/media?parent=4287"}],"wp:term":[{"taxonomy":"product_brand","embeddable":true,"href":"https:\/\/www.losdi.com\/fr\/wp-json\/wp\/v2\/product_brand?post=4287"},{"taxonomy":"product_cat","embeddable":true,"href":"https:\/\/www.losdi.com\/fr\/wp-json\/wp\/v2\/product_cat?post=4287"},{"taxonomy":"product_tag","embeddable":true,"href":"https:\/\/www.losdi.com\/fr\/wp-json\/wp\/v2\/product_tag?post=4287"},{"taxonomy":"gama","embeddable":true,"href":"https:\/\/www.losdi.com\/fr\/wp-json\/wp\/v2\/gama?post=4287"}],"curies":[{"name":"wp","href":"https:\/\/api.w.org\/{rel}","templated":true}]}}