{"id":4317,"date":"2025-12-30T09:35:04","date_gmt":"2025-12-30T08:35:04","guid":{"rendered":"https:\/\/losdi.acceseo.dev\/producto\/distributeur-de-savon-liquide-star\/"},"modified":"2026-04-02T10:10:39","modified_gmt":"2026-04-02T08:10:39","slug":"distributeur-de-savon-liquide-star","status":"publish","type":"product","link":"https:\/\/www.losdi.com\/fr\/produit\/distributeur-de-savon-liquide-star\/","title":{"rendered":"Distributeur de Savon Liquide STAR"},"content":{"rendered":"<p>&#8211; Nouvelle collection Premium<\/p>\n<p>&#8211; Developp\u00e9e pour l\u2019economie des consommables.<\/p>\n<p>&#8211; Anti-vandalisme, fabriqu\u00e9e en POLYCARBONATE<\/p>\n<p>&#8211; Fonctionelle, \u00e9l\u00e9gante et d\u00e9corative.<\/p>\n<p>&#8211; Translucide. Facile reposition des consommables.<\/p>\n<p>-Mod\u00e8le avec bouteille \u00e0 remplissage de savon mousse<\/p>\n<p>&#8211; Il dispose d&rsquo;une cl\u00e9 de s\u00e9curit\u00e9 Losdi standard, fournie avec le produit.<\/p>\n","protected":false},"excerpt":{"rendered":"<p>&#8211; Nouvelle collection Premium &#8211; Developp\u00e9e pour l\u2019economie des consommables. &#8211; Anti-vandalisme, fabriqu\u00e9e en POLYCARBONATE &#8211; Fonctionelle, \u00e9l\u00e9gante et d\u00e9corative. &#8211; Translucide. Facile reposition des consommables. -Mod\u00e8le avec bouteille \u00e0 remplissage de savon mousse &#8211; Il dispose d&rsquo;une cl\u00e9 de s\u00e9curit\u00e9 Losdi standard, fournie avec le produit.<\/p>\n","protected":false},"featured_media":4318,"template":"","meta":{"_acf_changed":false,"_uag_custom_page_level_css":""},"product_brand":[],"product_cat":[136],"product_tag":[],"gama":[159],"class_list":{"0":"post-4317","1":"product","2":"type-product","3":"status-publish","4":"has-post-thumbnail","6":"product_cat-distributeurs-de-savon","7":"gama-star","9":"first","10":"instock","11":"shipping-taxable","12":"product-type-variable"},"acf":[],"spectra_custom_meta":{"rank_math_internal_links_processed":["1"],"rank_math_primary_product_cat":["30"],"_backorders":["no"],"_download_limit":["-1"],"_download_expiry":["-1"],"_downloadable":["no"],"_manage_stock":["no"],"_sku":["CJ-5003 \/ CJ-6003"],"_stock_status":["instock"],"_sold_individually":["no"],"_tax_class":[""],"_tax_status":["taxable"],"_virtual":["no"],"total_sales":["0"],"_price":["10"],"_thumbnail_id":["4318"],"_losdi_specs_title":["Informations et mesures"],"_losdi_specs_row_0_label":["Mat\u00e9riel"],"_losdi_specs_row_0_value":["POLYCARBONATE"],"_losdi_specs_row_1_label":["Capacit\u00e9"],"_losdi_specs_row_1_value":["850 ml"],"_losdi_specs_row_2_label":["Syst\u00e8me"],"_losdi_specs_row_2_value":["Manuel"],"_losdi_specs_row_3_label":["Valve"],"_losdi_specs_row_3_value":["Anti-goutte"],"_losdi_specs_row_4_label":["Dosage"],"_losdi_specs_row_4_value":["1 ml Savon liquide"],"_losdi_specs_row_5_label":["Bouton-poussoir"],"_losdi_specs_row_5_value":["Ergonomique"],"_losdi_specs_row_6_label":["Poids \u00e0 vide"],"_losdi_specs_row_6_value":["0,51 kg"],"_losdi_specs_row_7_label":["Fermeture"],"_losdi_specs_row_7_value":["Cl\u00e9 et serrure en plastique"],"url_ficha_tecnica":["https:\/\/www.losdi.com\/wp-content\/uploads\/2026\/02\/fiche-technique-distributeur-de-savon-star-cj-5003.pdf"],"url_folleto_gama":[""],"url_imagen_producto":["https:\/\/www.losdi.com\/wp-content\/uploads\/2025\/12\/dosificador-jabon-cj-5003-bl.webp"],"_wcml_average_rating":[null],"_wcml_review_count":[null],"_wcml_rating_count":[null],"attr_label_translations":["a:1:{s:2:\"fr\";a:2:{s:5:\"color\";s:7:\"Couleur\";s:13:\"tipo-de-jabon\";s:13:\"Type de Savon\";}}"],"_product_attributes":["a:2:{s:8:\"pa_color\";a:6:{s:4:\"name\";s:8:\"pa_color\";s:5:\"value\";s:0:\"\";s:8:\"position\";i:0;s:10:\"is_visible\";i:1;s:12:\"is_variation\";i:1;s:11:\"is_taxonomy\";i:1;}s:13:\"tipo-de-jabon\";a:6:{s:4:\"name\";s:14:\"Tipo de Jab\u00f3n\";s:5:\"value\";s:7:\"Liquide\";s:8:\"position\";i:2;s:10:\"is_visible\";i:1;s:12:\"is_variation\";i:1;s:11:\"is_taxonomy\";i:0;}}"],"_product_image_gallery":["4320"],"_wpml_word_count":["68"],"_losdi_specs_rows":["a:8:{i:0;a:2:{s:5:\"label\";s:8:\"Material\";s:5:\"value\";s:13:\"POLICARBONATO\";}i:1;a:2:{s:5:\"label\";s:9:\"Capacidad\";s:5:\"value\";s:6:\"850 ml\";}i:2;a:2:{s:5:\"label\";s:7:\"Sistema\";s:5:\"value\";s:6:\"Manual\";}i:3;a:2:{s:5:\"label\";s:8:\"V\u00e1lvula\";s:5:\"value\";s:9:\"Antigoteo\";}i:4;a:2:{s:5:\"label\";s:13:\"Dosificaci\u00f3n\";s:5:\"value\";s:20:\"1 ml Jab\u00f3n L\u00edquido\";}i:5;a:2:{s:5:\"label\";s:8:\"Pulsador\";s:5:\"value\";s:11:\"Ergon\u00f3mico\";}i:6;a:2:{s:5:\"label\";s:11:\"Peso vac\u00edo\";s:5:\"value\";s:7:\"0,51 kg\";}i:7;a:2:{s:5:\"label\";s:6:\"Cierre\";s:5:\"value\";s:30:\"Llave y cerradura de pl\u00e1stico\";}}"],"_default_attributes":["a:0:{}"],"_uag_css_file_name":["uag-css-4317.css"],"_uag_js_file_name":["uag-js-4317.js"],"_wc_rating_count":[""],"_wc_review_count":[""],"_wc_average_rating":[0]},"uagb_featured_image_src":{"full":["https:\/\/www.losdi.com\/wp-content\/uploads\/2025\/12\/dosificador-jabon-cj-5003-bl.webp",1279,1786,false],"thumbnail":["https:\/\/www.losdi.com\/wp-content\/uploads\/2025\/12\/dosificador-jabon-cj-5003-bl-150x150.webp",150,150,true],"medium":["https:\/\/www.losdi.com\/wp-content\/uploads\/2025\/12\/dosificador-jabon-cj-5003-bl-215x300.webp",215,300,true],"medium_large":["https:\/\/www.losdi.com\/wp-content\/uploads\/2025\/12\/dosificador-jabon-cj-5003-bl-768x1072.webp",768,1072,true],"large":["https:\/\/www.losdi.com\/wp-content\/uploads\/2025\/12\/dosificador-jabon-cj-5003-bl-733x1024.webp",733,1024,true],"1536x1536":["https:\/\/www.losdi.com\/wp-content\/uploads\/2025\/12\/dosificador-jabon-cj-5003-bl-1100x1536.webp",1100,1536,true],"2048x2048":["https:\/\/www.losdi.com\/wp-content\/uploads\/2025\/12\/dosificador-jabon-cj-5003-bl.webp",1279,1786,false],"woocommerce_thumbnail":["https:\/\/www.losdi.com\/wp-content\/uploads\/2025\/12\/dosificador-jabon-cj-5003-bl-300x300.webp",300,300,true],"woocommerce_single":["https:\/\/www.losdi.com\/wp-content\/uploads\/2025\/12\/dosificador-jabon-cj-5003-bl-600x838.webp",600,838,true],"woocommerce_gallery_thumbnail":["https:\/\/www.losdi.com\/wp-content\/uploads\/2025\/12\/dosificador-jabon-cj-5003-bl-100x100.webp",100,100,true],"yith-woocompare-image":["https:\/\/www.losdi.com\/wp-content\/uploads\/2025\/12\/dosificador-jabon-cj-5003-bl.webp",110,154,false]},"uagb_author_info":{"display_name":"redaccion","author_link":"https:\/\/www.losdi.com\/fr\/author\/"},"uagb_comment_info":0,"uagb_excerpt":"&#8211; Nouvelle collection Premium &#8211; Developp\u00e9e pour l\u2019economie des consommables. &#8211; Anti-vandalisme, fabriqu\u00e9e en POLYCARBONATE &#8211; Fonctionelle, \u00e9l\u00e9gante et d\u00e9corative. &#8211; Translucide. Facile reposition des consommables. -Mod\u00e8le avec bouteille \u00e0 remplissage de savon mousse &#8211; Il dispose d&rsquo;une cl\u00e9 de s\u00e9curit\u00e9 Losdi standard, fournie avec le produit.","_links":{"self":[{"href":"https:\/\/www.losdi.com\/fr\/wp-json\/wp\/v2\/product\/4317","targetHints":{"allow":["GET"]}}],"collection":[{"href":"https:\/\/www.losdi.com\/fr\/wp-json\/wp\/v2\/product"}],"about":[{"href":"https:\/\/www.losdi.com\/fr\/wp-json\/wp\/v2\/types\/product"}],"wp:featuredmedia":[{"embeddable":true,"href":"https:\/\/www.losdi.com\/fr\/wp-json\/wp\/v2\/media\/4318"}],"wp:attachment":[{"href":"https:\/\/www.losdi.com\/fr\/wp-json\/wp\/v2\/media?parent=4317"}],"wp:term":[{"taxonomy":"product_brand","embeddable":true,"href":"https:\/\/www.losdi.com\/fr\/wp-json\/wp\/v2\/product_brand?post=4317"},{"taxonomy":"product_cat","embeddable":true,"href":"https:\/\/www.losdi.com\/fr\/wp-json\/wp\/v2\/product_cat?post=4317"},{"taxonomy":"product_tag","embeddable":true,"href":"https:\/\/www.losdi.com\/fr\/wp-json\/wp\/v2\/product_tag?post=4317"},{"taxonomy":"gama","embeddable":true,"href":"https:\/\/www.losdi.com\/fr\/wp-json\/wp\/v2\/gama?post=4317"}],"curies":[{"name":"wp","href":"https:\/\/api.w.org\/{rel}","templated":true}]}}