{"id":4369,"date":"2025-11-24T09:04:31","date_gmt":"2025-11-24T08:04:31","guid":{"rendered":"https:\/\/losdi.acceseo.dev\/producto\/distributeur-de-papier-devidage-central-star-pro\/"},"modified":"2026-04-02T08:21:18","modified_gmt":"2026-04-02T06:21:18","slug":"distributeur-de-papier-devidage-central-star-pro","status":"publish","type":"product","link":"https:\/\/www.losdi.com\/fr\/produit\/distributeur-de-papier-devidage-central-star-pro\/","title":{"rendered":"Distributeur de Papier D\u00e9vidage Central STAR PRO"},"content":{"rendered":"<p>&#8211; Fabriqu\u00e9e en plastique POLYPROPYL\u00c8NE.<\/p>\n<p>&#8211; Distributeur de papier hygi\u00e9nique des lignes Star et Star Pro, au design innovant, qui facilite et fait gagner du temps dans le remplacement du consommable car il est translucide<\/p>\n<p>&#8211; Frein pour \u00e9viter de gaspillage du papier.<\/p>\n<p>-Il dispose d\u2019une cl\u00e9 de s\u00e9curit\u00e9 Losdi standard, fournie avec le produit.<\/p>\n","protected":false},"excerpt":{"rendered":"<p>Description courte du produit<\/p>\n","protected":false},"featured_media":5050,"template":"","meta":{"_acf_changed":false,"_uag_custom_page_level_css":""},"product_brand":[],"product_cat":[140],"product_tag":[],"gama":[163],"class_list":{"0":"post-4369","1":"product","2":"type-product","3":"status-publish","4":"has-post-thumbnail","6":"product_cat-distributeurs-de-papier-devidage-central","7":"gama-starpro","9":"first","10":"instock","11":"shipping-taxable","12":"product-type-variable"},"acf":[],"spectra_custom_meta":{"rank_math_internal_links_processed":["1"],"rank_math_primary_product_cat":["33"],"_backorders":["no"],"_download_limit":["-1"],"_download_expiry":["-1"],"_downloadable":["no"],"_manage_stock":["no"],"_sku":["CP-6110 \/ CP-6111"],"_stock_status":["instock"],"_sold_individually":["no"],"_tax_class":[""],"_tax_status":["taxable"],"_virtual":["no"],"total_sales":["0"],"_price":["10"],"_losdi_specs_title":["Informations et mesures"],"url_ficha_tecnica":["https:\/\/www.losdi.com\/wp-content\/uploads\/2026\/02\/CP6006-CP6106-FT-distributeur-papier-hygienque-PP-STAR-STARPRO.pdf"],"url_folleto_gama":["https:\/\/www.losdi.com\/wp-content\/uploads\/2026\/02\/CP-6525-FT-disp-papel-autocorte-ABS-STARPRO.pdf"],"_losdi_specs_row_0_label":["Mat\u00e9riel"],"_losdi_specs_row_0_value":["POLYPROPYL\u00c8NE"],"_losdi_specs_row_1_label":["\u00c9paisseur du corps et du couvercle"],"_losdi_specs_row_1_value":["3 mm"],"_losdi_specs_row_2_label":["Largeur de bobine"],"_losdi_specs_row_2_value":["110 mm"],"_losdi_specs_row_3_label":["Diam\u00e8tre du rouleau de papier"],"_losdi_specs_row_3_value":["Max. 210mm"],"_losdi_specs_row_4_label":["Mandrin du rouleau de papier"],"_losdi_specs_row_4_value":["45mm"],"_losdi_specs_row_5_label":["Poids \u00e0 vide"],"_losdi_specs_row_5_value":["0,543 kg"],"_losdi_specs_row_6_label":["Dosage"],"_losdi_specs_row_6_value":["Manuel"],"_losdi_specs_row_7_label":["Fermeture"],"_losdi_specs_row_7_value":["Cl\u00e9 et serrure en plastique"],"_wcml_average_rating":[null],"_wcml_review_count":[null],"_wcml_rating_count":[null],"_product_attributes":["a:1:{s:23:\"pa_tipo-de-dispensacion\";a:6:{s:4:\"name\";s:23:\"pa_tipo-de-dispensacion\";s:5:\"value\";s:0:\"\";s:8:\"position\";i:0;s:10:\"is_visible\";i:1;s:12:\"is_variation\";i:1;s:11:\"is_taxonomy\";i:1;}}"],"_product_image_gallery":["5050"],"_wpml_word_count":["73"],"_thumbnail_id":["5050"],"_losdi_specs_rows":["a:8:{i:0;a:2:{s:5:\"label\";s:8:\"Material\";s:5:\"value\";s:13:\"POLIPROPILENO\";}i:1;a:2:{s:5:\"label\";s:25:\"Espesor del cuerpo y tapa\";s:5:\"value\";s:4:\"3 mm\";}i:2;a:2:{s:5:\"label\";s:18:\"Ancho papel bobina\";s:5:\"value\";s:6:\"110 mm\";}i:3;a:2:{s:5:\"label\";s:21:\"Di\u00e1metro rollo papel\";s:5:\"value\";s:11:\"M\u00e1x. 210mm\";}i:4;a:2:{s:5:\"label\";s:22:\"C\u00e1nula rollo de papel\";s:5:\"value\";s:4:\"45mm\";}i:5;a:2:{s:5:\"label\";s:11:\"Peso vac\u00edo\";s:5:\"value\";s:8:\"0,543 kg\";}i:6;a:2:{s:5:\"label\";s:13:\"Dosificaci\u00f3n\";s:5:\"value\";s:6:\"Manual\";}i:7;a:2:{s:5:\"label\";s:6:\"Cierre\";s:5:\"value\";s:30:\"Llave y cerradura de pl\u00e1stico\";}}"],"_default_attributes":["a:0:{}"],"_uag_css_file_name":["uag-css-4369.css"],"_uag_js_file_name":["uag-js-4369.js"],"_wc_rating_count":[""],"_wc_review_count":[""],"_wc_average_rating":[0]},"uagb_featured_image_src":{"full":["https:\/\/www.losdi.com\/wp-content\/uploads\/2025\/11\/CP6110B-mid-scaled.png",2560,2560,false],"thumbnail":["https:\/\/www.losdi.com\/wp-content\/uploads\/2025\/11\/CP6110B-mid-150x150.png",150,150,true],"medium":["https:\/\/www.losdi.com\/wp-content\/uploads\/2025\/11\/CP6110B-mid-300x300.png",300,300,true],"medium_large":["https:\/\/www.losdi.com\/wp-content\/uploads\/2025\/11\/CP6110B-mid-768x768.png",768,768,true],"large":["https:\/\/www.losdi.com\/wp-content\/uploads\/2025\/11\/CP6110B-mid-1024x1024.png",1024,1024,true],"1536x1536":["https:\/\/www.losdi.com\/wp-content\/uploads\/2025\/11\/CP6110B-mid-1536x1536.png",1536,1536,true],"2048x2048":["https:\/\/www.losdi.com\/wp-content\/uploads\/2025\/11\/CP6110B-mid-2048x2048.png",2048,2048,true],"woocommerce_thumbnail":["https:\/\/www.losdi.com\/wp-content\/uploads\/2025\/11\/CP6110B-mid-300x300.png",300,300,true],"woocommerce_single":["https:\/\/www.losdi.com\/wp-content\/uploads\/2025\/11\/CP6110B-mid-600x600.png",600,600,true],"woocommerce_gallery_thumbnail":["https:\/\/www.losdi.com\/wp-content\/uploads\/2025\/11\/CP6110B-mid-100x100.png",100,100,true],"yith-woocompare-image":["https:\/\/www.losdi.com\/wp-content\/uploads\/2025\/11\/CP6110B-mid-220x154.png",220,154,true]},"uagb_author_info":{"display_name":"redaccion","author_link":"https:\/\/www.losdi.com\/fr\/author\/"},"uagb_comment_info":0,"uagb_excerpt":"Description courte du produit","_links":{"self":[{"href":"https:\/\/www.losdi.com\/fr\/wp-json\/wp\/v2\/product\/4369","targetHints":{"allow":["GET"]}}],"collection":[{"href":"https:\/\/www.losdi.com\/fr\/wp-json\/wp\/v2\/product"}],"about":[{"href":"https:\/\/www.losdi.com\/fr\/wp-json\/wp\/v2\/types\/product"}],"wp:featuredmedia":[{"embeddable":true,"href":"https:\/\/www.losdi.com\/fr\/wp-json\/wp\/v2\/media\/5050"}],"wp:attachment":[{"href":"https:\/\/www.losdi.com\/fr\/wp-json\/wp\/v2\/media?parent=4369"}],"wp:term":[{"taxonomy":"product_brand","embeddable":true,"href":"https:\/\/www.losdi.com\/fr\/wp-json\/wp\/v2\/product_brand?post=4369"},{"taxonomy":"product_cat","embeddable":true,"href":"https:\/\/www.losdi.com\/fr\/wp-json\/wp\/v2\/product_cat?post=4369"},{"taxonomy":"product_tag","embeddable":true,"href":"https:\/\/www.losdi.com\/fr\/wp-json\/wp\/v2\/product_tag?post=4369"},{"taxonomy":"gama","embeddable":true,"href":"https:\/\/www.losdi.com\/fr\/wp-json\/wp\/v2\/gama?post=4369"}],"curies":[{"name":"wp","href":"https:\/\/api.w.org\/{rel}","templated":true}]}}