{"id":4406,"date":"2026-02-24T12:12:48","date_gmt":"2026-02-24T11:12:48","guid":{"rendered":"https:\/\/losdi.acceseo.dev\/producto\/recharge-ecoluxe\/"},"modified":"2026-04-02T09:01:30","modified_gmt":"2026-04-02T07:01:30","slug":"recharge-ecoluxe","status":"publish","type":"product","link":"https:\/\/www.losdi.com\/fr\/produit\/recharge-ecoluxe\/","title":{"rendered":"Recharge Ecoluxe"},"content":{"rendered":"<p>&#8211; Il est un produit id\u00e9al pour le nettoyage et l&rsquo;hygi\u00e8ne de la peau et des cheveux, pr\u00e9sent\u00e9 sous forme de gel et avec une grande capacit\u00e9 de nettoyage.<br \/>\n&#8211; Il a dans ses composants dermatologiques, qui agissent pour \u00e9viter l&rsquo;incidence des affections de la peau, en la rendant douce et parfum\u00e9e.<br \/>\n&#8211; Contient compos\u00e9s dans sa composition, ce qui garantit une protection parfaite.<br \/>\n-M\u00e9thode d&#8217;emploi: Appliquez une petite quantit\u00e9, frottez et puis rincez \u00e0 l&rsquo;eau.<br \/>\n&#8211; Composition chimique qualitative: tensioactifs anioniques, non ioniques et amphot\u00e8res. Peau surgraissants. Parfum. Pr\u00e9servatif. \u00c9paississeur. Opacificante. R.S.I 37-00660 \/ v<\/p>\n","protected":false},"excerpt":{"rendered":"<p>&#8211; Il est un produit id\u00e9al pour le nettoyage et l&rsquo;hygi\u00e8ne de la peau et des cheveux, pr\u00e9sent\u00e9 sous forme de gel et avec une grande capacit\u00e9 de nettoyage. &#8211; Il a dans ses composants dermatologiques, qui agissent pour \u00e9viter l&rsquo;incidence des affections de la peau, en la rendant douce et parfum\u00e9e. &#8211; Contient compos\u00e9s [&hellip;]<\/p>\n","protected":false},"featured_media":4944,"template":"","meta":{"_acf_changed":false,"_uag_custom_page_level_css":""},"product_brand":[],"product_cat":[157],"product_tag":[],"gama":[142],"class_list":{"0":"post-4406","1":"product","2":"type-product","3":"status-publish","4":"has-post-thumbnail","6":"product_cat-charges","7":"gama-eco-luxe","9":"first","10":"instock","11":"shipping-taxable","12":"product-type-variable"},"acf":[],"spectra_custom_meta":{"rank_math_internal_links_processed":["1"],"rank_math_primary_product_cat":["40"],"_backorders":["no"],"_download_limit":["-1"],"_download_expiry":["-1"],"_downloadable":["no"],"_manage_stock":["no"],"_sku":["CB-323 \/ CB-324 \/ CB-325"],"_stock_status":["instock"],"_sold_individually":["no"],"_tax_class":[""],"_tax_status":["taxable"],"_virtual":["no"],"total_sales":["0"],"_price":["10"],"_losdi_specs_title":["Informations et dimensions"],"url_ficha_tecnica":["https:\/\/www.losdi.com\/wp-content\/uploads\/2026\/02\/CB323-FT-chargue-bouteille-pliable-savon-liquide-ECO-LUXE.pdf"],"_losdi_specs_row_0_label":["Ph"],"_losdi_specs_row_0_value":["6,5 +\/- 0,5 (%)"],"_losdi_specs_row_1_label":["Densit\u00e9 (20\u00ba)"],"_losdi_specs_row_1_value":["1,01 +\/- 0,01 grs\/cc."],"_losdi_specs_row_2_label":["Viscosit\u00e9"],"_losdi_specs_row_2_value":["5000 cPs env. \u00e0 20\u00baC"],"_losdi_specs_row_3_label":["Capacit\u00e9"],"_losdi_specs_row_3_value":["1.000 ml"],"_losdi_specs_row_4_label":["Dosage"],"_losdi_specs_row_4_value":["1 ml \/ Gel liquide"],"_losdi_specs_row_5_label":["Valve"],"_losdi_specs_row_5_value":["Gel"],"_losdi_specs_row_6_label":["Format"],"_losdi_specs_row_6_value":["Bouteille compressible"],"_wcml_average_rating":[null],"_wcml_review_count":[null],"_wcml_rating_count":[null],"attr_label_translations":["a:1:{s:2:\"fr\";a:1:{s:13:\"tipo-de-jabon\";s:13:\"Type de savon\";}}"],"_product_attributes":["a:1:{s:13:\"tipo-de-jabon\";a:6:{s:4:\"name\";s:14:\"Tipo de jab\u00f3n\";s:5:\"value\";s:20:\"Gel | Mousse | Spray\";s:8:\"position\";i:0;s:10:\"is_visible\";i:1;s:12:\"is_variation\";i:1;s:11:\"is_taxonomy\";i:0;}}"],"_product_image_gallery":["4944,4947,4950"],"_wpml_word_count":["112"],"_thumbnail_id":["4944"],"_losdi_specs_rows":["a:7:{i:0;a:2:{s:5:\"label\";s:2:\"Ph\";s:5:\"value\";s:15:\"6,5 +\/- 0,5 (%)\";}i:1;a:2:{s:5:\"label\";s:15:\"Densidad (20\u00ba)\";s:5:\"value\";s:21:\"1,01 +\/- 0,01 grs\/cc.\";}i:2;a:2:{s:5:\"label\";s:10:\"Viscosidad\";s:5:\"value\";s:20:\"5000 cPs aprox 20\u00baC\";}i:3;a:2:{s:5:\"label\";s:9:\"Capacidad\";s:5:\"value\";s:8:\"1.000 ml\";}i:4;a:2:{s:5:\"label\";s:13:\"Dosificaci\u00f3n\";s:5:\"value\";s:19:\"1 ml \/ Gel L\u00edquido\";}i:5;a:2:{s:5:\"label\";s:8:\"V\u00e1lvula\";s:5:\"value\";s:3:\"Gel\";}i:6;a:2:{s:5:\"label\";s:7:\"Formato\";s:5:\"value\";s:18:\"Botella colapsable\";}}"],"_default_attributes":["a:0:{}"],"_uag_css_file_name":["uag-css-4406.css"],"_uag_js_file_name":["uag-js-4406.js"],"_wc_rating_count":[""],"_wc_review_count":[""],"_wc_average_rating":[0]},"uagb_featured_image_src":{"full":["https:\/\/www.losdi.com\/wp-content\/uploads\/2026\/02\/CB-323-liquido.png",828,1350,false],"thumbnail":["https:\/\/www.losdi.com\/wp-content\/uploads\/2026\/02\/CB-323-liquido-150x150.png",150,150,true],"medium":["https:\/\/www.losdi.com\/wp-content\/uploads\/2026\/02\/CB-323-liquido-184x300.png",184,300,true],"medium_large":["https:\/\/www.losdi.com\/wp-content\/uploads\/2026\/02\/CB-323-liquido-768x1252.png",768,1252,true],"large":["https:\/\/www.losdi.com\/wp-content\/uploads\/2026\/02\/CB-323-liquido-628x1024.png",628,1024,true],"1536x1536":["https:\/\/www.losdi.com\/wp-content\/uploads\/2026\/02\/CB-323-liquido.png",828,1350,false],"2048x2048":["https:\/\/www.losdi.com\/wp-content\/uploads\/2026\/02\/CB-323-liquido.png",828,1350,false],"woocommerce_thumbnail":["https:\/\/www.losdi.com\/wp-content\/uploads\/2026\/02\/CB-323-liquido-300x300.png",300,300,true],"woocommerce_single":["https:\/\/www.losdi.com\/wp-content\/uploads\/2026\/02\/CB-323-liquido-600x978.png",600,978,true],"woocommerce_gallery_thumbnail":["https:\/\/www.losdi.com\/wp-content\/uploads\/2026\/02\/CB-323-liquido-100x100.png",100,100,true],"yith-woocompare-image":["https:\/\/www.losdi.com\/wp-content\/uploads\/2026\/02\/CB-323-liquido-220x154.png",220,154,true]},"uagb_author_info":{"display_name":"redaccion","author_link":"https:\/\/www.losdi.com\/fr\/author\/"},"uagb_comment_info":0,"uagb_excerpt":"&#8211; Il est un produit id\u00e9al pour le nettoyage et l&rsquo;hygi\u00e8ne de la peau et des cheveux, pr\u00e9sent\u00e9 sous forme de gel et avec une grande capacit\u00e9 de nettoyage. &#8211; Il a dans ses composants dermatologiques, qui agissent pour \u00e9viter l&rsquo;incidence des affections de la peau, en la rendant douce et parfum\u00e9e. &#8211; Contient compos\u00e9s\u2026","_links":{"self":[{"href":"https:\/\/www.losdi.com\/fr\/wp-json\/wp\/v2\/product\/4406","targetHints":{"allow":["GET"]}}],"collection":[{"href":"https:\/\/www.losdi.com\/fr\/wp-json\/wp\/v2\/product"}],"about":[{"href":"https:\/\/www.losdi.com\/fr\/wp-json\/wp\/v2\/types\/product"}],"wp:featuredmedia":[{"embeddable":true,"href":"https:\/\/www.losdi.com\/fr\/wp-json\/wp\/v2\/media\/4944"}],"wp:attachment":[{"href":"https:\/\/www.losdi.com\/fr\/wp-json\/wp\/v2\/media?parent=4406"}],"wp:term":[{"taxonomy":"product_brand","embeddable":true,"href":"https:\/\/www.losdi.com\/fr\/wp-json\/wp\/v2\/product_brand?post=4406"},{"taxonomy":"product_cat","embeddable":true,"href":"https:\/\/www.losdi.com\/fr\/wp-json\/wp\/v2\/product_cat?post=4406"},{"taxonomy":"product_tag","embeddable":true,"href":"https:\/\/www.losdi.com\/fr\/wp-json\/wp\/v2\/product_tag?post=4406"},{"taxonomy":"gama","embeddable":true,"href":"https:\/\/www.losdi.com\/fr\/wp-json\/wp\/v2\/gama?post=4406"}],"curies":[{"name":"wp","href":"https:\/\/api.w.org\/{rel}","templated":true}]}}