{"id":4410,"date":"2025-11-19T13:46:45","date_gmt":"2025-11-19T12:46:45","guid":{"rendered":"https:\/\/losdi.acceseo.dev\/producto\/distributeur-de-papier-hygienique-jumbo-star\/"},"modified":"2026-04-02T07:56:23","modified_gmt":"2026-04-02T05:56:23","slug":"distributeur-de-papier-hygienique-jumbo-star","status":"publish","type":"product","link":"https:\/\/www.losdi.com\/fr\/produit\/distributeur-de-papier-hygienique-jumbo-star\/","title":{"rendered":"Distributeur de Papier Hygi\u00e9nique Jumbo STAR"},"content":{"rendered":"<p>&#8211; Nouvelle collection Premium.<\/p>\n<p>&#8211; D\u00e9velopp\u00e9e pour l\u2019\u00e9conomie des consommables.<\/p>\n<p>&#8211; Anti-vandalisme fabriqu\u00e9e en plastique POLYCARBONATE.<\/p>\n<p>&#8211; Fonctionnelle, \u00e9l\u00e9gante et d\u00e9corative.<\/p>\n<p>&#8211; Translucide, facile reposition des consommables.<\/p>\n<p>&#8211; Facile \u00e0 nettoyer, gr\u00e2ce \u00e0 son dessin.<\/p>\n<p>&#8211; Frein pour \u00e9viter de gaspillage du papier.<\/p>\n<p>&#8211; Il dispose d\u2019une cl\u00e9 de s\u00e9curit\u00e9 Losdi standard, fournie avec le produit.<\/p>\n","protected":false},"excerpt":{"rendered":"<p>Description courte<\/p>\n","protected":false},"featured_media":4413,"template":"","meta":{"_acf_changed":false,"_uag_custom_page_level_css":""},"product_brand":[],"product_cat":[143],"product_tag":[],"gama":[159],"class_list":{"0":"post-4410","1":"product","2":"type-product","3":"status-publish","4":"has-post-thumbnail","6":"product_cat-distributeurs-papier-hygienique","7":"gama-star","9":"first","10":"instock","11":"shipping-taxable","12":"product-type-variable"},"acf":[],"spectra_custom_meta":{"rank_math_internal_links_processed":["1"],"rank_math_primary_product_cat":["37"],"_backorders":["no"],"_download_limit":["-1"],"_download_expiry":["-1"],"_downloadable":["no"],"_manage_stock":["no"],"_sku":["CP-5006 \/ CP-6006"],"_stock_status":["instock"],"_sold_individually":["no"],"_tax_class":[""],"_tax_status":["taxable"],"_virtual":["no"],"total_sales":["0"],"_price":["10"],"_product_image_gallery":["4411,4412"],"_thumbnail_id":["4413"],"_losdi_specs_title":["Informations et mesures"],"url_ficha_tecnica":["https:\/\/www.losdi.com\/wp-content\/uploads\/2026\/02\/fiche-technique-distributeur-papier-hygienque-star-cp-5006.pdf"],"url_imagen_producto":["https:\/\/www.losdi.com\/wp-content\/uploads\/2025\/11\/dispensador-papel-higienico-5006b-bl-scaled.webp"],"_losdi_specs_row_0_label":["Mat\u00e9riel"],"_losdi_specs_row_0_value":["POLYCARBONATE"],"_losdi_specs_row_1_label":["\u00c9paisseur du corps et du couvercle"],"_losdi_specs_row_1_value":["3 mm"],"_losdi_specs_row_2_label":["Largeur de bobine"],"_losdi_specs_row_2_value":["110 mm"],"_losdi_specs_row_3_label":["Diam\u00e8tre du rouleau de papier"],"_losdi_specs_row_3_value":["Max. 210mm"],"_losdi_specs_row_4_label":["Mandrin du rouleau de papier"],"_losdi_specs_row_4_value":["45mm"],"_losdi_specs_row_5_label":["Poids \u00e0 vide"],"_losdi_specs_row_5_value":["0,772 kg"],"_losdi_specs_row_6_label":["Dosage"],"_losdi_specs_row_6_value":["Manuel"],"_losdi_specs_row_7_label":["Fermeture"],"_losdi_specs_row_7_value":["Cl\u00e9 et serrure en plastique"],"_wcml_average_rating":[null],"_wcml_review_count":[null],"_wcml_rating_count":[null],"_product_attributes":["a:2:{s:8:\"pa_color\";a:6:{s:4:\"name\";s:8:\"pa_color\";s:5:\"value\";s:0:\"\";s:8:\"position\";i:0;s:10:\"is_visible\";i:1;s:12:\"is_variation\";i:1;s:11:\"is_taxonomy\";i:1;}s:11:\"pa_material\";a:6:{s:4:\"name\";s:11:\"pa_material\";s:5:\"value\";s:0:\"\";s:8:\"position\";i:1;s:10:\"is_visible\";i:1;s:12:\"is_variation\";i:1;s:11:\"is_taxonomy\";i:1;}}"],"_wpml_word_count":["81"],"_losdi_specs_rows":["a:8:{i:0;a:2:{s:5:\"label\";s:8:\"Material\";s:5:\"value\";s:13:\"POLICARBONATO\";}i:1;a:2:{s:5:\"label\";s:25:\"Espesor del cuerpo y tapa\";s:5:\"value\";s:4:\"3 mm\";}i:2;a:2:{s:5:\"label\";s:18:\"Ancho papel bobina\";s:5:\"value\";s:6:\"110 mm\";}i:3;a:2:{s:5:\"label\";s:21:\"Di\u00e1metro rollo papel\";s:5:\"value\";s:11:\"M\u00e1x. 210mm\";}i:4;a:2:{s:5:\"label\";s:22:\"C\u00e1nula rollo de papel\";s:5:\"value\";s:4:\"45mm\";}i:5;a:2:{s:5:\"label\";s:11:\"Peso vac\u00edo\";s:5:\"value\";s:8:\"0,772 kg\";}i:6;a:2:{s:5:\"label\";s:13:\"Dosificaci\u00f3n\";s:5:\"value\";s:6:\"Manual\";}i:7;a:2:{s:5:\"label\";s:6:\"Cierre\";s:5:\"value\";s:30:\"Llave y cerradura de pl\u00e1stico\";}}"],"_default_attributes":["a:0:{}"],"_uag_css_file_name":["uag-css-4410.css"],"_uag_js_file_name":["uag-js-4410.js"],"_wc_rating_count":[""],"_wc_review_count":[""],"_wc_average_rating":[0]},"uagb_featured_image_src":{"full":["https:\/\/www.losdi.com\/wp-content\/uploads\/2025\/11\/dispensador-papel-higienico-5006b-bl-scaled.webp",2560,2515,false],"thumbnail":["https:\/\/www.losdi.com\/wp-content\/uploads\/2025\/11\/dispensador-papel-higienico-5006b-bl-150x150.webp",150,150,true],"medium":["https:\/\/www.losdi.com\/wp-content\/uploads\/2025\/11\/dispensador-papel-higienico-5006b-bl-300x295.webp",300,295,true],"medium_large":["https:\/\/www.losdi.com\/wp-content\/uploads\/2025\/11\/dispensador-papel-higienico-5006b-bl-768x754.webp",768,754,true],"large":["https:\/\/www.losdi.com\/wp-content\/uploads\/2025\/11\/dispensador-papel-higienico-5006b-bl-1024x1006.webp",1024,1006,true],"1536x1536":["https:\/\/www.losdi.com\/wp-content\/uploads\/2025\/11\/dispensador-papel-higienico-5006b-bl-1536x1509.webp",1536,1509,true],"2048x2048":["https:\/\/www.losdi.com\/wp-content\/uploads\/2025\/11\/dispensador-papel-higienico-5006b-bl-2048x2012.webp",2048,2012,true],"woocommerce_thumbnail":["https:\/\/www.losdi.com\/wp-content\/uploads\/2025\/11\/dispensador-papel-higienico-5006b-bl-300x300.webp",300,300,true],"woocommerce_single":["https:\/\/www.losdi.com\/wp-content\/uploads\/2025\/11\/dispensador-papel-higienico-5006b-bl-600x589.webp",600,589,true],"woocommerce_gallery_thumbnail":["https:\/\/www.losdi.com\/wp-content\/uploads\/2025\/11\/dispensador-papel-higienico-5006b-bl-100x100.webp",100,100,true],"yith-woocompare-image":["https:\/\/www.losdi.com\/wp-content\/uploads\/2025\/11\/dispensador-papel-higienico-5006b-bl-scaled.webp",157,154,false]},"uagb_author_info":{"display_name":"redaccion","author_link":"https:\/\/www.losdi.com\/fr\/author\/"},"uagb_comment_info":0,"uagb_excerpt":"Description courte","_links":{"self":[{"href":"https:\/\/www.losdi.com\/fr\/wp-json\/wp\/v2\/product\/4410","targetHints":{"allow":["GET"]}}],"collection":[{"href":"https:\/\/www.losdi.com\/fr\/wp-json\/wp\/v2\/product"}],"about":[{"href":"https:\/\/www.losdi.com\/fr\/wp-json\/wp\/v2\/types\/product"}],"wp:featuredmedia":[{"embeddable":true,"href":"https:\/\/www.losdi.com\/fr\/wp-json\/wp\/v2\/media\/4413"}],"wp:attachment":[{"href":"https:\/\/www.losdi.com\/fr\/wp-json\/wp\/v2\/media?parent=4410"}],"wp:term":[{"taxonomy":"product_brand","embeddable":true,"href":"https:\/\/www.losdi.com\/fr\/wp-json\/wp\/v2\/product_brand?post=4410"},{"taxonomy":"product_cat","embeddable":true,"href":"https:\/\/www.losdi.com\/fr\/wp-json\/wp\/v2\/product_cat?post=4410"},{"taxonomy":"product_tag","embeddable":true,"href":"https:\/\/www.losdi.com\/fr\/wp-json\/wp\/v2\/product_tag?post=4410"},{"taxonomy":"gama","embeddable":true,"href":"https:\/\/www.losdi.com\/fr\/wp-json\/wp\/v2\/gama?post=4410"}],"curies":[{"name":"wp","href":"https:\/\/api.w.org\/{rel}","templated":true}]}}