{"id":4446,"date":"2026-02-24T12:10:10","date_gmt":"2026-02-24T11:10:10","guid":{"rendered":"https:\/\/losdi.acceseo.dev\/producto\/recharge-paris\/"},"modified":"2026-04-02T09:05:46","modified_gmt":"2026-04-02T07:05:46","slug":"recharge-paris","status":"publish","type":"product","link":"https:\/\/www.losdi.com\/fr\/produit\/recharge-paris\/","title":{"rendered":"Recharge Paris"},"content":{"rendered":"<p>&#8211; Il est un produit id\u00e9al pour le nettoyage et l&rsquo;hygi\u00e8ne de la peau et des cheveux, pr\u00e9sent\u00e9 sous forme de gel et avec une grande capacit\u00e9 de nettoyage.<br \/>\n&#8211; Il a dans ses composants dermatologiques, qui agissent pour \u00e9viter l&rsquo;incidence des affections de la peau, en la rendant douce et parfum\u00e9e.<br \/>\n&#8211; Contient compos\u00e9s dans sa composition, ce qui garantit une protection parfaite.<br \/>\n&#8211; M\u00e9thode d&#8217;emploi: Appliquez une petite quantit\u00e9, frottez et puis rincez \u00e0 l&rsquo;eau.<br \/>\n&#8211; Composition chimique qualitative: tensioactifs anioniques, non ioniques et amphot\u00e8res. Peau surgraissants. Parfum. Pr\u00e9servatif. \u00c9paississeur. Opacificante. R.S.I 37-00660 \/ v<\/p>\n","protected":false},"excerpt":{"rendered":"<p>&#8211; Il est un produit id\u00e9al pour le nettoyage et l&rsquo;hygi\u00e8ne de la peau et des cheveux, pr\u00e9sent\u00e9 sous forme de gel et avec une grande capacit\u00e9 de nettoyage. &#8211; Il a dans ses composants dermatologiques, qui agissent pour \u00e9viter l&rsquo;incidence des affections de la peau, en la rendant douce et parfum\u00e9e. &#8211; Contient compos\u00e9s [&hellip;]<\/p>\n","protected":false},"featured_media":4953,"template":"","meta":{"_acf_changed":false,"_uag_custom_page_level_css":""},"product_brand":[],"product_cat":[157],"product_tag":[],"gama":[],"class_list":{"0":"post-4446","1":"product","2":"type-product","3":"status-publish","4":"has-post-thumbnail","6":"product_cat-charges","8":"first","9":"instock","10":"shipping-taxable","11":"product-type-variable"},"acf":[],"spectra_custom_meta":{"rank_math_internal_links_processed":["1"],"rank_math_primary_product_cat":["40"],"_backorders":["no"],"_download_limit":["-1"],"_download_expiry":["-1"],"_downloadable":["no"],"_manage_stock":["no"],"_sku":["CB-413 \/ CB-414"],"_stock_status":["instock"],"_sold_individually":["no"],"_tax_class":[""],"_tax_status":["taxable"],"_virtual":["no"],"total_sales":["0"],"_price":["10"],"_losdi_specs_title":["Informations et dimensions"],"url_ficha_tecnica":["https:\/\/www.losdi.com\/wp-content\/uploads\/2026\/02\/CB413-FT-chargue-liquide-ELEGANCE-PARIS.pdf"],"_losdi_specs_row_0_label":["Ph"],"_losdi_specs_row_0_value":["6,5 +\/- 0,5 (%)"],"_losdi_specs_row_1_label":["Densit\u00e9 (20\u00ba)"],"_losdi_specs_row_1_value":["1,01 +\/- 0,01 grs\/cc."],"_losdi_specs_row_2_label":["Viscosit\u00e9"],"_losdi_specs_row_2_value":["5000 cPs env. \u00e0 20\u00baC"],"_losdi_specs_row_3_label":["Capacit\u00e9"],"_losdi_specs_row_3_value":["750ml"],"_losdi_specs_row_4_label":["Dosage"],"_losdi_specs_row_4_value":["1 ml"],"_losdi_specs_row_5_label":["Valve"],"_losdi_specs_row_5_value":["Savon liquide"],"_wcml_average_rating":[null],"_wcml_review_count":[null],"_wcml_rating_count":[null],"attr_label_translations":["a:1:{s:2:\"fr\";a:1:{s:13:\"tipo-de-jabon\";s:13:\"Type de savon\";}}"],"_product_attributes":["a:1:{s:13:\"tipo-de-jabon\";a:6:{s:4:\"name\";s:14:\"Tipo de jab\u00f3n\";s:5:\"value\";s:12:\"Gel | Mousse\";s:8:\"position\";i:0;s:10:\"is_visible\";i:1;s:12:\"is_variation\";i:1;s:11:\"is_taxonomy\";i:0;}}"],"_product_image_gallery":["4953,4956"],"_wpml_word_count":["112"],"_thumbnail_id":["4953"],"_losdi_specs_rows":["a:6:{i:0;a:2:{s:5:\"label\";s:2:\"Ph\";s:5:\"value\";s:15:\"6,5 +\/- 0,5 (%)\";}i:1;a:2:{s:5:\"label\";s:15:\"Densidad (20\u00ba)\";s:5:\"value\";s:21:\"1,01 +\/- 0,01 grs\/cc.\";}i:2;a:2:{s:5:\"label\";s:10:\"Viscosidad\";s:5:\"value\";s:20:\"5000 cPs aprox 20\u00baC\";}i:3;a:2:{s:5:\"label\";s:9:\"Capacidad\";s:5:\"value\";s:5:\"750ml\";}i:4;a:2:{s:5:\"label\";s:13:\"Dosificaci\u00f3n\";s:5:\"value\";s:19:\"1 ml \/ Gel L\u00edquido\";}i:5;a:2:{s:5:\"label\";s:8:\"V\u00e1lvula\";s:5:\"value\";s:3:\"Gel\";}}"],"_default_attributes":["a:0:{}"],"_uag_css_file_name":["uag-css-4446.css"],"_uag_js_file_name":["uag-js-4446.js"],"_wc_rating_count":[""],"_wc_review_count":[""],"_wc_average_rating":[0]},"uagb_featured_image_src":{"full":["https:\/\/www.losdi.com\/wp-content\/uploads\/2026\/02\/carga-de-jabon-liquido-750ml-modelo-paris_5653418_xxl.png",600,337,false],"thumbnail":["https:\/\/www.losdi.com\/wp-content\/uploads\/2026\/02\/carga-de-jabon-liquido-750ml-modelo-paris_5653418_xxl-150x150.png",150,150,true],"medium":["https:\/\/www.losdi.com\/wp-content\/uploads\/2026\/02\/carga-de-jabon-liquido-750ml-modelo-paris_5653418_xxl-300x169.png",300,169,true],"medium_large":["https:\/\/www.losdi.com\/wp-content\/uploads\/2026\/02\/carga-de-jabon-liquido-750ml-modelo-paris_5653418_xxl.png",600,337,false],"large":["https:\/\/www.losdi.com\/wp-content\/uploads\/2026\/02\/carga-de-jabon-liquido-750ml-modelo-paris_5653418_xxl.png",600,337,false],"1536x1536":["https:\/\/www.losdi.com\/wp-content\/uploads\/2026\/02\/carga-de-jabon-liquido-750ml-modelo-paris_5653418_xxl.png",600,337,false],"2048x2048":["https:\/\/www.losdi.com\/wp-content\/uploads\/2026\/02\/carga-de-jabon-liquido-750ml-modelo-paris_5653418_xxl.png",600,337,false],"woocommerce_thumbnail":["https:\/\/www.losdi.com\/wp-content\/uploads\/2026\/02\/carga-de-jabon-liquido-750ml-modelo-paris_5653418_xxl-300x300.png",300,300,true],"woocommerce_single":["https:\/\/www.losdi.com\/wp-content\/uploads\/2026\/02\/carga-de-jabon-liquido-750ml-modelo-paris_5653418_xxl.png",600,337,false],"woocommerce_gallery_thumbnail":["https:\/\/www.losdi.com\/wp-content\/uploads\/2026\/02\/carga-de-jabon-liquido-750ml-modelo-paris_5653418_xxl-100x100.png",100,100,true],"yith-woocompare-image":["https:\/\/www.losdi.com\/wp-content\/uploads\/2026\/02\/carga-de-jabon-liquido-750ml-modelo-paris_5653418_xxl-220x154.png",220,154,true]},"uagb_author_info":{"display_name":"redaccion","author_link":"https:\/\/www.losdi.com\/fr\/author\/"},"uagb_comment_info":0,"uagb_excerpt":"&#8211; Il est un produit id\u00e9al pour le nettoyage et l&rsquo;hygi\u00e8ne de la peau et des cheveux, pr\u00e9sent\u00e9 sous forme de gel et avec une grande capacit\u00e9 de nettoyage. &#8211; Il a dans ses composants dermatologiques, qui agissent pour \u00e9viter l&rsquo;incidence des affections de la peau, en la rendant douce et parfum\u00e9e. &#8211; Contient compos\u00e9s\u2026","_links":{"self":[{"href":"https:\/\/www.losdi.com\/fr\/wp-json\/wp\/v2\/product\/4446","targetHints":{"allow":["GET"]}}],"collection":[{"href":"https:\/\/www.losdi.com\/fr\/wp-json\/wp\/v2\/product"}],"about":[{"href":"https:\/\/www.losdi.com\/fr\/wp-json\/wp\/v2\/types\/product"}],"wp:featuredmedia":[{"embeddable":true,"href":"https:\/\/www.losdi.com\/fr\/wp-json\/wp\/v2\/media\/4953"}],"wp:attachment":[{"href":"https:\/\/www.losdi.com\/fr\/wp-json\/wp\/v2\/media?parent=4446"}],"wp:term":[{"taxonomy":"product_brand","embeddable":true,"href":"https:\/\/www.losdi.com\/fr\/wp-json\/wp\/v2\/product_brand?post=4446"},{"taxonomy":"product_cat","embeddable":true,"href":"https:\/\/www.losdi.com\/fr\/wp-json\/wp\/v2\/product_cat?post=4446"},{"taxonomy":"product_tag","embeddable":true,"href":"https:\/\/www.losdi.com\/fr\/wp-json\/wp\/v2\/product_tag?post=4446"},{"taxonomy":"gama","embeddable":true,"href":"https:\/\/www.losdi.com\/fr\/wp-json\/wp\/v2\/gama?post=4446"}],"curies":[{"name":"wp","href":"https:\/\/api.w.org\/{rel}","templated":true}]}}