{"id":4523,"date":"2025-11-19T16:33:56","date_gmt":"2025-11-19T15:33:56","guid":{"rendered":"https:\/\/losdi.acceseo.dev\/producto\/distributeur-de-papier-devidage-central-star\/"},"modified":"2026-04-02T08:12:45","modified_gmt":"2026-04-02T06:12:45","slug":"distributeur-de-papier-devidage-central-star","status":"publish","type":"product","link":"https:\/\/www.losdi.com\/fr\/produit\/distributeur-de-papier-devidage-central-star\/","title":{"rendered":"Distributeur de Papier D\u00e9vidage Central STAR"},"content":{"rendered":"<p>&#8211; Nouvelle collection Premium<\/p>\n<p>&#8211; Developp\u00e9e pour l\u2019economie des consommables.<\/p>\n<p>&#8211; Anti-vandalisme, fabriqu\u00e9e en POLYCARBONATE<\/p>\n<p>&#8211; Fonctionelle, \u00e9l\u00e9gante et d\u00e9corative.<\/p>\n<p>&#8211; Translucide. Facile reposition des consommables.<\/p>\n<p>&#8211; Facile \u00e0 nettoyer, gr\u00e2ce \u00e0 son dessin.<\/p>\n<p>&#8211; Il dispose d&rsquo;une cl\u00e9 de s\u00e9curit\u00e9 Losdi standard, fournie avec le produit.<\/p>\n","protected":false},"excerpt":{"rendered":"<p>Description courte du produit<\/p>\n","protected":false},"featured_media":4524,"template":"","meta":{"_acf_changed":false,"_uag_custom_page_level_css":""},"product_brand":[],"product_cat":[140],"product_tag":[],"gama":[159],"class_list":{"0":"post-4523","1":"product","2":"type-product","3":"status-publish","4":"has-post-thumbnail","6":"product_cat-distributeurs-de-papier-devidage-central","7":"gama-star","9":"first","10":"instock","11":"shipping-taxable","12":"product-type-variable"},"acf":[],"spectra_custom_meta":{"rank_math_internal_links_processed":["1"],"rank_math_primary_product_cat":["33"],"_backorders":["no"],"_download_limit":["-1"],"_download_expiry":["-1"],"_downloadable":["no"],"_manage_stock":["no"],"_sku":["CP-5010 \/ CP-6010 CP-5011 \/ CP-6011"],"_stock_status":["instock"],"_sold_individually":["no"],"_tax_class":[""],"_tax_status":["taxable"],"_virtual":["no"],"total_sales":["0"],"_price":["10"],"_product_image_gallery":["4525,4526,4527,4528"],"_thumbnail_id":["4524"],"_losdi_specs_title":["Informations et mesures"],"url_ficha_tecnica":["https:\/\/www.losdi.com\/wp-content\/uploads\/2026\/02\/fiche-technique-distributeur-de-papier-devidage-central-star-cp-5010.pdf"],"url_imagen_producto":["https:\/\/www.losdi.com\/wp-content\/uploads\/2025\/11\/dispensador-papel-mecha-cp-5011-b-bl-1-scaled.webp"],"_losdi_specs_row_0_label":["Mat\u00e9riel"],"_losdi_specs_row_0_value":["POLYCARBONATE"],"_losdi_specs_row_1_label":["\u00c9paisseur du corps et du couvercle"],"_losdi_specs_row_1_value":["3 mm"],"_losdi_specs_row_2_label":["Poids vide net"],"_losdi_specs_row_2_value":["1,335 kg"],"_losdi_specs_row_3_label":["Hauteur du consommable"],"_losdi_specs_row_3_value":["245 mm"],"_losdi_specs_row_4_label":["Diam\u00e8tre du consommable"],"_losdi_specs_row_4_value":["205 mm"],"_losdi_specs_row_5_label":["Fermeture"],"_losdi_specs_row_5_value":["Cl\u00e9 et serrure en plastique"],"_losdi_specs_row_6_label":["Dosage"],"_losdi_specs_row_6_value":["Manuel"],"_wcml_average_rating":[null],"_wcml_review_count":[null],"_wcml_rating_count":[null],"_product_attributes":["a:3:{s:8:\"pa_color\";a:6:{s:4:\"name\";s:8:\"pa_color\";s:5:\"value\";s:0:\"\";s:8:\"position\";i:0;s:10:\"is_visible\";i:1;s:12:\"is_variation\";i:1;s:11:\"is_taxonomy\";i:1;}s:11:\"pa_material\";a:6:{s:4:\"name\";s:11:\"pa_material\";s:5:\"value\";s:0:\"\";s:8:\"position\";i:1;s:10:\"is_visible\";i:1;s:12:\"is_variation\";i:1;s:11:\"is_taxonomy\";i:1;}s:23:\"pa_tipo-de-dispensacion\";a:6:{s:4:\"name\";s:23:\"pa_tipo-de-dispensacion\";s:5:\"value\";s:0:\"\";s:8:\"position\";i:2;s:10:\"is_visible\";i:1;s:12:\"is_variation\";i:1;s:11:\"is_taxonomy\";i:1;}}"],"_wpml_word_count":["73"],"_losdi_specs_rows":["a:7:{i:0;a:2:{s:5:\"label\";s:8:\"Material\";s:5:\"value\";s:13:\"POLICARBONATO\";}i:1;a:2:{s:5:\"label\";s:21:\"Espesor cuerpo y tapa\";s:5:\"value\";s:4:\"3 mm\";}i:2;a:2:{s:5:\"label\";s:16:\"Peso vac\u00edo neto\";s:5:\"value\";s:8:\"1,335 kg\";}i:3;a:2:{s:5:\"label\";s:15:\"Alto consumible\";s:5:\"value\";s:6:\"245 mm\";}i:4;a:2:{s:5:\"label\";s:20:\"Di\u00e1metro consumible\";s:5:\"value\";s:6:\"205 mm\";}i:5;a:2:{s:5:\"label\";s:6:\"Cierre\";s:5:\"value\";s:30:\"Llave y cerradura de pl\u00e1stico\";}i:6;a:2:{s:5:\"label\";s:13:\"Dosificaci\u00f3n\";s:5:\"value\";s:6:\"Manual\";}}"],"_default_attributes":["a:0:{}"],"_uag_css_file_name":["uag-css-4523.css"],"_uag_js_file_name":["uag-js-4523.js"],"_wc_rating_count":[""],"_wc_review_count":[""],"_wc_average_rating":[0]},"uagb_featured_image_src":{"full":["https:\/\/www.losdi.com\/wp-content\/uploads\/2025\/11\/dispensador-papel-mecha-cp-5011-b-bl-1-scaled.webp",2165,2560,false],"thumbnail":["https:\/\/www.losdi.com\/wp-content\/uploads\/2025\/11\/dispensador-papel-mecha-cp-5011-b-bl-1-150x150.webp",150,150,true],"medium":["https:\/\/www.losdi.com\/wp-content\/uploads\/2025\/11\/dispensador-papel-mecha-cp-5011-b-bl-1-254x300.webp",254,300,true],"medium_large":["https:\/\/www.losdi.com\/wp-content\/uploads\/2025\/11\/dispensador-papel-mecha-cp-5011-b-bl-1-768x908.webp",768,908,true],"large":["https:\/\/www.losdi.com\/wp-content\/uploads\/2025\/11\/dispensador-papel-mecha-cp-5011-b-bl-1-866x1024.webp",866,1024,true],"1536x1536":["https:\/\/www.losdi.com\/wp-content\/uploads\/2025\/11\/dispensador-papel-mecha-cp-5011-b-bl-1-1299x1536.webp",1299,1536,true],"2048x2048":["https:\/\/www.losdi.com\/wp-content\/uploads\/2025\/11\/dispensador-papel-mecha-cp-5011-b-bl-1-1732x2048.webp",1732,2048,true],"woocommerce_thumbnail":["https:\/\/www.losdi.com\/wp-content\/uploads\/2025\/11\/dispensador-papel-mecha-cp-5011-b-bl-1-300x300.webp",300,300,true],"woocommerce_single":["https:\/\/www.losdi.com\/wp-content\/uploads\/2025\/11\/dispensador-papel-mecha-cp-5011-b-bl-1-600x710.webp",600,710,true],"woocommerce_gallery_thumbnail":["https:\/\/www.losdi.com\/wp-content\/uploads\/2025\/11\/dispensador-papel-mecha-cp-5011-b-bl-1-100x100.webp",100,100,true],"yith-woocompare-image":["https:\/\/www.losdi.com\/wp-content\/uploads\/2025\/11\/dispensador-papel-mecha-cp-5011-b-bl-1-scaled.webp",130,154,false]},"uagb_author_info":{"display_name":"redaccion","author_link":"https:\/\/www.losdi.com\/fr\/author\/"},"uagb_comment_info":0,"uagb_excerpt":"Description courte du produit","_links":{"self":[{"href":"https:\/\/www.losdi.com\/fr\/wp-json\/wp\/v2\/product\/4523","targetHints":{"allow":["GET"]}}],"collection":[{"href":"https:\/\/www.losdi.com\/fr\/wp-json\/wp\/v2\/product"}],"about":[{"href":"https:\/\/www.losdi.com\/fr\/wp-json\/wp\/v2\/types\/product"}],"wp:featuredmedia":[{"embeddable":true,"href":"https:\/\/www.losdi.com\/fr\/wp-json\/wp\/v2\/media\/4524"}],"wp:attachment":[{"href":"https:\/\/www.losdi.com\/fr\/wp-json\/wp\/v2\/media?parent=4523"}],"wp:term":[{"taxonomy":"product_brand","embeddable":true,"href":"https:\/\/www.losdi.com\/fr\/wp-json\/wp\/v2\/product_brand?post=4523"},{"taxonomy":"product_cat","embeddable":true,"href":"https:\/\/www.losdi.com\/fr\/wp-json\/wp\/v2\/product_cat?post=4523"},{"taxonomy":"product_tag","embeddable":true,"href":"https:\/\/www.losdi.com\/fr\/wp-json\/wp\/v2\/product_tag?post=4523"},{"taxonomy":"gama","embeddable":true,"href":"https:\/\/www.losdi.com\/fr\/wp-json\/wp\/v2\/gama?post=4523"}],"curies":[{"name":"wp","href":"https:\/\/api.w.org\/{rel}","templated":true}]}}