{"id":4562,"date":"2025-12-29T08:29:04","date_gmt":"2025-12-29T07:29:04","guid":{"rendered":"https:\/\/losdi.acceseo.dev\/producto\/distributeur-de-papier-hygienique-a-devidage-central-star-pro\/"},"modified":"2026-04-02T09:30:47","modified_gmt":"2026-04-02T07:30:47","slug":"distributeur-de-papier-hygienique-a-devidage-central-star-pro","status":"publish","type":"product","link":"https:\/\/www.losdi.com\/fr\/produit\/distributeur-de-papier-hygienique-a-devidage-central-star-pro\/","title":{"rendered":"Distributeur de Papier Hygi\u00e9nique \u00e0 D\u00e9vidage Central STAR PRO"},"content":{"rendered":"<p>&#8211; Fabriqu\u00e9e en plastique POLYPROPYL\u00c8NE<\/p>\n<p>&#8211; Distributeur de papier hygi\u00e9nique des lignes Star et Star Pro, au design innovant, qui facilite et fait gagner du temps dans le remplacement du consommable car il est translucide<\/p>\n<p>&#8211; Avec syst\u00e8me de contr\u00f4le de distribution feuille \u00e0 feuille<\/p>\n<p>&#8211; Pour une utilisation correcte, la canule de rouleau de papier doit \u00eatre retir\u00e9e avant de placer la bobine \u00e0 l\u2019int\u00e9rieur du distributeur<\/p>\n<p>-Il dispose d\u2019une cl\u00e9 de s\u00e9curit\u00e9 Losdi standard, fournie avec le produit<\/p>\n","protected":false},"excerpt":{"rendered":"<p>&#8211; Fabriqu\u00e9e en plastique POLYPROPYL\u00c8NE &#8211; Distributeur de papier hygi\u00e9nique des lignes Star et Star Pro, au design innovant, qui facilite et fait gagner du temps dans le remplacement du consommable car il est translucide &#8211; Avec syst\u00e8me de contr\u00f4le de distribution feuille \u00e0 feuille &#8211; Pour une utilisation correcte, la canule de rouleau de [&hellip;]<\/p>\n","protected":false},"featured_media":5020,"template":"","meta":{"_acf_changed":false,"_uag_custom_page_level_css":""},"product_brand":[],"product_cat":[143],"product_tag":[],"gama":[163],"class_list":{"0":"post-4562","1":"product","2":"type-product","3":"status-publish","4":"has-post-thumbnail","6":"product_cat-distributeurs-papier-hygienique","7":"gama-starpro","9":"first","10":"instock","11":"shipping-taxable","12":"product-type-variable"},"acf":[],"spectra_custom_meta":{"rank_math_internal_links_processed":["1"],"rank_math_primary_product_cat":["37"],"_backorders":["no"],"_download_limit":["-1"],"_download_expiry":["-1"],"_downloadable":["no"],"_manage_stock":["no"],"_stock_status":["instock"],"_sold_individually":["no"],"_tax_class":[""],"_tax_status":["taxable"],"_virtual":["no"],"total_sales":["0"],"_price":["10"],"_losdi_specs_title":["Informations et mesures"],"_losdi_specs_row_0_label":["Mat\u00e9riel"],"_losdi_specs_row_0_value":["POLYPROPYL\u00c8NE"],"_losdi_specs_row_1_label":["\u00c9paisseur du corps et du couvercle"],"_losdi_specs_row_1_value":["3 mm"],"_losdi_specs_row_2_label":["Poids vide"],"_losdi_specs_row_2_value":["0,772 kg"],"_losdi_specs_row_3_label":["Fermeture"],"_losdi_specs_row_3_value":["Cl\u00e9 et serrure en plastique"],"_losdi_specs_row_4_label":["Dosage"],"_losdi_specs_row_4_value":["Manuel"],"_losdi_specs_row_5_label":["Hauteur de la bobine"],"_losdi_specs_row_5_value":["&lt;110 mm"],"_losdi_specs_row_6_label":["Diam\u00e8tre de la bobine"],"_losdi_specs_row_6_value":["&lt;208 mm"],"_losdi_specs_row_7_label":["Longueur de coupe du service"],"_losdi_specs_row_7_value":["entre 250 et 300 mm"],"url_ficha_tecnica":["https:\/\/www.losdi.com\/wp-content\/uploads\/2026\/02\/CP6000-CP6100-FT-distributeur-papier-hygienque-PP-STAR-STARPRO.pdf"],"url_folleto_gama":["https:\/\/www.losdi.com\/wp-content\/uploads\/2026\/02\/starpro-folleto-lanzamiento-FINAL-2-digital.pdf"],"_wcml_average_rating":[null],"_wcml_review_count":[null],"_wcml_rating_count":[null],"attr_label_translations":["a:1:{s:2:\"fr\";a:1:{s:5:\"color\";s:7:\"Couleur\";}}"],"_product_attributes":["a:1:{s:8:\"pa_color\";a:6:{s:4:\"name\";s:8:\"pa_color\";s:5:\"value\";s:0:\"\";s:8:\"position\";i:1;s:10:\"is_visible\";i:1;s:12:\"is_variation\";i:1;s:11:\"is_taxonomy\";i:1;}}"],"_product_image_gallery":["5020"],"_wpml_word_count":["97"],"_sku":["CP-6100-B"],"_thumbnail_id":["5020"],"_losdi_specs_rows":["a:8:{i:0;a:2:{s:5:\"label\";s:8:\"Material\";s:5:\"value\";s:13:\"POLIPROPILENO\";}i:1;a:2:{s:5:\"label\";s:21:\"Espesor cuerpo y tapa\";s:5:\"value\";s:4:\"3 mm\";}i:2;a:2:{s:5:\"label\";s:11:\"Peso vac\u00edo\";s:5:\"value\";s:8:\"0,772 kg\";}i:3;a:2:{s:5:\"label\";s:6:\"Cierre\";s:5:\"value\";s:30:\"Llave y cerradura de pl\u00e1stico\";}i:4;a:2:{s:5:\"label\";s:13:\"Dosificaci\u00f3n\";s:5:\"value\";s:6:\"Manual\";}i:5;a:2:{s:5:\"label\";s:19:\"Altura de la bobina\";s:5:\"value\";s:10:\"&lt;110 mm\";}i:6;a:2:{s:5:\"label\";s:22:\"Di\u00e1metro de la bobina\";s:5:\"value\";s:10:\"&lt;208 mm\";}i:7;a:2:{s:5:\"label\";s:30:\"Longitud de corte del servicio\";s:5:\"value\";s:18:\"entre 250 y 300 mm\";}}"],"url_imagen_producto":[""],"_default_attributes":["a:0:{}"],"_uag_css_file_name":["uag-css-4562.css"],"_uag_js_file_name":["uag-js-4562.js"],"_wc_rating_count":[""],"_wc_review_count":[""],"_wc_average_rating":[0]},"uagb_featured_image_src":{"full":["https:\/\/www.losdi.com\/wp-content\/uploads\/2025\/12\/CP6100B-mid.png",2387,2387,false],"thumbnail":["https:\/\/www.losdi.com\/wp-content\/uploads\/2025\/12\/CP6100B-mid-150x150.png",150,150,true],"medium":["https:\/\/www.losdi.com\/wp-content\/uploads\/2025\/12\/CP6100B-mid-300x300.png",300,300,true],"medium_large":["https:\/\/www.losdi.com\/wp-content\/uploads\/2025\/12\/CP6100B-mid-768x768.png",768,768,true],"large":["https:\/\/www.losdi.com\/wp-content\/uploads\/2025\/12\/CP6100B-mid-1024x1024.png",1024,1024,true],"1536x1536":["https:\/\/www.losdi.com\/wp-content\/uploads\/2025\/12\/CP6100B-mid-1536x1536.png",1536,1536,true],"2048x2048":["https:\/\/www.losdi.com\/wp-content\/uploads\/2025\/12\/CP6100B-mid-2048x2048.png",2048,2048,true],"woocommerce_thumbnail":["https:\/\/www.losdi.com\/wp-content\/uploads\/2025\/12\/CP6100B-mid-300x300.png",300,300,true],"woocommerce_single":["https:\/\/www.losdi.com\/wp-content\/uploads\/2025\/12\/CP6100B-mid-600x600.png",600,600,true],"woocommerce_gallery_thumbnail":["https:\/\/www.losdi.com\/wp-content\/uploads\/2025\/12\/CP6100B-mid-100x100.png",100,100,true],"yith-woocompare-image":["https:\/\/www.losdi.com\/wp-content\/uploads\/2025\/12\/CP6100B-mid-220x154.png",220,154,true]},"uagb_author_info":{"display_name":"redaccion","author_link":"https:\/\/www.losdi.com\/fr\/author\/"},"uagb_comment_info":0,"uagb_excerpt":"&#8211; Fabriqu\u00e9e en plastique POLYPROPYL\u00c8NE &#8211; Distributeur de papier hygi\u00e9nique des lignes Star et Star Pro, au design innovant, qui facilite et fait gagner du temps dans le remplacement du consommable car il est translucide &#8211; Avec syst\u00e8me de contr\u00f4le de distribution feuille \u00e0 feuille &#8211; Pour une utilisation correcte, la canule de rouleau de\u2026","_links":{"self":[{"href":"https:\/\/www.losdi.com\/fr\/wp-json\/wp\/v2\/product\/4562","targetHints":{"allow":["GET"]}}],"collection":[{"href":"https:\/\/www.losdi.com\/fr\/wp-json\/wp\/v2\/product"}],"about":[{"href":"https:\/\/www.losdi.com\/fr\/wp-json\/wp\/v2\/types\/product"}],"wp:featuredmedia":[{"embeddable":true,"href":"https:\/\/www.losdi.com\/fr\/wp-json\/wp\/v2\/media\/5020"}],"wp:attachment":[{"href":"https:\/\/www.losdi.com\/fr\/wp-json\/wp\/v2\/media?parent=4562"}],"wp:term":[{"taxonomy":"product_brand","embeddable":true,"href":"https:\/\/www.losdi.com\/fr\/wp-json\/wp\/v2\/product_brand?post=4562"},{"taxonomy":"product_cat","embeddable":true,"href":"https:\/\/www.losdi.com\/fr\/wp-json\/wp\/v2\/product_cat?post=4562"},{"taxonomy":"product_tag","embeddable":true,"href":"https:\/\/www.losdi.com\/fr\/wp-json\/wp\/v2\/product_tag?post=4562"},{"taxonomy":"gama","embeddable":true,"href":"https:\/\/www.losdi.com\/fr\/wp-json\/wp\/v2\/gama?post=4562"}],"curies":[{"name":"wp","href":"https:\/\/api.w.org\/{rel}","templated":true}]}}