{"id":4578,"date":"2025-11-24T08:58:25","date_gmt":"2025-11-24T07:58:25","guid":{"rendered":"https:\/\/losdi.acceseo.dev\/producto\/distributeur-de-savon-star-pro\/"},"modified":"2026-04-02T08:19:05","modified_gmt":"2026-04-02T06:19:05","slug":"distributeur-de-savon-star-pro","status":"publish","type":"product","link":"https:\/\/www.losdi.com\/fr\/produit\/distributeur-de-savon-star-pro\/","title":{"rendered":"Distributeur de Savon STAR PRO"},"content":{"rendered":"<p>-Fabriqu\u00e9 en POLYPROPILENE<\/p>\n<p>-Id\u00e9al pour les salles d&rsquo;eau \u00e0 trafic intense<\/p>\n<p>-Distributeur de savon de la ligne Star et Star Pro, au design innovant<\/p>\n<p>-Convient pour le savon liquide en bouteille<\/p>\n<p>-Avec cl\u00e9 de s\u00e9curit\u00e9 Losdi standard, fournie avec le produit.<\/p>\n","protected":false},"excerpt":{"rendered":"<p>Description courte du produit<\/p>\n","protected":false},"featured_media":5053,"template":"","meta":{"_acf_changed":false,"_uag_custom_page_level_css":""},"product_brand":[],"product_cat":[136],"product_tag":[],"gama":[163],"class_list":{"0":"post-4578","1":"product","2":"type-product","3":"status-publish","4":"has-post-thumbnail","6":"product_cat-distributeurs-de-savon","7":"gama-starpro","9":"first","10":"instock","11":"shipping-taxable","12":"product-type-variable"},"acf":[],"spectra_custom_meta":{"rank_math_internal_links_processed":["1"],"rank_math_primary_product_cat":["36"],"_backorders":["no"],"_download_limit":["-1"],"_download_expiry":["-1"],"_downloadable":["no"],"_manage_stock":["no"],"_sku":["CJ-6103 \/ CJ-6104 \/ CJ-6105"],"_stock_status":["instock"],"_sold_individually":["no"],"_tax_class":[""],"_tax_status":["taxable"],"_virtual":["no"],"total_sales":["0"],"_price":["10"],"_losdi_specs_title":["Informations et mesures"],"url_ficha_tecnica":["https:\/\/www.losdi.com\/wp-content\/uploads\/2026\/02\/CJ-6003-CJ6103-FT-distributeur-de-savon-PP-STAR-STARPRO.pdf"],"url_folleto_gama":["https:\/\/www.losdi.com\/wp-content\/uploads\/2026\/02\/starpro-folleto-lanzamiento-FINAL-2-digital.pdf"],"_losdi_specs_row_0_label":["Mat\u00e9riel"],"_losdi_specs_row_0_value":["POLYCARBONATE"],"_losdi_specs_row_1_label":["Capacit\u00e9"],"_losdi_specs_row_1_value":["850 ml"],"_losdi_specs_row_2_label":["Syst\u00e8me"],"_losdi_specs_row_2_value":["Manuel"],"_losdi_specs_row_3_label":["Valve"],"_losdi_specs_row_3_value":["Anti-goutte"],"_losdi_specs_row_4_label":["Dosage"],"_losdi_specs_row_4_value":["1 ml Savon liquide"],"_losdi_specs_row_5_label":["Bouton-poussoir"],"_losdi_specs_row_5_value":["Ergonomique"],"_losdi_specs_row_6_label":["Poids \u00e0 vide"],"_losdi_specs_row_6_value":["0,51 kg"],"_losdi_specs_row_7_label":["Fermeture"],"_losdi_specs_row_7_value":["Cl\u00e9 et serrure en plastique"],"_wcml_average_rating":[null],"_wcml_review_count":[null],"_wcml_rating_count":[null],"_product_attributes":["a:1:{s:23:\"pa_dosificador-de-jabon\";a:6:{s:4:\"name\";s:23:\"pa_dosificador-de-jabon\";s:5:\"value\";s:0:\"\";s:8:\"position\";i:0;s:10:\"is_visible\";i:1;s:12:\"is_variation\";i:1;s:11:\"is_taxonomy\";i:1;}}"],"_product_image_gallery":["5053"],"_wpml_word_count":["54"],"_thumbnail_id":["5053"],"_losdi_specs_rows":["a:8:{i:0;a:2:{s:5:\"label\";s:8:\"Material\";s:5:\"value\";s:13:\"POLICARBONATO\";}i:1;a:2:{s:5:\"label\";s:9:\"Capacidad\";s:5:\"value\";s:6:\"850 ml\";}i:2;a:2:{s:5:\"label\";s:7:\"Sistema\";s:5:\"value\";s:6:\"Manual\";}i:3;a:2:{s:5:\"label\";s:8:\"V\u00e1lvula\";s:5:\"value\";s:9:\"Antigoteo\";}i:4;a:2:{s:5:\"label\";s:13:\"Dosificaci\u00f3n\";s:5:\"value\";s:20:\"1 ml Jab\u00f3n L\u00edquido\";}i:5;a:2:{s:5:\"label\";s:8:\"Pulsador\";s:5:\"value\";s:11:\"Ergon\u00f3mico\";}i:6;a:2:{s:5:\"label\";s:11:\"Peso vac\u00edo\";s:5:\"value\";s:7:\"0,51 kg\";}i:7;a:2:{s:5:\"label\";s:6:\"Cierre\";s:5:\"value\";s:30:\"Llave y cerradura de pl\u00e1stico\";}}"],"url_imagen_producto":[""],"_default_attributes":["a:0:{}"],"_uag_css_file_name":["uag-css-4578.css"],"_uag_js_file_name":["uag-js-4578.js"],"_wc_rating_count":[""],"_wc_review_count":[""],"_wc_average_rating":[0]},"uagb_featured_image_src":{"full":["https:\/\/www.losdi.com\/wp-content\/uploads\/2025\/11\/CP6103B-mid.png",1956,1956,false],"thumbnail":["https:\/\/www.losdi.com\/wp-content\/uploads\/2025\/11\/CP6103B-mid-150x150.png",150,150,true],"medium":["https:\/\/www.losdi.com\/wp-content\/uploads\/2025\/11\/CP6103B-mid-300x300.png",300,300,true],"medium_large":["https:\/\/www.losdi.com\/wp-content\/uploads\/2025\/11\/CP6103B-mid-768x768.png",768,768,true],"large":["https:\/\/www.losdi.com\/wp-content\/uploads\/2025\/11\/CP6103B-mid-1024x1024.png",1024,1024,true],"1536x1536":["https:\/\/www.losdi.com\/wp-content\/uploads\/2025\/11\/CP6103B-mid-1536x1536.png",1536,1536,true],"2048x2048":["https:\/\/www.losdi.com\/wp-content\/uploads\/2025\/11\/CP6103B-mid.png",1956,1956,false],"woocommerce_thumbnail":["https:\/\/www.losdi.com\/wp-content\/uploads\/2025\/11\/CP6103B-mid-300x300.png",300,300,true],"woocommerce_single":["https:\/\/www.losdi.com\/wp-content\/uploads\/2025\/11\/CP6103B-mid-600x600.png",600,600,true],"woocommerce_gallery_thumbnail":["https:\/\/www.losdi.com\/wp-content\/uploads\/2025\/11\/CP6103B-mid-100x100.png",100,100,true],"yith-woocompare-image":["https:\/\/www.losdi.com\/wp-content\/uploads\/2025\/11\/CP6103B-mid-220x154.png",220,154,true]},"uagb_author_info":{"display_name":"redaccion","author_link":"https:\/\/www.losdi.com\/fr\/author\/"},"uagb_comment_info":0,"uagb_excerpt":"Description courte du produit","_links":{"self":[{"href":"https:\/\/www.losdi.com\/fr\/wp-json\/wp\/v2\/product\/4578","targetHints":{"allow":["GET"]}}],"collection":[{"href":"https:\/\/www.losdi.com\/fr\/wp-json\/wp\/v2\/product"}],"about":[{"href":"https:\/\/www.losdi.com\/fr\/wp-json\/wp\/v2\/types\/product"}],"wp:featuredmedia":[{"embeddable":true,"href":"https:\/\/www.losdi.com\/fr\/wp-json\/wp\/v2\/media\/5053"}],"wp:attachment":[{"href":"https:\/\/www.losdi.com\/fr\/wp-json\/wp\/v2\/media?parent=4578"}],"wp:term":[{"taxonomy":"product_brand","embeddable":true,"href":"https:\/\/www.losdi.com\/fr\/wp-json\/wp\/v2\/product_brand?post=4578"},{"taxonomy":"product_cat","embeddable":true,"href":"https:\/\/www.losdi.com\/fr\/wp-json\/wp\/v2\/product_cat?post=4578"},{"taxonomy":"product_tag","embeddable":true,"href":"https:\/\/www.losdi.com\/fr\/wp-json\/wp\/v2\/product_tag?post=4578"},{"taxonomy":"gama","embeddable":true,"href":"https:\/\/www.losdi.com\/fr\/wp-json\/wp\/v2\/gama?post=4578"}],"curies":[{"name":"wp","href":"https:\/\/api.w.org\/{rel}","templated":true}]}}