{"id":4653,"date":"2026-02-24T12:01:23","date_gmt":"2026-02-24T11:01:23","guid":{"rendered":"https:\/\/losdi.acceseo.dev\/producto\/vanne-paris\/"},"modified":"2026-02-24T12:01:23","modified_gmt":"2026-02-24T11:01:23","slug":"vanne-paris","status":"publish","type":"product","link":"https:\/\/www.losdi.com\/fr\/produit\/vanne-paris\/","title":{"rendered":"Vanne Paris"},"content":{"rendered":"<p>Description du produit<\/p>\n","protected":false},"excerpt":{"rendered":"<p>Br\u00e8ve description du produit<\/p>\n","protected":false},"featured_media":0,"template":"","meta":{"_acf_changed":false,"_uag_custom_page_level_css":""},"product_brand":[],"product_cat":[157],"product_tag":[],"gama":[147],"class_list":{"0":"post-4653","1":"product","2":"type-product","3":"status-publish","5":"product_cat-charges","6":"gama-elegance","8":"first","9":"instock","10":"shipping-taxable","11":"product-type-variable"},"acf":[],"spectra_custom_meta":{"rank_math_internal_links_processed":["1"],"rank_math_primary_product_cat":["40"],"_backorders":["no"],"_download_limit":["-1"],"_download_expiry":["-1"],"_downloadable":["no"],"_manage_stock":["no"],"_stock_status":["instock"],"_sold_individually":["no"],"_tax_class":[""],"_tax_status":["taxable"],"_virtual":["no"],"total_sales":["0"],"_price":["10"],"_losdi_specs_title":["Informations et mesures"],"_losdi_specs_row_0_label":["Mat\u00e9riau"],"_losdi_specs_row_0_value":["ABS"],"_losdi_specs_row_1_label":["Capacit\u00e9"],"_losdi_specs_row_1_value":["750 ml"],"_losdi_specs_row_2_label":["Syst\u00e8me"],"_losdi_specs_row_2_value":["Valve anti-goutte"],"_losdi_specs_row_3_label":["Dosage"],"_losdi_specs_row_3_value":["1- 0,4 ml \/ Gel - Mousse"],"_losdi_specs_row_4_label":["Bouton poussoir"],"_losdi_specs_row_4_value":["Ergonomique. Manuel"],"_losdi_specs_row_5_label":["Poids \u00e0 vide (net)"],"_losdi_specs_row_5_value":["0,424 kg"],"_losdi_specs_row_6_label":["Fermeture"],"_losdi_specs_row_6_value":["Serrure et cl\u00e9 en plastique"],"_losdi_specs_row_7_label":["Compatible avec les charges"],"_losdi_specs_row_7_value":["CB-414-G y CB-414-E"],"_wcml_average_rating":[null],"_wcml_review_count":[null],"_wcml_rating_count":[null],"attr_label_translations":["a:1:{s:2:\"fr\";a:1:{s:13:\"tipo-de-jabon\";s:13:\"Type de savon\";}}"],"_product_attributes":["a:1:{s:13:\"tipo-de-jabon\";a:6:{s:4:\"name\";s:14:\"Tipo de jab\u00f3n\";s:5:\"value\";s:16:\"Mousse | Liquide\";s:8:\"position\";i:0;s:10:\"is_visible\";i:1;s:12:\"is_variation\";i:1;s:11:\"is_taxonomy\";i:0;}}"],"_product_image_gallery":[""],"_wpml_word_count":["11"],"_sku":["CB-1000 \/ CB-1004"],"_uag_css_file_name":["uag-css-4653.css"],"_uag_js_file_name":["uag-js-4653.js"],"_wc_rating_count":[""],"_wc_review_count":[""],"_wc_average_rating":[0],"_thumbnail_id":[""]},"uagb_featured_image_src":{"full":false,"thumbnail":false,"medium":false,"medium_large":false,"large":false,"1536x1536":false,"2048x2048":false,"woocommerce_thumbnail":false,"woocommerce_single":false,"woocommerce_gallery_thumbnail":false,"yith-woocompare-image":false},"uagb_author_info":{"display_name":"redaccion","author_link":"https:\/\/www.losdi.com\/fr\/author\/"},"uagb_comment_info":0,"uagb_excerpt":"Br\u00e8ve description du produit","_links":{"self":[{"href":"https:\/\/www.losdi.com\/fr\/wp-json\/wp\/v2\/product\/4653","targetHints":{"allow":["GET"]}}],"collection":[{"href":"https:\/\/www.losdi.com\/fr\/wp-json\/wp\/v2\/product"}],"about":[{"href":"https:\/\/www.losdi.com\/fr\/wp-json\/wp\/v2\/types\/product"}],"wp:attachment":[{"href":"https:\/\/www.losdi.com\/fr\/wp-json\/wp\/v2\/media?parent=4653"}],"wp:term":[{"taxonomy":"product_brand","embeddable":true,"href":"https:\/\/www.losdi.com\/fr\/wp-json\/wp\/v2\/product_brand?post=4653"},{"taxonomy":"product_cat","embeddable":true,"href":"https:\/\/www.losdi.com\/fr\/wp-json\/wp\/v2\/product_cat?post=4653"},{"taxonomy":"product_tag","embeddable":true,"href":"https:\/\/www.losdi.com\/fr\/wp-json\/wp\/v2\/product_tag?post=4653"},{"taxonomy":"gama","embeddable":true,"href":"https:\/\/www.losdi.com\/fr\/wp-json\/wp\/v2\/gama?post=4653"}],"curies":[{"name":"wp","href":"https:\/\/api.w.org\/{rel}","templated":true}]}}